{"id":8403,"date":"2000-08-15T01:00:00","date_gmt":"2000-08-15T01:00:00","guid":{"rendered":"http:\/\/www.amigosdelantiguoegipto.com\/claudia-torres\/"},"modified":"2014-06-28T10:50:13","modified_gmt":"2014-06-28T10:50:13","slug":"claudia-torres","status":"publish","type":"page","link":"http:\/\/amigosdelantiguoegipto.com\/?page_id=8403","title":{"rendered":"Dibujos de Claudia Torres"},"content":{"rendered":"<p class=\"centrar\"><a href=\"http:\/\/amigosdelantiguoegipto.com\/?p=8325\">Tus dibujos de 0 a 7 a\u00f1os <\/a><\/p>\n<p class=\"centrar\" style=\"text-align: right;\">Claudia Torres 6 a\u00f1os (M\u00e1laga &#8211; Espa\u00f1a) &#8211;\u00a0<span class=\"createdate\">Agosto de 2000<\/span><\/p>\n<div class=\"mosimage\" style=\"float: center;\" align=\"center\">\n<div id=\"attachment_74\" style=\"width: 710px\" class=\"wp-caption aligncenter\"><img aria-describedby=\"caption-attachment-74\" decoding=\"async\" loading=\"lazy\" class=\"wp-image-74 size-full\" title=\"Las tres pir\u00e1mides de Egipto\" src=\"http:\/\/www.amigosdelantiguoegipto.com\/wp-content\/uploads\/varios\/2000\/08\/claudia_egipto_2.jpg\" alt=\"Las tres pir\u00e1mides de Egipto\" width=\"700\" height=\"483\" border=\"0\" hspace=\"6\" \/><p id=\"caption-attachment-74\" class=\"wp-caption-text\">Las tres pir\u00e1mides de Egipto<\/p><\/div>\n<\/div>\n<div class=\"mosimage\" style=\"float: center;\" align=\"center\">\n<div id=\"attachment_75\" style=\"width: 511px\" class=\"wp-caption aligncenter\"><img aria-describedby=\"caption-attachment-75\" decoding=\"async\" loading=\"lazy\" class=\"wp-image-75 size-full\" title=\"Cleopatra y su familia\" src=\"http:\/\/www.amigosdelantiguoegipto.com\/wp-content\/uploads\/varios\/2000\/08\/claudia_egipto.jpg\" alt=\"Cleopatra y su familia\" width=\"501\" height=\"699\" border=\"0\" hspace=\"6\" \/><p id=\"caption-attachment-75\" class=\"wp-caption-text\">Cleopatra y su familia<\/p><\/div>\n<\/div>\n","protected":false},"excerpt":{"rendered":"<p>Tus dibujos de 0 a 7 a\u00f1os Claudia Torres 6 a\u00f1os (M\u00e1laga &#8211; Espa\u00f1a) &#8211;\u00a0Agosto de 2000<\/p>\n<p class=\"continue-reading-button\"> <a class=\"continue-reading-link\" href=\"http:\/\/amigosdelantiguoegipto.com\/?page_id=8403\">Seguir leyendo<i class=\"crycon-right-dir\"><\/i><\/a><\/p>\n","protected":false},"author":1,"featured_media":0,"parent":0,"menu_order":32,"comment_status":"closed","ping_status":"closed","template":"","meta":{"ngg_post_thumbnail":0},"_links":{"self":[{"href":"http:\/\/amigosdelantiguoegipto.com\/index.php?rest_route=\/wp\/v2\/pages\/8403"}],"collection":[{"href":"http:\/\/amigosdelantiguoegipto.com\/index.php?rest_route=\/wp\/v2\/pages"}],"about":[{"href":"http:\/\/amigosdelantiguoegipto.com\/index.php?rest_route=\/wp\/v2\/types\/page"}],"author":[{"embeddable":true,"href":"http:\/\/amigosdelantiguoegipto.com\/index.php?rest_route=\/wp\/v2\/users\/1"}],"replies":[{"embeddable":true,"href":"http:\/\/amigosdelantiguoegipto.com\/index.php?rest_route=%2Fwp%2Fv2%2Fcomments&post=8403"}],"version-history":[{"count":0,"href":"http:\/\/amigosdelantiguoegipto.com\/index.php?rest_route=\/wp\/v2\/pages\/8403\/revisions"}],"wp:attachment":[{"href":"http:\/\/amigosdelantiguoegipto.com\/index.php?rest_route=%2Fwp%2Fv2%2Fmedia&parent=8403"}],"curies":[{"name":"wp","href":"https:\/\/api.w.org\/{rel}","templated":true}]}}