{"id":8309,"date":"2014-06-27T11:52:24","date_gmt":"2014-06-27T11:52:24","guid":{"rendered":"http:\/\/amigosdelantiguoegipto.com\/?page_id=8309"},"modified":"2014-06-27T11:52:24","modified_gmt":"2014-06-27T11:52:24","slug":"dibujos-de-valentin","status":"publish","type":"page","link":"http:\/\/amigosdelantiguoegipto.com\/?page_id=8309","title":{"rendered":"Dibujos de Valent\u00edn"},"content":{"rendered":"<p><a href=\"http:\/\/amigosdelantiguoegipto.com\/?p=825\">Dibujos a partir de 13 a\u00f1os<\/a><\/p>\n<p style=\"text-align: right;\">Valent\u00edn 13 a\u00f1os (Madrid &#8211; Espa\u00f1a) &#8211; Abril de 2000<\/p>\n<div id=\"attachment_8310\" style=\"width: 710px\" class=\"wp-caption aligncenter\"><img aria-describedby=\"caption-attachment-8310\" decoding=\"async\" loading=\"lazy\" class=\"wp-image-8310 size-full\" title=\"Collage\" src=\"http:\/\/amigosdelantiguoegipto.com\/wp-content\/uploads\/2014\/06\/valentin_egipto.jpg\" alt=\"Collage\" width=\"700\" height=\"493\" srcset=\"http:\/\/amigosdelantiguoegipto.com\/wp-content\/uploads\/2014\/06\/valentin_egipto.jpg 700w, http:\/\/amigosdelantiguoegipto.com\/wp-content\/uploads\/2014\/06\/valentin_egipto-300x211.jpg 300w, http:\/\/amigosdelantiguoegipto.com\/wp-content\/uploads\/2014\/06\/valentin_egipto-150x105.jpg 150w\" sizes=\"(max-width: 700px) 100vw, 700px\" \/><p id=\"caption-attachment-8310\" class=\"wp-caption-text\">Collage<\/p><\/div>\n","protected":false},"excerpt":{"rendered":"<p>Dibujos a partir de 13 a\u00f1os Valent\u00edn 13 a\u00f1os (Madrid &#8211; Espa\u00f1a) &#8211; Abril de 2000<\/p>\n<p class=\"continue-reading-button\"> <a class=\"continue-reading-link\" href=\"http:\/\/amigosdelantiguoegipto.com\/?page_id=8309\">Seguir leyendo<i class=\"crycon-right-dir\"><\/i><\/a><\/p>\n","protected":false},"author":1,"featured_media":0,"parent":0,"menu_order":0,"comment_status":"closed","ping_status":"closed","template":"","meta":{"ngg_post_thumbnail":0},"_links":{"self":[{"href":"http:\/\/amigosdelantiguoegipto.com\/index.php?rest_route=\/wp\/v2\/pages\/8309"}],"collection":[{"href":"http:\/\/amigosdelantiguoegipto.com\/index.php?rest_route=\/wp\/v2\/pages"}],"about":[{"href":"http:\/\/amigosdelantiguoegipto.com\/index.php?rest_route=\/wp\/v2\/types\/page"}],"author":[{"embeddable":true,"href":"http:\/\/amigosdelantiguoegipto.com\/index.php?rest_route=\/wp\/v2\/users\/1"}],"replies":[{"embeddable":true,"href":"http:\/\/amigosdelantiguoegipto.com\/index.php?rest_route=%2Fwp%2Fv2%2Fcomments&post=8309"}],"version-history":[{"count":0,"href":"http:\/\/amigosdelantiguoegipto.com\/index.php?rest_route=\/wp\/v2\/pages\/8309\/revisions"}],"wp:attachment":[{"href":"http:\/\/amigosdelantiguoegipto.com\/index.php?rest_route=%2Fwp%2Fv2%2Fmedia&parent=8309"}],"curies":[{"name":"wp","href":"https:\/\/api.w.org\/{rel}","templated":true}]}}