{"id":8296,"date":"2014-06-27T11:45:49","date_gmt":"2014-06-27T11:45:49","guid":{"rendered":"http:\/\/amigosdelantiguoegipto.com\/?page_id=8296"},"modified":"2014-06-27T11:46:15","modified_gmt":"2014-06-27T11:46:15","slug":"dibujos-de-andres-velasquez","status":"publish","type":"page","link":"http:\/\/amigosdelantiguoegipto.com\/?page_id=8296","title":{"rendered":"Dibujos de Andr\u00e9s Velasquez"},"content":{"rendered":"<p><a href=\"http:\/\/amigosdelantiguoegipto.com\/?p=825\">Dibujos a partir de 13 a\u00f1os<\/a><\/p>\n<p style=\"text-align: right;\">Andr\u00e9s Velasquez 13 a\u00f1os (Medell\u00edn &#8211; Colombia) &#8211; Noviembre de 2001<\/p>\n<div id=\"attachment_8297\" style=\"width: 710px\" class=\"wp-caption aligncenter\"><img aria-describedby=\"caption-attachment-8297\" decoding=\"async\" loading=\"lazy\" class=\"wp-image-8297 size-full\" title=\"Akhenaton y Nefertiti\" src=\"http:\/\/amigosdelantiguoegipto.com\/wp-content\/uploads\/2014\/06\/andres_egipto.jpg\" alt=\"Akhenaton y Nefertiti\" width=\"700\" height=\"517\" srcset=\"http:\/\/amigosdelantiguoegipto.com\/wp-content\/uploads\/2014\/06\/andres_egipto.jpg 700w, http:\/\/amigosdelantiguoegipto.com\/wp-content\/uploads\/2014\/06\/andres_egipto-300x221.jpg 300w, http:\/\/amigosdelantiguoegipto.com\/wp-content\/uploads\/2014\/06\/andres_egipto-150x110.jpg 150w\" sizes=\"(max-width: 700px) 100vw, 700px\" \/><p id=\"caption-attachment-8297\" class=\"wp-caption-text\">Akhenaton y Nefertiti<\/p><\/div>\n","protected":false},"excerpt":{"rendered":"<p>Dibujos a partir de 13 a\u00f1os Andr\u00e9s Velasquez 13 a\u00f1os (Medell\u00edn &#8211; Colombia) &#8211; Noviembre de 2001<\/p>\n<p class=\"continue-reading-button\"> <a class=\"continue-reading-link\" href=\"http:\/\/amigosdelantiguoegipto.com\/?page_id=8296\">Seguir leyendo<i class=\"crycon-right-dir\"><\/i><\/a><\/p>\n","protected":false},"author":1,"featured_media":0,"parent":0,"menu_order":0,"comment_status":"closed","ping_status":"closed","template":"","meta":{"ngg_post_thumbnail":0},"_links":{"self":[{"href":"http:\/\/amigosdelantiguoegipto.com\/index.php?rest_route=\/wp\/v2\/pages\/8296"}],"collection":[{"href":"http:\/\/amigosdelantiguoegipto.com\/index.php?rest_route=\/wp\/v2\/pages"}],"about":[{"href":"http:\/\/amigosdelantiguoegipto.com\/index.php?rest_route=\/wp\/v2\/types\/page"}],"author":[{"embeddable":true,"href":"http:\/\/amigosdelantiguoegipto.com\/index.php?rest_route=\/wp\/v2\/users\/1"}],"replies":[{"embeddable":true,"href":"http:\/\/amigosdelantiguoegipto.com\/index.php?rest_route=%2Fwp%2Fv2%2Fcomments&post=8296"}],"version-history":[{"count":0,"href":"http:\/\/amigosdelantiguoegipto.com\/index.php?rest_route=\/wp\/v2\/pages\/8296\/revisions"}],"wp:attachment":[{"href":"http:\/\/amigosdelantiguoegipto.com\/index.php?rest_route=%2Fwp%2Fv2%2Fmedia&parent=8296"}],"curies":[{"name":"wp","href":"https:\/\/api.w.org\/{rel}","templated":true}]}}