{"id":8240,"date":"2014-06-27T10:34:46","date_gmt":"2014-06-27T10:34:46","guid":{"rendered":"http:\/\/amigosdelantiguoegipto.com\/?page_id=8240"},"modified":"2014-06-27T10:46:26","modified_gmt":"2014-06-27T10:46:26","slug":"la-cultura-de-los-misterios","status":"publish","type":"page","link":"http:\/\/amigosdelantiguoegipto.com\/?page_id=8240","title":{"rendered":"La cultura de los misterios"},"content":{"rendered":"<p><a href=\"http:\/\/amigosdelantiguoegipto.com\/?p=8222\">Tus trabajos escolares<\/a><\/p>\n<p style=\"text-align: right;\">Florencia Mar\u00eda Gestoso &#8211; Abril de 2003<\/p>\n<p style=\"text-align: justify;\"><em>No s\u00f3lo las paredes de las tumbas de los faraones egipcios transmiten al mundo su historia y su cultura sino que tambi\u00e9n esconden misterios y las llamadas \u201cmaldiciones\u201d.<\/em><\/p>\n<p style=\"text-align: justify;\">La cultura egipcia tiene como una de sus principales caracter\u00edsticas el culto a los muertos que se evidencia desde la construcci\u00f3n de las tumbas, las cuales exponen su historia y crean misterios, hasta las especiales costumbres sepulcrales, como la momificaci\u00f3n, de relevante uso para los faraones y que luego se fue trasladando a las casas nobles.<\/p>\n<p style=\"text-align: justify;\">Las <strong>tumbas<\/strong> dedicadas al culto de los muertos, parad\u00f3jicamente, son una de nuestras mejores fuentes de informaci\u00f3n para conocer c\u00f3mo viv\u00edan los egipcios y, al mismo tiempo, esconden misterios y mitos, los cuales se refieren a las distintas maldiciones que caer\u00edan sobre la persona que profanase una tumba.<\/p>\n<p style=\"text-align: justify;\">Seg\u00fan los egipcios todo cuerpo ten\u00eda varias almas, pero lo que contaba era su <em>\u201cka\u201d<\/em>, su doble como si fuera una segunda alma que permit\u00eda la vida eterna. Mientras las almas de los difuntos volaban al cielo y se transformaban en estrellas fijas, el \u201cdoble\u201d permanec\u00eda junto al cuerpo al que hab\u00eda dado vida para asegurarle la \u201cotra vida\u201d, la vida despu\u00e9s de la muerte. Fue \u00e9sta la base sobre la cual se fund\u00f3 el <strong>culto egipcio a los muertos<\/strong>.<\/p>\n<p style=\"text-align: justify;\">La idea de momificar el cad\u00e1ver, o sea, tratarlo de un modo particular con el prop\u00f3sito de que se conservara largo tiempo, deriva de la concepci\u00f3n de la presencia milenaria de los despojos humanos para asegurar la supervivencia de su doble.<\/p>\n<p style=\"text-align: justify;\">La <strong>momificaci\u00f3n<\/strong> era una medida para la protecci\u00f3n del cuerpo, que evitaba su descomposici\u00f3n. Por eso tambi\u00e9n se dejaban junto a la tumba una serie de ofrendas, art\u00edculos de uso cotidiano en vida del difunto e incluso alimentos, para que el alma se reencarnara en el cuerpo.<\/p>\n<div id=\"attachment_8241\" style=\"width: 410px\" class=\"wp-caption aligncenter\"><img aria-describedby=\"caption-attachment-8241\" decoding=\"async\" loading=\"lazy\" class=\"wp-image-8241 size-full\" title=\"Imagen ilustrativa de una tumba\" src=\"http:\/\/amigosdelantiguoegipto.com\/wp-content\/uploads\/2014\/06\/cultura-misterios-image001.jpg\" alt=\"Imagen ilustrativa de una tumba\" width=\"400\" height=\"285\" srcset=\"http:\/\/amigosdelantiguoegipto.com\/wp-content\/uploads\/2014\/06\/cultura-misterios-image001.jpg 400w, http:\/\/amigosdelantiguoegipto.com\/wp-content\/uploads\/2014\/06\/cultura-misterios-image001-300x213.jpg 300w, http:\/\/amigosdelantiguoegipto.com\/wp-content\/uploads\/2014\/06\/cultura-misterios-image001-150x106.jpg 150w\" sizes=\"(max-width: 400px) 100vw, 400px\" \/><p id=\"caption-attachment-8241\" class=\"wp-caption-text\">Imagen ilustrativa de una tumba<\/p><\/div>\n<p style=\"text-align: justify;\">Para que el cad\u00e1ver fuera momificado se deb\u00edan seguir los siguientes pasos: primero, se le retiraban al cuerpo las <strong>v\u00edsceras<\/strong>; los sacerdotes lo lavaban y se las extra\u00edan, menos el coraz\u00f3n y los ri\u00f1ones, y llenaban las cavidades con vendas y sustancias arom\u00e1ticas. En segundo lugar se sumerg\u00eda el cuerpo en <strong>agua salada <\/strong>durante setenta d\u00edas. El siguiente y ante\u00faltimo paso era el <strong>vendaje<\/strong> del cad\u00e1ver. Una vez que se lo secaba, se lo envolv\u00eda con vendas de lino y por \u00faltimo se pon\u00edan unas vendas m\u00e1s gruesas, cerrando el envoltorio, coloc\u00e1ndole adornos de distintos tipos como por ejemplo <strong>joyas de oro<\/strong> y <strong>escarabajos<\/strong> para la suerte luego de lo cual, lo colocaban en <em>ata\u00fades<\/em> y <em>sarc\u00f3fagos<\/em>. As\u00ed, la momia quedaba lista para el entierro.<\/p>\n<p style=\"text-align: justify;\">Muchos cad\u00e1veres de los antiguos egipcios se conservaron debido a la sequedad y la pureza bacteriol\u00f3gica del suelo y de la regi\u00f3n del pa\u00eds, que, junto a las momias, enterraba buena parte de sus posesiones y riquezas.<\/p>\n<p style=\"text-align: justify;\">Fueron esta historia y tambi\u00e9n estas riquezas las que se mantuvieron a lo largo del tiempo despertando gran inter\u00e9s, tanto en arque\u00f3logos como egipt\u00f3logos y tambi\u00e9n, muchos mitos y misterios sobre las supuestas maldiciones que guardaban las tumbas.<\/p>\n<p style=\"text-align: justify;\">La base de las supuestas <strong>maldiciones<\/strong> fueron las <strong>extra\u00f1as muertes<\/strong> de quienes estaban relacionados con su estudio e investigaci\u00f3n.<\/p>\n<p style=\"text-align: justify;\">Es sabido que una de las maldiciones m\u00e1s famosas que se conocen en todos los tiempos es la que afect\u00f3 a los descubridores de la tumba del fara\u00f3n <em>Tutankam\u00f3n<\/em>. Su descubridor, el ingl\u00e9s <strong>Lord Carnarvon<\/strong> muri\u00f3 en extra\u00f1as circunstancias, a los doce d\u00edas de entrar en la tumba y sin que los m\u00e9dicos pudieran determinar las causas del fallecimiento.<\/p>\n<p style=\"text-align: justify;\">En la entrada de este lugar hab\u00eda una tablilla de la cual se pudo traducir la siguiente sentencia: <em>\u201cla muerte golpear\u00e1 a aquel que perturbe el reposo del fara\u00f3n\u201d<\/em>. No s\u00f3lo murieron varios arque\u00f3logos e investigadores que entraron a tumbas prohibidas, sino que la muerte y la desgracia cayeron sobre sus familiares, como esposas y hermanos, tal como le sucedi\u00f3 a Lord Carnarvon.<\/p>\n<p style=\"text-align: justify;\">La cultura egipcia, a lo largo del tiempo, ha creado gran inter\u00e9s y misterio a la vez. Las tumbas fueron y son una parte fundamental e importante de esta gran civilizaci\u00f3n ya que nos permitieron conocer su vida, sus costumbres religiosas y creencias y la gran importancia y dedicaci\u00f3n que dieron al culto de los muertos.<\/p>\n<p style=\"text-align: justify;\">Lo cierto es que hoy en d\u00eda no podemos determinar si existen o no realmente, <em>\u201cmaldiciones fara\u00f3nicas\u201d <\/em>pero lo que s\u00ed podemos decir con seguridad es que los egipcios cre\u00edan en ellas, ser\u00e1 por eso que se transmitieron a trav\u00e9s del tiempo para que nadie se atreviera a profanar la esencia misma de su cultura, que tal como afirma el egipt\u00f3logo franc\u00e9s <em>Jean Saint Faire Garnot<\/em>, es \u201cel problema de la supervivencia\u201d, pregunt\u00e1ndose \u201cQu\u00e9 sucede despu\u00e9s de la muerte?\u201d.<\/p>\n<div id=\"attachment_8242\" style=\"width: 320px\" class=\"wp-caption aligncenter\"><img aria-describedby=\"caption-attachment-8242\" decoding=\"async\" loading=\"lazy\" class=\"wp-image-8242 size-full\" title=\"El oro era una de las grandes atracciones hacia los exploradores\" src=\"http:\/\/amigosdelantiguoegipto.com\/wp-content\/uploads\/2014\/06\/cultura-misterios-image002.jpg\" alt=\"El oro era una de las grandes atracciones hacia los exploradores\" width=\"310\" height=\"401\" srcset=\"http:\/\/amigosdelantiguoegipto.com\/wp-content\/uploads\/2014\/06\/cultura-misterios-image002.jpg 310w, http:\/\/amigosdelantiguoegipto.com\/wp-content\/uploads\/2014\/06\/cultura-misterios-image002-231x300.jpg 231w, http:\/\/amigosdelantiguoegipto.com\/wp-content\/uploads\/2014\/06\/cultura-misterios-image002-115x150.jpg 115w\" sizes=\"(max-width: 310px) 100vw, 310px\" \/><p id=\"caption-attachment-8242\" class=\"wp-caption-text\">El oro era una de las grandes atracciones hacia los exploradores<\/p><\/div>\n<p style=\"text-align: right;\">Instituto San Vicente de Pa\u00fal &#8211; Obra Don Orione<br \/>\nProvincia de Buenos Aires. Argentina<br \/>\n15 a\u00f1os. 1b Polimodal<br \/>\nAsignatura: Lengua; Prof. Riera, Mar\u00eda Victoria<\/p>\n","protected":false},"excerpt":{"rendered":"<p>Tus trabajos escolares Florencia Mar\u00eda Gestoso &#8211; Abril de 2003 No s\u00f3lo las paredes de las tumbas de los faraones egipcios transmiten al mundo su historia y su cultura sino que tambi\u00e9n esconden misterios y las llamadas \u201cmaldiciones\u201d. La cultura egipcia tiene como una de sus principales caracter\u00edsticas el culto a los muertos que se evidencia desde la construcci\u00f3n de&#8230;<\/p>\n<p class=\"continue-reading-button\"> <a class=\"continue-reading-link\" href=\"http:\/\/amigosdelantiguoegipto.com\/?page_id=8240\">Seguir leyendo<i class=\"crycon-right-dir\"><\/i><\/a><\/p>\n","protected":false},"author":1,"featured_media":0,"parent":0,"menu_order":0,"comment_status":"closed","ping_status":"closed","template":"","meta":{"ngg_post_thumbnail":0},"_links":{"self":[{"href":"http:\/\/amigosdelantiguoegipto.com\/index.php?rest_route=\/wp\/v2\/pages\/8240"}],"collection":[{"href":"http:\/\/amigosdelantiguoegipto.com\/index.php?rest_route=\/wp\/v2\/pages"}],"about":[{"href":"http:\/\/amigosdelantiguoegipto.com\/index.php?rest_route=\/wp\/v2\/types\/page"}],"author":[{"embeddable":true,"href":"http:\/\/amigosdelantiguoegipto.com\/index.php?rest_route=\/wp\/v2\/users\/1"}],"replies":[{"embeddable":true,"href":"http:\/\/amigosdelantiguoegipto.com\/index.php?rest_route=%2Fwp%2Fv2%2Fcomments&post=8240"}],"version-history":[{"count":0,"href":"http:\/\/amigosdelantiguoegipto.com\/index.php?rest_route=\/wp\/v2\/pages\/8240\/revisions"}],"wp:attachment":[{"href":"http:\/\/amigosdelantiguoegipto.com\/index.php?rest_route=%2Fwp%2Fv2%2Fmedia&parent=8240"}],"curies":[{"name":"wp","href":"https:\/\/api.w.org\/{rel}","templated":true}]}}