{"id":81,"date":"2006-11-16T23:30:57","date_gmt":"2006-11-16T23:30:57","guid":{"rendered":"http:\/\/amigosdelantiguoegipto.com\/esther-pons-mellado\/"},"modified":"2014-07-04T07:45:43","modified_gmt":"2014-07-04T07:45:43","slug":"esther-pons-mellado","status":"publish","type":"page","link":"http:\/\/amigosdelantiguoegipto.com\/?page_id=81","title":{"rendered":"Esther Pons Mellado"},"content":{"rendered":"<p style=\"text-align: justify;\"><a href=\"http:\/\/amigosdelantiguoegipto.com\/?p=12624\">Entrevistas a egipt\u00f3logos<\/a><\/p>\n<p style=\"text-align: right;\">Nacho Ares &#8211; Febrero <span class=\"createdate\">de 2004<\/span><\/p>\n<p style=\"text-align: justify;\"><strong>Conservadora de Exposiciones del Museo Arqueol\u00f3gico Nacional y egipt\u00f3loga<\/strong><br \/>\n<em>Entrevista realizada en febrero 2004<\/em><\/p>\n<p style=\"text-align: justify;\">Esther Pons Mellado es en la actualidad Conservadora del Departamento de Exposiciones del Museo Arqueol\u00f3gico Nacional (MAN), cargo que desempe\u00f1a en esta instituci\u00f3n desde el a\u00f1o 2000, si bien gran parte de su trabajo de investigaci\u00f3n siempre ha estado identificado con la cultura egipcia precisamente en el marco del MAN.<\/p>\n<div id=\"attachment_79\" style=\"width: 209px\" class=\"wp-caption alignright\"><img aria-describedby=\"caption-attachment-79\" decoding=\"async\" loading=\"lazy\" class=\"wp-image-79 \" title=\"Esther Pons Mellado\" src=\"http:\/\/amigosdelantiguoegipto.com\/wp-content\/uploads\/varios\/entrevistas\/2006\/11\/esther.jpg\" alt=\"Esther Pons Mellado\" width=\"199\" height=\"242\" align=\"middle\" border=\"0\" hspace=\"6\" \/><p id=\"caption-attachment-79\" class=\"wp-caption-text\">Esther Pons Mellado<\/p><\/div>\n<p style=\"text-align: justify;\">Nacida en Barcelona, la Dra. Pons estudi\u00f3 Geograf\u00eda e Historia en la Universidad Central de su ciudad natal, especializ\u00e1ndose en Arqueolog\u00eda e Historia Antigua. Despu\u00e9s de dudar entre la Antropolog\u00eda y la Arqueolog\u00eda, sus dos grandes aficiones, se decidi\u00f3 finalmente por esta \u00faltima, una pasi\u00f3n que hab\u00eda cultivado desde peque\u00f1a.<\/p>\n<p style=\"text-align: justify;\">Durante su etapa de formaci\u00f3n tuvo la suerte de poder asistir a las aulas de profesores tan importantes como el inefable Maluquer de Motes, Josep Padr\u00f3 Parcerisa, con quien se acerc\u00f3 por primera vez a la egiptolog\u00eda, Josep Mar\u00eda Gurt, actual catedr\u00e1tico de numism\u00e1tica, de cuya asignatura a\u00fan guarda un especial recuerdo y otros no menos a\u00f1orados como el arque\u00f3logo Miguel Tarradell o Pere de Palol, especialista en Antig\u00fcedad Tard\u00eda.<\/p>\n<p style=\"text-align: justify;\">Vinculada hoy de una manera muy directa al mundo egiptol\u00f3gico, sus comienzos, como sucede con la inmensa mayor\u00eda de los investigadores que se forman en nuestro pa\u00eds, estuvieron relacionados al mundo de la arqueolog\u00eda ib\u00e9rica. A esta cultura dedic\u00f3 varios a\u00f1os de trabajos y excavaciones en emplazamientos tan importantes como Burriac (Matar\u00f3, Barcelona), la necr\u00f3polis del Turo de Tres Pins (Cabrera de Mar, Matar\u00f3, Barcelona) y Alorda Park (Clafell, Tarragona). Todos ellos se encuentran en Matar\u00f3, estando este \u00faltimo actualmente acondicionado para la visita al p\u00fablico en el que se puede descubrir el m\u00e9todo de trabajo y la vida cotidiana de los iberos en la Antig\u00fcedad. Fuera de su marco geogr\u00e1fico natural tambi\u00e9n trabaj\u00f3 en la excavaci\u00f3n del poblado ib\u00e9rico de El Albalete (Porcuna, Ja\u00e9n).<\/p>\n<h3 style=\"text-align: justify;\">Salto a la egiptolog\u00eda<\/h3>\n<p style=\"text-align: justify;\">Esther Pons se sinti\u00f3 atra\u00edda desde muy peque\u00f1a por el mundo de la historia, especialmente a trav\u00e9s de la lectura de libros. Sus campos de trabajo preferidos fueron el mundo ib\u00e9rico y el antiguo Egipto. Lo que nunca so\u00f1\u00f3 siendo ni\u00f1a es que sus derroteros profesionales acabar\u00edan centr\u00e1ndose casi exclusivamente en el mundo egiptol\u00f3gico. Seg\u00fan nos reconoce en nuestra charla \u201csiempre vi el mundo egipcio como algo muy lejano. Pensaba que la gente que se dedicaba a ello eran especialistas muy exclusivos, personas con mucho nombre, gente que viv\u00eda all\u00ed mismo, en Egipto y de dif\u00edcil acceso. Adem\u00e1s, cuando entr\u00e9 a hacer la carrera en la Universidad Central de Barcelona no exist\u00eda ni la asignatura de Historia de Egipto. La docencia se centraba en Historia Antigua en general y, si acaso, el tiempo dedicado a Egipto no superaba los 15 d\u00edas dentro del marco de una asignatura anual. Solamente con la llegada del profesor Josep Padr\u00f3 se impartieron asignaturas espec\u00edficas de egiptolog\u00eda como Historia o escritura jerogl\u00edfica\u201d.<\/p>\n<p style=\"text-align: justify;\">Precisamente, el verdadero cambio lleg\u00f3 al conocer a Josep Padr\u00f3 i Parcerisa, el actual catedr\u00e1tico de Historia Antigua de la Universidad Central de Barcelona. Bajo su direcci\u00f3n Esther Pons realiz\u00f3 la memoria de licenciatura. El tema elegido fue las terracotas de \u00e9poca grecorromana del monasterio de Montserrat, trabajo de investigaci\u00f3n que ser\u00eda publicado en el a\u00f1o 1995 bajo el t\u00edtulo de Terracotas egipcias de \u00e9poca grecorromana del museo del Oriente B\u00edblico del Monasterio de Montserrat, Aula Orientalis-Supplementa.<\/p>\n<p style=\"text-align: justify;\">Durante su \u00e9poca de formaci\u00f3n el Dr. Padr\u00f3 daba clases de Historia de Roma colaborando tambi\u00e9n en las excavaciones de Llivia (junto a Puigcerd\u00e1). En este yacimiento trabaj\u00f3 durante los tres \u00faltimos a\u00f1os de carrera, pasando al final de la especialidad a dar asignaturas propiamente dedicadas al mundo egipcio, abri\u00e9ndose as\u00ed nuevas posibilidades de investigaci\u00f3n y de trabajos futuros en el yacimiento de Enhasaya El Medina, a unos 130 kil\u00f3metros al sur de El Cairo, muy cerca de lo que es la entrada al conocido oasis de El Fayum, la antigua Heracle\u00f3polis Magna.<\/p>\n<h3 style=\"text-align: justify;\">La vida en una excavaci\u00f3n<\/h3>\n<p style=\"text-align: justify;\">\u201cEl primer contacto directo que tuve con Egipto \u2014nos reconoce Esther Pons esbozando una sonrisa\u2014 fue con la excavaci\u00f3n de la misi\u00f3n arqueol\u00f3gica espa\u00f1ola en Heracle\u00f3polis Magna. All\u00ed trabaj\u00e9 en las campa\u00f1as de 1986, 1987 y 1988, haciendo un hueco en el tiempo hasta regresar cuatro a\u00f1os despu\u00e9s en 1992. De hecho era la primera vez en mi vida que tomaba un avi\u00f3n, en este caso para volar hasta El Cairo. Recuerdo la experiencia como algo muy especial y que me marc\u00f3 profundamente. No s\u00f3lo supuso una gran oportunidad para aprender un mont\u00f3n de cosas desde el punto de vista profesional sino que, adem\u00e1s, el trato humano con el resto de miembros del equipo fue excepcional en todos los sentidos. La vida en una excavaci\u00f3n es muy distinta, la gente es muy diferente, viene de campos y formaciones dispares, pero a pesar de todo ello nos adaptamos perfectamente al sistema de vida.\u201d<\/p>\n<p style=\"text-align: justify;\">En aquella primera colaboraci\u00f3n con una misi\u00f3n arqueol\u00f3gica en Egipto, Esther Pons trabaj\u00f3 en el seno del grupo de arque\u00f3logos. Se le encarg\u00f3 el estudio de una zona concreta. All\u00ed trabajaban por la ma\u00f1ana codo con codo con los obreros locales. Por la tarde llegaba el proceso de an\u00e1lisis, dibujo y documentaci\u00f3n del material en la casa de la misi\u00f3n.<\/p>\n<p style=\"text-align: justify;\">Entonces Esther Pons trabaj\u00f3 con Maricarmen P\u00e9rez D\u00ede, la actual directora de la misi\u00f3n en Heracle\u00f3polis, y con el egipt\u00f3logo franc\u00e9s Pascal Vernus a quien curiosamente tuvo oportunidad de entrevistar para nuestra revista (v\u00e9ase RdA 116).<\/p>\n<p class=\"img\"><img decoding=\"async\" loading=\"lazy\" class=\" size-full wp-image-80 aligncenter\" title=\"Esther Pons Mellado\" src=\"http:\/\/amigosdelantiguoegipto.com\/wp-content\/uploads\/varios\/entrevistas\/2006\/11\/pons01.jpg\" alt=\"Esther Pons Mellado\" width=\"319\" height=\"425\" align=\"middle\" border=\"0\" hspace=\"6\" \/><\/p>\n<p style=\"text-align: justify;\">Con este bagaje inicial y tambi\u00e9n bajo la direcci\u00f3n de Josep Padr\u00f3, Esther Pons defendi\u00f3 en el a\u00f1o 1998 su tesis doctoral. \u201cEn esta ocasi\u00f3n el tema elegido fue los metales en el antiguo Egipto. En ella se estudiaban las diferentes v\u00edas o caminos que emplearon los antiguos egipcios para adquirir los metales, desde la explotaci\u00f3n de minas hasta el comercio internacional, saqueos, tributos, y tambi\u00e9n el trabajo que realizaban los artesanos en los talleres metal\u00fargicos hasta que la pieza acabara de ser manufacturada.\u201d En la actualidad tambi\u00e9n podemos encontrar publicadas partes sustanciales de este trabajo de investigaci\u00f3n: \u201cEgipto y el comercio del esta\u00f1o en el Mediterr\u00e1neo\u201d. Aegyptiaca Complutensia III. Egipto y el Exterior, contactos e influencias. Luis A. Garc\u00eda Moreno y Antonio P\u00e9rez Largacha Editores. Alcal\u00e1 de Henares; y \u201cLa explotaci\u00f3n de los metales en el Antiguo Egipto\u201d publicado en los cuadernos de egiptolog\u00eda Miraz n\u00ba6 de 2000.<\/p>\n<h3 style=\"text-align: justify;\">El trabajo en el MAN<\/h3>\n<p style=\"text-align: justify;\">En la actualidad Esther Pons trabaja en el seno del Museo Arqueol\u00f3gico Nacional. En un principio desarroll\u00f3 su labor de investigaci\u00f3n durante ocho a\u00f1os dentro del Departamento de Egipto, despu\u00e9s de conseguir una plaza de ayudante opositando en el Ministerio de Cultura. Tiempo despu\u00e9s accedi\u00f3 al Departamento de Exposiciones en donde trabaja en la actualidad como conservadora.<\/p>\n<p style=\"text-align: justify;\">\u201cMi tarea principal en la actualidad es la coordinaci\u00f3n, dise\u00f1o y montaje de las exposiciones que se van desarrollando en el MAN, bien las que hace nuestra propia instituci\u00f3n o bien las que nos visitan desde fuera. En ocasiones el trabajo es muy burocr\u00e1tico en el sentido de que tienes que contactar con mucha gente y realizar farragosos tr\u00e1mites administrativos, pero al final el trabajo compensa con el dise\u00f1o e inauguraci\u00f3n de la exposici\u00f3n.\u201d<\/p>\n<p style=\"text-align: justify;\">En la actualidad el MAN est\u00e1 ofreciendo una oferta de exposiciones y actos culturales muy amplia. Este tipo de trabajo ya qued\u00f3 suficientemente justificado en la entrevista que en el n\u00famero 271 de RdA realizamos al actual director del museo, D. Miguel \u00c1ngel Elvira. \u201cTodo eso hay que planificarlo \u2014nos se\u00f1ala Esther Pons\u2014. En muchas ocasiones disponemos de poco tiempo o con pocos medios a los que acudir para poder ofrecer el resultado final. Sin embargo, el contacto con la gente nos dice que el gran p\u00fablico agradece el hecho de que continuamente el museo est\u00e9 abierto y que se ofrezcan todo tipo de actividades. A fin de cuentas el rostro de un museo est\u00e1 en los actos que se hacen de cara al p\u00fablico. Que la gente pueda ver que cada poco tiempo se van renovando las actividades y se lleven a cabo proyectos de lo m\u00e1s variado es algo que siempre se agradece. De lo contrario el museo se convierte en un ente sin vida propia, limitado \u00fanicamente a la eterna exposici\u00f3n de un conjunto de piezas de mayor o menor calidad.\u201d<\/p>\n<p style=\"text-align: justify;\">De las exposiciones que han pasado por sus manos guarda un recuerdo especial de varias de ellas. \u201cEn primer lugar \u2018Artifex\u2019, en la que se reproduc\u00eda la ingenier\u00eda romana en Espa\u00f1a. Lo mismo sucede con otra exposici\u00f3n titulada \u2018Aspectos de la vida cotidiana en Bizancio\u2019. Y no me quiero olvidar de \u2018La herencia del pasado. \u00daltimas adquisiciones del Museo Arqueol\u00f3gico Nacional\u2019 en la que fui comisaria de la exposici\u00f3n y al mismo tiempo coordinadora. En todos estos casos, tanto el trabajo relacionado con el desarrollo de la exposici\u00f3n propiamente dicha como el contacto con el personal que estaba a cargo de ellas me han dejado un grato recuerdo en la memoria.\u201d<\/p>\n<h3 style=\"text-align: justify;\">Misi\u00f3n en Oxirrinco<\/h3>\n<p style=\"text-align: justify;\">El mismo a\u00f1o que accedi\u00f3 al Departamento de Exposiciones del MAN, Esther Pons comienza su labor como arque\u00f3loga junto a Josep Padr\u00f3 en la misi\u00f3n arqueol\u00f3gica de la Universidad Central de Barcelona en la localidad de El Bahnasa, la antigua Oxirrinco.<\/p>\n<p style=\"text-align: justify;\">El yacimiento de El Bahnasa se encuentra en el lado occidental de Bahr Yussef, a casi 200 kil\u00f3metros al sur de El Cairo. Fue descubierto e identificado como la antigua ciudad de Oxirrinco por el sabio franc\u00e9s Vivant Denon, uno de los componentes de la expedici\u00f3n de Bonaparte. Desde el a\u00f1o 1897 s\u00f3lo se han realizado excavaciones ocasionales en el lugar, siendo terriblemente saqueada para buscar papiros, debido a la gran riqueza de estos documentos procedentes del famoso yacimiento de Oxirrinco.<\/p>\n<p style=\"text-align: justify;\">Con motivo del descubrimiento en este lugar de una tumba de \u00c9poca Sa\u00edta en el a\u00f1o 1982, el Consejo Superior para las Antig\u00fcedades de Egipto retom\u00f3 las excavaciones arqueol\u00f3gicas en El Bahnasa. Una d\u00e9cada despu\u00e9s, en 1992, la misi\u00f3n se convirti\u00f3 en un proyecto mixto realizado a la par en colaboraci\u00f3n con la Universidad Central de Barcelona.<\/p>\n<p style=\"text-align: justify;\">Esther Pons nos comenta emocionada los sensacionales hallazgos descubiertos en la \u00faltima campa\u00f1a. \u201cEn el sector que se encuentra bajo mi responsabilidad descubrimos una tumba en bastante mal estado de conservaci\u00f3n pero de grandes dimensiones y con varios sarc\u00f3fagos en su interior. Dos de ellos han aparecido con la momia en su interior, lo que nos puede hacer una idea de la cantidad de cosas que quedan por trabajar en este lugar.\u201d<\/p>\n<p style=\"text-align: justify;\">El equipo est\u00e1 formado por una decena de personas entre los que podemos encontrar arque\u00f3logos, especialistas de varias universidades de Barcelona, Tarragona, El Cairo y Montpellier, top\u00f3grafos, un antrop\u00f3logo, etc\u00e9tera. Es decir, un equipo interdisciplinar en el que destaca no solamente su cohesi\u00f3n profesional sino tambi\u00e9n humana.<\/p>\n<p style=\"text-align: justify;\">En la actualidad el trabajo de Esther Pons se centra en dos vertientes perfectamente identificadas. Por un lado est\u00e1n las nuevas exposiciones que acoger\u00e1 el MAN en los pr\u00f3ximos meses. Entre ellas hay que destacar un espectacular montaje que reconstruye la \u00e9poca de Isabel II.<br \/>\nSin embargo, Esther Pons no se olvida de su a\u00f1orado Egipto. \u201cPara la siguiente campa\u00f1a en 2004 se continuar\u00e1 con exploraci\u00f3n de la parte bizantina de la excavaci\u00f3n. Adem\u00e1s hay que restaurar o consolidar el Osireion descubierto por la misi\u00f3n en las \u00faltimas campa\u00f1as. Por mi parte, espero continuar con la tumba 14 de \u00c9poca Sa\u00edta en la que han aparecido los sarc\u00f3fagos con las momias.\u201d<\/p>\n","protected":false},"excerpt":{"rendered":"<p>Entrevistas a egipt\u00f3logos Nacho Ares &#8211; Febrero de 2004 Conservadora de Exposiciones del Museo Arqueol\u00f3gico Nacional y egipt\u00f3loga Entrevista realizada en febrero 2004 Esther Pons Mellado es en la actualidad Conservadora del Departamento de Exposiciones del Museo Arqueol\u00f3gico Nacional (MAN), cargo que desempe\u00f1a en esta instituci\u00f3n desde el a\u00f1o 2000, si bien gran parte de su trabajo de investigaci\u00f3n siempre&#8230;<\/p>\n<p class=\"continue-reading-button\"> <a class=\"continue-reading-link\" href=\"http:\/\/amigosdelantiguoegipto.com\/?page_id=81\">Seguir leyendo<i class=\"crycon-right-dir\"><\/i><\/a><\/p>\n","protected":false},"author":1,"featured_media":0,"parent":0,"menu_order":22,"comment_status":"closed","ping_status":"closed","template":"","meta":{"ngg_post_thumbnail":0},"_links":{"self":[{"href":"http:\/\/amigosdelantiguoegipto.com\/index.php?rest_route=\/wp\/v2\/pages\/81"}],"collection":[{"href":"http:\/\/amigosdelantiguoegipto.com\/index.php?rest_route=\/wp\/v2\/pages"}],"about":[{"href":"http:\/\/amigosdelantiguoegipto.com\/index.php?rest_route=\/wp\/v2\/types\/page"}],"author":[{"embeddable":true,"href":"http:\/\/amigosdelantiguoegipto.com\/index.php?rest_route=\/wp\/v2\/users\/1"}],"replies":[{"embeddable":true,"href":"http:\/\/amigosdelantiguoegipto.com\/index.php?rest_route=%2Fwp%2Fv2%2Fcomments&post=81"}],"version-history":[{"count":0,"href":"http:\/\/amigosdelantiguoegipto.com\/index.php?rest_route=\/wp\/v2\/pages\/81\/revisions"}],"wp:attachment":[{"href":"http:\/\/amigosdelantiguoegipto.com\/index.php?rest_route=%2Fwp%2Fv2%2Fmedia&parent=81"}],"curies":[{"name":"wp","href":"https:\/\/api.w.org\/{rel}","templated":true}]}}