{"id":8036,"date":"2014-06-24T16:55:58","date_gmt":"2014-06-24T16:55:58","guid":{"rendered":"http:\/\/amigosdelantiguoegipto.com\/?page_id=8036"},"modified":"2014-06-24T16:55:58","modified_gmt":"2014-06-24T16:55:58","slug":"la-vaca-del-cielo-bibliografia","status":"publish","type":"page","link":"http:\/\/amigosdelantiguoegipto.com\/?page_id=8036","title":{"rendered":"La Vaca del Cielo &#8211; Bibliograf\u00eda"},"content":{"rendered":"<p style=\"text-align: left;\"><a href=\"http:\/\/amigosdelantiguoegipto.com\/?p=7910\">Leyendas mitol\u00f3gicas<\/a><\/p>\n<p style=\"text-align: right;\">Francisco L\u00f3pez &#8211; julio de 2004<\/p>\n<p style=\"text-align: justify;\"><strong>Atenci\u00f3n. <\/strong>Para una correcta visualizaci\u00f3n del art\u00edculo necesitas tener instaladas las fuentes de transliteraci\u00f3n y GlyphBasic. Si no las tienes puedes descargarlas <a href=\"http:\/\/www.egiptologia.org\/fonts\/\" target=\"_blank\">aqu\u00ed<\/a>.<\/p>\n<p style=\"text-align: center;\">[<a href=\"http:\/\/amigosdelantiguoegipto.com\/?page_id=7992\">Introducci\u00f3n<\/a>] [<a href=\"http:\/\/amigosdelantiguoegipto.com\/?page_id=8032\">Fuentes<\/a>] [<a href=\"http:\/\/amigosdelantiguoegipto.com\/?page_id=8034\">La Vaca del Cielo<\/a>] [Bibliograf\u00eda]<\/p>\n<div align=\"justify\">\n<p><strong>4. Bibliograf\u00eda<\/strong><\/p>\n<p align=\"justify\">La publicaci\u00f3n completa de los textos pertenecientes a las tumbas de Sethy I, Ramses II y Ramses III aparece en la obra de Erik Hornung, <i>Der \u00c4gyptische Mythos von der Himmelskuh<\/i>, G\u00f6ttingen, 1982, el mejor y m\u00e1s completo estudio sobre el mito realizado hasta el momento. En la obra de A. de Buck <em>Egyptian reading Book<\/em> s\u00f3lo aparece reproducido el texto correspondiente a la leyenda de &#8216;La destrucci\u00f3n de la Humanidad&#8217;, en la versi\u00f3n de la tumba de Sethy I.<\/p>\n<p align=\"justify\">En la red se pueden encontrar las traducciones realizadas por Piankoff, Lalouette y Hornung, junto con los jerogl\u00edficos correspondientes a la tumba KV 17, en la p\u00e1gina de <a href=\"http:\/\/sethy1.free.fr\" target=\"links\">Raymond Monfort<\/a>, dedicada por entero a Sethy I (<a href=\"http:\/\/sethy1.free.fr\/vache.html\" target=\"links\">http:\/\/sethy1.free.fr\/vache.html<\/a>)<\/p>\n<\/div>\n<ul>\n<li>\n<p align=\"justify\">Brunner-Traut, Emma. <i>Alt\u00e4gyptische M\u00e4rchen, Mythen und andere volkst\u00fcmliche Erz\u00e4hlungen<\/i>. Eingeleitet, \u00fcbersetzt und erl\u00e4utert, M\u00fcnchen, Eugen Diederichs Verlag, 1989.<\/p>\n<\/li>\n<li>\n<p align=\"justify\">Clagett, Marshall. <i>Ancient Egyptian Science. A Source Book. Volume One: Knowledge and Order<\/i>. Tome I-II, Philadelphia, American Philosophical Society, 1989 . Memoirs of the American Philosophical Society.<\/p>\n<\/li>\n<li>\n<p align=\"justify\">De Buck, A. <i>Egyptian Readingbook, Exercices and Middle Egyptian Texts<\/i>. Ares Publishers. Chicago 1982.<\/p>\n<\/li>\n<li>\n<p align=\"justify\">Erman, Adolf. <i>The Literature of the Ancient Egyptians<\/i>, traducido al ingl\u00e9s por A. M. Blackman. London 1927.<\/p>\n<\/li>\n<li>\n<p align=\"justify\">Erman, Adolf. <i>The Ancient Egyptians. A Sourcebook of their Writings<\/i>. Translated by Aylward M. Blackman. Introduction to the Torchbook edition by William Kelly Simpson, New York, Harper &amp; Row, 1966.<\/p>\n<\/li>\n<li>\n<p align=\"justify\">Hornung, Erik. <i>Der \u00c4gyptische Mythos von der Himmelskuh<\/i>, G\u00f6ttingen , 1982.<\/p>\n<\/li>\n<li>\n<p align=\"justify\">Kaster, Joseph. <i>The Literature and Mythology of Ancient Egypt<\/i>, London, Allen Lane The Penguin Press 1970.<\/p>\n<\/li>\n<li>\n<p align=\"justify\">Lalouette, Claire. <i>Textes sacr\u00e9s et textes profanes de l&#8217;ancienne \u00c9gypte. Mythe, contes et po\u00e9sie<\/i>. Traductions et commentaires. Pr\u00e9face de Pierre Grimal, 1987, Connaissance de l&#8217;Orient. Collection UNESCO d&#8217;oeuvres repr\u00e9sentatives, 63. S\u00e9rie \u00c9gypte ancienne.<\/p>\n<\/li>\n<li>\n<p align=\"justify\">Lef\u00e9bure, E. <i>Les hypog\u00e9es royaux de Th\u00e8bes, Teil I: Le tombeau de Seti 1er<\/i>, Paris 1886, 4. Teil, pl. 15-18.<\/p>\n<\/li>\n<li>\n<p align=\"justify\">Lichtheim, Miriam. <i>Ancient Egyptian Literature. A Book of Readings. Volume II: The New Kingdom,<\/i> Berkeley-Los Angeles-London, University of California Press, 1976.<\/p>\n<\/li>\n<li>\n<p align=\"justify\">Maystre, Charles. <i>Le livre de la vache du ciel dans le tombeaux de la Valle des Rois<\/i>, BIFAO, 40 Cairo 1941.<\/p>\n<\/li>\n<li>\n<p align=\"justify\">Naville, E. <i>La destruction des hommes par les dieux<\/i>, TSBA 4, 1876.<\/p>\n<\/li>\n<li>\n<p align=\"justify\">Naville, E. <i>L&#8217;inscription de la destruction des hommes dans le tombeau de Ramses III<\/i>, TSBA 8, 1885.<\/p>\n<\/li>\n<li>\n<p align=\"justify\">Piankoff, Alexandre. <i>The Shrines of Tut-Ankh-Amon<\/i>. Texts translated with Introductions by Alexandre Piankoff, edited by N. Rambova, Published for Bollingen Foundation Inc. by Pantheon Books Inc., New York, 1955.<\/p>\n<\/li>\n<li>\n<p align=\"justify\">Piankoff, Alexandre. <i>The Tomb of Ramesses VI<\/i>, Published for Bollingen Foundation Inc. by Pantheon Books Inc., New York, N.Y., 1954, Pantheon Books. Bollingen Series XL. Volume 1. Egyptian Religious Texts and Representations Prepared under the Supervision of Alexandre Piankoff.<\/p>\n<\/li>\n<li>\n<div align=\"justify\">Roeder, Gunther. <i>Urkunden zur Religion des alten \u00c4gypten<\/i>. Jena 1923.<\/div>\n<\/li>\n<\/ul>\n<p align=\"justify\">Para la traducci\u00f3n al castellano de la primera parte del relato, correspondiente a La Destrucci\u00f3n de la Humanidad recomendamos:<\/p>\n<ul>\n<li>Gal\u00e1n, Jos\u00e9 M. Cuatro viajes en la literatura del Antiguo Egipto. CSIC. Madrid 1998.<\/li>\n<\/ul>\n<p>Adem\u00e1s para el estudio y traducci\u00f3n del fragmento de Avignon puede consultarse:<\/p>\n<ul>\n<li>Guilhou, Nadine. <em>Bulletin de l&#8217;Institut Fran\u00e7ais d&#8217;Arch\u00e9ologie Orientale<\/em> (BIFAO) 98.<\/li>\n<\/ul>\n<p style=\"text-align: center;\">\n","protected":false},"excerpt":{"rendered":"<p>Leyendas mitol\u00f3gicas Francisco L\u00f3pez &#8211; julio de 2004 Atenci\u00f3n. Para una correcta visualizaci\u00f3n del art\u00edculo necesitas tener instaladas las fuentes de transliteraci\u00f3n y GlyphBasic. Si no las tienes puedes descargarlas aqu\u00ed. [Introducci\u00f3n] [Fuentes] [La Vaca del Cielo] [Bibliograf\u00eda] 4. Bibliograf\u00eda La publicaci\u00f3n completa de los textos pertenecientes a las tumbas de Sethy I, Ramses II y Ramses III aparece en&#8230;<\/p>\n<p class=\"continue-reading-button\"> <a class=\"continue-reading-link\" href=\"http:\/\/amigosdelantiguoegipto.com\/?page_id=8036\">Seguir leyendo<i class=\"crycon-right-dir\"><\/i><\/a><\/p>\n","protected":false},"author":1,"featured_media":0,"parent":0,"menu_order":0,"comment_status":"closed","ping_status":"closed","template":"","meta":{"ngg_post_thumbnail":0},"_links":{"self":[{"href":"http:\/\/amigosdelantiguoegipto.com\/index.php?rest_route=\/wp\/v2\/pages\/8036"}],"collection":[{"href":"http:\/\/amigosdelantiguoegipto.com\/index.php?rest_route=\/wp\/v2\/pages"}],"about":[{"href":"http:\/\/amigosdelantiguoegipto.com\/index.php?rest_route=\/wp\/v2\/types\/page"}],"author":[{"embeddable":true,"href":"http:\/\/amigosdelantiguoegipto.com\/index.php?rest_route=\/wp\/v2\/users\/1"}],"replies":[{"embeddable":true,"href":"http:\/\/amigosdelantiguoegipto.com\/index.php?rest_route=%2Fwp%2Fv2%2Fcomments&post=8036"}],"version-history":[{"count":0,"href":"http:\/\/amigosdelantiguoegipto.com\/index.php?rest_route=\/wp\/v2\/pages\/8036\/revisions"}],"wp:attachment":[{"href":"http:\/\/amigosdelantiguoegipto.com\/index.php?rest_route=%2Fwp%2Fv2%2Fmedia&parent=8036"}],"curies":[{"name":"wp","href":"https:\/\/api.w.org\/{rel}","templated":true}]}}