{"id":8005,"date":"2014-06-24T15:16:35","date_gmt":"2014-06-24T15:16:35","guid":{"rendered":"http:\/\/amigosdelantiguoegipto.com\/?page_id=8005"},"modified":"2014-06-25T12:28:25","modified_gmt":"2014-06-25T12:28:25","slug":"estela-metternich-la-historia-de-isis-y-los-7-escorpiones-y-proteccion-contra-picaduras","status":"publish","type":"page","link":"http:\/\/amigosdelantiguoegipto.com\/?page_id=8005","title":{"rendered":"Estela Metternich &#8211; La historia de Isis y los 7 escorpiones y protecci\u00f3n contra picaduras"},"content":{"rendered":"<p style=\"text-align: right;\">Francisco L\u00f3pez &#8211; julio de 2005<\/p>\n<p><strong>Caracter\u00edsticas<\/strong>: Realizada en un \u00fanico bloque de piedra de color verde oscuro, con una altura de 83.5 cm.<br \/>\n<strong>Estado: <\/strong>Perfectamente conservada.<strong><br \/>\nEscritura<\/strong>: Jerogl\u00edfica.<br \/>\n<strong>Tipo<\/strong>: Estela protectora y mitol\u00f3gica.<br \/>\n<strong>Localizaci\u00f3n<\/strong>: Metropolitan Museum (NY) (MMA 50.85)<br \/>\n<strong>Contenido<\/strong>: La estela se encuentra grabada en su totalidad, con diferentes im\u00e1genes y textos de leyendas mitol\u00f3gicas (incluida la leyenda de Isis y los siete escorpiones), e invocaciones contra las mordeduras o picaduras de escorpiones, serpientes y otros animales da\u00f1inos.<br \/>\n<strong>\u00c9poca<\/strong>: Reinado de Nectanebo II (360 &#8211; 343 a.C), XXX Dinast\u00eda.<br \/>\n<strong>Procedencia<\/strong>: Desconocida. Fue descubierta el a\u00f1o 1828 en Alejandr\u00eda. Debe su nombre al Pr\u00edncipe Klemens Meternich, Canciller de Austria, a quien se la present\u00f3 el Vicerey de Egipto Muhammad Ali Pasha.<br \/>\n<strong>Traducci\u00f3n<\/strong>: <a title=\"Isis y los Siete Escorpiones\" href=\"http:\/\/amigosdelantiguoegipto.com\/?page_id=7978\">La leyenda de Isis y los Siete Escorpiones<\/a>.<br \/>\n<strong>Informaci\u00f3n adicional<\/strong>:<\/p>\n<p align=\"justify\">Seg\u00fan una leyenda de lo que podr\u00edamos denominar &#8220;Primeros Tiempos&#8221;, cuando a\u00fan La Creaci\u00f3n no hab\u00eda sido completada y no se hab\u00eda establecido el orden en el Universo en su totalidad, la diosa Isis, junto a su hijo Horus el Ni\u00f1o, huy\u00f3 a los pantanos del Delta, ocult\u00e1ndose de su hermano Seth, el asesino de Osiris. Un d\u00eda Horus fue picado por un animal venenoso y el lamento de Isis provoc\u00f3 que la barca solar detuviese su recorrido. Ra, encargado de velar por la seguridad del ni\u00f1o, envi\u00f3 a Thot a curarle. El dios recit\u00f3 largos hechizos que devolvieron la vida a Horus, asegurando que esas mismas palabras, que \u00e9l hab\u00eda recitado, tendr\u00edan un efecto similar sobre cualquier ser humano.<\/p>\n<div id=\"attachment_8008\" style=\"width: 310px\" class=\"wp-caption aligncenter\"><a href=\"http:\/\/amigosdelantiguoegipto.com\/wp-content\/uploads\/2014\/06\/estela-meternich1.jpg\"><img aria-describedby=\"caption-attachment-8008\" decoding=\"async\" loading=\"lazy\" class=\"wp-image-8008 size-full\" title=\"Imagen perteneciente al Museo Metropolitano de Nueva York\" src=\"http:\/\/amigosdelantiguoegipto.com\/wp-content\/uploads\/2014\/06\/estela-meternich1.jpg\" alt=\"Imagen perteneciente al Museo Metropolitano de Nueva York\" width=\"300\" height=\"479\" srcset=\"http:\/\/amigosdelantiguoegipto.com\/wp-content\/uploads\/2014\/06\/estela-meternich1.jpg 300w, http:\/\/amigosdelantiguoegipto.com\/wp-content\/uploads\/2014\/06\/estela-meternich1-187x300.jpg 187w\" sizes=\"(max-width: 300px) 100vw, 300px\" \/><\/a><p id=\"caption-attachment-8008\" class=\"wp-caption-text\">Imagen perteneciente al Museo Metropolitano de Nueva York<\/p><\/div>\n<p align=\"justify\">Este tipo de estela, conocida como <i>&#8220;Cippi<\/i> de Horus&#8221; fue muy frecuente como talism\u00e1n protector de los hogares contra serpientes, escorpiones o reptiles en general y como m\u00e9todo contra sus picaduras. Se realizaban en piedra, con la parte superior redondeada y apoyadas sobre una base. En la parte frontal de la estela se representaba a Horus Ni\u00f1o, desnudo, de pie sobre dos cocodrilos, agarrando con las manos serpientes, escorpiones y otros animales peligrosos. Sobre la cabeza el dios Bes, un genio protector del hogar y la familia. El resto de la estela se grababa con im\u00e1genes alusivas a leyendas mitol\u00f3gicas pero sobre todo textos y hechizos contra las mordeduras. A pesar de pertenecer a la Baja \u00c9poca, las ideas que expresan estas estelas son mucho m\u00e1s antiguas.<\/p>\n<p align=\"justify\">La inquietud y el miedo a las criaturas nocivas fue una caracter\u00edstica del pueblo egipcio. Ya aparecen hechizos contra ellas, y fundamentalmente contra serpientes y escorpiones, en los Textos de las Pir\u00e1mides grabados en las pir\u00e1mides de algunos reyes y reinas a partir de finales de la V Dinast\u00eda. Hay estelas de este tipo distribuidas por diferentes museos del mundo, pero sin duda la m\u00e1s importante de todas es la <strong>Estela Meternich<\/strong>, descubierta el a\u00f1o 1828 en Alejandr\u00eda durante los trabajos de excavaci\u00f3n que se llevaban a cabo en un antiguo monasterio franciscano, para la construcci\u00f3n de una cisterna. Esta fechada en el reinado de Nectanebo II (<span style=\"font-family: Transliteration;\">Nxt- \u00a1r-\u00a1bit<\/span>) (360 &#8211; 343 a.C), cuyo cartucho aparece grabado en la base. Debe su nombre al Pr\u00edncipe Klemens Meternich, Canciller de Austria, a quien se la present\u00f3 el Vicerey de Egipto Muhammad Ali Pasha. La estela estuvo en el palacio de la familia Metternich en K\u00f6nigswarth (Bohemia) y en 1927 fue adquirida por el Museo Metropolitano de Nueva York (MMA 50.85), en el que se encuentra expuesta desde entonces. Realizada de una pieza, de color verde oscuro, tiene una altura de 83.5 cm y, seg\u00fan se relata en las l\u00edneas 87-88, &#8220;fue realizada por Anj-Psemthek, hijo de la se\u00f1ora de la casa Tent-Het-Nub. \u00c9l restaur\u00f3 la inscripci\u00f3n tras hallarla en el Templo de Osiris-Mnevis, para mantener vivo su nombre &#8230;&#8221;<\/p>\n<p align=\"justify\">Existe una copia de la estela en el castillo Kynzvart de la ciudad de Lazne (Rep\u00fablica checa), en la sala dedicada a Egipto, junto con dos sarc\u00f3fagos de madera con las momias de Kenam\u00f3n, un sacerdote y guardi\u00e1n de los tesoros de Thutmose III y la de un sacerdote de la XXI Dinast\u00eda llamado Pentahut, ambas regalos de Muhammad Ali en 1825.<\/p>\n<p align=\"justify\"><strong>Bibliograf\u00eda<\/strong>:<\/p>\n<ul>\n<li>\n<p align=\"justify\">Borghouts, J.F. <em>Ancient Egyptian Magical Texts<\/em>. EJ Brill. Leiden, 1978.<\/p>\n<\/li>\n<li>\n<p align=\"justify\">Brunner-Traut, Emma. <em>Alt\u00e4gyptische M\u00e4rchen<\/em>. Eugen Diederichs Verlag. Munchen, 1963. Existe una traducci\u00f3n al espa\u00f1ol, de Pablo Villadangos, con el t\u00edtulo\u00a0 <em>Cuentos del Antiguo Egipto<\/em>, EDAF. Madrid, 2000.<\/p>\n<\/li>\n<li>\n<p align=\"justify\">Sander-Hansen., Contantin Emil, <em>Die Texte der Metternich-Stele<\/em>, Analecta Aegyptiaca, Vol. 7, Copenhague, 1956<\/p>\n<\/li>\n<li>\n<p align=\"justify\">Scott, Nora E., <em>The Metternich Stela<\/em>, BMMA 9 (1950-1951), 201-217.<\/p>\n<\/li>\n<li>\n<p align=\"justify\">Sternberg-el-Hotabi, Heike, <em>Die G\u00f6tterdarstellungen der Metternichstele<\/em>. Ein Neuansatz zu ihrer Interpretation als Elemente eines Kontinuit\u00e4tsmodells, GM 97 (1987), 25-70.<\/p>\n<\/li>\n<li>\n<p align=\"justify\"><em>The Lexikon der Aegyptologie<\/em>, Vol. IV, cols. 122-124, entrada <em>Metternichstele.<\/em><\/p>\n<\/li>\n<\/ul>\n","protected":false},"excerpt":{"rendered":"<p>Francisco L\u00f3pez &#8211; julio de 2005 Caracter\u00edsticas: Realizada en un \u00fanico bloque de piedra de color verde oscuro, con una altura de 83.5 cm. Estado: Perfectamente conservada. Escritura: Jerogl\u00edfica. Tipo: Estela protectora y mitol\u00f3gica. Localizaci\u00f3n: Metropolitan Museum (NY) (MMA 50.85) Contenido: La estela se encuentra grabada en su totalidad, con diferentes im\u00e1genes y textos de leyendas mitol\u00f3gicas (incluida la leyenda&#8230;<\/p>\n<p class=\"continue-reading-button\"> <a class=\"continue-reading-link\" href=\"http:\/\/amigosdelantiguoegipto.com\/?page_id=8005\">Seguir leyendo<i class=\"crycon-right-dir\"><\/i><\/a><\/p>\n","protected":false},"author":1,"featured_media":0,"parent":7978,"menu_order":0,"comment_status":"closed","ping_status":"closed","template":"","meta":{"ngg_post_thumbnail":0},"_links":{"self":[{"href":"http:\/\/amigosdelantiguoegipto.com\/index.php?rest_route=\/wp\/v2\/pages\/8005"}],"collection":[{"href":"http:\/\/amigosdelantiguoegipto.com\/index.php?rest_route=\/wp\/v2\/pages"}],"about":[{"href":"http:\/\/amigosdelantiguoegipto.com\/index.php?rest_route=\/wp\/v2\/types\/page"}],"author":[{"embeddable":true,"href":"http:\/\/amigosdelantiguoegipto.com\/index.php?rest_route=\/wp\/v2\/users\/1"}],"replies":[{"embeddable":true,"href":"http:\/\/amigosdelantiguoegipto.com\/index.php?rest_route=%2Fwp%2Fv2%2Fcomments&post=8005"}],"version-history":[{"count":0,"href":"http:\/\/amigosdelantiguoegipto.com\/index.php?rest_route=\/wp\/v2\/pages\/8005\/revisions"}],"up":[{"embeddable":true,"href":"http:\/\/amigosdelantiguoegipto.com\/index.php?rest_route=\/wp\/v2\/pages\/7978"}],"wp:attachment":[{"href":"http:\/\/amigosdelantiguoegipto.com\/index.php?rest_route=%2Fwp%2Fv2%2Fmedia&parent=8005"}],"curies":[{"name":"wp","href":"https:\/\/api.w.org\/{rel}","templated":true}]}}