{"id":72,"date":"2000-09-11T01:00:00","date_gmt":"2000-09-11T01:00:00","guid":{"rendered":"http:\/\/amigosdelantiguoegipto.com\/momias-de-animales\/"},"modified":"2014-06-30T07:31:44","modified_gmt":"2014-06-30T07:31:44","slug":"momias-de-animales","status":"publish","type":"page","link":"http:\/\/amigosdelantiguoegipto.com\/?page_id=72","title":{"rendered":"Momias de animales"},"content":{"rendered":"<p style=\"text-align: justify;\"><a href=\"http:\/\/amigosdelantiguoegipto.com\/?p=8872\">Historia<\/a><\/p>\n<p style=\"text-align: right;\">Cristina Carracedo &#8211; Septiembre de 2000<\/p>\n<p style=\"text-align: justify;\">Los antiguos egipcios, adem\u00e1s de embalsamar los cuerpos de sus difuntos, tambi\u00e9n momificaban a sus animales. Lo hac\u00edan principalmente por motivos religiosos. Aunque era tal el cari\u00f1o que sent\u00edan hacia sus mascotas (perros, gatos, etc.) que les llevaron a embalsamarlos e incluso a enterrarlos junto a sus propietarios.<\/p>\n<p style=\"text-align: justify;\">En algunos animales, los egipcios ve\u00edan la representaci\u00f3n de sus dioses. Cada dios ten\u00eda un animal asociado a \u00e9l, al cual se consideraba sagrado. As\u00ed, el dios Ptah pod\u00eda manifestarse en un toro o el dios Sobek en un cocodrilo. A estos animales divinizados se les rend\u00eda culto en vida, y cuando mor\u00edan se les preparaba un fastuoso entierro, en el que se les momificaba, se les dotaba de su sarc\u00f3fago y de un ajuar repleto de joyas. Incluso existieron necr\u00f3polis destinadas a estos animales.<\/p>\n<p style=\"text-align: justify;\">Al principio, s\u00f3lo se momificaban algunos animales considerados m\u00e1s especiales, como el toro Apis en Menfis. Posteriormente, y sobre todo a en el Per\u00edodo Grecorromano, el n\u00famero de animales a los que se rend\u00eda culto fue muy grande. Como ejemplo podemos mencionar el toro, perro, ibis, carnero, halc\u00f3n, gato, pez y cocodrilo.<\/p>\n<div class=\"mosimage\" style=\"text-align: justify;\" align=\"center\">\n<div id=\"attachment_13\" style=\"width: 148px\" class=\"wp-caption aligncenter\"><img aria-describedby=\"caption-attachment-13\" decoding=\"async\" loading=\"lazy\" class=\"wp-image-13 size-full\" title=\"Los egipcios ve\u00edan en el gato la encarnaci\u00f3n de la diosa Bastet, protectora del hogar y de la familia, por lo que le rend\u00edan un culto especial\" src=\"http:\/\/amigosdelantiguoegipto.com\/wp-content\/uploads\/2000\/09\/momias-animales-01.jpg\" alt=\"Los egipcios ve\u00edan en el gato la encarnaci\u00f3n de la diosa Bastet, protectora del hogar y de la familia, por lo que le rend\u00edan un culto especial\" width=\"138\" height=\"400\" border=\"0\" hspace=\"6\" \/><p id=\"caption-attachment-13\" class=\"wp-caption-text\">Los egipcios ve\u00edan en el gato la encarnaci\u00f3n de la diosa Bastet, protectora del hogar y de la familia, por lo que le rend\u00edan un culto especial.<\/p><\/div>\n<\/div>\n<p style=\"text-align: justify;\">Para algunos animales, los egipcios empleaban la misma t\u00e9cnica de embalsamamiento del hombre. Sin embargo, en el caso de los halcones no se extra\u00edan los \u00f3rganos internos. Se vendaban cuidadosamente con trozos de lino. Despu\u00e9s se aplicaba natr\u00f3n y resina, y en ocasiones, se pintaba alg\u00fan rasgo del animal en las vendas. Si ten\u00eda la cola larga, se vendaba hacia delante. El sarc\u00f3fago se fabricaba de madera o cartonaje y se decoraba como los humanos. Estos animales representaban al dios Horus, dios solar protector del fara\u00f3n.<br \/>\nLos peces tambi\u00e9n fueron momificados, aunque de forma bastante sencilla. Generalmente fueron percas, y en algunos lugares, los oxirrincos; estaba prohibido comer este pescado. Tampoco se extra\u00edan sus \u00f3rganos, s\u00f3lo se deshidrataban. Sobre las vendas se les dibujaba la cara y otras partes del cuerpo.<\/p>\n<p style=\"text-align: justify;\">El gato tambi\u00e9n fue considerado un animal especial, representando a la gata Bastet, diosa protectora del hogar y la familia, adorada en la ciudad de Bubastis. Muchos gatos eran llevados all\u00ed para ser enterrados en necr\u00f3polis destinados a ellos.<br \/>\nSobre las momias de gato es f\u00e1cil que aparezca una m\u00e1scara de yeso en la que se reproduce la cara del gato. Y en \u00e9poca Saita se distinguen por sus vendas que forman complicados motivos geom\u00e9tricos.<\/p>\n<div class=\"mosimage\" style=\"text-align: justify;\" align=\"center\">\n<div id=\"attachment_14\" style=\"width: 410px\" class=\"wp-caption aligncenter\"><img aria-describedby=\"caption-attachment-14\" decoding=\"async\" loading=\"lazy\" class=\"wp-image-14 size-full\" title=\"Momia de halc\u00f3n\" src=\"http:\/\/amigosdelantiguoegipto.com\/wp-content\/uploads\/2000\/09\/momias-animales-02.jpg\" alt=\"Momia de halc\u00f3n\" width=\"400\" height=\"97\" border=\"0\" hspace=\"6\" \/><p id=\"caption-attachment-14\" class=\"wp-caption-text\">Momia de halc\u00f3n<\/p><\/div>\n<\/div>\n<p style=\"text-align: justify;\">Adem\u00e1s de enterrar a sus mascotas momificadas junto a ellos, los antiguos egipcios tambi\u00e9n ten\u00edan algunos cementerios destinados a los animales sagrados. Un ejemplo es la necr\u00f3polis de <em>Tuna el_Gebel<\/em> donde depositaban en nichos las momias de ibis y de babuinos. Estos animales representaban al dios Thot, dios de la escritura, adorado en Herm\u00f3polis Magna, ciudad cercana a esta necr\u00f3polis. Desde la dinast\u00eda XIX hasta el Per\u00edodo Ptolemaico, los egipcios ofrendaban al dios Thot momias de estos animales en ese lugar.<\/p>\n<p style=\"text-align: justify;\">Las momias de ibis se enterraban en sarc\u00f3fagos de madera o en jarras de cer\u00e1mica. Su cuerpo se envolv\u00eda en finas tiras de lino y a veces se colocaban en la cabeza una m\u00e1scara dorada.<\/p>\n<p style=\"text-align: justify;\">En esta necr\u00f3polis tambi\u00e9n se han encontrado momias de halcones y de cocodrilos.<\/p>\n<p style=\"text-align: justify;\">Pero el lugar de enterramiento de animales m\u00e1s importante que existe en Egipto es el <em>Serapeum<\/em> de Saqqara, donde se enterraban a los toros Apis. Se trataba de una inmensa galer\u00eda subterr\u00e1nea llena de anchos nichos que recog\u00edan a estos animales sagrados una vez momificados. Fueron tan importantes que se abri\u00f3 una avenida de esfinges que conduc\u00eda desde la ciudad de Menfis hasta el propio Serapeum.<\/p>\n<p style=\"text-align: justify;\">El culto al toro Apis estuvo unido al del dios Ptah, dios principal de Menfis. Apis era un animal tan importante que viv\u00eda en un palacio. Recib\u00eda las atenciones de sus sacerdotes, y a su muerte, era cuidadosamente momificado. Recib\u00eda el ritual de embalsamamiento, era introducido en un enorme sarc\u00f3fago de granito y enterrado en su tumba. Se le acompa\u00f1aba de un importante ajuar funerario. Cerca se localizaron otros cementerios destinados a chacales y gatos momificados.<\/p>\n<div class=\"mosimage\" style=\"float: center;\" align=\"center\">\n<div id=\"attachment_15\" style=\"width: 215px\" class=\"wp-caption aligncenter\"><img aria-describedby=\"caption-attachment-15\" decoding=\"async\" loading=\"lazy\" class=\"  wp-image-15\" title=\"Estatua de bronce del toro Apis\" src=\"http:\/\/amigosdelantiguoegipto.com\/wp-content\/uploads\/2000\/09\/momias-animales-03.jpg\" alt=\"Estatua de bronce del toro Apis\" width=\"205\" height=\"300\" border=\"0\" hspace=\"6\" \/><p id=\"caption-attachment-15\" class=\"wp-caption-text\">Estatua de bronce del toro Apis.<\/p><\/div>\n<\/div>\n","protected":false},"excerpt":{"rendered":"<p>Historia Cristina Carracedo &#8211; Septiembre de 2000 Los antiguos egipcios, adem\u00e1s de embalsamar los cuerpos de sus difuntos, tambi\u00e9n momificaban a sus animales. Lo hac\u00edan principalmente por motivos religiosos. Aunque era tal el cari\u00f1o que sent\u00edan hacia sus mascotas (perros, gatos, etc.) que les llevaron a embalsamarlos e incluso a enterrarlos junto a sus propietarios. En algunos animales, los egipcios&#8230;<\/p>\n<p class=\"continue-reading-button\"> <a class=\"continue-reading-link\" href=\"http:\/\/amigosdelantiguoegipto.com\/?page_id=72\">Seguir leyendo<i class=\"crycon-right-dir\"><\/i><\/a><\/p>\n","protected":false},"author":1,"featured_media":0,"parent":0,"menu_order":12,"comment_status":"closed","ping_status":"closed","template":"","meta":{"ngg_post_thumbnail":0},"_links":{"self":[{"href":"http:\/\/amigosdelantiguoegipto.com\/index.php?rest_route=\/wp\/v2\/pages\/72"}],"collection":[{"href":"http:\/\/amigosdelantiguoegipto.com\/index.php?rest_route=\/wp\/v2\/pages"}],"about":[{"href":"http:\/\/amigosdelantiguoegipto.com\/index.php?rest_route=\/wp\/v2\/types\/page"}],"author":[{"embeddable":true,"href":"http:\/\/amigosdelantiguoegipto.com\/index.php?rest_route=\/wp\/v2\/users\/1"}],"replies":[{"embeddable":true,"href":"http:\/\/amigosdelantiguoegipto.com\/index.php?rest_route=%2Fwp%2Fv2%2Fcomments&post=72"}],"version-history":[{"count":0,"href":"http:\/\/amigosdelantiguoegipto.com\/index.php?rest_route=\/wp\/v2\/pages\/72\/revisions"}],"wp:attachment":[{"href":"http:\/\/amigosdelantiguoegipto.com\/index.php?rest_route=%2Fwp%2Fv2%2Fmedia&parent=72"}],"curies":[{"name":"wp","href":"https:\/\/api.w.org\/{rel}","templated":true}]}}