{"id":61,"date":"2001-02-09T01:00:00","date_gmt":"2001-02-09T01:00:00","guid":{"rendered":"http:\/\/amigosdelantiguoegipto.com\/la-esfinge\/"},"modified":"2014-06-30T07:19:08","modified_gmt":"2014-06-30T07:19:08","slug":"la-esfinge-2","status":"publish","type":"page","link":"http:\/\/amigosdelantiguoegipto.com\/?page_id=61","title":{"rendered":"La Esfinge"},"content":{"rendered":"<p style=\"text-align: justify;\"><a href=\"http:\/\/amigosdelantiguoegipto.com\/?p=8872\">Historia<\/a><\/p>\n<p style=\"text-align: right;\">Jos\u00e9 Miguel Parra Ortiz &#8211; Febrero de 2001<\/p>\n<p style=\"text-align: justify;\">La Esfinge es ese gran animalote con cuerpo de le\u00f3n y cabeza humana que se puede ver en la meseta de Guiza, junto al templo del valle del fara\u00f3n Kefr\u00e9n. Sin embargo, eso no significa que la mandara construir \u00e9l. Los investigadores no se ponen de acuerdo al respecto y hay algunos que piensan que pudo mandarla construir el rey Keops, que fue quien se enterr\u00f3 en la Gran Pir\u00e1mide.<\/p>\n<p class=\"img\"><img decoding=\"async\" loading=\"lazy\" class=\" size-full wp-image-57 aligncenter\" title=\"La Esfinge\" src=\"http:\/\/amigosdelantiguoegipto.com\/wp-content\/uploads\/varios\/historia\/2001\/02\/esfinge02.jpg\" alt=\"La Esfinge\" width=\"377\" height=\"400\" align=\"middle\" border=\"0\" hspace=\"6\" \/><\/p>\n<p style=\"text-align: justify;\">En realidad qui\u00e9n fuera el constructor no importa demasiado (bueno s\u00ed importa, pero como por ahora no lo sabemos&#8230;), porque la Esfinge cumple perfectamente con su papel fuera el que fuera quien la construyera. \u00bfY para qu\u00e9 serv\u00eda? Pues muy sencillo, la Esfinge era nada m\u00e1s y nada menos que el perro guardi\u00e1n (s\u00ed ya s\u00e9 que es un le\u00f3n) de la necr\u00f3polis. Aunque los accesos a las c\u00e1maras funerarias de las tumbas estaban protegidos por grandiosas losas de granito y toda la necr\u00f3polis rodeada por un alto muro de piedra que la separaba del resto del desierto, el fara\u00f3n decidi\u00f3 que hab\u00eda que conseguir m\u00e1s seguridad todav\u00eda. Esa seguridad de poco le servir\u00eda unos centenares de a\u00f1os despu\u00e9s, porque todas las pir\u00e1mides de Guiza resultaron saqueadas.<\/p>\n<p class=\"img\"><img decoding=\"async\" loading=\"lazy\" class=\" size-full wp-image-58 aligncenter\" title=\"La Esfinge\" src=\"http:\/\/amigosdelantiguoegipto.com\/wp-content\/uploads\/varios\/historia\/2001\/02\/esfinge03.jpg\" alt=\"La Esfinge\" width=\"400\" height=\"394\" align=\"middle\" border=\"0\" hspace=\"6\" \/><\/p>\n<p style=\"text-align: justify;\">El caso es que esa gigantesca estatua era tan bella e impresionante que poco a poco fue convirti\u00e9ndose en la mente de los egipcios en una representaci\u00f3n de uno de sus dioses principales, Horus el del Horizonte. Dej\u00f3 de ser un guardi\u00e1n para convertirse en un dios. Tan importante se hizo, que algunos faraones utilizaron el espacio existente entre sus patas delanteras para colocar una estela y un altar.<\/p>\n<p class=\"img\"><img decoding=\"async\" loading=\"lazy\" class=\" size-full wp-image-59 aligncenter\" title=\"La Esfinge\" src=\"http:\/\/amigosdelantiguoegipto.com\/wp-content\/uploads\/varios\/historia\/2001\/02\/esfinge04.jpg\" alt=\"La Esfinge\" width=\"300\" height=\"400\" align=\"middle\" border=\"0\" hspace=\"6\" \/><\/p>\n<p style=\"text-align: justify;\">La estela nos cuenta una historia curiosa. Resulta que, cuando todav\u00eda era s\u00f3lo uno m\u00e1s de los hijos del fara\u00f3n, un pr\u00edncipe estaba de caza en el desierto por los alrededores de la Esfinge, de la que s\u00f3lo se ve\u00eda la cabeza, pues el resto estaba enterrado bajo la arena. C\u00f3mo era el \u00fanico sitio donde hab\u00eda una sombra, cansado, el pr\u00edncipe se tumb\u00f3 a su lado para echarse una siesta. Mientras estaba dormido, el dios se introdujo en su sue\u00f1o y le dijo: \u201cSi me liberas de mi prisi\u00f3n te convertir\u00e1s en el fara\u00f3n de Egipto\u201d. De modo que, nada m\u00e1s despertarse, el pr\u00edncipe se apresur\u00f3 a mandar que un grupo de trabajadores se aprestara a quitar toda la arena que cubr\u00eda el inmenso cuerpo de la Esfinge, que al poco qued\u00f3 expuesta por completo a la vista de todos. Una vez liberada lo cierto es que \u00e9sta cumpli\u00f3 su promesa, pues el pr\u00edncipe de la historia se convirti\u00f3 en el fara\u00f3n Tutmosis IV y, nada m\u00e1s serlo, consagr\u00f3 una estela que cuenta toda la historia entre las patas del monumento.<\/p>\n<p class=\"img\"><img decoding=\"async\" loading=\"lazy\" class=\" size-full wp-image-60 aligncenter\" title=\"La Esfinge\" src=\"http:\/\/amigosdelantiguoegipto.com\/wp-content\/uploads\/varios\/historia\/2001\/02\/esfinge01.jpg\" alt=\"La Esfinge\" width=\"400\" height=\"357\" align=\"middle\" border=\"0\" hspace=\"6\" \/><\/p>\n<p style=\"text-align: justify;\">Los siglos continuaron pasando y el monumento segu\u00eda llamando la atenci\u00f3n de todos cuantos iban a ver las pir\u00e1mides, aunque no siempre pod\u00edan verla, puesto que como la Esfinge se encuentra en una especie de hondonada, la arena del desierto se acumula a su alrededor con mucha facilidad, dejando s\u00f3lo la cabeza visible. Eso no impidi\u00f3 que sufriera da\u00f1os, y primero los griegos y luego los romanos restauraron el monumento. No todos los gobernantes de Egipto fueron tan cuidadosos con \u00e9l. Por ejemplo, los soldados de los sultanes \u00e1rabes utilizaron su nariz para hacer pr\u00e1cticas de punter\u00eda con un ca\u00f1\u00f3n. De modo que Ob\u00e9lix no tuvo nada que ver en ello.<\/p>\n<p style=\"text-align: justify;\">Hoy d\u00eda el patio y los alrededores de la Esfinge s\u00f3lo se pueden visitar con un permiso especial, pero es posible verla desde los laterales y la calzada de acceso de la pir\u00e1mide de Kefr\u00e9n y, no cabe duda de que sigue siendo \u00a1impresionante!<\/p>\n","protected":false},"excerpt":{"rendered":"<p>Historia Jos\u00e9 Miguel Parra Ortiz &#8211; Febrero de 2001 La Esfinge es ese gran animalote con cuerpo de le\u00f3n y cabeza humana que se puede ver en la meseta de Guiza, junto al templo del valle del fara\u00f3n Kefr\u00e9n. Sin embargo, eso no significa que la mandara construir \u00e9l. Los investigadores no se ponen de acuerdo al respecto y hay&#8230;<\/p>\n<p class=\"continue-reading-button\"> <a class=\"continue-reading-link\" href=\"http:\/\/amigosdelantiguoegipto.com\/?page_id=61\">Seguir leyendo<i class=\"crycon-right-dir\"><\/i><\/a><\/p>\n","protected":false},"author":1,"featured_media":0,"parent":0,"menu_order":9,"comment_status":"closed","ping_status":"closed","template":"","meta":{"ngg_post_thumbnail":0},"_links":{"self":[{"href":"http:\/\/amigosdelantiguoegipto.com\/index.php?rest_route=\/wp\/v2\/pages\/61"}],"collection":[{"href":"http:\/\/amigosdelantiguoegipto.com\/index.php?rest_route=\/wp\/v2\/pages"}],"about":[{"href":"http:\/\/amigosdelantiguoegipto.com\/index.php?rest_route=\/wp\/v2\/types\/page"}],"author":[{"embeddable":true,"href":"http:\/\/amigosdelantiguoegipto.com\/index.php?rest_route=\/wp\/v2\/users\/1"}],"replies":[{"embeddable":true,"href":"http:\/\/amigosdelantiguoegipto.com\/index.php?rest_route=%2Fwp%2Fv2%2Fcomments&post=61"}],"version-history":[{"count":0,"href":"http:\/\/amigosdelantiguoegipto.com\/index.php?rest_route=\/wp\/v2\/pages\/61\/revisions"}],"wp:attachment":[{"href":"http:\/\/amigosdelantiguoegipto.com\/index.php?rest_route=%2Fwp%2Fv2%2Fmedia&parent=61"}],"curies":[{"name":"wp","href":"https:\/\/api.w.org\/{rel}","templated":true}]}}