{"id":59,"date":"2008-04-11T20:52:18","date_gmt":"2008-04-11T20:52:18","guid":{"rendered":"http:\/\/amigosdelantiguoegipto.com\/david-silverman\/"},"modified":"2014-07-04T10:23:15","modified_gmt":"2014-07-04T10:23:15","slug":"david-silverman","status":"publish","type":"page","link":"http:\/\/amigosdelantiguoegipto.com\/?page_id=59","title":{"rendered":"David Silverman"},"content":{"rendered":"<p style=\"text-align: justify;\"><a href=\"http:\/\/amigosdelantiguoegipto.com\/?p=12624\">Entrevistas a egipt\u00f3logos<\/a><\/p>\n<p style=\"text-align: right;\">Nacho Ares &#8211; noviembre <span class=\"createdate\">de 2007, marzo de 2008<br \/>\n<\/span><\/p>\n<p style=\"text-align: justify;\"><strong>Catedr\u00e1tico y conservador en la Universidad de Pennsylvania<\/strong><br \/>\nEntrevista realizada el mi\u00e9rcoles 14 de noviembre de 2007 en Londres y el 7 de marzo de 2008 en Viena.<\/p>\n<div id=\"attachment_57\" style=\"width: 265px\" class=\"wp-caption aligncenter\"><img aria-describedby=\"caption-attachment-57\" decoding=\"async\" loading=\"lazy\" class=\"wp-image-57 size-full\" title=\"David Silverman\" src=\"http:\/\/amigosdelantiguoegipto.com\/wp-content\/uploads\/varios\/entrevistas\/2008\/04\/silverman01.jpg\" alt=\"David Silverman\" width=\"255\" height=\"343\" align=\"middle\" border=\"0\" hspace=\"6\" \/><p id=\"caption-attachment-57\" class=\"wp-caption-text\">David Silverman<\/p><\/div>\n<p style=\"text-align: justify;\">En el a\u00f1o 1977, cuando la exposici\u00f3n de Tutankham\u00f3n se encontraba en la ciudad de Chicago (EE.UU.) el Dr. David Silverman fue el encargado de preparar los textos de los paneles, \u201cese fue mi primer trabajo como egipt\u00f3logo\u201d, nos cuenta Silverman quien ahora trabaja como conservador de las exposiciones de Tutankham\u00f3n que se pueden ver en Londres y en Viena.<\/p>\n<p style=\"text-align: justify;\">\u201cEn aquella ocasi\u00f3n la exposici\u00f3n estaba formada por unas cincuenta piezas procedentes de la tumba de Tutankham\u00f3n. En la actualidad, sigue habiendo unas cincuenta piezas, aunque sean diferentes, pero hay adem\u00e1s otras sesenta o setenta m\u00e1s que proceden de casi un siglo antes de que naciera el Fara\u00f3n Ni\u00f1o. Pertenecen a su familia y a sus ancestros y da al conjunto de la exposici\u00f3n un enfoque totalmente distinto.<\/p>\n<p style=\"text-align: justify;\">La mayor\u00eda de las piezas de Londres que podr\u00e1 verse hasta el 30 de agosto de 2008, b\u00e1sicamente, proceden de la exposici\u00f3n que en el a\u00f1o 2004 se hizo en Basilea (Suiza) y en la ciudad de Bonn (Alemania). Fueron elegidas por el gobierno egipcio. Para crear \u2018Tutankham\u00f3n y la edad de oro de los faraones\u2019 primero viaj\u00e9 a Basilea para ver las piezas que all\u00ed hab\u00eda. Pens\u00e9 en lo que se pod\u00eda hacer a\u00f1adiendo otras que pertenecieran a su familia, como su supuesto padre Amenofis IV, Akhenat\u00f3n, y, principalmente, desde el punto de vista egiptol\u00f3gico, plasmar en piezas todo el cambio en las creencias que se hab\u00eda dado en los a\u00f1os que le precedieron. Esta historia es la que nadie hab\u00eda contado antes en forma de exposici\u00f3n. Tuve la oportunidad de poder elegir material entre esas piezas y que todo acabara con la restituci\u00f3n en las creencias en el reinado de Tutankham\u00f3n. En este campo tambi\u00e9n se incluye la investigaci\u00f3n que realiz\u00f3 sobre la momia del Fara\u00f3n Ni\u00f1o, National Geographic, los resultados de la misma y que ahora se pueden ver en la \u00faltima sala de la exposici\u00f3n. Quiz\u00e1s lo m\u00e1s controvertido era el hueso que hab\u00eda en el interior del cr\u00e1neo y que hizo pensar a muchos investigadores en un posible asesinato. Los resultados de las \u00faltimas investigaciones parecen dar un giro radical a esta interpretaci\u00f3n.<\/p>\n<p class=\"img\"><img decoding=\"async\" loading=\"lazy\" class=\"alignright wp-image-58 size-full\" title=\"David Silverman\" src=\"http:\/\/amigosdelantiguoegipto.com\/wp-content\/uploads\/varios\/entrevistas\/2008\/04\/silverman02.jpg\" alt=\"David Silverman\" width=\"255\" height=\"340\" align=\"middle\" border=\"0\" hspace=\"6\" \/><\/p>\n<p style=\"text-align: justify;\">La exposici\u00f3n primero viaj\u00f3 a Los Angeles, luego a Florida, Chicago y m\u00e1s tarde a Filadelfia. Las diferencias que hab\u00eda entre estos lugares y lo que hoy podemos ver en Londres, principalmente se centra en el edificio en el que se desarrolla la muestra. Algunos eran antiguos de hace 20 o 30 a\u00f1os, otros eran m\u00e1s modernos, con una planta o con dos, como sucede aqu\u00ed en Londres. Por lo tanto en cada lugar la exposici\u00f3n debe ser \u2018reconstruida\u2019 para acomodarse al lugar en el que se va a ver. En Londres es el lugar en donde hemos tenido m\u00e1s espacio para poder desarrollarla. Aqu\u00ed tenemos dos pisos. El de arriba es m\u00e1s hist\u00f3rico y el de abajo, como si sigui\u00e9ramos los pasos de Howard Carter, nos introduce en el ambiente de la tumba.<\/p>\n<p style=\"text-align: justify;\">Ahora hemos inaugurado una nueva exposici\u00f3n en Viena que estar\u00e1 abierta hasta el 28 de sepetiembre. Al contario de la de Londres en donde hay una gran cantidad de piezas procedentes de la tumba de Tutankham\u00f3n y se cubre un espacio cronol\u00f3gico de unos 1.000 a\u00f1os entre el reinado del Fara\u00f3n ni\u00f1o y sus ancestros y descendientes, en Viena ese per\u00edodo de tiempo se multiplica por dos. En el Museo Etnol\u00f3gico de Viena encontramos la exposici\u00f3n del concepto de fara\u00f3n que se dio no solamente durante su reinado sino desde las primeras dinast\u00edas de la Historia de Egipto.&#8221;<\/p>\n","protected":false},"excerpt":{"rendered":"<p>Entrevistas a egipt\u00f3logos Nacho Ares &#8211; noviembre de 2007, marzo de 2008 Catedr\u00e1tico y conservador en la Universidad de Pennsylvania Entrevista realizada el mi\u00e9rcoles 14 de noviembre de 2007 en Londres y el 7 de marzo de 2008 en Viena. En el a\u00f1o 1977, cuando la exposici\u00f3n de Tutankham\u00f3n se encontraba en la ciudad de Chicago (EE.UU.) el Dr. David&#8230;<\/p>\n<p class=\"continue-reading-button\"> <a class=\"continue-reading-link\" href=\"http:\/\/amigosdelantiguoegipto.com\/?page_id=59\">Seguir leyendo<i class=\"crycon-right-dir\"><\/i><\/a><\/p>\n","protected":false},"author":1,"featured_media":0,"parent":0,"menu_order":16,"comment_status":"closed","ping_status":"closed","template":"","meta":{"ngg_post_thumbnail":0},"_links":{"self":[{"href":"http:\/\/amigosdelantiguoegipto.com\/index.php?rest_route=\/wp\/v2\/pages\/59"}],"collection":[{"href":"http:\/\/amigosdelantiguoegipto.com\/index.php?rest_route=\/wp\/v2\/pages"}],"about":[{"href":"http:\/\/amigosdelantiguoegipto.com\/index.php?rest_route=\/wp\/v2\/types\/page"}],"author":[{"embeddable":true,"href":"http:\/\/amigosdelantiguoegipto.com\/index.php?rest_route=\/wp\/v2\/users\/1"}],"replies":[{"embeddable":true,"href":"http:\/\/amigosdelantiguoegipto.com\/index.php?rest_route=%2Fwp%2Fv2%2Fcomments&post=59"}],"version-history":[{"count":0,"href":"http:\/\/amigosdelantiguoegipto.com\/index.php?rest_route=\/wp\/v2\/pages\/59\/revisions"}],"wp:attachment":[{"href":"http:\/\/amigosdelantiguoegipto.com\/index.php?rest_route=%2Fwp%2Fv2%2Fmedia&parent=59"}],"curies":[{"name":"wp","href":"https:\/\/api.w.org\/{rel}","templated":true}]}}