{"id":5640,"date":"2014-06-20T07:49:20","date_gmt":"2014-06-20T07:49:20","guid":{"rendered":"http:\/\/amigosdelantiguoegipto.com\/?page_id=5640"},"modified":"2014-06-20T20:29:52","modified_gmt":"2014-06-20T20:29:52","slug":"complejo-funerario-de-quefren","status":"publish","type":"page","link":"http:\/\/amigosdelantiguoegipto.com\/?page_id=5640","title":{"rendered":"Complejo funerario de Quefr\u00e9n"},"content":{"rendered":"<p style=\"text-align: justify;\"><a href=\"http:\/\/amigosdelantiguoegipto.com\/?p=5547\">Guiza<\/a><\/p>\n<p style=\"text-align: justify;\">Quefr\u00e9n (Jaefre) sucedi\u00f3 en el trono de Egipto a Didufri (Dyedefre). Posiblemente era bastante m\u00e1s joven que sus otros dos hermanos herederos a la corona: Kauab, que muri\u00f3 antes que su padre y Didufri, sucesor de Qu\u00e9ops que rein\u00f3 s\u00f3lo 8 a\u00f1os y que se hizo construir su pir\u00e1mide en Abu Rawash. Quefr\u00e9n rein\u00f3 unos 26 a\u00f1os y en su \u00e9poca se alcanz\u00f3 una gran prosperidad si la juzgamos por la riqueza aparente de las mastabas de sus funcionarios. El Complejo Funerario consta, a grandes rasgos, de los mismos elementos que el de su padre Qu\u00e9ope, aunque en este caso los restos del Templo del Valle, la Avenida ascendente y del Templo funerario, que est\u00e1 por su cara este, est\u00e1n mucho mejor conservados. Su pir\u00e1mide, ligeramente m\u00e1s peque\u00f1a que la de Qu\u00e9ope, parece m\u00e1s alta debido a que fue construida sobre un lugar algo m\u00e1s elevado y su pendiente es ligeramente m\u00e1s pronunciada.<\/p>\n<p style=\"text-align: justify;\">El rey Quefr\u00e9n fue, sin duda alguna, uno de los grandes soberanos del Imperio Antiguo. Su complejo funerario en Guiza es una obra colosal y signo inequ\u00edvoco de la riqueza y la prosperidad de la que goz\u00f3 el pa\u00eds en aquellos tiempos. Fue el cuarto rey y se cas\u00f3 con Meresanj II, la hija peque\u00f1a de Qu\u00e9ope y tambi\u00e9n con Meresanj III, hija de Hetepheres II y Kauab.<\/p>\n<p style=\"text-align: justify;\">Adem\u00e1s, hizo esculpir una enorme esfinge, con cuerpo de le\u00f3n y cabeza humana y un templo solar (o templo de la esfinge).<\/p>\n<table border=\"0\" width=\"100%\" cellspacing=\"0\" cellpadding=\"0\" align=\"center\">\n<tbody>\n<tr align=\"center\">\n<td>\n<p><div id=\"attachment_5646\" style=\"width: 310px\" class=\"wp-caption alignnone\"><a href=\"http:\/\/amigosdelantiguoegipto.com\/?page_id=5649\"><img aria-describedby=\"caption-attachment-5646\" decoding=\"async\" loading=\"lazy\" class=\"wp-image-5646\" title=\"Im\u00e1genes del 2004\" src=\"http:\/\/amigosdelantiguoegipto.com\/wp-content\/uploads\/2014\/06\/guiza-portada-complejo_funerario_quefren-2004.jpg\" alt=\"Im\u00e1genes del 2004\" width=\"300\" height=\"225\" srcset=\"http:\/\/amigosdelantiguoegipto.com\/wp-content\/uploads\/2014\/06\/guiza-portada-complejo_funerario_quefren-2004.jpg 220w, http:\/\/amigosdelantiguoegipto.com\/wp-content\/uploads\/2014\/06\/guiza-portada-complejo_funerario_quefren-2004-150x112.jpg 150w\" sizes=\"(max-width: 300px) 100vw, 300px\" \/><\/a><p id=\"caption-attachment-5646\" class=\"wp-caption-text\"><a title=\"Guiza \u2013 Complejo funerario de Quefr\u00e9n \u2013 a\u00f1o 2004\" href=\"http:\/\/amigosdelantiguoegipto.com\/?page_id=5649\">Im\u00e1genes del 2004<\/a><\/p><\/div><\/td>\n<td>\n<p><div id=\"attachment_5645\" style=\"width: 310px\" class=\"wp-caption alignnone\"><a href=\"http:\/\/amigosdelantiguoegipto.com\/?page_id=5650\"><img aria-describedby=\"caption-attachment-5645\" decoding=\"async\" loading=\"lazy\" class=\"wp-image-5645\" title=\"Im\u00e1genes del 2010\" src=\"http:\/\/amigosdelantiguoegipto.com\/wp-content\/uploads\/2014\/06\/guiza-portada-complejo_funerario_quefren-2010.jpg\" alt=\"Im\u00e1genes del 2010\" width=\"300\" height=\"225\" srcset=\"http:\/\/amigosdelantiguoegipto.com\/wp-content\/uploads\/2014\/06\/guiza-portada-complejo_funerario_quefren-2010.jpg 220w, http:\/\/amigosdelantiguoegipto.com\/wp-content\/uploads\/2014\/06\/guiza-portada-complejo_funerario_quefren-2010-150x112.jpg 150w\" sizes=\"(max-width: 300px) 100vw, 300px\" \/><\/a><p id=\"caption-attachment-5645\" class=\"wp-caption-text\"><a title=\"Guiza \u2013 Complejo funerario de Quefr\u00e9n \u2013 a\u00f1o 2010\" href=\"http:\/\/amigosdelantiguoegipto.com\/?page_id=5650\">Im\u00e1genes del 2010<\/a><\/p><\/div><\/td>\n<\/tr>\n<\/tbody>\n<\/table>\n","protected":false},"excerpt":{"rendered":"<p>Guiza Quefr\u00e9n (Jaefre) sucedi\u00f3 en el trono de Egipto a Didufri (Dyedefre). Posiblemente era bastante m\u00e1s joven que sus otros dos hermanos herederos a la corona: Kauab, que muri\u00f3 antes que su padre y Didufri, sucesor de Qu\u00e9ops que rein\u00f3 s\u00f3lo 8 a\u00f1os y que se hizo construir su pir\u00e1mide en Abu Rawash. Quefr\u00e9n rein\u00f3 unos 26 a\u00f1os y en&#8230;<\/p>\n<p class=\"continue-reading-button\"> <a class=\"continue-reading-link\" href=\"http:\/\/amigosdelantiguoegipto.com\/?page_id=5640\">Seguir leyendo<i class=\"crycon-right-dir\"><\/i><\/a><\/p>\n","protected":false},"author":1,"featured_media":0,"parent":0,"menu_order":0,"comment_status":"closed","ping_status":"closed","template":"","meta":{"ngg_post_thumbnail":0},"_links":{"self":[{"href":"http:\/\/amigosdelantiguoegipto.com\/index.php?rest_route=\/wp\/v2\/pages\/5640"}],"collection":[{"href":"http:\/\/amigosdelantiguoegipto.com\/index.php?rest_route=\/wp\/v2\/pages"}],"about":[{"href":"http:\/\/amigosdelantiguoegipto.com\/index.php?rest_route=\/wp\/v2\/types\/page"}],"author":[{"embeddable":true,"href":"http:\/\/amigosdelantiguoegipto.com\/index.php?rest_route=\/wp\/v2\/users\/1"}],"replies":[{"embeddable":true,"href":"http:\/\/amigosdelantiguoegipto.com\/index.php?rest_route=%2Fwp%2Fv2%2Fcomments&post=5640"}],"version-history":[{"count":0,"href":"http:\/\/amigosdelantiguoegipto.com\/index.php?rest_route=\/wp\/v2\/pages\/5640\/revisions"}],"wp:attachment":[{"href":"http:\/\/amigosdelantiguoegipto.com\/index.php?rest_route=%2Fwp%2Fv2%2Fmedia&parent=5640"}],"curies":[{"name":"wp","href":"https:\/\/api.w.org\/{rel}","templated":true}]}}