{"id":56,"date":"2002-02-27T01:00:00","date_gmt":"2002-02-27T01:00:00","guid":{"rendered":"http:\/\/www.amigosdelantiguoegipto.com\/pedro-pulido-crenes\/"},"modified":"2014-06-28T10:51:07","modified_gmt":"2014-06-28T10:51:07","slug":"pedro-pulido-crenes","status":"publish","type":"page","link":"http:\/\/amigosdelantiguoegipto.com\/?page_id=56","title":{"rendered":"Dibujos de Pedro Pulido Crenes"},"content":{"rendered":"<p class=\"centrar\"><a href=\"http:\/\/amigosdelantiguoegipto.com\/?p=8325\">Tus dibujos de 0 a 7 a\u00f1os <\/a><\/p>\n<p class=\"centrar\" style=\"text-align: right;\">Pedro Pulido Crenes 7 a\u00f1os (Madrid &#8211; Espa\u00f1a) &#8211;\u00a0<span class=\"createdate\">Febrero de 2002<\/span><\/p>\n<div class=\"mosimage\" style=\"float: center;\" align=\"center\">\n<div id=\"attachment_55\" style=\"width: 710px\" class=\"wp-caption aligncenter\"><img aria-describedby=\"caption-attachment-55\" decoding=\"async\" loading=\"lazy\" class=\"wp-image-55 size-full\" title=\"Los constructores de las Pir\u00e1mides\" src=\"http:\/\/www.amigosdelantiguoegipto.com\/wp-content\/uploads\/varios\/2002\/02\/pedro_egipto.jpg\" alt=\"Los constructores de las Pir\u00e1mides\" width=\"700\" height=\"499\" border=\"0\" hspace=\"6\" \/><p id=\"caption-attachment-55\" class=\"wp-caption-text\">Los constructores de las Pir\u00e1mides<\/p><\/div>\n<\/div>\n","protected":false},"excerpt":{"rendered":"<p>Tus dibujos de 0 a 7 a\u00f1os Pedro Pulido Crenes 7 a\u00f1os (Madrid &#8211; Espa\u00f1a) &#8211;\u00a0Febrero de 2002<\/p>\n<p class=\"continue-reading-button\"> <a class=\"continue-reading-link\" href=\"http:\/\/amigosdelantiguoegipto.com\/?page_id=56\">Seguir leyendo<i class=\"crycon-right-dir\"><\/i><\/a><\/p>\n","protected":false},"author":1,"featured_media":0,"parent":0,"menu_order":23,"comment_status":"closed","ping_status":"closed","template":"","meta":{"ngg_post_thumbnail":0},"_links":{"self":[{"href":"http:\/\/amigosdelantiguoegipto.com\/index.php?rest_route=\/wp\/v2\/pages\/56"}],"collection":[{"href":"http:\/\/amigosdelantiguoegipto.com\/index.php?rest_route=\/wp\/v2\/pages"}],"about":[{"href":"http:\/\/amigosdelantiguoegipto.com\/index.php?rest_route=\/wp\/v2\/types\/page"}],"author":[{"embeddable":true,"href":"http:\/\/amigosdelantiguoegipto.com\/index.php?rest_route=\/wp\/v2\/users\/1"}],"replies":[{"embeddable":true,"href":"http:\/\/amigosdelantiguoegipto.com\/index.php?rest_route=%2Fwp%2Fv2%2Fcomments&post=56"}],"version-history":[{"count":0,"href":"http:\/\/amigosdelantiguoegipto.com\/index.php?rest_route=\/wp\/v2\/pages\/56\/revisions"}],"wp:attachment":[{"href":"http:\/\/amigosdelantiguoegipto.com\/index.php?rest_route=%2Fwp%2Fv2%2Fmedia&parent=56"}],"curies":[{"name":"wp","href":"https:\/\/api.w.org\/{rel}","templated":true}]}}