{"id":5548,"date":"2014-06-20T07:34:38","date_gmt":"2014-06-20T07:34:38","guid":{"rendered":"http:\/\/amigosdelantiguoegipto.com\/?page_id=5548"},"modified":"2014-06-20T20:29:28","modified_gmt":"2014-06-20T20:29:28","slug":"complejo-funerario-de-queope","status":"publish","type":"page","link":"http:\/\/amigosdelantiguoegipto.com\/?page_id=5548","title":{"rendered":"Complejo funerario de Qu\u00e9ope"},"content":{"rendered":"<p style=\"text-align: justify;\"><a title=\"Guiza\" href=\"http:\/\/amigosdelantiguoegipto.com\/?p=5547\">Guiza<\/a><\/p>\n<p style=\"text-align: justify;\">El sucesor de Esnofru, Qu\u00e9ope, al acceder al trono, tras la muerte de su padre, decidi\u00f3 construir su propia necr\u00f3polis 40 km m\u00e1s al norte de Dashur, en la actual meseta de Guiza. El vasto complejo funerario ideado para \u00e9l fue producto de la evoluci\u00f3n efectuada durante el reinado de su padre y comprend\u00eda numerosas edificaciones: un embarcadero, el templo bajo, llamado tambi\u00e9n templo del valle, una avenida ascendente cubierta, el templo funerario, la pir\u00e1mide real que proteger\u00eda su morada de eternidad, la capilla norte, una pir\u00e1mide ritual, varias fosas para las barcas solares y rituales, un muro que rodeaba todo el complejo, las pir\u00e1mides secundarias para las reinas, la necr\u00f3polis civil y la llamada \u201cciudad de las pir\u00e1mides\u201d, lugar donde residir\u00edan los sacerdotes encargados de mantener el culto diario al rey difunto.<\/p>\n<p style=\"text-align: justify;\">Qu\u00e9ope fue hijo del rey Esnofru y de la reina Hetepheres, hija y heredera a su vez del rey Huni, \u00faltimo fara\u00f3n de la III dinast\u00eda. El advenimiento de la IV dinast\u00eda supuso para Egipto la madurez de su estructura territorial y una gran prosperidad econ\u00f3mica. Seg\u00fan las fuentes antiguas rein\u00f3 23 a\u00f1os y tuvo varias esposas e hijos. A pesar de ser el constructor de la mayor pir\u00e1mide jam\u00e1s construida, pocos son los datos que nos han llegado de su reinado. Su nombre ha aparecido en el Sina\u00ed y en las canteras de diorita del desierto de Nubia. Varios de sus hijos son conocidos por sus tumbas en la necr\u00f3polis de Guiza: Kauab, Jufujaef, Minjaef, Dyedefhor, etc., adem\u00e1s de los sucesores que ostentaron la corona, Dyedefre, que se hizo construir su pir\u00e1mide en Abu Rawash, y Quefr\u00e9n, en Guiza. No obstante no deja de ser extra\u00f1o que del gran constructor de Guiza s\u00f3lo se conserve una peque\u00f1a estatua entera, actualmente en el Museo Egipcio de El Cairo, tallada en marfil y \u00fanicamente de 7,5 cm de altura, que fue hallada por Petrie en Abidos en 1903 y algunos pocos fragmentos diseminados en distintos museos y colecciones particulares.<\/p>\n<p style=\"text-align: justify;\">Qu\u00e9ope preocupado por su tr\u00e1nsito al M\u00e1s All\u00e1, impulso la construcci\u00f3n de una gran obra que ensombreci\u00f3 todas las dem\u00e1s, construy\u00f3 la primera, la mayor y las m\u00e1s perfecta de las pir\u00e1mides de Guiza y el complejo funerario que la envuelve, destinado a acoger a parientes y funcionarios. Supo organizar el Estado e impulsar la econom\u00eda para realizar su gran obra. Con \u00e9l, los faraones del Imperio Antiguo alcanzaron la cima de su poder.<\/p>\n<table border=\"0\" width=\"100%\" cellspacing=\"0\" cellpadding=\"0\" align=\"center\">\n<tbody>\n<tr align=\"center\">\n<td>\n<p><div id=\"attachment_5554\" style=\"width: 310px\" class=\"wp-caption alignnone\"><a href=\"http:\/\/amigosdelantiguoegipto.com\/?page_id=5556\"><img aria-describedby=\"caption-attachment-5554\" decoding=\"async\" loading=\"lazy\" class=\"wp-image-5554\" src=\"http:\/\/amigosdelantiguoegipto.com\/wp-content\/uploads\/2014\/06\/guiaza-portada-complejo_funerario_queope-2004.jpg\" alt=\"guiaza-portada-complejo_funerario_queope-2004\" width=\"300\" height=\"225\" srcset=\"http:\/\/amigosdelantiguoegipto.com\/wp-content\/uploads\/2014\/06\/guiaza-portada-complejo_funerario_queope-2004.jpg 220w, http:\/\/amigosdelantiguoegipto.com\/wp-content\/uploads\/2014\/06\/guiaza-portada-complejo_funerario_queope-2004-150x112.jpg 150w\" sizes=\"(max-width: 300px) 100vw, 300px\" \/><\/a><p id=\"caption-attachment-5554\" class=\"wp-caption-text\"><a title=\"Complejo funerario de Qu\u00e9ope \u2013 a\u00f1o 2004\" href=\"http:\/\/amigosdelantiguoegipto.com\/?page_id=5556\">Im\u00e1genes del 2004<\/a><\/p><\/div><\/td>\n<td>\n<p><div id=\"attachment_5553\" style=\"width: 310px\" class=\"wp-caption alignnone\"><a href=\"http:\/\/amigosdelantiguoegipto.com\/?page_id=5558\"><img aria-describedby=\"caption-attachment-5553\" decoding=\"async\" loading=\"lazy\" class=\"wp-image-5553\" src=\"http:\/\/amigosdelantiguoegipto.com\/wp-content\/uploads\/2014\/06\/guiza-portada-complejo_funerario_queope-2010.jpg\" alt=\"Im\u00e1genes del 2010\" width=\"300\" height=\"225\" srcset=\"http:\/\/amigosdelantiguoegipto.com\/wp-content\/uploads\/2014\/06\/guiza-portada-complejo_funerario_queope-2010.jpg 220w, http:\/\/amigosdelantiguoegipto.com\/wp-content\/uploads\/2014\/06\/guiza-portada-complejo_funerario_queope-2010-150x112.jpg 150w\" sizes=\"(max-width: 300px) 100vw, 300px\" \/><\/a><p id=\"caption-attachment-5553\" class=\"wp-caption-text\"><a title=\"Complejo funerario de Qu\u00e9ope \u2013 a\u00f1o 2010\" href=\"http:\/\/amigosdelantiguoegipto.com\/?page_id=5558\">Im\u00e1genes del 2010<\/a><\/p><\/div><\/td>\n<\/tr>\n<\/tbody>\n<\/table>\n","protected":false},"excerpt":{"rendered":"<p>Guiza El sucesor de Esnofru, Qu\u00e9ope, al acceder al trono, tras la muerte de su padre, decidi\u00f3 construir su propia necr\u00f3polis 40 km m\u00e1s al norte de Dashur, en la actual meseta de Guiza. El vasto complejo funerario ideado para \u00e9l fue producto de la evoluci\u00f3n efectuada durante el reinado de su padre y comprend\u00eda numerosas edificaciones: un embarcadero, el&#8230;<\/p>\n<p class=\"continue-reading-button\"> <a class=\"continue-reading-link\" href=\"http:\/\/amigosdelantiguoegipto.com\/?page_id=5548\">Seguir leyendo<i class=\"crycon-right-dir\"><\/i><\/a><\/p>\n","protected":false},"author":1,"featured_media":0,"parent":0,"menu_order":0,"comment_status":"closed","ping_status":"closed","template":"","meta":{"ngg_post_thumbnail":0},"_links":{"self":[{"href":"http:\/\/amigosdelantiguoegipto.com\/index.php?rest_route=\/wp\/v2\/pages\/5548"}],"collection":[{"href":"http:\/\/amigosdelantiguoegipto.com\/index.php?rest_route=\/wp\/v2\/pages"}],"about":[{"href":"http:\/\/amigosdelantiguoegipto.com\/index.php?rest_route=\/wp\/v2\/types\/page"}],"author":[{"embeddable":true,"href":"http:\/\/amigosdelantiguoegipto.com\/index.php?rest_route=\/wp\/v2\/users\/1"}],"replies":[{"embeddable":true,"href":"http:\/\/amigosdelantiguoegipto.com\/index.php?rest_route=%2Fwp%2Fv2%2Fcomments&post=5548"}],"version-history":[{"count":0,"href":"http:\/\/amigosdelantiguoegipto.com\/index.php?rest_route=\/wp\/v2\/pages\/5548\/revisions"}],"wp:attachment":[{"href":"http:\/\/amigosdelantiguoegipto.com\/index.php?rest_route=%2Fwp%2Fv2%2Fmedia&parent=5548"}],"curies":[{"name":"wp","href":"https:\/\/api.w.org\/{rel}","templated":true}]}}