{"id":5320,"date":"2014-06-18T14:43:34","date_gmt":"2014-06-18T14:43:34","guid":{"rendered":"http:\/\/amigosdelantiguoegipto.com\/?page_id=5320"},"modified":"2014-06-20T07:17:04","modified_gmt":"2014-06-20T07:17:04","slug":"capilla-de-thot-el-kab","status":"publish","type":"page","link":"http:\/\/amigosdelantiguoegipto.com\/?page_id=5320","title":{"rendered":"Capilla de Thot (El Kab)"},"content":{"rendered":"<p style=\"text-align: justify;\"><a title=\"El Kab\" href=\"http:\/\/amigosdelantiguoegipto.com\/?p=5013\">El Kab<\/a><\/p>\n<p style=\"text-align: justify;\">La Capilla de Tot, est\u00e1 situada a un lugar denominado El Hammam, y la hizo construir Setau, que fue virrey de Kush en tiempos de Rameses II.<\/p>\n<p style=\"text-align: justify;\">La construcci\u00f3n de este templo se cree que empez\u00f3 en la dinast\u00eda XVIII, bajo el reinado de Amenhotep II. Es una estructura t\u00edpica del Imperio Nuevo, con un patio abierto, una sala hip\u00f3stila, y al fondo el santuario. Observamos que el pilono de entrada al Templo es de la \u00e9poca de Rameses II.<\/p>\n<p style=\"text-align: justify;\">En las paredes de entrada a la capilla encontramos a Setau en posici\u00f3n de adoraci\u00f3n y textos referentes a \u00e9l.<\/p>\n<!-- index.php -->\n<div\n\tclass=\"ngg-galleryoverview\"\n\tid=\"ngg-gallery-bfb18f193f180bd268e6cdfe5cee57aa-1\">\n\n    \t<div class=\"slideshowlink\">\n        <a href='http:\/\/amigosdelantiguoegipto.com\/index.php\/nggallery\/slideshow?page_id=5320'>Ver presentaci\u00f3n<\/a>\n\t\t\n\t<\/div>\n\t\t\t<!-- Thumbnails -->\n\t\t\t\t<div id=\"ngg-image-0\" class=\"ngg-gallery-thumbnail-box\" >\n\t\t\t\t        <div class=\"ngg-gallery-thumbnail\">\n            <a href=\"http:\/\/amigosdelantiguoegipto.com\/wp-content\/gallery\/el-kab-capilla-de-thot\/capilla_tot001-5145.jpg\"\n               title=\"\"\n               data-src=\"http:\/\/amigosdelantiguoegipto.com\/wp-content\/gallery\/el-kab-capilla-de-thot\/capilla_tot001-5145.jpg\"\n               data-thumbnail=\"http:\/\/amigosdelantiguoegipto.com\/wp-content\/gallery\/el-kab-capilla-de-thot\/thumbs\/thumbs_capilla_tot001-5145.jpg\"\n               data-image-id=\"2612\"\n               data-title=\"capilla_tot001-5145\"\n               data-description=\"\"\n               data-image-slug=\"capilla_tot001-5145\"\n               class=\"ngg-fancybox\" rel=\"bfb18f193f180bd268e6cdfe5cee57aa\">\n                <img\n                    title=\"capilla_tot001-5145\"\n                    alt=\"capilla_tot001-5145\"\n                    src=\"http:\/\/amigosdelantiguoegipto.com\/wp-content\/gallery\/el-kab-capilla-de-thot\/thumbs\/thumbs_capilla_tot001-5145.jpg\"\n                    width=\"120\"\n                    height=\"90\"\n                    style=\"max-width:100%;\"\n                \/>\n            <\/a>\n        <\/div>\n\t\t\t\t\t\t\t<\/div> \n\t\t\t\n        \n\t\t\t\t<div id=\"ngg-image-1\" class=\"ngg-gallery-thumbnail-box\" >\n\t\t\t\t        <div class=\"ngg-gallery-thumbnail\">\n            <a href=\"http:\/\/amigosdelantiguoegipto.com\/wp-content\/gallery\/el-kab-capilla-de-thot\/capilla_tot002-5146.jpg\"\n               title=\"\"\n               data-src=\"http:\/\/amigosdelantiguoegipto.com\/wp-content\/gallery\/el-kab-capilla-de-thot\/capilla_tot002-5146.jpg\"\n               data-thumbnail=\"http:\/\/amigosdelantiguoegipto.com\/wp-content\/gallery\/el-kab-capilla-de-thot\/thumbs\/thumbs_capilla_tot002-5146.jpg\"\n               data-image-id=\"2613\"\n               data-title=\"capilla_tot002-5146\"\n               data-description=\"\"\n               data-image-slug=\"capilla_tot002-5146\"\n               class=\"ngg-fancybox\" rel=\"bfb18f193f180bd268e6cdfe5cee57aa\">\n                <img\n                    title=\"capilla_tot002-5146\"\n                    alt=\"capilla_tot002-5146\"\n                    src=\"http:\/\/amigosdelantiguoegipto.com\/wp-content\/gallery\/el-kab-capilla-de-thot\/thumbs\/thumbs_capilla_tot002-5146.jpg\"\n                    width=\"120\"\n                    height=\"90\"\n                    style=\"max-width:100%;\"\n                \/>\n            <\/a>\n        <\/div>\n\t\t\t\t\t\t\t<\/div> \n\t\t\t\n        \n\t\t\t\t<div id=\"ngg-image-2\" class=\"ngg-gallery-thumbnail-box\" >\n\t\t\t\t        <div class=\"ngg-gallery-thumbnail\">\n            <a href=\"http:\/\/amigosdelantiguoegipto.com\/wp-content\/gallery\/el-kab-capilla-de-thot\/capilla_tot003-5147.jpg\"\n               title=\"\"\n               data-src=\"http:\/\/amigosdelantiguoegipto.com\/wp-content\/gallery\/el-kab-capilla-de-thot\/capilla_tot003-5147.jpg\"\n               data-thumbnail=\"http:\/\/amigosdelantiguoegipto.com\/wp-content\/gallery\/el-kab-capilla-de-thot\/thumbs\/thumbs_capilla_tot003-5147.jpg\"\n               data-image-id=\"2614\"\n               data-title=\"capilla_tot003-5147\"\n               data-description=\"\"\n               data-image-slug=\"capilla_tot003-5147\"\n               class=\"ngg-fancybox\" rel=\"bfb18f193f180bd268e6cdfe5cee57aa\">\n                <img\n                    title=\"capilla_tot003-5147\"\n                    alt=\"capilla_tot003-5147\"\n                    src=\"http:\/\/amigosdelantiguoegipto.com\/wp-content\/gallery\/el-kab-capilla-de-thot\/thumbs\/thumbs_capilla_tot003-5147.jpg\"\n                    width=\"120\"\n                    height=\"90\"\n                    style=\"max-width:100%;\"\n                \/>\n            <\/a>\n        <\/div>\n\t\t\t\t\t\t\t<\/div> \n\t\t\t\n        \n\t\t\t\t<div id=\"ngg-image-3\" class=\"ngg-gallery-thumbnail-box\" >\n\t\t\t\t        <div class=\"ngg-gallery-thumbnail\">\n            <a href=\"http:\/\/amigosdelantiguoegipto.com\/wp-content\/gallery\/el-kab-capilla-de-thot\/capilla_tot004-5148.jpg\"\n               title=\"\"\n               data-src=\"http:\/\/amigosdelantiguoegipto.com\/wp-content\/gallery\/el-kab-capilla-de-thot\/capilla_tot004-5148.jpg\"\n               data-thumbnail=\"http:\/\/amigosdelantiguoegipto.com\/wp-content\/gallery\/el-kab-capilla-de-thot\/thumbs\/thumbs_capilla_tot004-5148.jpg\"\n               data-image-id=\"2615\"\n               data-title=\"capilla_tot004-5148\"\n               data-description=\"\"\n               data-image-slug=\"capilla_tot004-5148\"\n               class=\"ngg-fancybox\" rel=\"bfb18f193f180bd268e6cdfe5cee57aa\">\n                <img\n                    title=\"capilla_tot004-5148\"\n                    alt=\"capilla_tot004-5148\"\n                    src=\"http:\/\/amigosdelantiguoegipto.com\/wp-content\/gallery\/el-kab-capilla-de-thot\/thumbs\/thumbs_capilla_tot004-5148.jpg\"\n                    width=\"120\"\n                    height=\"90\"\n                    style=\"max-width:100%;\"\n                \/>\n            <\/a>\n        <\/div>\n\t\t\t\t\t\t\t<\/div> \n\t\t\t\n        \n\t\t\t\t<div id=\"ngg-image-4\" class=\"ngg-gallery-thumbnail-box\" >\n\t\t\t\t        <div class=\"ngg-gallery-thumbnail\">\n            <a href=\"http:\/\/amigosdelantiguoegipto.com\/wp-content\/gallery\/el-kab-capilla-de-thot\/capilla_tot005-5149.jpg\"\n               title=\"\"\n               data-src=\"http:\/\/amigosdelantiguoegipto.com\/wp-content\/gallery\/el-kab-capilla-de-thot\/capilla_tot005-5149.jpg\"\n               data-thumbnail=\"http:\/\/amigosdelantiguoegipto.com\/wp-content\/gallery\/el-kab-capilla-de-thot\/thumbs\/thumbs_capilla_tot005-5149.jpg\"\n               data-image-id=\"2616\"\n               data-title=\"capilla_tot005-5149\"\n               data-description=\"\"\n               data-image-slug=\"capilla_tot005-5149\"\n               class=\"ngg-fancybox\" rel=\"bfb18f193f180bd268e6cdfe5cee57aa\">\n                <img\n                    title=\"capilla_tot005-5149\"\n                    alt=\"capilla_tot005-5149\"\n                    src=\"http:\/\/amigosdelantiguoegipto.com\/wp-content\/gallery\/el-kab-capilla-de-thot\/thumbs\/thumbs_capilla_tot005-5149.jpg\"\n                    width=\"120\"\n                    height=\"90\"\n                    style=\"max-width:100%;\"\n                \/>\n            <\/a>\n        <\/div>\n\t\t\t\t\t\t\t<\/div> \n\t\t\t\n        \n\t\t\t\t<div id=\"ngg-image-5\" class=\"ngg-gallery-thumbnail-box\" >\n\t\t\t\t        <div class=\"ngg-gallery-thumbnail\">\n            <a href=\"http:\/\/amigosdelantiguoegipto.com\/wp-content\/gallery\/el-kab-capilla-de-thot\/capilla_tot006-5150.jpg\"\n               title=\"\"\n               data-src=\"http:\/\/amigosdelantiguoegipto.com\/wp-content\/gallery\/el-kab-capilla-de-thot\/capilla_tot006-5150.jpg\"\n               data-thumbnail=\"http:\/\/amigosdelantiguoegipto.com\/wp-content\/gallery\/el-kab-capilla-de-thot\/thumbs\/thumbs_capilla_tot006-5150.jpg\"\n               data-image-id=\"2617\"\n               data-title=\"capilla_tot006-5150\"\n               data-description=\"\"\n               data-image-slug=\"capilla_tot006-5150\"\n               class=\"ngg-fancybox\" rel=\"bfb18f193f180bd268e6cdfe5cee57aa\">\n                <img\n                    title=\"capilla_tot006-5150\"\n                    alt=\"capilla_tot006-5150\"\n                    src=\"http:\/\/amigosdelantiguoegipto.com\/wp-content\/gallery\/el-kab-capilla-de-thot\/thumbs\/thumbs_capilla_tot006-5150.jpg\"\n                    width=\"120\"\n                    height=\"90\"\n                    style=\"max-width:100%;\"\n                \/>\n            <\/a>\n        <\/div>\n\t\t\t\t\t\t\t<\/div> \n\t\t\t\n        \n\t\t\t\t<div id=\"ngg-image-6\" class=\"ngg-gallery-thumbnail-box\" >\n\t\t\t\t        <div class=\"ngg-gallery-thumbnail\">\n            <a href=\"http:\/\/amigosdelantiguoegipto.com\/wp-content\/gallery\/el-kab-capilla-de-thot\/capilla_tot007-5151.jpg\"\n               title=\"\"\n               data-src=\"http:\/\/amigosdelantiguoegipto.com\/wp-content\/gallery\/el-kab-capilla-de-thot\/capilla_tot007-5151.jpg\"\n               data-thumbnail=\"http:\/\/amigosdelantiguoegipto.com\/wp-content\/gallery\/el-kab-capilla-de-thot\/thumbs\/thumbs_capilla_tot007-5151.jpg\"\n               data-image-id=\"2618\"\n               data-title=\"capilla_tot007-5151\"\n               data-description=\"\"\n               data-image-slug=\"capilla_tot007-5151\"\n               class=\"ngg-fancybox\" rel=\"bfb18f193f180bd268e6cdfe5cee57aa\">\n                <img\n                    title=\"capilla_tot007-5151\"\n                    alt=\"capilla_tot007-5151\"\n                    src=\"http:\/\/amigosdelantiguoegipto.com\/wp-content\/gallery\/el-kab-capilla-de-thot\/thumbs\/thumbs_capilla_tot007-5151.jpg\"\n                    width=\"120\"\n                    height=\"90\"\n                    style=\"max-width:100%;\"\n                \/>\n            <\/a>\n        <\/div>\n\t\t\t\t\t\t\t<\/div> \n\t\t\t\n        \n\t\t\t\t<div id=\"ngg-image-7\" class=\"ngg-gallery-thumbnail-box\" >\n\t\t\t\t        <div class=\"ngg-gallery-thumbnail\">\n            <a href=\"http:\/\/amigosdelantiguoegipto.com\/wp-content\/gallery\/el-kab-capilla-de-thot\/capilla_tot008-5152.jpg\"\n               title=\"\"\n               data-src=\"http:\/\/amigosdelantiguoegipto.com\/wp-content\/gallery\/el-kab-capilla-de-thot\/capilla_tot008-5152.jpg\"\n               data-thumbnail=\"http:\/\/amigosdelantiguoegipto.com\/wp-content\/gallery\/el-kab-capilla-de-thot\/thumbs\/thumbs_capilla_tot008-5152.jpg\"\n               data-image-id=\"2619\"\n               data-title=\"capilla_tot008-5152\"\n               data-description=\"\"\n               data-image-slug=\"capilla_tot008-5152\"\n               class=\"ngg-fancybox\" rel=\"bfb18f193f180bd268e6cdfe5cee57aa\">\n                <img\n                    title=\"capilla_tot008-5152\"\n                    alt=\"capilla_tot008-5152\"\n                    src=\"http:\/\/amigosdelantiguoegipto.com\/wp-content\/gallery\/el-kab-capilla-de-thot\/thumbs\/thumbs_capilla_tot008-5152.jpg\"\n                    width=\"120\"\n                    height=\"90\"\n                    style=\"max-width:100%;\"\n                \/>\n            <\/a>\n        <\/div>\n\t\t\t\t\t\t\t<\/div> \n\t\t\t\n        \n\t\t\t\t<div id=\"ngg-image-8\" class=\"ngg-gallery-thumbnail-box\" >\n\t\t\t\t        <div class=\"ngg-gallery-thumbnail\">\n            <a href=\"http:\/\/amigosdelantiguoegipto.com\/wp-content\/gallery\/el-kab-capilla-de-thot\/capilla_tot009-5153.jpg\"\n               title=\"\"\n               data-src=\"http:\/\/amigosdelantiguoegipto.com\/wp-content\/gallery\/el-kab-capilla-de-thot\/capilla_tot009-5153.jpg\"\n               data-thumbnail=\"http:\/\/amigosdelantiguoegipto.com\/wp-content\/gallery\/el-kab-capilla-de-thot\/thumbs\/thumbs_capilla_tot009-5153.jpg\"\n               data-image-id=\"2620\"\n               data-title=\"capilla_tot009-5153\"\n               data-description=\"\"\n               data-image-slug=\"capilla_tot009-5153\"\n               class=\"ngg-fancybox\" rel=\"bfb18f193f180bd268e6cdfe5cee57aa\">\n                <img\n                    title=\"capilla_tot009-5153\"\n                    alt=\"capilla_tot009-5153\"\n                    src=\"http:\/\/amigosdelantiguoegipto.com\/wp-content\/gallery\/el-kab-capilla-de-thot\/thumbs\/thumbs_capilla_tot009-5153.jpg\"\n                    width=\"120\"\n                    height=\"90\"\n                    style=\"max-width:100%;\"\n                \/>\n            <\/a>\n        <\/div>\n\t\t\t\t\t\t\t<\/div> \n\t\t\t\n        \n\t\t\t\t<div id=\"ngg-image-9\" class=\"ngg-gallery-thumbnail-box\" >\n\t\t\t\t        <div class=\"ngg-gallery-thumbnail\">\n            <a href=\"http:\/\/amigosdelantiguoegipto.com\/wp-content\/gallery\/el-kab-capilla-de-thot\/capilla_tot010-5154.jpg\"\n               title=\"\"\n               data-src=\"http:\/\/amigosdelantiguoegipto.com\/wp-content\/gallery\/el-kab-capilla-de-thot\/capilla_tot010-5154.jpg\"\n               data-thumbnail=\"http:\/\/amigosdelantiguoegipto.com\/wp-content\/gallery\/el-kab-capilla-de-thot\/thumbs\/thumbs_capilla_tot010-5154.jpg\"\n               data-image-id=\"2621\"\n               data-title=\"capilla_tot010-5154\"\n               data-description=\"\"\n               data-image-slug=\"capilla_tot010-5154\"\n               class=\"ngg-fancybox\" rel=\"bfb18f193f180bd268e6cdfe5cee57aa\">\n                <img\n                    title=\"capilla_tot010-5154\"\n                    alt=\"capilla_tot010-5154\"\n                    src=\"http:\/\/amigosdelantiguoegipto.com\/wp-content\/gallery\/el-kab-capilla-de-thot\/thumbs\/thumbs_capilla_tot010-5154.jpg\"\n                    width=\"120\"\n                    height=\"90\"\n                    style=\"max-width:100%;\"\n                \/>\n            <\/a>\n        <\/div>\n\t\t\t\t\t\t\t<\/div> \n\t\t\t\n        \n\t\t\t\t<div id=\"ngg-image-10\" class=\"ngg-gallery-thumbnail-box\" >\n\t\t\t\t        <div class=\"ngg-gallery-thumbnail\">\n            <a href=\"http:\/\/amigosdelantiguoegipto.com\/wp-content\/gallery\/el-kab-capilla-de-thot\/capilla_tot011-5155.jpg\"\n               title=\"\"\n               data-src=\"http:\/\/amigosdelantiguoegipto.com\/wp-content\/gallery\/el-kab-capilla-de-thot\/capilla_tot011-5155.jpg\"\n               data-thumbnail=\"http:\/\/amigosdelantiguoegipto.com\/wp-content\/gallery\/el-kab-capilla-de-thot\/thumbs\/thumbs_capilla_tot011-5155.jpg\"\n               data-image-id=\"2622\"\n               data-title=\"capilla_tot011-5155\"\n               data-description=\"\"\n               data-image-slug=\"capilla_tot011-5155\"\n               class=\"ngg-fancybox\" rel=\"bfb18f193f180bd268e6cdfe5cee57aa\">\n                <img\n                    title=\"capilla_tot011-5155\"\n                    alt=\"capilla_tot011-5155\"\n                    src=\"http:\/\/amigosdelantiguoegipto.com\/wp-content\/gallery\/el-kab-capilla-de-thot\/thumbs\/thumbs_capilla_tot011-5155.jpg\"\n                    width=\"120\"\n                    height=\"90\"\n                    style=\"max-width:100%;\"\n                \/>\n            <\/a>\n        <\/div>\n\t\t\t\t\t\t\t<\/div> \n\t\t\t\n        \n\t\t\t\t<div id=\"ngg-image-11\" class=\"ngg-gallery-thumbnail-box\" >\n\t\t\t\t        <div class=\"ngg-gallery-thumbnail\">\n            <a href=\"http:\/\/amigosdelantiguoegipto.com\/wp-content\/gallery\/el-kab-capilla-de-thot\/capilla_tot012-5156.jpg\"\n               title=\"\"\n               data-src=\"http:\/\/amigosdelantiguoegipto.com\/wp-content\/gallery\/el-kab-capilla-de-thot\/capilla_tot012-5156.jpg\"\n               data-thumbnail=\"http:\/\/amigosdelantiguoegipto.com\/wp-content\/gallery\/el-kab-capilla-de-thot\/thumbs\/thumbs_capilla_tot012-5156.jpg\"\n               data-image-id=\"2623\"\n               data-title=\"capilla_tot012-5156\"\n               data-description=\"\"\n               data-image-slug=\"capilla_tot012-5156\"\n               class=\"ngg-fancybox\" rel=\"bfb18f193f180bd268e6cdfe5cee57aa\">\n                <img\n                    title=\"capilla_tot012-5156\"\n                    alt=\"capilla_tot012-5156\"\n                    src=\"http:\/\/amigosdelantiguoegipto.com\/wp-content\/gallery\/el-kab-capilla-de-thot\/thumbs\/thumbs_capilla_tot012-5156.jpg\"\n                    width=\"120\"\n                    height=\"90\"\n                    style=\"max-width:100%;\"\n                \/>\n            <\/a>\n        <\/div>\n\t\t\t\t\t\t\t<\/div> \n\t\t\t\n        \n\t\t\t\t<div id=\"ngg-image-12\" class=\"ngg-gallery-thumbnail-box\" >\n\t\t\t\t        <div class=\"ngg-gallery-thumbnail\">\n            <a href=\"http:\/\/amigosdelantiguoegipto.com\/wp-content\/gallery\/el-kab-capilla-de-thot\/capilla_tot013-5157.jpg\"\n               title=\"\"\n               data-src=\"http:\/\/amigosdelantiguoegipto.com\/wp-content\/gallery\/el-kab-capilla-de-thot\/capilla_tot013-5157.jpg\"\n               data-thumbnail=\"http:\/\/amigosdelantiguoegipto.com\/wp-content\/gallery\/el-kab-capilla-de-thot\/thumbs\/thumbs_capilla_tot013-5157.jpg\"\n               data-image-id=\"2624\"\n               data-title=\"capilla_tot013-5157\"\n               data-description=\"\"\n               data-image-slug=\"capilla_tot013-5157\"\n               class=\"ngg-fancybox\" rel=\"bfb18f193f180bd268e6cdfe5cee57aa\">\n                <img\n                    title=\"capilla_tot013-5157\"\n                    alt=\"capilla_tot013-5157\"\n                    src=\"http:\/\/amigosdelantiguoegipto.com\/wp-content\/gallery\/el-kab-capilla-de-thot\/thumbs\/thumbs_capilla_tot013-5157.jpg\"\n                    width=\"120\"\n                    height=\"90\"\n                    style=\"max-width:100%;\"\n                \/>\n            <\/a>\n        <\/div>\n\t\t\t\t\t\t\t<\/div> \n\t\t\t\n        \n\t\t\t\t<div id=\"ngg-image-13\" class=\"ngg-gallery-thumbnail-box\" >\n\t\t\t\t        <div class=\"ngg-gallery-thumbnail\">\n            <a href=\"http:\/\/amigosdelantiguoegipto.com\/wp-content\/gallery\/el-kab-capilla-de-thot\/capilla_tot014-5158.jpg\"\n               title=\"\"\n               data-src=\"http:\/\/amigosdelantiguoegipto.com\/wp-content\/gallery\/el-kab-capilla-de-thot\/capilla_tot014-5158.jpg\"\n               data-thumbnail=\"http:\/\/amigosdelantiguoegipto.com\/wp-content\/gallery\/el-kab-capilla-de-thot\/thumbs\/thumbs_capilla_tot014-5158.jpg\"\n               data-image-id=\"2625\"\n               data-title=\"capilla_tot014-5158\"\n               data-description=\"\"\n               data-image-slug=\"capilla_tot014-5158\"\n               class=\"ngg-fancybox\" rel=\"bfb18f193f180bd268e6cdfe5cee57aa\">\n                <img\n                    title=\"capilla_tot014-5158\"\n                    alt=\"capilla_tot014-5158\"\n                    src=\"http:\/\/amigosdelantiguoegipto.com\/wp-content\/gallery\/el-kab-capilla-de-thot\/thumbs\/thumbs_capilla_tot014-5158.jpg\"\n                    width=\"120\"\n                    height=\"90\"\n                    style=\"max-width:100%;\"\n                \/>\n            <\/a>\n        <\/div>\n\t\t\t\t\t\t\t<\/div> \n\t\t\t\n        \n\t\t\t\t<div id=\"ngg-image-14\" class=\"ngg-gallery-thumbnail-box\" >\n\t\t\t\t        <div class=\"ngg-gallery-thumbnail\">\n            <a href=\"http:\/\/amigosdelantiguoegipto.com\/wp-content\/gallery\/el-kab-capilla-de-thot\/capilla_tot015-5159.jpg\"\n               title=\"\"\n               data-src=\"http:\/\/amigosdelantiguoegipto.com\/wp-content\/gallery\/el-kab-capilla-de-thot\/capilla_tot015-5159.jpg\"\n               data-thumbnail=\"http:\/\/amigosdelantiguoegipto.com\/wp-content\/gallery\/el-kab-capilla-de-thot\/thumbs\/thumbs_capilla_tot015-5159.jpg\"\n               data-image-id=\"2626\"\n               data-title=\"capilla_tot015-5159\"\n               data-description=\"\"\n               data-image-slug=\"capilla_tot015-5159\"\n               class=\"ngg-fancybox\" rel=\"bfb18f193f180bd268e6cdfe5cee57aa\">\n                <img\n                    title=\"capilla_tot015-5159\"\n                    alt=\"capilla_tot015-5159\"\n                    src=\"http:\/\/amigosdelantiguoegipto.com\/wp-content\/gallery\/el-kab-capilla-de-thot\/thumbs\/thumbs_capilla_tot015-5159.jpg\"\n                    width=\"120\"\n                    height=\"90\"\n                    style=\"max-width:100%;\"\n                \/>\n            <\/a>\n        <\/div>\n\t\t\t\t\t\t\t<\/div> \n\t\t\t\n        \n\t\t\n\t\t<!-- Pagination -->\n\t<div class='ngg-clear'><\/div>\t<\/div>\n\n","protected":false},"excerpt":{"rendered":"<p>El Kab La Capilla de Tot, est\u00e1 situada a un lugar denominado El Hammam, y la hizo construir Setau, que fue virrey de Kush en tiempos de Rameses II. La construcci\u00f3n de este templo se cree que empez\u00f3 en la dinast\u00eda XVIII, bajo el reinado de Amenhotep II. Es una estructura t\u00edpica del Imperio Nuevo, con un patio abierto, una&#8230;<\/p>\n<p class=\"continue-reading-button\"> <a class=\"continue-reading-link\" href=\"http:\/\/amigosdelantiguoegipto.com\/?page_id=5320\">Seguir leyendo<i class=\"crycon-right-dir\"><\/i><\/a><\/p>\n","protected":false},"author":1,"featured_media":0,"parent":0,"menu_order":0,"comment_status":"closed","ping_status":"closed","template":"","meta":{"ngg_post_thumbnail":0},"_links":{"self":[{"href":"http:\/\/amigosdelantiguoegipto.com\/index.php?rest_route=\/wp\/v2\/pages\/5320"}],"collection":[{"href":"http:\/\/amigosdelantiguoegipto.com\/index.php?rest_route=\/wp\/v2\/pages"}],"about":[{"href":"http:\/\/amigosdelantiguoegipto.com\/index.php?rest_route=\/wp\/v2\/types\/page"}],"author":[{"embeddable":true,"href":"http:\/\/amigosdelantiguoegipto.com\/index.php?rest_route=\/wp\/v2\/users\/1"}],"replies":[{"embeddable":true,"href":"http:\/\/amigosdelantiguoegipto.com\/index.php?rest_route=%2Fwp%2Fv2%2Fcomments&post=5320"}],"version-history":[{"count":0,"href":"http:\/\/amigosdelantiguoegipto.com\/index.php?rest_route=\/wp\/v2\/pages\/5320\/revisions"}],"wp:attachment":[{"href":"http:\/\/amigosdelantiguoegipto.com\/index.php?rest_route=%2Fwp%2Fv2%2Fmedia&parent=5320"}],"curies":[{"name":"wp","href":"https:\/\/api.w.org\/{rel}","templated":true}]}}