{"id":5,"date":"2013-02-04T18:13:47","date_gmt":"2013-02-04T18:13:47","guid":{"rendered":"http:\/\/www.amigosdelantiguoegipto.com\/ies-concejo-de-tineo-2012-2013\/"},"modified":"2014-06-29T07:30:14","modified_gmt":"2014-06-29T07:30:14","slug":"ies-concejo-de-tineo-2012-2013","status":"publish","type":"page","link":"http:\/\/amigosdelantiguoegipto.com\/?page_id=5","title":{"rendered":"IES Concejo de Tineo (2012-2013)"},"content":{"rendered":"<p style=\"text-align: left;\"><a href=\"http:\/\/amigosdelantiguoegipto.com\/?p=8580%20\">Trabajos en Colegios e Instituciones<\/a><\/p>\n<p style=\"text-align: right;\"><span class=\"createdate\"><span class=\"createby\">Guillermo Prieto Su\u00e1rez <\/span> &#8211; Febrero de 2013 <\/span><\/p>\n<p>IES Concejo de Tineo (2012-2013)<\/p>\n<p>&#8211; <a href=\"http:\/\/web.educastur.princast.es\/ies\/concejot\/\" target=\"_blank\">Sitio web de IES Concejo de Tineo<\/a><\/p>\n<p>Trabajos sobre el Antiguo Egipto realizados por los alumnos de 2\u00ba de la E.S.O. para la asignatura de Historia y Cultura de las Religiones.<\/p>\n<p class=\"centrar\">Adri\u00e1n Bueno Rodr\u00edguez (Asturias &#8211; Espa\u00f1a)<\/p>\n<div class=\"mosimage\" style=\"float: center;\" align=\"center\">\n<div id=\"attachment_1\" style=\"width: 504px\" class=\"wp-caption aligncenter\"><img aria-describedby=\"caption-attachment-1\" decoding=\"async\" loading=\"lazy\" class=\"wp-image-1 size-full\" title=\"Egipto\" src=\"http:\/\/amigosdelantiguoegipto.com\/wp-content\/uploads\/varios\/colegios\/2013\/02\/adrian-bueno.jpg\" alt=\"Egipto\" width=\"494\" height=\"700\" border=\"0\" hspace=\"6\" \/><p id=\"caption-attachment-1\" class=\"wp-caption-text\">Egipto<\/p><\/div>\n<div class=\"mosimage_caption\" style=\"text-align: center;\" align=\"center\"><\/div>\n<\/div>\n<p class=\"centrar\">Jos\u00e9 Antonio Frometa Rego (Asturias &#8211; Espa\u00f1a)<\/p>\n<div class=\"mosimage\" style=\"float: center;\" align=\"center\">\n<div id=\"attachment_2\" style=\"width: 519px\" class=\"wp-caption aligncenter\"><img aria-describedby=\"caption-attachment-2\" decoding=\"async\" loading=\"lazy\" class=\"wp-image-2 size-full\" title=\"Egipto\" src=\"http:\/\/amigosdelantiguoegipto.com\/wp-content\/uploads\/varios\/colegios\/2013\/02\/jose-antonio-frometa.jpg\" alt=\"Egipto\" width=\"509\" height=\"700\" border=\"0\" hspace=\"6\" \/><p id=\"caption-attachment-2\" class=\"wp-caption-text\">Egipto<\/p><\/div>\n<\/div>\n<p class=\"centrar\">Radouan Lahri (Asturias &#8211; Espa\u00f1a)<\/p>\n<div class=\"mosimage\" style=\"float: center;\" align=\"center\">\n<div id=\"attachment_3\" style=\"width: 549px\" class=\"wp-caption aligncenter\"><img aria-describedby=\"caption-attachment-3\" decoding=\"async\" loading=\"lazy\" class=\"wp-image-3 size-full\" title=\"Horus\" src=\"http:\/\/amigosdelantiguoegipto.com\/wp-content\/uploads\/varios\/colegios\/2013\/02\/radouan-lahri.jpg\" alt=\"Horus\" width=\"539\" height=\"700\" border=\"0\" hspace=\"6\" \/><p id=\"caption-attachment-3\" class=\"wp-caption-text\">Horus<\/p><\/div>\n<\/div>\n<p class=\"centrar\">Roy Munneke (Asturias &#8211; Espa\u00f1a)<\/p>\n<div class=\"mosimage\" style=\"float: center;\" align=\"center\">\n<div id=\"attachment_4\" style=\"width: 710px\" class=\"wp-caption aligncenter\"><img aria-describedby=\"caption-attachment-4\" decoding=\"async\" loading=\"lazy\" class=\"wp-image-4 size-full\" title=\"Egipto\" src=\"http:\/\/amigosdelantiguoegipto.com\/wp-content\/uploads\/varios\/colegios\/2013\/02\/roy-munneke.jpg\" alt=\"Egipto\" width=\"700\" height=\"496\" border=\"0\" hspace=\"6\" \/><p id=\"caption-attachment-4\" class=\"wp-caption-text\">Egipto<\/p><\/div>\n<\/div>\n","protected":false},"excerpt":{"rendered":"<p>Trabajos en Colegios e Instituciones Guillermo Prieto Su\u00e1rez &#8211; Febrero de 2013 IES Concejo de Tineo (2012-2013) &#8211; Sitio web de IES Concejo de Tineo Trabajos sobre el Antiguo Egipto realizados por los alumnos de 2\u00ba de la E.S.O. para la asignatura de Historia y Cultura de las Religiones. Adri\u00e1n Bueno Rodr\u00edguez (Asturias &#8211; Espa\u00f1a) Jos\u00e9 Antonio Frometa Rego (Asturias&#8230;<\/p>\n<p class=\"continue-reading-button\"> <a class=\"continue-reading-link\" href=\"http:\/\/amigosdelantiguoegipto.com\/?page_id=5\">Seguir leyendo<i class=\"crycon-right-dir\"><\/i><\/a><\/p>\n","protected":false},"author":1,"featured_media":0,"parent":0,"menu_order":1,"comment_status":"closed","ping_status":"closed","template":"","meta":{"ngg_post_thumbnail":0},"_links":{"self":[{"href":"http:\/\/amigosdelantiguoegipto.com\/index.php?rest_route=\/wp\/v2\/pages\/5"}],"collection":[{"href":"http:\/\/amigosdelantiguoegipto.com\/index.php?rest_route=\/wp\/v2\/pages"}],"about":[{"href":"http:\/\/amigosdelantiguoegipto.com\/index.php?rest_route=\/wp\/v2\/types\/page"}],"author":[{"embeddable":true,"href":"http:\/\/amigosdelantiguoegipto.com\/index.php?rest_route=\/wp\/v2\/users\/1"}],"replies":[{"embeddable":true,"href":"http:\/\/amigosdelantiguoegipto.com\/index.php?rest_route=%2Fwp%2Fv2%2Fcomments&post=5"}],"version-history":[{"count":0,"href":"http:\/\/amigosdelantiguoegipto.com\/index.php?rest_route=\/wp\/v2\/pages\/5\/revisions"}],"wp:attachment":[{"href":"http:\/\/amigosdelantiguoegipto.com\/index.php?rest_route=%2Fwp%2Fv2%2Fmedia&parent=5"}],"curies":[{"name":"wp","href":"https:\/\/api.w.org\/{rel}","templated":true}]}}