{"id":47,"date":"2002-02-05T01:00:00","date_gmt":"2002-02-05T01:00:00","guid":{"rendered":"http:\/\/www.amigosdelantiguoegipto.com\/pau\/"},"modified":"2014-06-28T11:20:40","modified_gmt":"2014-06-28T11:20:40","slug":"pau","status":"publish","type":"page","link":"http:\/\/amigosdelantiguoegipto.com\/?page_id=47","title":{"rendered":"Dibujos de Pau"},"content":{"rendered":"<p class=\"centrar\"><a href=\"http:\/\/amigosdelantiguoegipto.com\/?p=8324\">Tus dibujos de 8 a 12 a\u00f1os<\/a><\/p>\n<p class=\"centrar\" style=\"text-align: right;\">Pau 8 a\u00f1os (Barcelona &#8211; Espa\u00f1a) &#8211;\u00a0<span class=\"createdate\">Febrero de 2002<\/span><\/p>\n<div class=\"mosimage\" style=\"float: center;\" align=\"center\">\n<div id=\"attachment_46\" style=\"width: 710px\" class=\"wp-caption aligncenter\"><img aria-describedby=\"caption-attachment-46\" decoding=\"async\" loading=\"lazy\" class=\"wp-image-46 size-full\" title=\"Los ojos de Egipto\" src=\"http:\/\/www.amigosdelantiguoegipto.com\/wp-content\/uploads\/varios\/dibujos8-12\/2002\/02\/pau_egipto.jpg\" alt=\"Los ojos de Egipto\" width=\"700\" height=\"526\" border=\"0\" hspace=\"6\" \/><p id=\"caption-attachment-46\" class=\"wp-caption-text\">Los ojos de Egipto<\/p><\/div>\n<\/div>\n","protected":false},"excerpt":{"rendered":"<p>Tus dibujos de 8 a 12 a\u00f1os Pau 8 a\u00f1os (Barcelona &#8211; Espa\u00f1a) &#8211;\u00a0Febrero de 2002<\/p>\n<p class=\"continue-reading-button\"> <a class=\"continue-reading-link\" href=\"http:\/\/amigosdelantiguoegipto.com\/?page_id=47\">Seguir leyendo<i class=\"crycon-right-dir\"><\/i><\/a><\/p>\n","protected":false},"author":1,"featured_media":0,"parent":0,"menu_order":20,"comment_status":"closed","ping_status":"closed","template":"","meta":{"ngg_post_thumbnail":0},"_links":{"self":[{"href":"http:\/\/amigosdelantiguoegipto.com\/index.php?rest_route=\/wp\/v2\/pages\/47"}],"collection":[{"href":"http:\/\/amigosdelantiguoegipto.com\/index.php?rest_route=\/wp\/v2\/pages"}],"about":[{"href":"http:\/\/amigosdelantiguoegipto.com\/index.php?rest_route=\/wp\/v2\/types\/page"}],"author":[{"embeddable":true,"href":"http:\/\/amigosdelantiguoegipto.com\/index.php?rest_route=\/wp\/v2\/users\/1"}],"replies":[{"embeddable":true,"href":"http:\/\/amigosdelantiguoegipto.com\/index.php?rest_route=%2Fwp%2Fv2%2Fcomments&post=47"}],"version-history":[{"count":0,"href":"http:\/\/amigosdelantiguoegipto.com\/index.php?rest_route=\/wp\/v2\/pages\/47\/revisions"}],"wp:attachment":[{"href":"http:\/\/amigosdelantiguoegipto.com\/index.php?rest_route=%2Fwp%2Fv2%2Fmedia&parent=47"}],"curies":[{"name":"wp","href":"https:\/\/api.w.org\/{rel}","templated":true}]}}