{"id":43,"date":"2003-06-18T01:00:00","date_gmt":"2003-06-18T01:00:00","guid":{"rendered":"http:\/\/www.amigosdelantiguoegipto.com\/paloma-de-castro\/"},"modified":"2014-06-28T10:51:48","modified_gmt":"2014-06-28T10:51:48","slug":"paloma-de-castro","status":"publish","type":"page","link":"http:\/\/amigosdelantiguoegipto.com\/?page_id=43","title":{"rendered":"Dibujos de Paloma de Castro"},"content":{"rendered":"<p class=\"centrar\"><a href=\"http:\/\/amigosdelantiguoegipto.com\/?p=8325\">Tus dibujos de 0 a 7 a\u00f1os <\/a><\/p>\n<p class=\"centrar\" style=\"text-align: right;\">Paloma de Castro 7 a\u00f1os (Oviedo &#8211; Espa\u00f1a) &#8211;\u00a0<span class=\"createdate\">Junio de 2003<\/span><\/p>\n<div class=\"mosimage\" style=\"float: center;\" align=\"center\">\n<div id=\"attachment_42\" style=\"width: 710px\" class=\"wp-caption aligncenter\"><img aria-describedby=\"caption-attachment-42\" decoding=\"async\" loading=\"lazy\" class=\"wp-image-42 size-full\" title=\"La herida de Ra\" src=\"http:\/\/www.amigosdelantiguoegipto.com\/wp-content\/uploads\/varios\/2003\/06\/paloma_egipto.jpg\" alt=\"La herida de Ra\" width=\"700\" height=\"502\" border=\"0\" hspace=\"6\" \/><p id=\"caption-attachment-42\" class=\"wp-caption-text\">La herida de Ra<\/p><\/div>\n<\/div>\n","protected":false},"excerpt":{"rendered":"<p>Tus dibujos de 0 a 7 a\u00f1os Paloma de Castro 7 a\u00f1os (Oviedo &#8211; Espa\u00f1a) &#8211;\u00a0Junio de 2003<\/p>\n<p class=\"continue-reading-button\"> <a class=\"continue-reading-link\" href=\"http:\/\/amigosdelantiguoegipto.com\/?page_id=43\">Seguir leyendo<i class=\"crycon-right-dir\"><\/i><\/a><\/p>\n","protected":false},"author":1,"featured_media":0,"parent":0,"menu_order":18,"comment_status":"closed","ping_status":"closed","template":"","meta":{"ngg_post_thumbnail":0},"_links":{"self":[{"href":"http:\/\/amigosdelantiguoegipto.com\/index.php?rest_route=\/wp\/v2\/pages\/43"}],"collection":[{"href":"http:\/\/amigosdelantiguoegipto.com\/index.php?rest_route=\/wp\/v2\/pages"}],"about":[{"href":"http:\/\/amigosdelantiguoegipto.com\/index.php?rest_route=\/wp\/v2\/types\/page"}],"author":[{"embeddable":true,"href":"http:\/\/amigosdelantiguoegipto.com\/index.php?rest_route=\/wp\/v2\/users\/1"}],"replies":[{"embeddable":true,"href":"http:\/\/amigosdelantiguoegipto.com\/index.php?rest_route=%2Fwp%2Fv2%2Fcomments&post=43"}],"version-history":[{"count":0,"href":"http:\/\/amigosdelantiguoegipto.com\/index.php?rest_route=\/wp\/v2\/pages\/43\/revisions"}],"wp:attachment":[{"href":"http:\/\/amigosdelantiguoegipto.com\/index.php?rest_route=%2Fwp%2Fv2%2Fmedia&parent=43"}],"curies":[{"name":"wp","href":"https:\/\/api.w.org\/{rel}","templated":true}]}}