{"id":42,"date":"2002-05-20T01:00:00","date_gmt":"2002-05-20T01:00:00","guid":{"rendered":"http:\/\/www.amigosdelantiguoegipto.com\/sandra\/"},"modified":"2014-06-28T11:21:18","modified_gmt":"2014-06-28T11:21:18","slug":"sandra","status":"publish","type":"page","link":"http:\/\/amigosdelantiguoegipto.com\/?page_id=42","title":{"rendered":"Dibujos de Sandra"},"content":{"rendered":"<p class=\"centrar\"><a href=\"http:\/\/amigosdelantiguoegipto.com\/?p=8324\">Tus dibujos de 8 a 12 a\u00f1os<\/a><\/p>\n<p class=\"centrar\" style=\"text-align: right;\">Sandra 9 a\u00f1os (Zaragoza &#8211; Espa\u00f1a) &#8211;\u00a0<span class=\"createdate\">Mayo de 2002<\/span><\/p>\n<div class=\"mosimage\" style=\"float: center;\" align=\"center\">\n<div id=\"attachment_41\" style=\"width: 710px\" class=\"wp-caption aligncenter\"><img aria-describedby=\"caption-attachment-41\" decoding=\"async\" loading=\"lazy\" class=\"wp-image-41 size-full\" title=\"El misterio de la pir\u00e1mide\" src=\"http:\/\/www.amigosdelantiguoegipto.com\/wp-content\/uploads\/varios\/dibujos8-12\/2002\/05\/sandra_egipto.gif\" alt=\"El misterio de la pir\u00e1mide\" width=\"700\" height=\"429\" border=\"0\" hspace=\"6\" \/><p id=\"caption-attachment-41\" class=\"wp-caption-text\">El misterio de la pir\u00e1mide<\/p><\/div>\n<\/div>\n","protected":false},"excerpt":{"rendered":"<p>Tus dibujos de 8 a 12 a\u00f1os Sandra 9 a\u00f1os (Zaragoza &#8211; Espa\u00f1a) &#8211;\u00a0Mayo de 2002<\/p>\n<p class=\"continue-reading-button\"> <a class=\"continue-reading-link\" href=\"http:\/\/amigosdelantiguoegipto.com\/?page_id=42\">Seguir leyendo<i class=\"crycon-right-dir\"><\/i><\/a><\/p>\n","protected":false},"author":1,"featured_media":0,"parent":0,"menu_order":18,"comment_status":"closed","ping_status":"closed","template":"","meta":{"ngg_post_thumbnail":0},"_links":{"self":[{"href":"http:\/\/amigosdelantiguoegipto.com\/index.php?rest_route=\/wp\/v2\/pages\/42"}],"collection":[{"href":"http:\/\/amigosdelantiguoegipto.com\/index.php?rest_route=\/wp\/v2\/pages"}],"about":[{"href":"http:\/\/amigosdelantiguoegipto.com\/index.php?rest_route=\/wp\/v2\/types\/page"}],"author":[{"embeddable":true,"href":"http:\/\/amigosdelantiguoegipto.com\/index.php?rest_route=\/wp\/v2\/users\/1"}],"replies":[{"embeddable":true,"href":"http:\/\/amigosdelantiguoegipto.com\/index.php?rest_route=%2Fwp%2Fv2%2Fcomments&post=42"}],"version-history":[{"count":0,"href":"http:\/\/amigosdelantiguoegipto.com\/index.php?rest_route=\/wp\/v2\/pages\/42\/revisions"}],"wp:attachment":[{"href":"http:\/\/amigosdelantiguoegipto.com\/index.php?rest_route=%2Fwp%2Fv2%2Fmedia&parent=42"}],"curies":[{"name":"wp","href":"https:\/\/api.w.org\/{rel}","templated":true}]}}