{"id":41,"date":"2004-01-04T01:00:00","date_gmt":"2004-01-04T01:00:00","guid":{"rendered":"http:\/\/www.amigosdelantiguoegipto.com\/gonzalo-bolado\/"},"modified":"2014-06-28T10:51:53","modified_gmt":"2014-06-28T10:51:53","slug":"gonzalo-bolado","status":"publish","type":"page","link":"http:\/\/amigosdelantiguoegipto.com\/?page_id=41","title":{"rendered":"Dibujos de Gonzalo Bolado"},"content":{"rendered":"<p class=\"centrar\"><a href=\"http:\/\/amigosdelantiguoegipto.com\/?p=8325\">Tus dibujos de 0 a 7 a\u00f1os <\/a><\/p>\n<p class=\"centrar\" style=\"text-align: right;\">Gonzalo Bolado 7 a\u00f1os (Madrid &#8211; Espa\u00f1a) &#8211;\u00a0<span class=\"createdate\">Enero de 2004<\/span><\/p>\n<div class=\"mosimage\" style=\"float: center;\" align=\"center\">\n<div id=\"attachment_40\" style=\"width: 710px\" class=\"wp-caption aligncenter\"><img aria-describedby=\"caption-attachment-40\" decoding=\"async\" loading=\"lazy\" class=\"wp-image-40 size-full\" title=\"Isis y los escorpiones\" src=\"http:\/\/www.amigosdelantiguoegipto.com\/wp-content\/uploads\/varios\/2004\/01\/gonzalo_egipto.jpg\" alt=\"Isis y los escorpiones\" width=\"700\" height=\"498\" border=\"0\" hspace=\"6\" \/><p id=\"caption-attachment-40\" class=\"wp-caption-text\">Isis y los escorpiones<\/p><\/div>\n<\/div>\n","protected":false},"excerpt":{"rendered":"<p>Tus dibujos de 0 a 7 a\u00f1os Gonzalo Bolado 7 a\u00f1os (Madrid &#8211; Espa\u00f1a) &#8211;\u00a0Enero de 2004<\/p>\n<p class=\"continue-reading-button\"> <a class=\"continue-reading-link\" href=\"http:\/\/amigosdelantiguoegipto.com\/?page_id=41\">Seguir leyendo<i class=\"crycon-right-dir\"><\/i><\/a><\/p>\n","protected":false},"author":1,"featured_media":0,"parent":0,"menu_order":17,"comment_status":"closed","ping_status":"closed","template":"","meta":{"ngg_post_thumbnail":0},"_links":{"self":[{"href":"http:\/\/amigosdelantiguoegipto.com\/index.php?rest_route=\/wp\/v2\/pages\/41"}],"collection":[{"href":"http:\/\/amigosdelantiguoegipto.com\/index.php?rest_route=\/wp\/v2\/pages"}],"about":[{"href":"http:\/\/amigosdelantiguoegipto.com\/index.php?rest_route=\/wp\/v2\/types\/page"}],"author":[{"embeddable":true,"href":"http:\/\/amigosdelantiguoegipto.com\/index.php?rest_route=\/wp\/v2\/users\/1"}],"replies":[{"embeddable":true,"href":"http:\/\/amigosdelantiguoegipto.com\/index.php?rest_route=%2Fwp%2Fv2%2Fcomments&post=41"}],"version-history":[{"count":0,"href":"http:\/\/amigosdelantiguoegipto.com\/index.php?rest_route=\/wp\/v2\/pages\/41\/revisions"}],"wp:attachment":[{"href":"http:\/\/amigosdelantiguoegipto.com\/index.php?rest_route=%2Fwp%2Fv2%2Fmedia&parent=41"}],"curies":[{"name":"wp","href":"https:\/\/api.w.org\/{rel}","templated":true}]}}