{"id":4,"date":"2010-11-18T20:31:41","date_gmt":"2010-11-18T20:31:41","guid":{"rendered":"http:\/\/www.amigosdelantiguoegipto.com\/maximo-brizuela\/"},"modified":"2014-06-28T10:48:18","modified_gmt":"2014-06-28T10:48:18","slug":"maximo-brizuela","status":"publish","type":"page","link":"http:\/\/amigosdelantiguoegipto.com\/?page_id=4","title":{"rendered":"Dibujos de M\u00e1ximo Brizuela"},"content":{"rendered":"<p class=\"centrar\"><a href=\"http:\/\/amigosdelantiguoegipto.com\/?p=8325\">Tus dibujos de 0 a 7 a\u00f1os <\/a><\/p>\n<p class=\"centrar\" style=\"text-align: right;\">M\u00e1ximo Brizuela 5 a\u00f1os (C\u00f3rdoba \u2013 Argentina) &#8211;\u00a0<span class=\"createdate\">Noviembre de 2010<\/span><\/p>\n<div style=\"width: 710px\" class=\"wp-caption aligncenter\"><img decoding=\"async\" loading=\"lazy\" class=\"caption\" title=\"Las pir\u00e1mides, Tutankam\u00f3n y camello\" src=\"http:\/\/www.amigosdelantiguoegipto.com\/wp-content\/uploads\/varios\/2010\/11\/maximo.jpg\" alt=\"Las pir\u00e1mides, Tutankam\u00f3n y camello\" width=\"700\" height=\"503\" \/><p class=\"wp-caption-text\">Las pir\u00e1mides, Tutankam\u00f3n y camello<\/p><\/div>\n","protected":false},"excerpt":{"rendered":"<p>Tus dibujos de 0 a 7 a\u00f1os M\u00e1ximo Brizuela 5 a\u00f1os (C\u00f3rdoba \u2013 Argentina) &#8211;\u00a0Noviembre de 2010<\/p>\n<p class=\"continue-reading-button\"> <a class=\"continue-reading-link\" href=\"http:\/\/amigosdelantiguoegipto.com\/?page_id=4\">Seguir leyendo<i class=\"crycon-right-dir\"><\/i><\/a><\/p>\n","protected":false},"author":1,"featured_media":0,"parent":0,"menu_order":2,"comment_status":"closed","ping_status":"closed","template":"","meta":{"ngg_post_thumbnail":0},"_links":{"self":[{"href":"http:\/\/amigosdelantiguoegipto.com\/index.php?rest_route=\/wp\/v2\/pages\/4"}],"collection":[{"href":"http:\/\/amigosdelantiguoegipto.com\/index.php?rest_route=\/wp\/v2\/pages"}],"about":[{"href":"http:\/\/amigosdelantiguoegipto.com\/index.php?rest_route=\/wp\/v2\/types\/page"}],"author":[{"embeddable":true,"href":"http:\/\/amigosdelantiguoegipto.com\/index.php?rest_route=\/wp\/v2\/users\/1"}],"replies":[{"embeddable":true,"href":"http:\/\/amigosdelantiguoegipto.com\/index.php?rest_route=%2Fwp%2Fv2%2Fcomments&post=4"}],"version-history":[{"count":0,"href":"http:\/\/amigosdelantiguoegipto.com\/index.php?rest_route=\/wp\/v2\/pages\/4\/revisions"}],"wp:attachment":[{"href":"http:\/\/amigosdelantiguoegipto.com\/index.php?rest_route=%2Fwp%2Fv2%2Fmedia&parent=4"}],"curies":[{"name":"wp","href":"https:\/\/api.w.org\/{rel}","templated":true}]}}