{"id":381,"date":"2004-01-01T01:45:00","date_gmt":"2004-01-01T01:45:00","guid":{"rendered":"http:\/\/amigosdelantiguoegipto.com\/gran-diccionario-de-mitologia-egipcia-entradas-letra-p\/"},"modified":"2014-07-16T12:33:10","modified_gmt":"2014-07-16T12:33:10","slug":"gran-diccionario-de-mitologia-egipcia-entradas-letra-p","status":"publish","type":"page","link":"http:\/\/amigosdelantiguoegipto.com\/?page_id=381","title":{"rendered":"Gran Diccionario de Mitolog\u00eda Egipcia &#8211; Letra P"},"content":{"rendered":"<p style=\"text-align: center;\">[<a href=\"http:\/\/amigosdelantiguoegipto.com\/?p=12384\">Introducci\u00f3n<\/a>]<br \/>\n[<a title=\"Gran Diccionario de Mitolog\u00eda Egipcia \u2013 Letra A\" href=\"http:\/\/amigosdelantiguoegipto.com\/?page_id=12353\">A<\/a>] [<a title=\"Gran Diccionario de Mitolog\u00eda Egipcia \u2013 Letra B\" href=\"http:\/\/amigosdelantiguoegipto.com\/?page_id=93\">B<\/a>] [<a title=\"Gran Diccionario de Mitolog\u00eda Egipcia \u2013 Letra C\" href=\"http:\/\/amigosdelantiguoegipto.com\/?page_id=94\">C<\/a>] [<a title=\"Gran Diccionario de Mitolog\u00eda Egipcia \u2013 Letra D\" href=\"http:\/\/amigosdelantiguoegipto.com\/?page_id=100\">D<\/a>] [<a title=\"Gran Diccionario de Mitolog\u00eda Egipcia \u2013 Letra E\" href=\"http:\/\/amigosdelantiguoegipto.com\/?page_id=104\">E<\/a>] [<a title=\"Gran Diccionario de Mitolog\u00eda Egipcia \u2013 Letra F\" href=\"http:\/\/amigosdelantiguoegipto.com\/?page_id=12354\">F<\/a>] [<a title=\"Gran Diccionario de Mitolog\u00eda Egipcia \u2013 Letra G\" href=\"http:\/\/amigosdelantiguoegipto.com\/?page_id=12355\">G<\/a>] [<a title=\"Gran Diccionario de Mitolog\u00eda Egipcia \u2013 Letra H\" href=\"http:\/\/amigosdelantiguoegipto.com\/?page_id=202\">H<\/a>] [<a title=\"Gran Diccionario de Mitolog\u00eda Egipcia \u2013 Letra I\" href=\"http:\/\/amigosdelantiguoegipto.com\/?page_id=231\">I<\/a>] [<a title=\"Gran Diccionario de Mitolog\u00eda Egipcia \u2013 Letra J\" href=\"http:\/\/amigosdelantiguoegipto.com\/?page_id=257\">J<\/a>]<br \/>\n[<a title=\"Gran Diccionario de Mitolog\u00eda Egipcia \u2013 Letra K\" href=\"http:\/\/amigosdelantiguoegipto.com\/?page_id=263\">K<\/a>] [<a title=\"Gran Diccionario de Mitolog\u00eda Egipcia \u2013 Letra M\" href=\"http:\/\/amigosdelantiguoegipto.com\/?page_id=309\">M<\/a>] [<a title=\"Gran Diccionario de Mitolog\u00eda Egipcia \u2013 Letra N\" href=\"http:\/\/amigosdelantiguoegipto.com\/?page_id=350\">N<\/a>] [<a title=\"Gran Diccionario de Mitolog\u00eda Egipcia \u2013 Letra O\" href=\"http:\/\/amigosdelantiguoegipto.com\/?page_id=368\">O<\/a>] [P] [<a title=\"Gran Diccionario de Mitolog\u00eda Egipcia \u2013 Letra Q\" href=\"http:\/\/amigosdelantiguoegipto.com\/?page_id=387\">Q<\/a>] [<a title=\"Gran Diccionario de Mitolog\u00eda Egipcia \u2013 Letra R\" href=\"http:\/\/amigosdelantiguoegipto.com\/?page_id=405\">R<\/a>] [<a title=\"Gran Diccionario de Mitolog\u00eda Egipcia \u2013 Letra S\" href=\"http:\/\/amigosdelantiguoegipto.com\/?page_id=460\">S<\/a>] [<a title=\"Gran Diccionario de Mitolog\u00eda Egipcia \u2013 Letra T\" href=\"http:\/\/amigosdelantiguoegipto.com\/?page_id=12350\">T<\/a>] [<a title=\"Gran Diccionario de Mitolog\u00eda Egipcia \u2013 Letra U\" href=\"http:\/\/amigosdelantiguoegipto.com\/?page_id=12351\">U<\/a>]<\/p>\n<p>&nbsp;<\/p>\n<p style=\"text-align: right;\">Elisa Castel Ronda &#8211; Enero de 2004<\/p>\n<h3 style=\"text-align: justify;\">PAJET<\/h3>\n<table border=\"0\" align=\"center\">\n<tbody>\n<tr>\n<td><\/td>\n<\/tr>\n<tr>\n<td align=\"center\" bgcolor=\"#FFFFFF\" width=\"200\"><img decoding=\"async\" loading=\"lazy\" class=\" size-full wp-image-369\" title=\"PAJET\" src=\"  http:\/\/amigosdelantiguoegipto.com\/wp-content\/uploads\/varios\/diccionario-mitologia\/2004\/01\/pajet.gif\" alt=\"PAJET\" width=\"87\" height=\"200\" border=\"0\" hspace=\"6\" \/><\/td>\n<\/tr>\n<tr>\n<td height=\"10\"><\/td>\n<\/tr>\n<tr>\n<td align=\"center\"><img decoding=\"async\" loading=\"lazy\" class=\" size-full wp-image-370\" title=\"PAJET\" src=\"  http:\/\/amigosdelantiguoegipto.com\/wp-content\/uploads\/varios\/diccionario-mitologia\/2004\/01\/j_pajet.gif\" alt=\"PAJET\" width=\"90\" height=\"44\" border=\"0\" hspace=\"6\" \/><\/td>\n<\/tr>\n<\/tbody>\n<\/table>\n<p style=\"text-align: justify;\"><strong>TRANSLITERACI\u00d3N:<\/strong> <span style=\"font-family: Transliteration; font-size: medium;\">pxT<\/span><br \/>\n<strong>NOMBRE EGIPCIO:<\/strong> PAJET<br \/>\n<strong>NOMBRE GRIEGO\/ROMANO:<\/strong> ARTEMISA<br \/>\n<strong>ICONOGRAF\u00cdA:<\/strong> Mujer con cabeza de leona. Sobre \u00e9sta lleva un disco solar colocado entre dos cuernos liriformes y dos plumas. Bajo su manifestaci\u00f3n animal es un gato salvaje y, m\u00e1s tarde, una leona.<\/p>\n<p style=\"text-align: justify;\"><strong>SINOPSIS:<\/strong> Esta diosa se encuentra en los Textos de las Pir\u00e1mides donde figura como \u201cCazadora de la Noche con Garras Afiladas\u201d y durante el Reino Medio se localiza en Beni Hassan, donde se convierte en una diosa local muy importante.<br \/>\nSu nombre significa \u201cLa que Ara\u00f1a\u201d, haciendo alusi\u00f3n al animal en el que se manifiesta y en algunas ocasiones figura con el ep\u00edteto de \u201cDama de Seth\u201d. Tiene un car\u00e1cter muy hostil y como tal, lleva los ep\u00edtetos de \u201cLa que Despedaza\u201d, \u201cLa Destructora\u201d y \u201cLa que Arrebata\u201d. Por esta caracter\u00edstica es \u201cAquella que abre las v\u00edas de la Lluvia Tempestuosa\u201d, nombre que guarda relaci\u00f3n con las fuertes lluvias torrenciales que ca\u00edan en el valle, tormentas cuya fuerza y fiereza eran equiparables a las de la propia diosa.<br \/>\nEs muy posible que Pajet no fuera desde el principio una diosa leona, ya que su imagen se ajusta m\u00e1s a una gata salvaje del desierto; de hecho, bajo el nombre de \u201cPajet la Grande\u201d, encontramos su nombre escrito con un calificativo de gato.<br \/>\nComo todas las diosas leonas, se relaciona con las actividades guerreras, con los uadis y los oasis. Est\u00e1 estrechamente ligada a la ceremonia de coronaci\u00f3n. En el Reino Nuevo aparece acompa\u00f1ada de dioses tan importantes como Am\u00f3n y Nejbet y su culto cobra una significaci\u00f3n especial, sobre todo en las dinast\u00edas XVIII y XIX, cuando se asocia a la corte.<br \/>\nEn \u00c9poca Baja encontramos a Isis-Pajet \u201cSe\u00f1ora de la Escritura\u201d.<\/p>\n<h3 style=\"text-align: justify;\">PANEBTAUY<\/h3>\n<table border=\"0\" align=\"center\">\n<tbody>\n<tr>\n<td><\/td>\n<\/tr>\n<tr>\n<td align=\"center\" width=\"200\"><img decoding=\"async\" loading=\"lazy\" class=\" size-full wp-image-371\" title=\"PANEBTAUY\" src=\"  http:\/\/amigosdelantiguoegipto.com\/wp-content\/uploads\/varios\/diccionario-mitologia\/2004\/01\/j_panebtauy.gif\" alt=\"PANEBTAUY\" width=\"122\" height=\"44\" border=\"0\" hspace=\"6\" \/><\/td>\n<\/tr>\n<\/tbody>\n<\/table>\n<p style=\"text-align: justify;\"><img decoding=\"async\" loading=\"lazy\" class=\" size-full wp-image-372\" title=\"PANEBTAUY\" src=\"  http:\/\/amigosdelantiguoegipto.com\/wp-content\/uploads\/varios\/diccionario-mitologia\/2004\/01\/j_panebtauy2.gif\" alt=\"PANEBTAUY\" width=\"115\" height=\"44\" border=\"0\" hspace=\"6\" \/><\/p>\n<p style=\"text-align: justify;\"><strong>TRANSLITERACI\u00d3N:<\/strong> <span style=\"font-family: Transliteration; font-size: medium;\">p(A)nbtAwy<\/span><br \/>\n<strong>NOMBRE EGIPCIO:<\/strong> PANEBTAUY<br \/>\n<strong>ICONOGRAF\u00cdA:<\/strong> Ni\u00f1o que lleva sobre la cabeza la corona hemhem, la doble corona o la corona atef. Tambi\u00e9n puede llevar un creciente lunar y un disco solar.<br \/>\nSu manifestaci\u00f3n animal es en forma de serpiente.<\/p>\n<p style=\"text-align: justify;\"><strong>SINOPSIS:<\/strong> Dios egipcio presente en el pante\u00f3n en el periodo Ptolemaico y Romano.<br \/>\nSu nombre significa \u201cEl Se\u00f1or de la Dos Tierras\u201d, ep\u00edteto que tambi\u00e9n ostentan los reyes en una de las titulaturas que preceden a su nombre. Los te\u00f3logos egipcios emplearon este m\u00e9todo para unir al dios con el soberano, que as\u00ed obten\u00eda la legitimidad, el poder sobre Egipto. Es la representaci\u00f3n mitol\u00f3gica del rey como hijo de Haroeris y como tal tiene aspectos similares a los de Harsomtus; por su porte de infante estaba asociado a otros dioses que se identifican con el rey.<br \/>\nEn forma de serpiente llevaba el t\u00edtulo de \u201cGrande en Alegr\u00eda, Se\u00f1or del Doble Pa\u00eds\u201d y en esta funci\u00f3n estaba asociado a Somtus.<\/p>\n<h3 style=\"text-align: justify;\">PETEESE Y PIHOR<\/h3>\n<table border=\"0\" align=\"center\">\n<tbody>\n<tr>\n<td><\/td>\n<\/tr>\n<tr>\n<td align=\"center\" width=\"200\"><img decoding=\"async\" loading=\"lazy\" class=\" size-full wp-image-373\" title=\"PETEESE Y PIHOR\" src=\"  http:\/\/amigosdelantiguoegipto.com\/wp-content\/uploads\/varios\/diccionario-mitologia\/2004\/01\/j_peteese_pihor.gif\" alt=\"PETEESE Y PIHOR\" width=\"97\" height=\"44\" border=\"0\" hspace=\"6\" \/><\/td>\n<\/tr>\n<\/tbody>\n<\/table>\n<p style=\"text-align: justify;\"><img decoding=\"async\" loading=\"lazy\" class=\" size-full wp-image-374\" title=\"PETEESE Y PIHOR\" src=\"  http:\/\/amigosdelantiguoegipto.com\/wp-content\/uploads\/varios\/diccionario-mitologia\/2004\/01\/j_peteese_pihor2.gif\" alt=\"PETEESE Y PIHOR\" width=\"114\" height=\"44\" border=\"0\" hspace=\"6\" \/><\/p>\n<p style=\"text-align: justify;\"><strong>TRANSLITERACI\u00d3N:<\/strong> <span style=\"font-family: Transliteration; font-size: medium;\">pAdiAst \/ pAHr<\/span><br \/>\n<strong>NOMBRE EGIPCIO:<\/strong> PADISUT Y PA HOR<br \/>\n<strong>NOMBRE GRIEGO\/ROMANO:<\/strong> PETEESE\/PETESUJOS Y PNEFEROS\/PIHOR<br \/>\n<strong>ICONOGRAF\u00cdA:<\/strong> Completamente humana.<\/p>\n<p style=\"text-align: justify;\"><strong>SINOPSIS:<\/strong> Nos encontramos ante dos personajes divinizados. Con mucha probabilidad su deificaci\u00f3n fue fruto de una triste coincidencia, interpretada bajo el prisma religioso.<br \/>\nPeteese y Pihor fueron dos hermanos, que viv\u00edan en el \u00e1rea de Dendur y que, sin que sepamos con certeza la causa, perecieron ahogados en el Nilo. Hasta aqu\u00ed no hab\u00eda ocurrido nada que no fuera tristemente habitual para los habitantes del antiguo Egipto. Sin embargo, estos dos hermanos, por alguna causa que se nos escapa (\u00bftal vez porque el suceso tuvo lugar durante una celebraci\u00f3n sagrada?), lejos de permanecer en el anonimato, se identificaron con la muerte de Osiris en las aguas nil\u00f3ticas y tuvieron un templo en Dendur, erigido por Augusto. Como ellos, Osiris hab\u00eda sido lanzado al r\u00edo y ahogado por obra de su hermano Seth.<\/p>\n<h3 style=\"text-align: justify;\">PTAH<\/h3>\n<table border=\"0\" align=\"center\">\n<tbody>\n<tr>\n<td><\/td>\n<\/tr>\n<tr>\n<td align=\"center\" bgcolor=\"#FFFFFF\" width=\"200\"><img decoding=\"async\" loading=\"lazy\" class=\" size-full wp-image-375\" title=\"PTAH\" src=\"  http:\/\/amigosdelantiguoegipto.com\/wp-content\/uploads\/varios\/diccionario-mitologia\/2004\/01\/ptah1.gif\" alt=\"PTAH\" width=\"91\" height=\"200\" border=\"0\" hspace=\"6\" \/><\/td>\n<\/tr>\n<tr>\n<td height=\"10\"><\/td>\n<\/tr>\n<tr>\n<td align=\"center\"><img decoding=\"async\" loading=\"lazy\" class=\" size-full wp-image-376\" title=\"PTAH\" src=\"  http:\/\/amigosdelantiguoegipto.com\/wp-content\/uploads\/varios\/diccionario-mitologia\/2004\/01\/j_ptah.gif\" alt=\"PTAH\" width=\"61\" height=\"44\" border=\"0\" hspace=\"6\" \/><\/td>\n<\/tr>\n<\/tbody>\n<\/table>\n<p style=\"text-align: justify;\"><img decoding=\"async\" loading=\"lazy\" class=\" size-full wp-image-377\" title=\"PTAH\" src=\"  http:\/\/amigosdelantiguoegipto.com\/wp-content\/uploads\/varios\/diccionario-mitologia\/2004\/01\/j_ptah2.gif\" alt=\"PTAH\" width=\"25\" height=\"44\" border=\"0\" hspace=\"6\" \/><\/p>\n<p style=\"text-align: justify;\"><strong>TRANSLITERACI\u00d3N:<\/strong> <span style=\"font-family: Transliteration; font-size: medium;\">ptH<\/span><br \/>\n<strong>NOMBRE EGIPCIO:<\/strong> PTAH<br \/>\n<strong>NOMBRE GRIEGO\/ROMANO:<\/strong> HEFESTO, VULCANO<br \/>\n<strong>ICONOGRAF\u00cdA:<\/strong> Hombre de peque\u00f1a estatura envuelto en un sudario del que salen sus manos. \u00c9stas sujetan un cetro compuesto por el pilar dyed (vegetaci\u00f3n y fertilidad). A partir de Reino Medio, a este cetro se le a\u00f1ade el uas (estabilidad) y el anj (vida), combinando todos. Sobre la cabeza porta un bonete.<br \/>\nEs el \u00fanico dios que ostenta una barba recta, en lugar de la tradicional con el extremo curvado.<br \/>\nEn algunas ocasiones puede aparecer sin aspecto momiforme, representado como un hombre con cuernos que lleva sobre la cabeza un disco solar y plumas, confundi\u00e9ndose con algunas formas de Osiris. Bajo su manifestaci\u00f3n animal se encuentra como el toro Apis (considerado, en \u00c9poca Tard\u00eda, su ba y su heraldo).<\/p>\n<p class=\"img\" style=\"text-align: justify;\"><img decoding=\"async\" loading=\"lazy\" class=\" size-full wp-image-378\" title=\"PTAH\" src=\"  http:\/\/amigosdelantiguoegipto.com\/wp-content\/uploads\/varios\/diccionario-mitologia\/2004\/01\/ptah2.gif\" alt=\"PTAH\" width=\"162\" height=\"200\" border=\"0\" hspace=\"6\" \/><\/p>\n<p style=\"text-align: justify;\"><strong>SINOPSIS:<\/strong> Es uno de los dioses m\u00e1s importantes del pante\u00f3n; se encuentra desde finales del Periodo Predin\u00e1stico, cuando ya aparece con el mismo aspecto que mantendr\u00e1 a lo largo de toda la historia fara\u00f3nica.<br \/>\nNo hay seguridad del significado de su nombre, pero se baraja entre \u201cel Modelador\u201d y \u201cel Creador\u201d y como tal tuvo una importante funci\u00f3n relacionada con el destino del reci\u00e9n nacido.<br \/>\nSu importancia se mantuvo por ser una deidad adorada en la capital del Reino Antiguo: Menfis y una de sus asimilaciones m\u00e1s tempranas fue con Tatenen, dios local y creador, de donde tom\u00f3 su car\u00e1cter de demiurgo, estando a la cabeza de la teolog\u00eda menfita, un mito mucho m\u00e1s elaborado y filos\u00f3fico de lo que nos tiene acostumbrados el pensamiento egipcio, donde se evita la intervenci\u00f3n del sexo en la creaci\u00f3n; Ptah cre\u00f3, por medio de conceptos tan espirituales como su coraz\u00f3n (sede del pensamiento), su lengua (el verbo creador) y la Maat (concepto del orden y la justicia), siendo todos ellos aspectos del dios demiurgo.<br \/>\nEl mito se recoge en la llamada Piedra de Shabaka de la dinast\u00eda XXV, donde se afirma que corresponde a un texto m\u00e1s antiguo de dataci\u00f3n incierta, copiado para evitar su destrucci\u00f3n, y en el Papiro Harris, entre otros.<br \/>\nOtra de sus funciones, quiz\u00e1 la m\u00e1s antigua, es la de patronode los artesanos (sobre todo orfebres y escultores) ya que se consider\u00f3 el inventor de las t\u00e9cnicas y las pr\u00e1cticas manuales. Cumpliendo este papel fue venerado en las proximidades de las aldeas de artesanos. Durante el Reino Antiguo los trabajos relacionados con la joyer\u00eda pod\u00edan ser ocupados por enanos, que se encontraban bajo la tutela de Ptah y de los hijos de \u00e9ste: los Patecos. Esta funci\u00f3n de divino art\u00edfice pudo ser causa de que fuera considerado un dios creador del mundo y de los seres vivos. Adem\u00e1s se le consider\u00f3 patrono de la realeza y director de las fiestas jubilares. \u00c9l garantizaba al soberano el \u00e9xito de su regeneraci\u00f3n.<br \/>\nSu trascendencia puede colegirse del hecho de ser la \u00fanica divinidad que no se fundi\u00f3 con Ra, a partir del Primer Periodo Intermedio.<br \/>\nBajo el aspecto de toro Apis, represent\u00f3 la fecundidad del suelo y el poder germinador.<br \/>\nSu santuario de Menfis explica su t\u00edtulo: \u201cEl que est\u00e1 sobre su Muro\u201d.<\/p>\n<h3 style=\"text-align: justify;\">PTAH-SOKAR-OSIRIS<\/h3>\n<table border=\"0\" align=\"center\">\n<tbody>\n<tr>\n<td><\/td>\n<\/tr>\n<tr>\n<td align=\"center\" bgcolor=\"#FFFFFF\" width=\"200\"><img decoding=\"async\" loading=\"lazy\" class=\" size-full wp-image-379\" title=\"PTAH-SOKAR-OSIRIS\" src=\"  http:\/\/amigosdelantiguoegipto.com\/wp-content\/uploads\/varios\/diccionario-mitologia\/2004\/01\/ptah_sokar_osiris.gif\" alt=\"PTAH-SOKAR-OSIRIS\" width=\"88\" height=\"200\" border=\"0\" hspace=\"6\" \/><\/td>\n<\/tr>\n<tr>\n<td height=\"10\"><\/td>\n<\/tr>\n<tr>\n<td align=\"center\"><img decoding=\"async\" loading=\"lazy\" class=\" size-full wp-image-380\" title=\"PTAH-SOKAR-OSIRIS\" src=\"  http:\/\/amigosdelantiguoegipto.com\/wp-content\/uploads\/varios\/diccionario-mitologia\/2004\/01\/j_ptah_socar_osiris.gif\" alt=\"PTAH-SOKAR-OSIRIS\" width=\"149\" height=\"44\" border=\"0\" hspace=\"6\" \/><\/td>\n<\/tr>\n<\/tbody>\n<\/table>\n<p style=\"text-align: justify;\"><strong>TRANSLITERACI\u00d3N:<\/strong> <span style=\"font-family: Transliteration; font-size: medium;\">ptHskrwsir<\/span><br \/>\n<strong>NOMBRE EGIPCIO:<\/strong> PTAH-SOKAR-USIR<br \/>\n<strong>ICONOGRAF\u00cdA:<\/strong> Aspecto momiforme con cabeza generalmente humana, aunque tambi\u00e9n puede tener cabeza de halc\u00f3n y dos plumas sobre \u00e9sta. En ocasiones se represent\u00f3 bajo la apariencia de un toro, halc\u00f3n con la corona blanca del Alto Egipto flanqueada por dos plumas (atef ), en cuya base tiene dos cuernos horizontales retorcidos y a veces disco solar.<\/p>\n<p style=\"text-align: justify;\"><strong>SINOPSIS:<\/strong> Es una deidad eminentemente funeraria, s\u00edmbolo de resurrecci\u00f3n que aparece en el Reino Medio, aunque goz\u00f3 de una especial devoci\u00f3n en la \u00c9poca Baja.<br \/>\nPtah-Sokar-Osiris era una de las formas tard\u00edas del dios Ptah, asimilado tambi\u00e9n a Sokar y a Osiris. De este modo, agrupa tanto las funciones creadoras como las funerarias o las relacionadas con la fertilidad. As\u00ed, tenemos: dos dioses adscritos al mundo funerario (Sokar y Osiris), pero adem\u00e1s dos entidades divinas del \u00e1rea de Menfis (Ptah y Sokar), obteniendo un dios funerario que rememora no s\u00f3lo la muerte y resurrecci\u00f3n, sino que mediante un juego mitol\u00f3gico se une a los remotos ascendentes del rey que proced\u00edan de esta importante zona geogr\u00e1fica.<br \/>\nLas figuras de esta divinidad sol\u00edan asentarse sobre una base, en la que se guardaba un papiro que recog\u00eda fragmentos del Libro de los Muertos. En \u00e9sta, y frente al dios, pod\u00eda representarse el ba del fallecido en forma de p\u00e1jaro. Igualmente, en la base acostumbraba a aparecer una serpiente estirada como s\u00edmbolo de la metamorfosis.<\/p>\n<h3 style=\"text-align: justify;\">PURSEPMUNIS<\/h3>\n<p style=\"text-align: justify;\"><strong>NOMBRE JEROGLIF\u00cdCO:<\/strong> No se conoce.<br \/>\n<strong>NOMBRE DEM\u00d3TICO:<\/strong> PUR\u0160EPMNE<br \/>\n<strong>NOMBRE GRIEGO\/ROMANO:<\/strong> PURSEPMUNIS\/PURSEPMUNES\/PERSEPMUMES<\/p>\n<p style=\"text-align: justify;\"><strong>SINOPSIS:<\/strong> Nos encontramos ante una divinidad masculina y local, de origen Nubio, cuyos datos son escas\u00edsimos. Suele estar acompa\u00f1ado de la diosa Isis y de otra diosa de caracter\u00edsticas similares, denominada Sruptichis. Ambos se relacionan con cultos agr\u00edcolas, es decir, fueron venerados como dioses de la vegetaci\u00f3n. Seg\u00fan Zucker (1912), desde el siglo III d.C., se atestigua el culto com\u00fan de las tres divinidades.<br \/>\nDe Pursepmunis conocemos un ep\u00edteto, gracias a los proskynemata de las canteras de Kertassi, donde se le llama \u201cAparici\u00f3n de los Dioses\u201d.<\/p>\n<hr \/>\n<p style=\"text-align: justify;\"><strong>Este trabajo es cortes\u00eda de la Editorial Aldebar\u00e1n y de su Autora Elisa Castel. Ambos nos han concedido permiso expreso para reproducir gratuitamente en nuestras p\u00e1ginas una s\u00edntesis del libro &#8220;Gran Diccionario de Mitolog\u00eda Egipcia&#8221;.<\/strong><\/p>\n","protected":false},"excerpt":{"rendered":"<p>[Introducci\u00f3n] [A] [B] [C] [D] [E] [F] [G] [H] [I] [J] [K] [M] [N] [O] [P] [Q] [R] [S] [T] [U] &nbsp; Elisa Castel Ronda &#8211; Enero de 2004 PAJET TRANSLITERACI\u00d3N: pxT NOMBRE EGIPCIO: PAJET NOMBRE GRIEGO\/ROMANO: ARTEMISA ICONOGRAF\u00cdA: Mujer con cabeza de leona. Sobre \u00e9sta lleva un disco solar colocado entre dos cuernos liriformes y dos plumas. Bajo su&#8230;<\/p>\n<p class=\"continue-reading-button\"> <a class=\"continue-reading-link\" href=\"http:\/\/amigosdelantiguoegipto.com\/?page_id=381\">Seguir leyendo<i class=\"crycon-right-dir\"><\/i><\/a><\/p>\n","protected":false},"author":1,"featured_media":0,"parent":0,"menu_order":16,"comment_status":"closed","ping_status":"closed","template":"","meta":{"ngg_post_thumbnail":0},"_links":{"self":[{"href":"http:\/\/amigosdelantiguoegipto.com\/index.php?rest_route=\/wp\/v2\/pages\/381"}],"collection":[{"href":"http:\/\/amigosdelantiguoegipto.com\/index.php?rest_route=\/wp\/v2\/pages"}],"about":[{"href":"http:\/\/amigosdelantiguoegipto.com\/index.php?rest_route=\/wp\/v2\/types\/page"}],"author":[{"embeddable":true,"href":"http:\/\/amigosdelantiguoegipto.com\/index.php?rest_route=\/wp\/v2\/users\/1"}],"replies":[{"embeddable":true,"href":"http:\/\/amigosdelantiguoegipto.com\/index.php?rest_route=%2Fwp%2Fv2%2Fcomments&post=381"}],"version-history":[{"count":0,"href":"http:\/\/amigosdelantiguoegipto.com\/index.php?rest_route=\/wp\/v2\/pages\/381\/revisions"}],"wp:attachment":[{"href":"http:\/\/amigosdelantiguoegipto.com\/index.php?rest_route=%2Fwp%2Fv2%2Fmedia&parent=381"}],"curies":[{"name":"wp","href":"https:\/\/api.w.org\/{rel}","templated":true}]}}