{"id":37,"date":"2014-05-21T16:54:13","date_gmt":"2014-05-21T16:54:13","guid":{"rendered":"http:\/\/amigosdelantiguoegipto.com\/?page_id=37"},"modified":"2015-06-18T20:57:33","modified_gmt":"2015-06-18T20:57:33","slug":"contacto","status":"publish","type":"page","link":"http:\/\/amigosdelantiguoegipto.com\/?page_id=37","title":{"rendered":"Contacto"},"content":{"rendered":"<p><img decoding=\"async\" loading=\"lazy\" class=\"alignleft wp-image-1\" src=\"http:\/\/amigosdelantiguoegipto.com\/wp-content\/uploads\/2014\/05\/aae.jpg\" alt=\"AaA\" width=\"63\" height=\"63\" \/><\/p>\n<p>&nbsp;<\/p>\n<p><em><strong>Amigos del antiguo Egipto<\/strong><\/em><\/p>\n<p>Si quieres contactar con nosotros, enviarnos informaci\u00f3n o simplemente realizar alguna sugerencia, puedes hacerlo a trav\u00e9s de <a href=\"https:\/\/www.facebook.com\/amigos.egipto\" target=\"_blank\">nuestra p\u00e1gina de facebook<\/a> desde la que, adem\u00e1s, podr\u00e1s seguir todas las noticias y novedades egiptol\u00f3gicas.<\/p>\n<p style=\"text-align: right;\">Gracias<br \/>\nAdministradores de AaE<\/p>\n<p>&nbsp;<\/p>\n","protected":false},"excerpt":{"rendered":"<p>&nbsp; Amigos del antiguo Egipto Si quieres contactar con nosotros, enviarnos informaci\u00f3n o simplemente realizar alguna sugerencia, puedes hacerlo a trav\u00e9s de nuestra p\u00e1gina de facebook desde la que, adem\u00e1s, podr\u00e1s seguir todas las noticias y novedades egiptol\u00f3gicas. Gracias Administradores de AaE &nbsp;<\/p>\n<p class=\"continue-reading-button\"> <a class=\"continue-reading-link\" href=\"http:\/\/amigosdelantiguoegipto.com\/?page_id=37\">Seguir leyendo<i class=\"crycon-right-dir\"><\/i><\/a><\/p>\n","protected":false},"author":1,"featured_media":0,"parent":0,"menu_order":0,"comment_status":"closed","ping_status":"closed","template":"","meta":{"ngg_post_thumbnail":0},"_links":{"self":[{"href":"http:\/\/amigosdelantiguoegipto.com\/index.php?rest_route=\/wp\/v2\/pages\/37"}],"collection":[{"href":"http:\/\/amigosdelantiguoegipto.com\/index.php?rest_route=\/wp\/v2\/pages"}],"about":[{"href":"http:\/\/amigosdelantiguoegipto.com\/index.php?rest_route=\/wp\/v2\/types\/page"}],"author":[{"embeddable":true,"href":"http:\/\/amigosdelantiguoegipto.com\/index.php?rest_route=\/wp\/v2\/users\/1"}],"replies":[{"embeddable":true,"href":"http:\/\/amigosdelantiguoegipto.com\/index.php?rest_route=%2Fwp%2Fv2%2Fcomments&post=37"}],"version-history":[{"count":0,"href":"http:\/\/amigosdelantiguoegipto.com\/index.php?rest_route=\/wp\/v2\/pages\/37\/revisions"}],"wp:attachment":[{"href":"http:\/\/amigosdelantiguoegipto.com\/index.php?rest_route=%2Fwp%2Fv2%2Fmedia&parent=37"}],"curies":[{"name":"wp","href":"https:\/\/api.w.org\/{rel}","templated":true}]}}