{"id":34,"date":"2014-06-23T11:50:26","date_gmt":"2014-06-23T11:50:26","guid":{"rendered":"http:\/\/amigosdelantiguoegipto.com\/?page_id=34"},"modified":"2014-07-28T20:27:09","modified_gmt":"2014-07-28T20:27:09","slug":"que-es-amigos-del-antiguo-egipto","status":"publish","type":"page","link":"http:\/\/amigosdelantiguoegipto.com\/?page_id=34","title":{"rendered":"\u00bfQu\u00e9 es Amigos del antiguo Egipto?"},"content":{"rendered":"<div id=\"attachment_7147\" style=\"width: 810px\" class=\"wp-caption alignnone\"><img aria-describedby=\"caption-attachment-7147\" decoding=\"async\" loading=\"lazy\" class=\"wp-image-7147 size-full\" title=\"Cena de coordinadores en Zaragoza. V\u00edctor, Cristina, Elisa, Manuel, Rosa, Jos\u00e9 Antonio, Francisco, Miguel \u00c1ngel, Silvia, Jaume, Montserrat y Marisa.\" src=\"http:\/\/amigosdelantiguoegipto.com\/wp-content\/uploads\/2014\/05\/Victor_02_100_5969.jpg\" alt=\"Cena de coordinadores en Zaragoza. V\u00edctor, Cristina, Elisa, Manuel, Rosa, Jos\u00e9 Antonio, Francisco, Miguel \u00c1ngel, Silvia, Jaume, Montserrat y Marisa.\" width=\"800\" height=\"337\" srcset=\"http:\/\/amigosdelantiguoegipto.com\/wp-content\/uploads\/2014\/05\/Victor_02_100_5969.jpg 800w, http:\/\/amigosdelantiguoegipto.com\/wp-content\/uploads\/2014\/05\/Victor_02_100_5969-300x126.jpg 300w, http:\/\/amigosdelantiguoegipto.com\/wp-content\/uploads\/2014\/05\/Victor_02_100_5969-150x63.jpg 150w\" sizes=\"(max-width: 800px) 100vw, 800px\" \/><p id=\"caption-attachment-7147\" class=\"wp-caption-text\">Cena de coordinadores en Zaragoza. V\u00edctor, Cristina, Elisa, Manuel, Rosa, Jos\u00e9 Antonio, Francisco, Miguel \u00c1ngel, Silvia, Jaume, Montserrat y Marisa.<\/p><\/div>\n<p style=\"text-align: justify;\">En 1996 <strong>V\u00edctor Rivas Figueras <\/strong><strong>(1964-2013)<\/strong> fund\u00f3 la web <em>Amigos de la Egiptolog\u00eda<\/em>, (AE) un proyecto que un\u00eda dos de sus grandes pasiones, el dise\u00f1o de p\u00e1ginas web y la egiptolog\u00eda. Lo que empez\u00f3 como un simple trabajo de fin de carrera pronto se convirti\u00f3 en un referente de la egiptolog\u00eda en castellano, con un dise\u00f1o y unos contenidos muy elaborados. Era la \u00e9poca \u201cdorada\u201d de los inicios de Internet, un medio nuevo que se nos ofrec\u00eda para descubrir contenidos que hasta entonces solo se pod\u00edan encontrar en libros muy especializados, y muchas veces en otras lenguas, y a precios muy altos. Pero este nuevo medio ten\u00eda un problema. Cualquiera, al margen de sus conocimientos, pod\u00eda escribir y publicar en Internet, cuesti\u00f3n que se reflejaba en los foros y listas de distribuci\u00f3n, en los que surg\u00edan piramid\u00f3logos, teor\u00edas de misterios inexplicables, extraterrestres, etc., pero V\u00edctor siempre supo dirigir la lista de distribuci\u00f3n y la p\u00e1gina web evitando discusiones y p\u00e9rdidas de tiempo sobre este tipo de temas, que tanto da\u00f1o y confusi\u00f3n han causado a los que se quer\u00edan iniciarse en el conocimiento de la historia de Egipto.<\/p>\n<div id=\"attachment_7150\" style=\"width: 260px\" class=\"wp-caption alignright\"><img aria-describedby=\"caption-attachment-7150\" decoding=\"async\" loading=\"lazy\" class=\"wp-image-7150\" title=\"V\u00edctor en su primer viaje a Egipto con Jaume.\" src=\"http:\/\/amigosdelantiguoegipto.com\/wp-content\/uploads\/2014\/05\/Victor_04_Diapo_001-300x300.jpg\" alt=\"V\u00edctor en su primer viaje a Egipto con Jaume.\" width=\"250\" height=\"250\" srcset=\"http:\/\/amigosdelantiguoegipto.com\/wp-content\/uploads\/2014\/05\/Victor_04_Diapo_001-300x300.jpg 300w, http:\/\/amigosdelantiguoegipto.com\/wp-content\/uploads\/2014\/05\/Victor_04_Diapo_001-150x150.jpg 150w, http:\/\/amigosdelantiguoegipto.com\/wp-content\/uploads\/2014\/05\/Victor_04_Diapo_001-180x180.jpg 180w, http:\/\/amigosdelantiguoegipto.com\/wp-content\/uploads\/2014\/05\/Victor_04_Diapo_001.jpg 400w\" sizes=\"(max-width: 250px) 100vw, 250px\" \/><p id=\"caption-attachment-7150\" class=\"wp-caption-text\">V\u00edctor en su primer viaje a Egipto con Jaume.<\/p><\/div>\n<p style=\"text-align: justify;\">Empezamos a reunirnos en los primeros <em>chat<\/em> del IRC-hispano para compartir nuestra afici\u00f3n. All\u00ed fuimos conociendo a m\u00e1s y m\u00e1s compa\u00f1eros que se un\u00edan virtualmente al proyecto de V\u00edctor. Fueron muchas horas de sue\u00f1o robado, pero siempre lo hicimos con ilusi\u00f3n y con la seguridad de que la labor divulgativa que pretend\u00edamos tendr\u00eda su recompensa en el crecimiento de Amigos de la Egiptolog\u00eda.<\/p>\n<p style=\"text-align: justify;\">El 15 de mayo de 1998 fue un d\u00eda muy especial. Todos quer\u00edamos conocernos en persona y finalmente se celebr\u00f3 en Madrid la primera quedada de AE y el lugar elegido fue, como no pod\u00eda ser de otra forma, el Templo de Debod. A\u00fan recordamos como si fuera hoy, el momento en el que conocimos a V\u00edctor en el aeropuerto de Barajas al que hab\u00edamos ido a recoger de su viaje desde Barcelona, y sus nervios durante la comida en la Plaza de Espa\u00f1a por la responsabilidad que se le ven\u00eda encima. Todo fue perfecto y el proyecto de AE se consolid\u00f3, ya no hab\u00eda nadie que pudiera parar toda la ilusi\u00f3n que vivimos en aquellos momentos. Posteriormente nos reunir\u00edamos muchas veces m\u00e1s, quiz\u00e1s no las suficientes, en Madrid, Barcelona o Zaragoza. Fueron noches de cenas, conversaciones y sobre todo de grandes momentos en compa\u00f1\u00eda de muy buenos amigos.<\/p>\n<div id=\"attachment_17790\" style=\"width: 863px\" class=\"wp-caption aligncenter\"><img aria-describedby=\"caption-attachment-17790\" decoding=\"async\" loading=\"lazy\" class=\"wp-image-17790 size-full\" src=\"http:\/\/amigosdelantiguoegipto.com\/wp-content\/uploads\/2014\/06\/Desert_egipci.jpg\" alt=\"Un poco de humor en el desierto l\u00edbico.\" width=\"853\" height=\"422\" srcset=\"http:\/\/amigosdelantiguoegipto.com\/wp-content\/uploads\/2014\/06\/Desert_egipci.jpg 853w, http:\/\/amigosdelantiguoegipto.com\/wp-content\/uploads\/2014\/06\/Desert_egipci-300x148.jpg 300w, http:\/\/amigosdelantiguoegipto.com\/wp-content\/uploads\/2014\/06\/Desert_egipci-150x74.jpg 150w\" sizes=\"(max-width: 853px) 100vw, 853px\" \/><p id=\"caption-attachment-17790\" class=\"wp-caption-text\">Un poco de humor en el desierto l\u00edbico.<\/p><\/div>\n<p style=\"text-align: justify;\">Poco a poco la p\u00e1gina se fue consolidando y creciendo. Pronto surgieron los coordinadores, personas que se encargaban de determinadas secciones como religi\u00f3n, medicina, geograf\u00eda, arte, etc., respondiendo a las numerosas preguntas que a diario se realizaban a trav\u00e9s de la lista de distribuci\u00f3n de mensajes y verificando todos los art\u00edculos y textos que se nos enviaban para incluir en las diferentes secciones.<\/p>\n<p style=\"text-align: justify;\">En julio de 2003 se produjo un nuevo impulso en la web, nac\u00eda el <em>Bolet\u00edn Informativo de Amigos de la Egiptolog\u00eda<\/em>\u00a0(BIAE), un proyecto inicial propuesto y llevado a cabo por Francisco L\u00f3pez, en el que nuevamente pon\u00edamos toda nuestra ilusi\u00f3n y del que fue editor durante los primeros 64 n\u00fameros con periodicidad mensual, continuando despu\u00e9s, con un nuevo dise\u00f1o y periodicidad trimestral, edit\u00e1ndose 12 boletines m\u00e1s, siendo su \u00faltimo n\u00famero en diciembre de 2011. Como un incesante goteo, se iban publicando en cada edici\u00f3n del bolet\u00edn nuevos e interesantes art\u00edculos, incluyendo novedades editoriales, exposiciones, noticias y toda la actualidad egiptol\u00f3gica. Estas fueron las palabras que V\u00edctor dedic\u00f3 a este primer n\u00famero del BIAE:<\/p>\n<p style=\"text-align: justify; padding-left: 60px;\"><em>\u201cBienvenidos al nuevo Bolet\u00edn Informativo de Amigos de la Egiptolog\u00eda. Queremos agradeceros la confianza que hab\u00e9is depositado en todos nosotros, gracias a la cual podemos, d\u00eda a d\u00eda, ir aumentando los servicios que ofrece la web de AE, con la \u00fanica intenci\u00f3n de contribuir a la difusi\u00f3n de la egiptolog\u00eda.<\/em><\/p>\n<p style=\"text-align: justify; padding-left: 60px;\"><em>En esta ocasi\u00f3n, el Bolet\u00edn Mensual de AE, pretende cubrir un espacio necesario, enfocado al resumen de todas las actividades, noticias, novedades y presentaciones relacionadas con la egiptolog\u00eda en castellano durante el \u00faltimo mes, y que f\u00e1cilmente puede ser guardado para una posterior consulta.<\/em><\/p>\n<p style=\"text-align: justify; padding-left: 60px;\"><em>Para finalizar s\u00f3lo deseo que esta iniciativa sea de vuestro agrado y agradecer p\u00fablicamente a Francisco L\u00f3pez su esfuerzo y voluntad para llevar a buen t\u00e9rmino una empresa tan ambiciosa. \u201d<\/em><\/p>\n<p style=\"text-align: justify;\">Esperamos que un d\u00eda no muy lejano y cuando las circunstancias lo permitan, podamos reanudar este medio de comunicaci\u00f3n que tanta aceptaci\u00f3n tuvo en su momento.<\/p>\n<div id=\"attachment_7178\" style=\"width: 130px\" class=\"wp-caption alignright\"><img aria-describedby=\"caption-attachment-7178\" decoding=\"async\" loading=\"lazy\" class=\"wp-image-7178\" title=\"Pilar y Miguel \u00c1ngel.\" src=\"http:\/\/amigosdelantiguoegipto.com\/wp-content\/uploads\/2014\/05\/Pilar-i-Miguel-Angel.jpg\" alt=\"Pilar y Miguel \u00c1ngel.\" width=\"120\" height=\"363\" srcset=\"http:\/\/amigosdelantiguoegipto.com\/wp-content\/uploads\/2014\/05\/Pilar-i-Miguel-Angel.jpg 300w, http:\/\/amigosdelantiguoegipto.com\/wp-content\/uploads\/2014\/05\/Pilar-i-Miguel-Angel-99x300.jpg 99w\" sizes=\"(max-width: 120px) 100vw, 120px\" \/><p id=\"caption-attachment-7178\" class=\"wp-caption-text\">Pilar y Miguel \u00c1ngel.<\/p><\/div>\n<p style=\"text-align: justify;\">Fueron a\u00f1os de total ilusi\u00f3n e intensa labor para dar a conocer y promocionar la cultura del antiguo Egipto que, impulsada por V\u00edctor Rivas y un grupo de amigos, intent\u00e1bamos poner al alcance de todo el mundo de habla hispana en una plataforma que diera cabida a nuestros intereses comunes. Muchos fueron los coordinadores que en un momento u otro de su vida colaboraron y se unieron con ilusi\u00f3n a este ambicioso proyecto, hasta que circunstancias personales, familiares o profesionales les obligaron a dejarlo. Para todos ellos nuestro m\u00e1s sincero recuerdo. Hubo d\u00edas de grandes alegr\u00edas pero tambi\u00e9n de grandes tristezas dif\u00edciles de superar. En febrero de 2010 falleci\u00f3 nuestra compa\u00f1era Pilar P\u00e9rez Gonz\u00e1lez, coordinadora de la secci\u00f3n \u201cLa mujer en el antiguo Egipto\u201d y en octubre de 2011 falleci\u00f3 nuestro compa\u00f1ero Miguel \u00c1ngel D\u00edaz Garc\u00eda, especialista en la \u00e9poca de Amarna y coordinador de la secci\u00f3n de &#8220;Arte y Arqueolog\u00eda&#8221;.<\/p>\n<div id=\"attachment_7148\" style=\"width: 310px\" class=\"wp-caption alignleft\"><img aria-describedby=\"caption-attachment-7148\" decoding=\"async\" loading=\"lazy\" class=\"wp-image-7148\" title=\"En el templo de Medinet Habu, Pere, Jaume, Javier, M\u00aa Elena, S\u00edlvia y V\u00edctor.\" src=\"http:\/\/amigosdelantiguoegipto.com\/wp-content\/uploads\/2014\/05\/Victor_02_DSCF4634.jpg\" alt=\"En el templo de Medinet Habu, Pere, Jaume, Javier, M\u00aa Elena, S\u00edlvia y V\u00edctor.\" width=\"300\" height=\"413\" srcset=\"http:\/\/amigosdelantiguoegipto.com\/wp-content\/uploads\/2014\/05\/Victor_02_DSCF4634.jpg 400w, http:\/\/amigosdelantiguoegipto.com\/wp-content\/uploads\/2014\/05\/Victor_02_DSCF4634-217x300.jpg 217w, http:\/\/amigosdelantiguoegipto.com\/wp-content\/uploads\/2014\/05\/Victor_02_DSCF4634-108x150.jpg 108w\" sizes=\"(max-width: 300px) 100vw, 300px\" \/><p id=\"caption-attachment-7148\" class=\"wp-caption-text\">En el templo de Medinet Habu, Pere, Jaume, Javier, M\u00aa Elena, S\u00edlvia y V\u00edctor.<\/p><\/div>\n<p style=\"text-align: justify;\">Miguel \u00c1ngel y V\u00edctor alentados por Jaume Viv\u00f3 se afiliaron el mismo d\u00eda, en octubre de 1999, a la <em><a title=\"Societat Catalana d'Egiptologia\" href=\"http:\/\/www.egiptologia.cat\" target=\"_blank\">Societat Catalana d\u2019Egiptologia<\/a><\/em> en la que participaron muy activamente, pasando V\u00edctor a formar parte de la junta directiva pocos a\u00f1os despu\u00e9s, siendo el responsable de \u201cNuevas tecnolog\u00edas\u201d y haci\u00e9ndose cargo adem\u00e1s, como no, de la p\u00e1gina web de la sociedad a la que le dio un renovado empuje. Su gran amistad con Joan Miralles, Javier Uriach y Pere Sim\u00f3 ha estimulado que se unan sin vacilar a este nuevo proyecto, junto con algunos de los antiguos miembros: Cristina, Francisco, Manuel y Jaume.<\/p>\n<p style=\"text-align: justify;\">No habiendo superado todav\u00eda la desaparici\u00f3n de nuestros amigos Pilar y Miguel \u00c1ngel, el destino nos depar\u00f3 un nuevo y terrible golpe dif\u00edcil de superar. El 24 de junio de 2013 V\u00edctor Rivas falleci\u00f3 repentinamente dej\u00e1ndonos a todos hu\u00e9rfanos. Duros momentos para su familia sobretodo, y amigos. Los coordinadores de AE intentamos continuar con su encomiable labor, algo que conseguimos parcialmente durante los siguientes meses. Pero en abril de 2014 el dominio web de\u00a0<em>Amigos de la Egiptolog\u00eda<\/em> fue adquirido por un nuevo propietario.\u00a0 Fue entonces cuando un grupo de coordinadores, con gran pesar por lo que hab\u00eda sido el nexo de uni\u00f3n de todos nosotros a lo largo de m\u00e1s de 16 a\u00f1os y por todo el trabajo que hab\u00edamos hecho juntos, decidimos desvincularnos de los nuevos propietarios y gestores de AE y crear\u00a0<strong>Amigos del antiguo Egipto<\/strong>, una p\u00e1gina que nace en honor y memoria de V\u00edctor Rivas, no \u00fanicamente como responsable de la web en la que puso tantas esperanzas, sino porque ante todo fue un gran amigo, y del que esperamos nos inspire para poder proseguir su obra con el mismo esp\u00edritu con el que fue creada en 1996.<\/p>\n<p style=\"text-align: justify;\">Y en esa labor nos encontramos&#8230;<\/p>\n<p style=\"text-align: justify;\"><img decoding=\"async\" loading=\"lazy\" class=\"alignnone wp-image-14882 size-full\" src=\"http:\/\/amigosdelantiguoegipto.com\/wp-content\/uploads\/2014\/06\/K640_DSC00513.jpg\" alt=\"\" width=\"308\" height=\"350\" srcset=\"http:\/\/amigosdelantiguoegipto.com\/wp-content\/uploads\/2014\/06\/K640_DSC00513.jpg 308w, http:\/\/amigosdelantiguoegipto.com\/wp-content\/uploads\/2014\/06\/K640_DSC00513-264x300.jpg 264w, http:\/\/amigosdelantiguoegipto.com\/wp-content\/uploads\/2014\/06\/K640_DSC00513-132x150.jpg 132w\" sizes=\"(max-width: 308px) 100vw, 308px\" \/><img decoding=\"async\" loading=\"lazy\" class=\"alignright wp-image-7193\" src=\"http:\/\/amigosdelantiguoegipto.com\/wp-content\/uploads\/2014\/05\/Victor_02_196_961.jpg\" alt=\"Victor_02_196_961\" width=\"446\" height=\"349\" srcset=\"http:\/\/amigosdelantiguoegipto.com\/wp-content\/uploads\/2014\/05\/Victor_02_196_961.jpg 447w, http:\/\/amigosdelantiguoegipto.com\/wp-content\/uploads\/2014\/05\/Victor_02_196_961-300x234.jpg 300w, http:\/\/amigosdelantiguoegipto.com\/wp-content\/uploads\/2014\/05\/Victor_02_196_961-150x117.jpg 150w\" sizes=\"(max-width: 446px) 100vw, 446px\" \/><\/p>\n<p><img decoding=\"async\" loading=\"lazy\" class=\"aligncenter size-full wp-image-7149\" src=\"http:\/\/amigosdelantiguoegipto.com\/wp-content\/uploads\/2014\/05\/Victor_03_DSC08857.jpg\" alt=\"Victor_03_DSC08857\" width=\"800\" height=\"338\" srcset=\"http:\/\/amigosdelantiguoegipto.com\/wp-content\/uploads\/2014\/05\/Victor_03_DSC08857.jpg 800w, http:\/\/amigosdelantiguoegipto.com\/wp-content\/uploads\/2014\/05\/Victor_03_DSC08857-300x126.jpg 300w, http:\/\/amigosdelantiguoegipto.com\/wp-content\/uploads\/2014\/05\/Victor_03_DSC08857-150x63.jpg 150w\" sizes=\"(max-width: 800px) 100vw, 800px\" \/><img decoding=\"async\" loading=\"lazy\" class=\"alignleft size-full wp-image-7198\" src=\"http:\/\/amigosdelantiguoegipto.com\/wp-content\/uploads\/2014\/05\/Victor_04_P1370831.jpg\" alt=\"Victor_04_P1370831\" width=\"380\" height=\"495\" srcset=\"http:\/\/amigosdelantiguoegipto.com\/wp-content\/uploads\/2014\/05\/Victor_04_P1370831.jpg 380w, http:\/\/amigosdelantiguoegipto.com\/wp-content\/uploads\/2014\/05\/Victor_04_P1370831-230x300.jpg 230w, http:\/\/amigosdelantiguoegipto.com\/wp-content\/uploads\/2014\/05\/Victor_04_P1370831-115x150.jpg 115w\" sizes=\"(max-width: 380px) 100vw, 380px\" \/><\/p>\n<p><img decoding=\"async\" loading=\"lazy\" class=\"alignright wp-image-17791\" src=\"http:\/\/amigosdelantiguoegipto.com\/wp-content\/uploads\/2014\/06\/societat.jpg\" alt=\"societat\" width=\"379\" height=\"494\" srcset=\"http:\/\/amigosdelantiguoegipto.com\/wp-content\/uploads\/2014\/06\/societat.jpg 380w, http:\/\/amigosdelantiguoegipto.com\/wp-content\/uploads\/2014\/06\/societat-230x300.jpg 230w, http:\/\/amigosdelantiguoegipto.com\/wp-content\/uploads\/2014\/06\/societat-115x150.jpg 115w\" sizes=\"(max-width: 379px) 100vw, 379px\" \/><\/p>\n<p style=\"text-align: justify;\"><strong>\u00bfQui\u00e9nes formamos parte de Amigos del antiguo Egipto?<\/strong><\/p>\n<p style=\"text-align: justify;\">Adem\u00e1s de los ex-coordinadores de distintas secciones de la antigua AE, Cristina Carracedo (ex-coordinadora de la secci\u00f3n de ni\u00f1os), Manuel Juaneda-Magdalena (ex-coordinador de la secci\u00f3n de Medicina), Francisco L\u00f3pez (ex-coordinador de la secci\u00f3n de religi\u00f3n y mitolog\u00eda, creador y editor del BIAE) y Jaume Viv\u00f3 (ex-coordinador de las secciones de Geograf\u00eda y Planos, y de la Sociedad Catalana de Egiptolog\u00eda), formamos parte de <strong>Amigos del antiguo Egipto<\/strong>: Albert Llarena, Joan Miralles, Pere Sim\u00f3 y Javier Uriach junto con otros colaboradores.<\/p>\n<p style=\"text-align: center;\"><a href=\"http:\/\/amigosdelantiguoegipto.com\/wp-content\/uploads\/2014\/06\/K640_DSC00131.jpg\"><img decoding=\"async\" loading=\"lazy\" class=\"alignnone wp-image-14867 size-full\" src=\"http:\/\/amigosdelantiguoegipto.com\/wp-content\/uploads\/2014\/06\/K640_DSC00131.jpg\" alt=\"\" width=\"640\" height=\"480\" srcset=\"http:\/\/amigosdelantiguoegipto.com\/wp-content\/uploads\/2014\/06\/K640_DSC00131.jpg 640w, http:\/\/amigosdelantiguoegipto.com\/wp-content\/uploads\/2014\/06\/K640_DSC00131-300x225.jpg 300w, http:\/\/amigosdelantiguoegipto.com\/wp-content\/uploads\/2014\/06\/K640_DSC00131-150x112.jpg 150w\" sizes=\"(max-width: 640px) 100vw, 640px\" \/><\/a><\/p>\n<p style=\"text-align: center;\"><a href=\"http:\/\/amigosdelantiguoegipto.com\/wp-content\/uploads\/2014\/06\/K640_Egipte_11-08_10144.jpg\"><img decoding=\"async\" loading=\"lazy\" class=\"alignnone wp-image-14871 size-full\" src=\"http:\/\/amigosdelantiguoegipto.com\/wp-content\/uploads\/2014\/06\/K640_Egipte_11-08_10144.jpg\" alt=\"\" width=\"640\" height=\"480\" srcset=\"http:\/\/amigosdelantiguoegipto.com\/wp-content\/uploads\/2014\/06\/K640_Egipte_11-08_10144.jpg 640w, http:\/\/amigosdelantiguoegipto.com\/wp-content\/uploads\/2014\/06\/K640_Egipte_11-08_10144-300x225.jpg 300w, http:\/\/amigosdelantiguoegipto.com\/wp-content\/uploads\/2014\/06\/K640_Egipte_11-08_10144-150x112.jpg 150w\" sizes=\"(max-width: 640px) 100vw, 640px\" \/><\/a><\/p>\n","protected":false},"excerpt":{"rendered":"<p>En 1996 V\u00edctor Rivas Figueras (1964-2013) fund\u00f3 la web Amigos de la Egiptolog\u00eda, (AE) un proyecto que un\u00eda dos de sus grandes pasiones, el dise\u00f1o de p\u00e1ginas web y la egiptolog\u00eda. Lo que empez\u00f3 como un simple trabajo de fin de carrera pronto se convirti\u00f3 en un referente de la egiptolog\u00eda en castellano, con un dise\u00f1o y unos contenidos muy&#8230;<\/p>\n<p class=\"continue-reading-button\"> <a class=\"continue-reading-link\" href=\"http:\/\/amigosdelantiguoegipto.com\/?page_id=34\">Seguir leyendo<i class=\"crycon-right-dir\"><\/i><\/a><\/p>\n","protected":false},"author":1,"featured_media":0,"parent":0,"menu_order":0,"comment_status":"closed","ping_status":"closed","template":"","meta":{"ngg_post_thumbnail":0},"_links":{"self":[{"href":"http:\/\/amigosdelantiguoegipto.com\/index.php?rest_route=\/wp\/v2\/pages\/34"}],"collection":[{"href":"http:\/\/amigosdelantiguoegipto.com\/index.php?rest_route=\/wp\/v2\/pages"}],"about":[{"href":"http:\/\/amigosdelantiguoegipto.com\/index.php?rest_route=\/wp\/v2\/types\/page"}],"author":[{"embeddable":true,"href":"http:\/\/amigosdelantiguoegipto.com\/index.php?rest_route=\/wp\/v2\/users\/1"}],"replies":[{"embeddable":true,"href":"http:\/\/amigosdelantiguoegipto.com\/index.php?rest_route=%2Fwp%2Fv2%2Fcomments&post=34"}],"version-history":[{"count":0,"href":"http:\/\/amigosdelantiguoegipto.com\/index.php?rest_route=\/wp\/v2\/pages\/34\/revisions"}],"wp:attachment":[{"href":"http:\/\/amigosdelantiguoegipto.com\/index.php?rest_route=%2Fwp%2Fv2%2Fmedia&parent=34"}],"curies":[{"name":"wp","href":"https:\/\/api.w.org\/{rel}","templated":true}]}}