{"id":337,"date":"2002-07-25T01:00:00","date_gmt":"2002-07-25T01:00:00","guid":{"rendered":"http:\/\/www.amigosdelantiguoegipto.com\/biblioteca-de-la-playa-de-castelldefels\/"},"modified":"2014-06-29T10:09:43","modified_gmt":"2014-06-29T10:09:43","slug":"biblioteca-de-la-playa-de-castelldefels","status":"publish","type":"page","link":"http:\/\/amigosdelantiguoegipto.com\/?page_id=337","title":{"rendered":"Biblioteca de la Playa de Castelldefels (Barcelona &#8211; Espa\u00f1a)"},"content":{"rendered":"<p><a href=\"http:\/\/amigosdelantiguoegipto.com\/?p=8580%20\">Trabajos en Colegios e Instituciones<\/a><\/p>\n<p style=\"text-align: right;\">Carmen Roman\u00ed &#8211; Julio de 2002<\/p>\n<div class=\"mosimage\" style=\"float: center;\" align=\"center\">\n<div id=\"attachment_326\" style=\"width: 410px\" class=\"wp-caption aligncenter\"><img aria-describedby=\"caption-attachment-326\" decoding=\"async\" loading=\"lazy\" class=\"wp-image-326 size-full\" title=\"Vista trasera de la Biblioteca\" src=\"http:\/\/www.amigosdelantiguoegipto.com\/wp-content\/uploads\/varios\/colegios\/2002\/07\/bp01.jpg\" alt=\"Vista trasera de la Biblioteca\" width=\"400\" height=\"266\" border=\"0\" hspace=\"6\" \/><p id=\"caption-attachment-326\" class=\"wp-caption-text\">Vista trasera de la Biblioteca.<\/p><\/div>\n<div class=\"mosimage_caption\" style=\"text-align: center;\" align=\"center\"><\/div>\n<\/div>\n<div class=\"mosimage\" style=\"float: center;\" align=\"center\">\n<div id=\"attachment_327\" style=\"width: 276px\" class=\"wp-caption aligncenter\"><img aria-describedby=\"caption-attachment-327\" decoding=\"async\" loading=\"lazy\" class=\"wp-image-327 size-full\" title=\"Cartel anunciando el evento\" src=\"http:\/\/www.amigosdelantiguoegipto.com\/wp-content\/uploads\/varios\/colegios\/2002\/07\/bp02.jpg\" alt=\"Cartel anunciando el evento\" width=\"266\" height=\"399\" border=\"0\" hspace=\"6\" \/><p id=\"caption-attachment-327\" class=\"wp-caption-text\">Cartel anunciando el evento<\/p><\/div>\n<div class=\"mosimage_caption\" style=\"text-align: center;\" align=\"center\"><\/div>\n<\/div>\n<div class=\"mosimage\" style=\"float: center;\" align=\"center\">\n<div id=\"attachment_328\" style=\"width: 410px\" class=\"wp-caption aligncenter\"><img aria-describedby=\"caption-attachment-328\" decoding=\"async\" loading=\"lazy\" class=\"wp-image-328 size-full\" title=\"Grupo de ni\u00f1os\" src=\"http:\/\/www.amigosdelantiguoegipto.com\/wp-content\/uploads\/varios\/colegios\/2002\/07\/bp03.jpg\" alt=\"Grupo de ni\u00f1os\" width=\"400\" height=\"259\" border=\"0\" hspace=\"6\" \/><p id=\"caption-attachment-328\" class=\"wp-caption-text\">Grupo de ni\u00f1os.<\/p><\/div>\n<div class=\"mosimage_caption\" style=\"text-align: center;\" align=\"center\"><\/div>\n<\/div>\n<p style=\"text-align: justify;\">La <strong>Biblioteca de la Playa de Castelldefels<\/strong> se instala desde hace once a\u00f1os muy cerca del mar bajo la acogedora sombra de una pineda.<\/p>\n<p style=\"text-align: justify;\">En un m\u00f3dulo de 13m2, dispuestos en estanter\u00edas, est\u00e1n los libros y revistas. Esparcidos bajo los pinos sillas y mesas donde nuestros usuarios leen, escuchan cuentos o realizan actividades.<\/p>\n<div class=\"mosimage\" style=\"float: center;\" align=\"center\">\n<div id=\"attachment_329\" style=\"width: 410px\" class=\"wp-caption aligncenter\"><img aria-describedby=\"caption-attachment-329\" decoding=\"async\" loading=\"lazy\" class=\"wp-image-329 size-full\" title=\"Trabajos y dibujos realizados por los ni\u00f1os\" src=\"http:\/\/www.amigosdelantiguoegipto.com\/wp-content\/uploads\/varios\/colegios\/2002\/07\/bp09.jpg\" alt=\"Trabajos y dibujos realizados por los ni\u00f1os\" width=\"400\" height=\"266\" border=\"0\" hspace=\"6\" \/><p id=\"caption-attachment-329\" class=\"wp-caption-text\">Trabajos y dibujos realizados por los ni\u00f1os.<\/p><\/div>\n<\/div>\n<div class=\"mosimage\" style=\"float: center;\" align=\"center\">\n<div id=\"attachment_330\" style=\"width: 410px\" class=\"wp-caption aligncenter\"><img aria-describedby=\"caption-attachment-330\" decoding=\"async\" loading=\"lazy\" class=\"wp-image-330 size-full\" title=\"Trabajos y dibujos realizados por los ni\u00f1os\" src=\"http:\/\/www.amigosdelantiguoegipto.com\/wp-content\/uploads\/varios\/colegios\/2002\/07\/bp10.jpg\" alt=\"Trabajos y dibujos realizados por los ni\u00f1os\" width=\"400\" height=\"266\" border=\"0\" hspace=\"6\" \/><p id=\"caption-attachment-330\" class=\"wp-caption-text\">Trabajos y dibujos realizados por los ni\u00f1os.<\/p><\/div>\n<\/div>\n<p>Este a\u00f1o el tema inspirador, alrededor del cual han girado todas las actividades, ha sido el Antiguo Egipto.<\/p>\n<p>Cristina Carracedo, la Coordinadora de la Secci\u00f3n de Egipto para Ni\u00f1os de AE (Amigos de la Egiptolog\u00eda), nos autoriz\u00f3 a usar sus textos para hacer representaciones y explicar cuentos sobre personajes egipcios.<\/p>\n<div class=\"mosimage\" style=\"float: center;\" align=\"center\">\n<div id=\"attachment_331\" style=\"width: 410px\" class=\"wp-caption aligncenter\"><img aria-describedby=\"caption-attachment-331\" decoding=\"async\" loading=\"lazy\" class=\"wp-image-331 size-full\" title=\"Juego del Senet\" src=\"http:\/\/www.amigosdelantiguoegipto.com\/wp-content\/uploads\/varios\/colegios\/2002\/07\/bp08.jpg\" alt=\"Juego del Senet\" width=\"400\" height=\"266\" border=\"0\" hspace=\"6\" \/><p id=\"caption-attachment-331\" class=\"wp-caption-text\">Juego del Senet<\/p><\/div>\n<\/div>\n<div class=\"mosimage\" style=\"float: center;\" align=\"center\">\n<div id=\"attachment_332\" style=\"width: 410px\" class=\"wp-caption aligncenter\"><img aria-describedby=\"caption-attachment-332\" decoding=\"async\" loading=\"lazy\" class=\"wp-image-332 size-full\" title=\"Mural donde se exponen las obras realizadas por los ni\u00f1os\" src=\"http:\/\/www.amigosdelantiguoegipto.com\/wp-content\/uploads\/varios\/colegios\/2002\/07\/bp05.jpg\" alt=\"Mural donde se exponen las obras realizadas por los ni\u00f1os\" width=\"400\" height=\"266\" border=\"0\" hspace=\"6\" \/><p id=\"caption-attachment-332\" class=\"wp-caption-text\">Mural donde se exponen las obras realizadas por los ni\u00f1os.<\/p><\/div>\n<\/div>\n<div class=\"mosimage\" style=\"float: center;\" align=\"center\">\n<div id=\"attachment_333\" style=\"width: 276px\" class=\"wp-caption aligncenter\"><img aria-describedby=\"caption-attachment-333\" decoding=\"async\" loading=\"lazy\" class=\"wp-image-333 size-full\" title=\"Cofre egipcio\" src=\"http:\/\/www.amigosdelantiguoegipto.com\/wp-content\/uploads\/varios\/colegios\/2002\/07\/bp04.jpg\" alt=\"Cofre egipcio\" width=\"266\" height=\"399\" border=\"0\" hspace=\"6\" \/><p id=\"caption-attachment-333\" class=\"wp-caption-text\">Cofre egipcio<\/p><\/div>\n<\/div>\n<div class=\"mosimage\" style=\"float: center;\" align=\"center\">\n<div id=\"attachment_334\" style=\"width: 276px\" class=\"wp-caption aligncenter\"><img aria-describedby=\"caption-attachment-334\" decoding=\"async\" loading=\"lazy\" class=\"wp-image-334 size-full\" title=\"Carro egipcio\" src=\"http:\/\/www.amigosdelantiguoegipto.com\/wp-content\/uploads\/varios\/colegios\/2002\/07\/bp06.jpg\" alt=\"Carro egipcio\" width=\"266\" height=\"399\" border=\"0\" hspace=\"6\" \/><p id=\"caption-attachment-334\" class=\"wp-caption-text\">Carro egipcio<\/p><\/div>\n<\/div>\n<p style=\"text-align: justify;\">Aprendimos a construir sistros, maquetas de habit\u00e1culos egipcios, se organiz\u00f3 un campeonato de Senet y varias gincanas en las que los participantes ten\u00edan que salvar al fara\u00f3n, asistir al Juicio de Osiris, descubrir una momia entre la pinaza, a descifrar un jerogl\u00edfico&#8230;<\/p>\n<div class=\"mosimage\" style=\"float: center;\" align=\"center\">\n<div id=\"attachment_335\" style=\"width: 410px\" class=\"wp-caption aligncenter\"><img aria-describedby=\"caption-attachment-335\" decoding=\"async\" loading=\"lazy\" class=\"wp-image-335 size-full\" title=\"Maqueta de vivienda egipcia\" src=\"http:\/\/www.amigosdelantiguoegipto.com\/wp-content\/uploads\/varios\/colegios\/2002\/07\/bp07.jpg\" alt=\"Maqueta de vivienda egipcia\" width=\"400\" height=\"266\" border=\"0\" hspace=\"6\" \/><p id=\"caption-attachment-335\" class=\"wp-caption-text\">Maqueta de vivienda egipcia<\/p><\/div>\n<div class=\"mosimage_caption\" style=\"text-align: center;\" align=\"center\"><\/div>\n<\/div>\n<div class=\"mosimage\" style=\"float: center;\" align=\"center\">\n<div id=\"attachment_336\" style=\"width: 410px\" class=\"wp-caption alignnone\"><img aria-describedby=\"caption-attachment-336\" decoding=\"async\" loading=\"lazy\" class=\"wp-image-336 size-full\" title=\"Libros de consulta\" src=\"http:\/\/www.amigosdelantiguoegipto.com\/wp-content\/uploads\/varios\/colegios\/2002\/07\/bp11.jpg\" alt=\"Libros de consulta\" width=\"400\" height=\"266\" border=\"0\" hspace=\"6\" \/><p id=\"caption-attachment-336\" class=\"wp-caption-text\">Libros de consulta<\/p><\/div>\n<\/div>\n<p style=\"text-align: justify;\"><strong>Trabajo realizado por el Equipo de la Biblioteca de Castelldefels<br \/>\n(Barcelona \u2013 Espa\u00f1a), con la colaboraci\u00f3n de Laia Carreras<\/strong><\/p>\n<p style=\"text-align: justify;\"><strong>Monitoras de todos los talleres, Lola Conde y Amaranta Peir\u00f3<\/strong><\/p>\n<p style=\"text-align: justify;\"><strong><em>* Im\u00e1genes de SARA SOLER<\/em><\/strong><\/p>\n","protected":false},"excerpt":{"rendered":"<p>Trabajos en Colegios e Instituciones Carmen Roman\u00ed &#8211; Julio de 2002 La Biblioteca de la Playa de Castelldefels se instala desde hace once a\u00f1os muy cerca del mar bajo la acogedora sombra de una pineda. En un m\u00f3dulo de 13m2, dispuestos en estanter\u00edas, est\u00e1n los libros y revistas. Esparcidos bajo los pinos sillas y mesas donde nuestros usuarios leen, escuchan&#8230;<\/p>\n<p class=\"continue-reading-button\"> <a class=\"continue-reading-link\" href=\"http:\/\/amigosdelantiguoegipto.com\/?page_id=337\">Seguir leyendo<i class=\"crycon-right-dir\"><\/i><\/a><\/p>\n","protected":false},"author":1,"featured_media":0,"parent":0,"menu_order":19,"comment_status":"closed","ping_status":"closed","template":"","meta":{"ngg_post_thumbnail":0},"_links":{"self":[{"href":"http:\/\/amigosdelantiguoegipto.com\/index.php?rest_route=\/wp\/v2\/pages\/337"}],"collection":[{"href":"http:\/\/amigosdelantiguoegipto.com\/index.php?rest_route=\/wp\/v2\/pages"}],"about":[{"href":"http:\/\/amigosdelantiguoegipto.com\/index.php?rest_route=\/wp\/v2\/types\/page"}],"author":[{"embeddable":true,"href":"http:\/\/amigosdelantiguoegipto.com\/index.php?rest_route=\/wp\/v2\/users\/1"}],"replies":[{"embeddable":true,"href":"http:\/\/amigosdelantiguoegipto.com\/index.php?rest_route=%2Fwp%2Fv2%2Fcomments&post=337"}],"version-history":[{"count":0,"href":"http:\/\/amigosdelantiguoegipto.com\/index.php?rest_route=\/wp\/v2\/pages\/337\/revisions"}],"wp:attachment":[{"href":"http:\/\/amigosdelantiguoegipto.com\/index.php?rest_route=%2Fwp%2Fv2%2Fmedia&parent=337"}],"curies":[{"name":"wp","href":"https:\/\/api.w.org\/{rel}","templated":true}]}}