{"id":33,"date":"2003-07-23T01:00:00","date_gmt":"2003-07-23T01:00:00","guid":{"rendered":"http:\/\/www.amigosdelantiguoegipto.com\/sara-fernandez\/"},"modified":"2014-06-28T12:45:17","modified_gmt":"2014-06-28T12:45:17","slug":"sara-fernandez","status":"publish","type":"page","link":"http:\/\/amigosdelantiguoegipto.com\/?page_id=33","title":{"rendered":"Dibujos de Sara Fern\u00e1ndez"},"content":{"rendered":"<p class=\"centrar\"><a href=\"http:\/\/amigosdelantiguoegipto.com\/?p=8324\">Tus dibujos de 8 a 12 a\u00f1os<\/a><\/p>\n<p class=\"centrar\" style=\"text-align: right;\">Sara Fern\u00e1ndez 9 a\u00f1os (Alicante &#8211; Espa\u00f1a) &#8211;\u00a0<span class=\"createdate\">Julio de 2003<\/span><\/p>\n<div class=\"mosimage\" style=\"float: center;\" align=\"center\">\n<div id=\"attachment_32\" style=\"width: 390px\" class=\"wp-caption aligncenter\"><img aria-describedby=\"caption-attachment-32\" decoding=\"async\" loading=\"lazy\" class=\"wp-image-32 size-full\" title=\"Sarc\u00f3fago sonriente\" src=\"http:\/\/www.amigosdelantiguoegipto.com\/wp-content\/uploads\/varios\/dibujos8-12\/2003\/07\/sara_egipto.jpg\" alt=\"Sarc\u00f3fago sonriente\" width=\"380\" height=\"699\" border=\"0\" hspace=\"6\" \/><p id=\"caption-attachment-32\" class=\"wp-caption-text\">Sarc\u00f3fago sonriente<\/p><\/div>\n<\/div>\n","protected":false},"excerpt":{"rendered":"<p>Tus dibujos de 8 a 12 a\u00f1os Sara Fern\u00e1ndez 9 a\u00f1os (Alicante &#8211; Espa\u00f1a) &#8211;\u00a0Julio de 2003<\/p>\n<p class=\"continue-reading-button\"> <a class=\"continue-reading-link\" href=\"http:\/\/amigosdelantiguoegipto.com\/?page_id=33\">Seguir leyendo<i class=\"crycon-right-dir\"><\/i><\/a><\/p>\n","protected":false},"author":1,"featured_media":0,"parent":0,"menu_order":14,"comment_status":"closed","ping_status":"closed","template":"","meta":{"ngg_post_thumbnail":0},"_links":{"self":[{"href":"http:\/\/amigosdelantiguoegipto.com\/index.php?rest_route=\/wp\/v2\/pages\/33"}],"collection":[{"href":"http:\/\/amigosdelantiguoegipto.com\/index.php?rest_route=\/wp\/v2\/pages"}],"about":[{"href":"http:\/\/amigosdelantiguoegipto.com\/index.php?rest_route=\/wp\/v2\/types\/page"}],"author":[{"embeddable":true,"href":"http:\/\/amigosdelantiguoegipto.com\/index.php?rest_route=\/wp\/v2\/users\/1"}],"replies":[{"embeddable":true,"href":"http:\/\/amigosdelantiguoegipto.com\/index.php?rest_route=%2Fwp%2Fv2%2Fcomments&post=33"}],"version-history":[{"count":0,"href":"http:\/\/amigosdelantiguoegipto.com\/index.php?rest_route=\/wp\/v2\/pages\/33\/revisions"}],"wp:attachment":[{"href":"http:\/\/amigosdelantiguoegipto.com\/index.php?rest_route=%2Fwp%2Fv2%2Fmedia&parent=33"}],"curies":[{"name":"wp","href":"https:\/\/api.w.org\/{rel}","templated":true}]}}