{"id":325,"date":"2002-10-16T01:00:00","date_gmt":"2002-10-16T01:00:00","guid":{"rendered":"http:\/\/www.amigosdelantiguoegipto.com\/colegio-santa-teresa-de-san-bernardino\/"},"modified":"2014-06-29T10:02:48","modified_gmt":"2014-06-29T10:02:48","slug":"colegio-santa-teresa-de-san-bernardino","status":"publish","type":"page","link":"http:\/\/amigosdelantiguoegipto.com\/?page_id=325","title":{"rendered":"Colegio Santa Teresa de San Bernardino"},"content":{"rendered":"<p><a href=\"http:\/\/amigosdelantiguoegipto.com\/?p=8580%20\">Trabajos en Colegios e Instituciones<\/a><\/p>\n<p style=\"text-align: right;\">Cristina Carrecedo &#8211; Octubre de 2002<\/p>\n<h3>Colegio Santa Teresa de San Bernardino (Caracas &#8211; Venezuela)<\/h3>\n<p>Dibujos sobre el Antiguo Egipto realizados por los alumnos durante el curso escolar.<\/p>\n<p class=\"centrar\">Laura y Michelle 8 a\u00f1os (Caracas &#8211; Venezuela)<\/p>\n<div class=\"mosimage\" style=\"float: center;\" align=\"center\">\n<div id=\"attachment_322\" style=\"width: 545px\" class=\"wp-caption aligncenter\"><img aria-describedby=\"caption-attachment-322\" decoding=\"async\" loading=\"lazy\" class=\"wp-image-322 size-full\" title=\"Nefertiti\" src=\"http:\/\/www.amigosdelantiguoegipto.com\/wp-content\/uploads\/varios\/colegios\/2002\/10\/laura_michelle.jpg\" alt=\"Nefertiti\" width=\"535\" height=\"699\" border=\"0\" hspace=\"6\" \/><p id=\"caption-attachment-322\" class=\"wp-caption-text\">Nefertiti<\/p><\/div>\n<\/div>\n<p class=\"centrar\">Jos\u00e9 Augusto Quiaro 9 a\u00f1os (Caracas &#8211; Venezuela)<\/p>\n<div class=\"mosimage\" style=\"float: center;\" align=\"center\">\n<div id=\"attachment_323\" style=\"width: 710px\" class=\"wp-caption aligncenter\"><img aria-describedby=\"caption-attachment-323\" decoding=\"async\" loading=\"lazy\" class=\"wp-image-323 size-full\" title=\"Dios Horus\" src=\"http:\/\/www.amigosdelantiguoegipto.com\/wp-content\/uploads\/varios\/colegios\/2002\/10\/jose_augusto.jpg\" alt=\"Dios Horus\" width=\"700\" height=\"467\" border=\"0\" hspace=\"6\" \/><p id=\"caption-attachment-323\" class=\"wp-caption-text\">Dios Horus<\/p><\/div>\n<\/div>\n<p class=\"centrar\">Ana Carolina Martins, 8 a\u00f1os y Francis Medina, 9 a\u00f1os (Caracas &#8211; Venezuela)<\/p>\n<div class=\"mosimage\" style=\"float: center;\" align=\"center\">\n<div id=\"attachment_324\" style=\"width: 710px\" class=\"wp-caption aligncenter\"><img aria-describedby=\"caption-attachment-324\" decoding=\"async\" loading=\"lazy\" class=\"wp-image-324 size-full\" title=\"Pir\u00e1mide y Momias\" src=\"http:\/\/www.amigosdelantiguoegipto.com\/wp-content\/uploads\/varios\/colegios\/2002\/10\/ana_francis.jpg\" alt=\"Pir\u00e1mide y Momias\" width=\"700\" height=\"600\" border=\"0\" hspace=\"6\" \/><p id=\"caption-attachment-324\" class=\"wp-caption-text\">Pir\u00e1mide y Momias<\/p><\/div>\n<\/div>\n","protected":false},"excerpt":{"rendered":"<p>Trabajos en Colegios e Instituciones Cristina Carrecedo &#8211; Octubre de 2002 Colegio Santa Teresa de San Bernardino (Caracas &#8211; Venezuela) Dibujos sobre el Antiguo Egipto realizados por los alumnos durante el curso escolar. Laura y Michelle 8 a\u00f1os (Caracas &#8211; Venezuela) Jos\u00e9 Augusto Quiaro 9 a\u00f1os (Caracas &#8211; Venezuela) Ana Carolina Martins, 8 a\u00f1os y Francis Medina, 9 a\u00f1os (Caracas&#8230;<\/p>\n<p class=\"continue-reading-button\"> <a class=\"continue-reading-link\" href=\"http:\/\/amigosdelantiguoegipto.com\/?page_id=325\">Seguir leyendo<i class=\"crycon-right-dir\"><\/i><\/a><\/p>\n","protected":false},"author":1,"featured_media":0,"parent":0,"menu_order":18,"comment_status":"closed","ping_status":"closed","template":"","meta":{"ngg_post_thumbnail":0},"_links":{"self":[{"href":"http:\/\/amigosdelantiguoegipto.com\/index.php?rest_route=\/wp\/v2\/pages\/325"}],"collection":[{"href":"http:\/\/amigosdelantiguoegipto.com\/index.php?rest_route=\/wp\/v2\/pages"}],"about":[{"href":"http:\/\/amigosdelantiguoegipto.com\/index.php?rest_route=\/wp\/v2\/types\/page"}],"author":[{"embeddable":true,"href":"http:\/\/amigosdelantiguoegipto.com\/index.php?rest_route=\/wp\/v2\/users\/1"}],"replies":[{"embeddable":true,"href":"http:\/\/amigosdelantiguoegipto.com\/index.php?rest_route=%2Fwp%2Fv2%2Fcomments&post=325"}],"version-history":[{"count":0,"href":"http:\/\/amigosdelantiguoegipto.com\/index.php?rest_route=\/wp\/v2\/pages\/325\/revisions"}],"wp:attachment":[{"href":"http:\/\/amigosdelantiguoegipto.com\/index.php?rest_route=%2Fwp%2Fv2%2Fmedia&parent=325"}],"curies":[{"name":"wp","href":"https:\/\/api.w.org\/{rel}","templated":true}]}}