{"id":321,"date":"2003-01-09T01:00:00","date_gmt":"2003-01-09T01:00:00","guid":{"rendered":"http:\/\/www.amigosdelantiguoegipto.com\/colegio-publico-mirasierra\/"},"modified":"2014-06-29T09:58:54","modified_gmt":"2014-06-29T09:58:54","slug":"colegio-publico-mirasierra","status":"publish","type":"page","link":"http:\/\/amigosdelantiguoegipto.com\/?page_id=321","title":{"rendered":"Colegio P\u00fablico Mirasierra"},"content":{"rendered":"<p><a href=\"http:\/\/amigosdelantiguoegipto.com\/?p=8580%20\">Trabajos en Colegios e Instituciones<\/a><\/p>\n<p style=\"text-align: right;\">Cristina Carracedo &#8211; Enero de 2003<\/p>\n<p style=\"text-align: justify;\">Hoy es jueves, 30 de mayo de 2002. Los alumnos de <strong>4\u00ba B de Primaria del Colegio P\u00fablico Mirasierra de Madrid<\/strong> han estado trabajando muy duro y yo he sido testigo de ello. Sus profesoras, Loli y Ana Bel\u00e9n, les propusieron realizar una labor de investigaci\u00f3n y estos simp\u00e1ticos jovencitos eligieron como tema el Antiguo Egipto.<\/p>\n<div class=\"mosimage\" style=\"float: center;\" align=\"center\">\n<div id=\"attachment_309\" style=\"width: 410px\" class=\"wp-caption aligncenter\"><img aria-describedby=\"caption-attachment-309\" decoding=\"async\" loading=\"lazy\" class=\"wp-image-309 size-full\" title=\"Con este esquema realizado por su profesora Ana Bel\u00e9n, los alumnos de 4\u00baB iniciaron su trabajo de investigaci\u00f3n\" src=\"http:\/\/www.amigosdelantiguoegipto.com\/wp-content\/uploads\/varios\/colegios\/2003\/01\/cpm01.jpg\" alt=\"Con este esquema realizado por su profesora Ana Bel\u00e9n, los alumnos de 4\u00baB iniciaron su trabajo de investigaci\u00f3n\" width=\"400\" height=\"274\" border=\"0\" hspace=\"6\" \/><p id=\"caption-attachment-309\" class=\"wp-caption-text\">Con este esquema realizado por su profesora Ana Bel\u00e9n, los alumnos de 4\u00baB iniciaron su trabajo de investigaci\u00f3n.<\/p><\/div>\n<div class=\"mosimage_caption\" style=\"text-align: center;\" align=\"center\"><\/div>\n<\/div>\n<div class=\"mosimage\" style=\"float: center;\" align=\"center\">\n<div id=\"attachment_310\" style=\"width: 285px\" class=\"wp-caption aligncenter\"><img aria-describedby=\"caption-attachment-310\" decoding=\"async\" loading=\"lazy\" class=\"wp-image-310 size-full\" title=\"Despu\u00e9s de comprobar qu\u00e9 sabemos sobre el Antiguo Egipto llega el momento de corregir los errores\" src=\"http:\/\/www.amigosdelantiguoegipto.com\/wp-content\/uploads\/varios\/colegios\/2003\/01\/cpm02.jpg\" alt=\"Despu\u00e9s de comprobar qu\u00e9 sabemos sobre el Antiguo Egipto llega el momento de corregir los errores\" width=\"275\" height=\"400\" border=\"0\" hspace=\"6\" \/><p id=\"caption-attachment-310\" class=\"wp-caption-text\">Despu\u00e9s de comprobar qu\u00e9 sabemos sobre el Antiguo Egipto llega el momento de corregir los errores<\/p><\/div>\n<\/div>\n<div class=\"mosimage\" style=\"float: center;\" align=\"center\">\n<div id=\"attachment_311\" style=\"width: 410px\" class=\"wp-caption aligncenter\"><img aria-describedby=\"caption-attachment-311\" decoding=\"async\" loading=\"lazy\" class=\"wp-image-311 size-full\" title=\"Formaron equipos de trabajo desarrollando diferentes temas: faraones, dioses, pir\u00e1mides... Y en las paredes de su aula han colgado parte de su trabajo mediante enormes esquemas que muestran su estudio sobre la civilizaci\u00f3n egipcia\" src=\"http:\/\/www.amigosdelantiguoegipto.com\/wp-content\/uploads\/varios\/colegios\/2003\/01\/cpm03.jpg\" alt=\"Formaron equipos de trabajo desarrollando diferentes temas: faraones, dioses, pir\u00e1mides... Y en las paredes de su aula han colgado parte de su trabajo mediante enormes esquemas que muestran su estudio sobre la civilizaci\u00f3n egipcia\" width=\"400\" height=\"274\" border=\"0\" hspace=\"6\" \/><p id=\"caption-attachment-311\" class=\"wp-caption-text\">Formaron equipos de trabajo desarrollando diferentes temas: faraones, dioses, pir\u00e1mides&#8230; Y en las paredes de su aula han colgado parte de su trabajo mediante enormes esquemas que muestran su estudio sobre la civilizaci\u00f3n egipcia.<\/p><\/div>\n<\/div>\n<p style=\"text-align: justify;\">A trav\u00e9s de libros para consultar que la profesora llev\u00f3 a clase y buscando informaci\u00f3n a trav\u00e9s de internet, han confeccionado sus propios cuadernos ilustr\u00e1ndolos con dibujos y fotograf\u00edas. Y os aseguro que ha merecido la pena el esfuerzo que han realizado estos chicos en tan poco tiempo. Su trabajo ha sido estupendo.<\/p>\n<p style=\"text-align: justify;\">Y para terminar de una forma divertida han escenificado una leyenda que encontraron en esta Secci\u00f3n (Los hijos de Nut), adaptada por la Srta. Ana Bel\u00e9n.<\/p>\n<p style=\"text-align: center;\"><strong>&#8220;LOS HIJOS DE NUT&#8221;<\/strong><\/p>\n<p style=\"text-align: center;\">\n<table id=\"tablepress-6\" class=\"tablepress tablepress-id-6\">\n<tbody class=\"row-hover\">\n<tr class=\"row-1 odd\">\n\t<td class=\"column-1\"><strong>ALUMNO<\/strong><\/td><td class=\"column-2\"><strong>PERSONAJE<\/strong><\/td>\n<\/tr>\n<tr class=\"row-2 even\">\n\t<td class=\"column-1\">Adri\u00e1n G.<\/td><td class=\"column-2\">Osiris<\/td>\n<\/tr>\n<tr class=\"row-3 odd\">\n\t<td class=\"column-1\">Alberto M.<\/td><td class=\"column-2\">Sirviente<\/td>\n<\/tr>\n<tr class=\"row-4 even\">\n\t<td class=\"column-1\">Alejandra G.<\/td><td class=\"column-2\">Bailarina<\/td>\n<\/tr>\n<tr class=\"row-5 odd\">\n\t<td class=\"column-1\">\u00c1lvaro P.<\/td><td class=\"column-2\">Jonsu<\/td>\n<\/tr>\n<tr class=\"row-6 even\">\n\t<td class=\"column-1\">Celia P.<\/td><td class=\"column-2\">Nut<\/td>\n<\/tr>\n<tr class=\"row-7 odd\">\n\t<td class=\"column-1\">Dar\u00edo G.<\/td><td class=\"column-2\">M\u00fasico<\/td>\n<\/tr>\n<tr class=\"row-8 even\">\n\t<td class=\"column-1\">Davis S.<\/td><td class=\"column-2\">Seth<\/td>\n<\/tr>\n<tr class=\"row-9 odd\">\n\t<td class=\"column-1\">Elena V.<\/td><td class=\"column-2\">Neftis<\/td>\n<\/tr>\n<tr class=\"row-10 even\">\n\t<td class=\"column-1\">Federico M.<\/td><td class=\"column-2\">Thot<\/td>\n<\/tr>\n<tr class=\"row-11 odd\">\n\t<td class=\"column-1\">Guisella<\/td><td class=\"column-2\">Bailarina<\/td>\n<\/tr>\n<tr class=\"row-12 even\">\n\t<td class=\"column-1\">In\u00e9s V.<\/td><td class=\"column-2\">Abanicadora<\/td>\n<\/tr>\n<tr class=\"row-13 odd\">\n\t<td class=\"column-1\">Laura A.<\/td><td class=\"column-2\">Cortesana<\/td>\n<\/tr>\n<tr class=\"row-14 even\">\n\t<td class=\"column-1\">Laura G.<\/td><td class=\"column-2\">Abanicadora<\/td>\n<\/tr>\n<tr class=\"row-15 odd\">\n\t<td class=\"column-1\">Lucas P.<\/td><td class=\"column-2\">Ra<\/td>\n<\/tr>\n<tr class=\"row-16 even\">\n\t<td class=\"column-1\">Nuria R.<\/td><td class=\"column-2\">Bailarina<\/td>\n<\/tr>\n<tr class=\"row-17 odd\">\n\t<td class=\"column-1\">Pablo C.<\/td><td class=\"column-2\">Harmachis<\/td>\n<\/tr>\n<tr class=\"row-18 even\">\n\t<td class=\"column-1\">Pablo T.<\/td><td class=\"column-2\">Abanicador<\/td>\n<\/tr>\n<tr class=\"row-19 odd\">\n\t<td class=\"column-1\">Patricia F.<\/td><td class=\"column-2\">Isis<\/td>\n<\/tr>\n<tr class=\"row-20 even\">\n\t<td class=\"column-1\">Raquel C.<\/td><td class=\"column-2\">Narradora<\/td>\n<\/tr>\n<tr class=\"row-21 odd\">\n\t<td class=\"column-1\">Rub\u00e9n C.<\/td><td class=\"column-2\">Sirviente<\/td>\n<\/tr>\n<tr class=\"row-22 even\">\n\t<td class=\"column-1\">Sandra A.<\/td><td class=\"column-2\">Sirviente<\/td>\n<\/tr>\n<tr class=\"row-23 odd\">\n\t<td class=\"column-1\">Sonia<\/td><td class=\"column-2\">Abanicadora<\/td>\n<\/tr>\n<tr class=\"row-24 even\">\n\t<td class=\"column-1\">V\u00edctor R.<\/td><td class=\"column-2\">M\u00fasico<\/td>\n<\/tr>\n<\/tbody>\n<\/table>\n<\/p>\n<div class=\"mosimage\" style=\"float: center;\" align=\"center\">\n<div id=\"attachment_312\" style=\"width: 285px\" class=\"wp-caption aligncenter\"><img aria-describedby=\"caption-attachment-312\" decoding=\"async\" loading=\"lazy\" class=\"wp-image-312 size-full\" title=\"Ra, se\u00f1or de todos los dioses (en realidad es Lucas)\" src=\"http:\/\/www.amigosdelantiguoegipto.com\/wp-content\/uploads\/varios\/colegios\/2003\/01\/cpm04.jpg\" alt=\"Ra, se\u00f1or de todos los dioses (en realidad es Lucas)\" width=\"275\" height=\"400\" border=\"0\" hspace=\"6\" \/><p id=\"caption-attachment-312\" class=\"wp-caption-text\">Ra, se\u00f1or de todos los dioses (en realidad es Lucas).<\/p><\/div>\n<\/div>\n<div class=\"mosimage\" style=\"float: center;\" align=\"center\">\n<div id=\"attachment_313\" style=\"width: 286px\" class=\"wp-caption aligncenter\"><img aria-describedby=\"caption-attachment-313\" decoding=\"async\" loading=\"lazy\" class=\"wp-image-313 size-full\" title=\"En pie, la Srta. Ana Bel\u00e9n. Sentada, Raquel, la narradora\" src=\"http:\/\/www.amigosdelantiguoegipto.com\/wp-content\/uploads\/varios\/colegios\/2003\/01\/cpm05.jpg\" alt=\"En pie, la Srta. Ana Bel\u00e9n. Sentada, Raquel, la narradora\" width=\"276\" height=\"400\" border=\"0\" hspace=\"6\" \/><p id=\"caption-attachment-313\" class=\"wp-caption-text\">En pie, la Srta. Ana Bel\u00e9n. Sentada, Raquel, la narradora<\/p><\/div>\n<\/div>\n<p>\u00a1\u00a1\u00a1 Comienza la funci\u00f3n !!!<\/p>\n<div class=\"mosimage\" align=\"center\">\n<div id=\"attachment_314\" style=\"width: 410px\" class=\"wp-caption aligncenter\"><img aria-describedby=\"caption-attachment-314\" decoding=\"async\" loading=\"lazy\" class=\"wp-image-314 size-full\" title=\"Hace mucho tiempo, Ra, el se\u00f1or del todos los dioses, a\u00fan reinaba sobre la Tierra como fara\u00f3n...\" src=\"http:\/\/www.amigosdelantiguoegipto.com\/wp-content\/uploads\/varios\/colegios\/2003\/01\/cpm06.jpg\" alt=\"Hace mucho tiempo, Ra, el se\u00f1or del todos los dioses, a\u00fan reinaba sobre la Tierra como fara\u00f3n...\" width=\"400\" height=\"274\" border=\"0\" hspace=\"6\" \/><p id=\"caption-attachment-314\" class=\"wp-caption-text\">Hace mucho tiempo, Ra, el se\u00f1or del todos los dioses, a\u00fan reinaba sobre la Tierra como fara\u00f3n&#8230;<\/p><\/div>\n<\/div>\n<p>Viv\u00eda en un enorme palacio a orillas del Nilo, y todos los habitantes de Egipto acud\u00edan a presentarle sus respetos.<\/p>\n<div class=\"mosimage\" style=\"float: center;\" align=\"center\">\n<div id=\"attachment_315\" style=\"width: 410px\" class=\"wp-caption aligncenter\"><img aria-describedby=\"caption-attachment-315\" decoding=\"async\" loading=\"lazy\" class=\"wp-image-315 size-full\" title=\"Los cortesanos no dudaban en complacerle...\" src=\"http:\/\/www.amigosdelantiguoegipto.com\/wp-content\/uploads\/varios\/colegios\/2003\/01\/cpm07.jpg\" alt=\"Los cortesanos no dudaban en complacerle...\" width=\"400\" height=\"276\" border=\"0\" hspace=\"6\" \/><p id=\"caption-attachment-315\" class=\"wp-caption-text\">Los cortesanos no dudaban en complacerle&#8230;<\/p><\/div>\n<\/div>\n<p style=\"text-align: justify;\">&#8230; y \u00e9l pasaba el tiempo cazando, jugando y celebrando fiestas. \u00a1Una vida realmente placentera!<br \/>\nPero un d\u00eda lleg\u00f3 a palacio un cortesano que le cont\u00f3 al fara\u00f3n un conversaci\u00f3n que hab\u00eda escuchado: &#8211;<em> \u00a1Oh, gran Ra! he de contarte algo muy importante: Thot, el dios de la sabidur\u00eda y la magia, le ha dicho a la diosa Nut que alg\u00fan d\u00eda su hijo ser\u00e1 fara\u00f3n.-<\/em><br \/>\n<em>&#8211; Nadie salvo yo, ser\u00e1 digno de ser fara\u00f3n. \u00a1C\u00f3mo se atreve Thot a decir eso! \u00a1Ning\u00fan hijo de Nut me destronar\u00e1!- <\/em>Ra reflexion\u00f3 sobre ello largo tiempo, al cabo del cual, tras invocar sus poderes m\u00e1gicos, lanz\u00f3 la siguiente maldici\u00f3n:<\/p>\n<div class=\"mosimage\" style=\"float: center;\" align=\"center\">\n<div id=\"attachment_316\" style=\"width: 410px\" class=\"wp-caption aligncenter\"><img aria-describedby=\"caption-attachment-316\" decoding=\"async\" loading=\"lazy\" class=\"wp-image-316 size-full\" title=\"\u00a1\u00a1\u00a1 Ning\u00fan hijo de Nut nacer\u00e1 en ning\u00fan d\u00eda ni en ninguna noche de ning\u00fan a\u00f1o !!!...\" src=\"http:\/\/www.amigosdelantiguoegipto.com\/wp-content\/uploads\/varios\/colegios\/2003\/01\/cpm08.jpg\" alt=\"\u00a1\u00a1\u00a1 Ning\u00fan hijo de Nut nacer\u00e1 en ning\u00fan d\u00eda ni en ninguna noche de ning\u00fan a\u00f1o !!!...\" width=\"400\" height=\"276\" border=\"0\" hspace=\"6\" \/><p id=\"caption-attachment-316\" class=\"wp-caption-text\">\u00a1\u00a1\u00a1 Ning\u00fan hijo de Nut nacer\u00e1 en ning\u00fan d\u00eda ni en ninguna noche de ning\u00fan a\u00f1o !!!&#8230;<\/p><\/div>\n<\/div>\n<p>La noticia pronto se extendi\u00f3 entre los dioses. Cuando Nut se enter\u00f3 de la maldici\u00f3n se sinti\u00f3 muy apesadumbrada: <em>-Deseo un hijo, pero se que la magia de Ra es muy poderosa \u00bfc\u00f3mo podr\u00e9 romper el maleficio?-<\/em><\/p>\n<p>La \u00fanica persona que pod\u00eda ayudarla era Thot, el m\u00e1s sabio de los dioses, as\u00ed que fue a verlo.<\/p>\n<div class=\"mosimage\" style=\"float: center;\" align=\"center\">\n<div id=\"attachment_317\" style=\"width: 410px\" class=\"wp-caption aligncenter\"><img aria-describedby=\"caption-attachment-317\" decoding=\"async\" loading=\"lazy\" class=\"wp-image-317 size-full\" title=\"Thot quer\u00eda a Nut y, al verla llorar, decidi\u00f3 ayudarla\" src=\"http:\/\/www.amigosdelantiguoegipto.com\/wp-content\/uploads\/varios\/colegios\/2003\/01\/cpm09.jpg\" alt=\"Thot quer\u00eda a Nut y, al verla llorar, decidi\u00f3 ayudarla\" width=\"400\" height=\"276\" border=\"0\" hspace=\"6\" \/><p id=\"caption-attachment-317\" class=\"wp-caption-text\">Thot quer\u00eda a Nut y, al verla llorar, decidi\u00f3 ayudarla<\/p><\/div>\n<\/div>\n<p style=\"text-align: justify;\"><em>&#8211; No puedo romper la maldici\u00f3n de Ra, pero puedo evitarla. Se que Jonsu, el Dios Luna, es jugador, as\u00ed que le retar\u00e9 a una partida de Senet-.<\/em><\/p>\n<p style=\"text-align: justify;\">Y as\u00ed fue porque Jonsu no pudo resistirse y cedi\u00f3 al desafio.<\/p>\n<p style=\"text-align: justify;\">&#8211; \u00a1Oh, Thot!. \u00a1Tal vez seas el dios m\u00e1s sabio, pero yo soy el mejor jugador de senet! No he perdido ninguna partida. Jugar\u00e9 contigo y te ganar\u00e9-.<\/p>\n<p style=\"text-align: justify;\">Los dos se sentaron a jugar. Thot comenz\u00f3 ganando todas las partidas.<\/p>\n<p style=\"text-align: justify;\"><em>&#8211; Has tenido suerte, Thot. Apuesto un hora de mi luz a que te gano la siguiente partida-.<\/em><\/p>\n<p style=\"text-align: justify;\">\u00a1Pero tambi\u00e9n perdi\u00f3! Thot continu\u00f3 ganando y Jonsu sigui\u00f3 apostando su luz hasta que Thot hubo conseguido una luz equivalente a la de cinco d\u00edas.<\/p>\n<div class=\"mosimage\" style=\"float: center;\" align=\"center\">\n<div id=\"attachment_318\" style=\"width: 410px\" class=\"wp-caption aligncenter\"><img aria-describedby=\"caption-attachment-318\" decoding=\"async\" loading=\"lazy\" class=\"wp-image-318 size-full\" title=\"Thot coloc\u00f3 los cinco d\u00edas entre el final de ese a\u00f1o y el comienzo del siguiente...\" src=\"http:\/\/www.amigosdelantiguoegipto.com\/wp-content\/uploads\/varios\/colegios\/2003\/01\/cpm10.jpg\" alt=\"Thot coloc\u00f3 los cinco d\u00edas entre el final de ese a\u00f1o y el comienzo del siguiente...\" width=\"400\" height=\"276\" border=\"0\" hspace=\"6\" \/><p id=\"caption-attachment-318\" class=\"wp-caption-text\">Thot coloc\u00f3 los cinco d\u00edas entre el final de ese a\u00f1o y el comienzo del siguiente&#8230;<\/p><\/div>\n<\/div>\n<p style=\"text-align: justify;\">En aquella \u00e9poca, un a\u00f1o ten\u00eda 12 meses de 30 d\u00edas cada uno, lo que sumaba un total de 360 d\u00edas. Nut se sinti\u00f3 muy feliz cuando Thot le cont\u00f3 lo que hab\u00eda hecho. Como los 5 d\u00edas no pertenec\u00edan a ning\u00fan a\u00f1o, sus hijos podr\u00edan nacer en esos d\u00edas sin romper el maleficio de Ra.<\/p>\n<p style=\"text-align: justify;\">El primer d\u00eda, Nut dio a luz a Osiris, que ser\u00eda fara\u00f3n despu\u00e9s de Ra; el segundo d\u00eda a Harmachis, que est\u00e1 inmortalizado en la Esfinge; el tercer d\u00eda a Seth, que m\u00e1s tarde matar\u00eda a Osiris y se convertir\u00eda en fara\u00f3n; el cuarto d\u00eda a Isis, que ser\u00eda la esposa de Osiris; y el quinto d\u00eda, a Neftis, que ser\u00eda la esposa de Seth.<\/p>\n<p style=\"text-align: justify;\">En cuanto a Jonsu, el dios Luna, qued\u00f3 tan debilitado tras la partida que ya no pudo brillar con fuerza todo el tiempo. A\u00fan hoy, la Luna s\u00f3lo brilla toda entera durante unos cuantos d\u00edas del mes y ha de pasar el resto del tiempo recobrando fuerzas.<\/p>\n<div class=\"mosimage\" align=\"center\">\n<div id=\"attachment_319\" style=\"width: 410px\" class=\"wp-caption aligncenter\"><img aria-describedby=\"caption-attachment-319\" decoding=\"async\" loading=\"lazy\" class=\"wp-image-319 size-full\" title=\"Los Hijos de Nut\" src=\"http:\/\/www.amigosdelantiguoegipto.com\/wp-content\/uploads\/varios\/colegios\/2003\/01\/cpm11.jpg\" alt=\"Los Hijos de Nut\" width=\"400\" height=\"276\" border=\"0\" hspace=\"6\" \/><p id=\"caption-attachment-319\" class=\"wp-caption-text\">Los Hijos de Nut<\/p><\/div>\n<\/div>\n<div class=\"mosimage\" style=\"float: center;\" align=\"center\">\n<div id=\"attachment_320\" style=\"width: 410px\" class=\"wp-caption aligncenter\"><img aria-describedby=\"caption-attachment-320\" decoding=\"async\" loading=\"lazy\" class=\"wp-image-320 size-full\" title=\"Alumnos de 4\u00baB de Primaria\" src=\"http:\/\/www.amigosdelantiguoegipto.com\/wp-content\/uploads\/varios\/colegios\/2003\/01\/cpm12.jpg\" alt=\"Alumnos de 4\u00baB de Primaria\" width=\"400\" height=\"273\" border=\"0\" hspace=\"6\" \/><p id=\"caption-attachment-320\" class=\"wp-caption-text\">Alumnos de 4\u00baB de Primaria<\/p><\/div>\n<\/div>\n<p style=\"text-align: justify;\">Agradezco la invitaci\u00f3n recibida por parte del Colegio y felicito a alumnos y profesoras por el excelente resultado. Ha merecido la pena el esfuerzo, sobre todo porque es una divertida forma de aprender.<\/p>\n<p style=\"text-align: justify;\">\u00a1Qui\u00e9n sabe si en este grupo tan simp\u00e1tico contamos con alg\u00fan futuro egipt\u00f3logo!<\/p>\n","protected":false},"excerpt":{"rendered":"<p>Trabajos en Colegios e Instituciones Cristina Carracedo &#8211; Enero de 2003 Hoy es jueves, 30 de mayo de 2002. Los alumnos de 4\u00ba B de Primaria del Colegio P\u00fablico Mirasierra de Madrid han estado trabajando muy duro y yo he sido testigo de ello. Sus profesoras, Loli y Ana Bel\u00e9n, les propusieron realizar una labor de investigaci\u00f3n y estos simp\u00e1ticos&#8230;<\/p>\n<p class=\"continue-reading-button\"> <a class=\"continue-reading-link\" href=\"http:\/\/amigosdelantiguoegipto.com\/?page_id=321\">Seguir leyendo<i class=\"crycon-right-dir\"><\/i><\/a><\/p>\n","protected":false},"author":1,"featured_media":0,"parent":0,"menu_order":17,"comment_status":"closed","ping_status":"closed","template":"","meta":{"ngg_post_thumbnail":0},"_links":{"self":[{"href":"http:\/\/amigosdelantiguoegipto.com\/index.php?rest_route=\/wp\/v2\/pages\/321"}],"collection":[{"href":"http:\/\/amigosdelantiguoegipto.com\/index.php?rest_route=\/wp\/v2\/pages"}],"about":[{"href":"http:\/\/amigosdelantiguoegipto.com\/index.php?rest_route=\/wp\/v2\/types\/page"}],"author":[{"embeddable":true,"href":"http:\/\/amigosdelantiguoegipto.com\/index.php?rest_route=\/wp\/v2\/users\/1"}],"replies":[{"embeddable":true,"href":"http:\/\/amigosdelantiguoegipto.com\/index.php?rest_route=%2Fwp%2Fv2%2Fcomments&post=321"}],"version-history":[{"count":0,"href":"http:\/\/amigosdelantiguoegipto.com\/index.php?rest_route=\/wp\/v2\/pages\/321\/revisions"}],"wp:attachment":[{"href":"http:\/\/amigosdelantiguoegipto.com\/index.php?rest_route=%2Fwp%2Fv2%2Fmedia&parent=321"}],"curies":[{"name":"wp","href":"https:\/\/api.w.org\/{rel}","templated":true}]}}