{"id":29,"date":"2003-07-09T01:00:00","date_gmt":"2003-07-09T01:00:00","guid":{"rendered":"http:\/\/amigosdelantiguoegipto.com\/el-ojo-del-sol\/"},"modified":"2025-06-22T19:49:32","modified_gmt":"2025-06-22T19:49:32","slug":"el-ojo-del-sol","status":"publish","type":"page","link":"http:\/\/amigosdelantiguoegipto.com\/?page_id=29","title":{"rendered":"El Ojo del Sol"},"content":{"rendered":"<p><a href=\"http:\/\/amigosdelantiguoegipto.com\/?p=8702\">Cuentos y<\/a><a href=\"http:\/\/amigosdelantiguoegipto.com\/?p=8702\"> ley<\/a><a href=\"http:\/\/amigosdelantiguoegipto.com\/?p=8702\">endas<\/a><\/p>\n<p style=\"text-align: right;\">Isabel Soba Molero &#8211; Julio de 2003<br \/>\nIlustraciones de <a href=\"http:\/\/www.dianasobrado.es\" target=\"_blank\" rel=\"noopener\">Diana Sobrado<\/a><\/p>\n<p style=\"text-align: justify;\"><em>La Egiptolog\u00eda no deja de fascinarme. Crea inquietudes en mi persona y a su vez una sensaci\u00f3n placentera que inunda de sabidur\u00eda y de imaginaci\u00f3n todo mi ser. Con much\u00edsimo cari\u00f1o os voy a contar la siguiente leyenda que est\u00e1 llena de moralejas, y es una forma encantadora de sumergirnos en el saber popular del Antiguo Egipto.<\/em><\/p>\n<p class=\"img\"><img decoding=\"async\" loading=\"lazy\" class=\" size-full wp-image-21 aligncenter\" title=\"El Ojo del Sol\" src=\"http:\/\/amigosdelantiguoegipto.com\/wp-content\/uploads\/varios\/cuentosyleyendas\/2003\/07\/portada.jpg\" alt=\"El Ojo del Sol\" width=\"330\" height=\"401\" align=\"middle\" border=\"0\" hspace=\"6\"><\/p>\n<p style=\"text-align: justify;\">Ra, el rey de los dioses, sab\u00eda que su hija Hathor, cuando ten\u00eda apariencia humana, era la diosa m\u00e1s agraciada en virtudes. Llenaba de alegr\u00eda y de encanto todos los lugares. Era la protectora de los dioses.<br \/>\n\u201cEl Ojo Del Sol\u201d era el lado m\u00e1s negativo de la diosa Hathor. Ella adquir\u00eda muy variadas formas. Cuando se enojaba todos los dioses la tem\u00edan.<\/p>\n<p class=\"img\"><img decoding=\"async\" loading=\"lazy\" class=\" size-full wp-image-22 aligncenter\" title=\"El Ojo del Sol\" src=\"http:\/\/amigosdelantiguoegipto.com\/wp-content\/uploads\/varios\/cuentosyleyendas\/2003\/07\/1.jpg\" alt=\"El Ojo del Sol\" width=\"284\" height=\"401\" align=\"middle\" border=\"0\" hspace=\"6\"><\/p>\n<p style=\"text-align: justify;\">Un d\u00eda Ra tuvo que discutir con su hija, El Ojo Del Sol ten\u00eda much\u00edsimos celos de los dioses que cre\u00f3 su padre. \u00c9ste no pudo consentir ese comportamiento tan injusto y Hathor se enfad\u00f3 much\u00edsimo y se march\u00f3 hacia Nubia, teniendo que atravesar desiertos. La diosa ya no mostraba su forma humana, ten\u00eda la apariencia de un gato salvaje o la de una leona furiosa. Cualquier criatura que se le acercase ser\u00eda v\u00edctima de ella. Cazaba y mataba, viv\u00eda de ese modo.<br \/>\nRa, entristeci\u00f3 y cay\u00f3 en una profunda melancol\u00eda, hasta tal punto que \u201c El dios Sol\u201d ocult\u00f3 su rostro y la tierra se qued\u00f3 sin luz, en una profunda oscuridad.<\/p>\n<p style=\"text-align: justify;\">Yo me pregunto una cosa:<\/p>\n<p style=\"text-align: justify;\">&#8211; \u00a1Ra! \u00bfC\u00f3mo pudo ocurrir tal cosa, t\u00fa, que eres el que env\u00eda la alegr\u00eda al mundo y auyentas las desgracias y las penas?<\/p>\n<p style=\"text-align: justify;\">Egipto estaba desconocido. Era muy cruel ver ese panorama en la tierra. \u00a1Qu\u00e9 tristeza!<\/p>\n<p class=\"img\"><img decoding=\"async\" loading=\"lazy\" class=\" size-full wp-image-23 aligncenter\" title=\"El Ojo del Sol\" src=\"http:\/\/amigosdelantiguoegipto.com\/wp-content\/uploads\/varios\/cuentosyleyendas\/2003\/07\/2.jpg\" alt=\"El Ojo del Sol\" width=\"290\" height=\"400\" align=\"middle\" border=\"0\" hspace=\"6\"><\/p>\n<p style=\"text-align: justify;\">Ra pidi\u00f3 ayuda a los dioses y le dijo a Thot, el dios m\u00e1s sabio, uno de mis dioses favoritos, que fuera a Nubia a convencer a Hathor para que volviera a Egipto. Thot estaba atemorizado, pues sab\u00eda que en cuanto lo viera, Hathor lo matar\u00eda. Entonces pens\u00f3 que lo mejor ser\u00eda adquirir la forma de un mandril para ser m\u00e1s insignificante.<\/p>\n<p class=\"img\"><img decoding=\"async\" loading=\"lazy\" class=\" size-full wp-image-24 aligncenter\" title=\"El Ojo del Sol\" src=\"http:\/\/amigosdelantiguoegipto.com\/wp-content\/uploads\/varios\/cuentosyleyendas\/2003\/07\/3.jpg\" alt=\"El Ojo del Sol\" width=\"291\" height=\"400\" align=\"middle\" border=\"0\" hspace=\"6\"><\/p>\n<p style=\"text-align: justify;\">Despu\u00e9s de seguir los pasos de la diosa, la encontr\u00f3 y se acerc\u00f3 a ella. Thot le di\u00f3 conversaci\u00f3n haciendo referencia a Ra y record\u00e1ndole que era la hija del sol, pero ella bajo la forma de gato salvaje le dijo:<\/p>\n<p style=\"text-align: justify;\">&#8211; \u00a1Dime lo que tengas que decir y muere!<\/p>\n<p style=\"text-align: justify;\">Thot comenz\u00f3 a contarle una historia para distraerla y a su vez para recordarle que el rey de los dioses, Ra, su padre, siempre hac\u00eda justicia. Comenz\u00f3 cont\u00e1ndole la historia de un buitre hembra que hab\u00eda tenido pollitos y una gata que hab\u00eda tenido gatitos. Ambas mam\u00e1s hab\u00edan hecho un pacto y hab\u00edan jurado por Ra que ninguna atacar\u00eda a las cr\u00edas de la otra.<br \/>\n\u00abUn d\u00eda uno de los pollitos se escap\u00f3 del nido en una de las ausencias de la madre, y al no saber volar fue a caer donde estaban los gatitos y les quit\u00f3 un poco de comida. La madre gata sin pararse a pensar atac\u00f3 al polluelo y lo hiri\u00f3, despu\u00e9s le dijo que se fuera.<\/p>\n<p style=\"text-align: justify;\">El peque\u00f1\u00edn no pod\u00eda volar todav\u00eda porque era un pollito, pero le dijo a la gata:<\/p>\n<p style=\"text-align: justify;\">-\u00a1Has roto el pacto y Ra te lo har\u00e1 pagar!<\/p>\n<p style=\"text-align: justify;\">El polluelo muri\u00f3. Su madre lo busc\u00f3 y finalmente lo encontr\u00f3 en la otra monta\u00f1a muerto. El buitre se dirigi\u00f3 enseguida hacia los gatitos y cuando estuvo ausente la gata, entonces los mat\u00f3 y se los llev\u00f3 al nido como alimento para sus polluelos.<br \/>\nLa gata se enfureci\u00f3 y le pidi\u00f3 a Ra vengar al buitre. El dios Sol decidi\u00f3 castigar a las dos mam\u00e1s por haber roto el juramento que hab\u00edan hecho en su nombre. Entonces ocurri\u00f3 lo siguiente: El buitre vi\u00f3 a un cazador que se estaba asando una pierna para com\u00e9rsela y enseguida se lanz\u00f3 a por ella para llev\u00e1rsela a su nido como alimento, pero resulta que la carne conten\u00eda todav\u00eda brasas que estaban encendidas y \u00e9stas cayeron sobre los pollitos, muriendo \u00e9stos y sin poder hacer nada la madre por ellos.\u00bb<\/p>\n<p style=\"text-align: justify;\">Thot termin\u00f3 de hablar y El Ojo Del Sol se qued\u00f3 pensativa y record\u00f3 lo poderoso y lo justo que era su padre. Hathor hab\u00eda cambiado su car\u00e1cter completamente. Thot le hab\u00eda recordado a su padre, a su hermano Shu, a su tierra \u201cEgipto\u201c&#8230; Y en ese momento record\u00f3 lo mucho que los hombres la adoraban.<br \/>\nTambi\u00e9n el m\u00e1s sabio de los dioses le comentaba como estaba Egipto sin ella: en tinieblas, triste, sin alegr\u00eda&#8230;<br \/>\nPero cuando m\u00e1s confiado estaba Thot en hacerla regresar, \u00e9sta se dio cuenta de que el mandril quer\u00eda disuadirla para volver a Egipto y entonces mont\u00f3 en c\u00f3lera por haberla hecho llorar, y se enfureci\u00f3 de tal manera que se convirti\u00f3 en una enorme leona.<\/p>\n<p class=\"img\"><img decoding=\"async\" loading=\"lazy\" class=\" size-full wp-image-25 aligncenter\" title=\"El Ojo del Sol\" src=\"http:\/\/amigosdelantiguoegipto.com\/wp-content\/uploads\/varios\/cuentosyleyendas\/2003\/07\/4.jpg\" alt=\"El Ojo del Sol\" width=\"292\" height=\"400\" align=\"middle\" border=\"0\" hspace=\"6\"><\/p>\n<p style=\"text-align: justify;\">&#8211; \u00a1En nombre de Ra, perd\u00f3name! \u00a1Antes de atacarme escucha la historia que te voy a contar! -dijo Thot.<\/p>\n<p style=\"text-align: justify;\">Mi sabio Thot comenz\u00f3 enseguida a contarle otra historia para tranquilizarla:<\/p>\n<p style=\"text-align: justify;\">\u00abDos buitres se pasaban el tiempo discutiendo sobre cual de ellos pose\u00eda m\u00e1s dones:<\/p>\n<p style=\"text-align: justify;\">&#8211; Yo soy capaz de&#8230; -dec\u00eda uno de ellos.<br \/>\n&#8211; Pues yo puedo&#8230; -replicaba el otro.<\/p>\n<p style=\"text-align: justify;\">De repente uno de ellos se empez\u00f3 a reir y dijo :<\/p>\n<p style=\"text-align: justify;\">&#8211; Si supieras lo que he visto.<br \/>\n&#8211; \u00bfQu\u00e9 has visto? -contest\u00f3 el otro.<br \/>\n&#8211; Como t\u00fa ya sabes tengo una poderosa vista y he podido contemplar lo siguiente: He visto como una lagartija se com\u00eda una mosca. Despu\u00e9s una serpiente se com\u00eda la lagartija y posteriormente un halc\u00f3n se llevaba la serpiente, pero como \u00e9sta pesaba mucho, el halc\u00f3n cay\u00f3 al mar y los dos fueron comidos por un pez. Y seguidamente ha pasado un pez m\u00e1s grande y se ha comido al primero. El pez grande se hab\u00eda acercado a la orilla del mar y hab\u00eda sido capturado por un le\u00f3n. Despu\u00e9s apareci\u00f3 una criatura extra\u00f1a, mitad le\u00f3n y mitad \u00e1guila y se lo ha llevado a su nido para com\u00e9rselo.<\/p>\n<p style=\"text-align: justify;\">Uno de ellos dijo:<\/p>\n<p style=\"text-align: justify;\">&#8211; Seguramente que esa criatura extra\u00f1a es un mensajero de Ra . Los que matan mueren. Y no hay nada que se pueda comparar con la justicia del rey de los dioses.\u00bb<\/p>\n<p style=\"text-align: justify;\">Thot le dijo a El Ojo Del Sol:<\/p>\n<p style=\"text-align: justify;\">&#8211; Tu propio padre es quien da bien por bien y mal por mal.<\/p>\n<p style=\"text-align: justify;\">En ese momento la diosa se sinti\u00f3 muy orgullosa de su padre y le dijo al mandril:<\/p>\n<p style=\"text-align: justify;\">&#8211; No te preocupes que no te voy a matar.<\/p>\n<p style=\"text-align: justify;\">El sabio Thot emprendi\u00f3 el viaje hacia Egipto acompa\u00f1ado por el gato salvaje (la diosa). Como no se fiaba todav\u00eda de ella comenz\u00f3 a contarle otra historia:<\/p>\n<p style=\"text-align: justify;\">&#8211; \u201c Dos chacales que viv\u00edan en el desierto&#8230;\u201d<\/p>\n<p style=\"text-align: justify;\">Cuando termin\u00f3 de contarle la historia le dijo:<\/p>\n<p style=\"text-align: justify;\">&#8211; Como me has perdonado la vida yo te proteger\u00e9 durante todo el camino.<\/p>\n<p style=\"text-align: justify;\">La diosa se empez\u00f3 a reir y le dijo que El Ojo Del Sol no necesitaba su protecci\u00f3n, pues el mandril era mucho m\u00e1s d\u00e9bil que ella.<\/p>\n<p style=\"text-align: justify;\">El mandril, es decir, Thot, comenz\u00f3 a hablar:<\/p>\n<p style=\"text-align: justify;\">&#8211; Te voy a recordar una historia: \u00abTrata de un le\u00f3n que buscaba desesperadamente al hombre para matarlo. El le\u00f3n pensaba que \u00e9l era el m\u00e1s fuerte. Se hab\u00eda enfurecido pensando que una criatura que no conoc\u00eda, \u201cel hombre\u201d, pudiera con una pantera que se hab\u00eda encontrado medio muerta. Con un le\u00f3n y con varias criaturas que se hab\u00edan cruzado por el camino y que hab\u00edan sido v\u00edctimas del hombre. Con lo que no contaba el le\u00f3n era con el arma m\u00e1s poderosa del hombre: \u201dla astucia\u201d. En su b\u00fasqueda desesperada se encontr\u00f3 con un ratoncillo, y \u00e9ste le dijo:<\/p>\n<p style=\"text-align: justify;\">&#8211; Oiga, por favor, no me aplaste. Si me aplasta para luego comerme, no le va ha merecer la pena, pues soy tan diminuto que no le voy a saber a nada.Dej\u00e1ndome en libertad alg\u00fan d\u00eda le devolver\u00e9 el favor.<\/p>\n<p style=\"text-align: justify;\">El le\u00f3n no le mat\u00f3 y se fue ri\u00e9ndose a carcajadas.<\/p>\n<p style=\"text-align: justify;\">&#8211; Un ratoncillo ayudarme a m\u00ed, ja, ja,ja -dijo el le\u00f3n.<\/p>\n<p style=\"text-align: justify;\">Al poco tiempo sucedi\u00f3 que el le\u00f3n fue a caer en una trampa que hab\u00eda preparado el hombre. El le\u00f3n cay\u00f3 en un agujero que estaba tapado con ramas, y \u00e9ste hab\u00eda quedado atrapado en una red. Quedaba poco tiempo para que el hombre lo matara. A media noche pas\u00f3 el ratoncillo por all\u00ed y enseguida ayud\u00f3 al le\u00f3n para que \u00e9ste pudiera escapar. El diminuto animal comenz\u00f3 a roer todas las redes, todas las cuerdas. Y el le\u00f3n se fue lejos de aquel lugar, donde no le pudiese atrapar el hombre. Pero la experiencia le hizo comprender que un ser m\u00e1s d\u00e9bil puede ayudar al que tiene m\u00e1s fuerza.\u00bb<\/p>\n<p class=\"img\"><img decoding=\"async\" loading=\"lazy\" class=\" size-full wp-image-26 aligncenter\" title=\"El Ojo del Sol\" src=\"http:\/\/amigosdelantiguoegipto.com\/wp-content\/uploads\/varios\/cuentosyleyendas\/2003\/07\/5.jpg\" alt=\"El Ojo del Sol\" width=\"288\" height=\"400\" align=\"middle\" border=\"0\" hspace=\"6\"><\/p>\n<p style=\"text-align: justify;\">Hathor le escuch\u00f3 y comenz\u00f3 a tenerle mucho m\u00e1s respeto al mandril.<\/p>\n<p style=\"text-align: justify;\">En El-Kab, al pasar la frontera de Egipto, Hathor tom\u00f3 la apariencia de un buitre, y en el siguiente pueblo volvi\u00f3 a cambiar de aspecto. Hasta acercarse a Tebas, all\u00ed adquiri\u00f3 la apariencia de un gato salvaje.<br \/>\nTodo Egipto estaba pendiente del regreso de su bella diosa. Tambi\u00e9n estaban los enemigos de Ra, y mientras Hathor dorm\u00eda, una serpiente venenosa se le acerc\u00f3, pero Thot que estaba vigilante, avis\u00f3 a su diosa y \u00e9sta salt\u00f3 como una fiera hacia la serpiente y la mat\u00f3.<\/p>\n<p class=\"img\"><img decoding=\"async\" loading=\"lazy\" class=\" size-full wp-image-27 aligncenter\" title=\"El Ojo del Sol\" src=\"http:\/\/amigosdelantiguoegipto.com\/wp-content\/uploads\/varios\/cuentosyleyendas\/2003\/07\/6.jpg\" alt=\"El Ojo del Sol\" width=\"292\" height=\"400\" align=\"middle\" border=\"0\" hspace=\"6\"><\/p>\n<p style=\"text-align: justify;\">Hathor record\u00f3 la historia del rat\u00f3n y el le\u00f3n y se fue d\u00e1ndole las graci\u00e1s a su amigo el mandril.<\/p>\n<p style=\"text-align: justify;\">Al llegar a Tebas por la ma\u00f1ana se transform\u00f3 en una bella mujer, llena de bondad y alegr\u00eda, como ella era. La bella Hathor se junt\u00f3 con su padre en la ciudad sagrada de Heli\u00f3polis y se dieron un fuerte abrazo. Todo Egipto salt\u00f3 de alegr\u00eda. Thot volvi\u00f3 a mostrar su apariencia normal y la diosa le reconoci\u00f3.<\/p>\n<p class=\"img\"><img decoding=\"async\" loading=\"lazy\" class=\" size-full wp-image-28 aligncenter\" title=\"El Ojo del Sol\" src=\"http:\/\/amigosdelantiguoegipto.com\/wp-content\/uploads\/varios\/cuentosyleyendas\/2003\/07\/7.jpg\" alt=\"El Ojo del Sol\" width=\"288\" height=\"400\" align=\"middle\" border=\"0\" hspace=\"6\"><\/p>\n<p style=\"text-align: justify;\">Ra agradeci\u00f3 a Thot el regreso de El Ojo Del Sol y formaron una gran fiesta.<\/p>\n<p style=\"text-align: justify;\">Como pod\u00e9is ver, Thot ten\u00eda una gran sabidur\u00eda.<\/p>\n","protected":false},"excerpt":{"rendered":"<p>Cuentos y leyendas Isabel Soba Molero &#8211; Julio de 2003 Ilustraciones de Diana Sobrado La Egiptolog\u00eda no deja de fascinarme. Crea inquietudes en mi persona y a su vez una sensaci\u00f3n placentera que inunda de sabidur\u00eda y de imaginaci\u00f3n todo mi ser. Con much\u00edsimo cari\u00f1o os voy a contar la siguiente leyenda que est\u00e1 llena de moralejas, y es una&#8230;<\/p>\n<p class=\"continue-reading-button\"> <a class=\"continue-reading-link\" href=\"http:\/\/amigosdelantiguoegipto.com\/?page_id=29\">Seguir leyendo<i class=\"crycon-right-dir\"><\/i><\/a><\/p>\n","protected":false},"author":1,"featured_media":0,"parent":0,"menu_order":4,"comment_status":"closed","ping_status":"closed","template":"","meta":{"ngg_post_thumbnail":0},"_links":{"self":[{"href":"http:\/\/amigosdelantiguoegipto.com\/index.php?rest_route=\/wp\/v2\/pages\/29"}],"collection":[{"href":"http:\/\/amigosdelantiguoegipto.com\/index.php?rest_route=\/wp\/v2\/pages"}],"about":[{"href":"http:\/\/amigosdelantiguoegipto.com\/index.php?rest_route=\/wp\/v2\/types\/page"}],"author":[{"embeddable":true,"href":"http:\/\/amigosdelantiguoegipto.com\/index.php?rest_route=\/wp\/v2\/users\/1"}],"replies":[{"embeddable":true,"href":"http:\/\/amigosdelantiguoegipto.com\/index.php?rest_route=%2Fwp%2Fv2%2Fcomments&post=29"}],"version-history":[{"count":4,"href":"http:\/\/amigosdelantiguoegipto.com\/index.php?rest_route=\/wp\/v2\/pages\/29\/revisions"}],"predecessor-version":[{"id":22166,"href":"http:\/\/amigosdelantiguoegipto.com\/index.php?rest_route=\/wp\/v2\/pages\/29\/revisions\/22166"}],"wp:attachment":[{"href":"http:\/\/amigosdelantiguoegipto.com\/index.php?rest_route=%2Fwp%2Fv2%2Fmedia&parent=29"}],"curies":[{"name":"wp","href":"https:\/\/api.w.org\/{rel}","templated":true}]}}