{"id":273,"date":"2004-02-15T01:00:00","date_gmt":"2004-02-15T01:00:00","guid":{"rendered":"http:\/\/www.amigosdelantiguoegipto.com\/colegio-publico-parapanda-2003-2004\/"},"modified":"2014-06-29T09:14:33","modified_gmt":"2014-06-29T09:14:33","slug":"colegio-publico-parapanda-2003-2004","status":"publish","type":"page","link":"http:\/\/amigosdelantiguoegipto.com\/?page_id=273","title":{"rendered":"Colegio P\u00fablico Parapanda (2003-2004)"},"content":{"rendered":"<p><a href=\"http:\/\/amigosdelantiguoegipto.com\/?p=8580%20\">Trabajos en Colegios e Instituciones<\/a><\/p>\n<p style=\"text-align: right;\">Francisco Garc\u00eda Jim\u00e9nez- Febrero de 2004<\/p>\n<h3>Colegio P\u00fablico Parapanda (Ob\u00e9ilar &#8211; Granada)<\/h3>\n<p>&#8211; <a href=\"http:\/\/www.juntadeandalucia.es\/averroes\/cprparapanda\/\" target=\"_blank\">Sitio web de C.P.R. Parapanda<\/a><\/p>\n<p>Dibujos sobre el Antiguo Egipto realizados por los alumnos durante el curso escolar 2003-2004.<\/p>\n<p class=\"centrar\">Jennifer Castro Ortega 12 a\u00f1os (Granada &#8211; Espa\u00f1a)<\/p>\n<div class=\"mosimage\" style=\"float: center;\" align=\"center\">\n<div id=\"attachment_253\" style=\"width: 710px\" class=\"wp-caption aligncenter\"><img aria-describedby=\"caption-attachment-253\" decoding=\"async\" loading=\"lazy\" class=\"wp-image-253 size-full\" title=\"Casa egipcia\" src=\"http:\/\/www.amigosdelantiguoegipto.com\/wp-content\/uploads\/varios\/colegios\/2004\/02\/jennifer_egipto_03.jpg\" alt=\"Casa egipcia\" width=\"700\" height=\"441\" border=\"0\" hspace=\"6\" \/><p id=\"caption-attachment-253\" class=\"wp-caption-text\">Casa egipcia<\/p><\/div>\n<\/div>\n<div class=\"mosimage\" style=\"float: center;\" align=\"center\">\n<div id=\"attachment_254\" style=\"width: 710px\" class=\"wp-caption aligncenter\"><img aria-describedby=\"caption-attachment-254\" decoding=\"async\" loading=\"lazy\" class=\"wp-image-254 size-full\" title=\"Ojo de Horus\" src=\"http:\/\/www.amigosdelantiguoegipto.com\/wp-content\/uploads\/varios\/colegios\/2004\/02\/jennifer_egipto_02.jpg\" alt=\"Ojo de Horus\" width=\"700\" height=\"532\" border=\"0\" hspace=\"6\" \/><p id=\"caption-attachment-254\" class=\"wp-caption-text\">Ojo de Horus<\/p><\/div>\n<\/div>\n<p class=\"centrar\">Jennifer Castro Ortega 11 a\u00f1os (Granada &#8211; Espa\u00f1a)<\/p>\n<div class=\"mosimage\" style=\"float: center;\" align=\"center\">\n<div id=\"attachment_255\" style=\"width: 710px\" class=\"wp-caption aligncenter\"><img aria-describedby=\"caption-attachment-255\" decoding=\"async\" loading=\"lazy\" class=\"wp-image-255 size-full\" title=\"Escriba y la pir\u00e1mide\" src=\"http:\/\/www.amigosdelantiguoegipto.com\/wp-content\/uploads\/varios\/colegios\/2004\/02\/jennifer_egipt.jpg\" alt=\"Escriba y la pir\u00e1mide\" width=\"700\" height=\"497\" border=\"0\" hspace=\"6\" \/><p id=\"caption-attachment-255\" class=\"wp-caption-text\">Escriba y la pir\u00e1mide<\/p><\/div>\n<\/div>\n<p class=\"centrar\">Iv\u00e1n Navarrete Jim\u00e9nez 13 a\u00f1os (Granada &#8211; Espa\u00f1a)<\/p>\n<div class=\"mosimage\" style=\"float: center;\" align=\"center\">\n<div id=\"attachment_256\" style=\"width: 710px\" class=\"wp-caption aligncenter\"><img aria-describedby=\"caption-attachment-256\" decoding=\"async\" loading=\"lazy\" class=\"wp-image-256 size-full\" title=\"Cruz Anj\" src=\"http:\/\/www.amigosdelantiguoegipto.com\/wp-content\/uploads\/varios\/colegios\/2004\/02\/ivan_egipto_02.jpg\" alt=\"Cruz Anj\" width=\"700\" height=\"473\" border=\"0\" hspace=\"6\" \/><p id=\"caption-attachment-256\" class=\"wp-caption-text\">Cruz Anj<\/p><\/div>\n<\/div>\n<p class=\"centrar\">Iv\u00e1n Navarrete Jim\u00e9nez 12 a\u00f1os (Granada &#8211; Espa\u00f1a)<\/p>\n<div class=\"mosimage\" style=\"float: center;\" align=\"center\">\n<div id=\"attachment_257\" style=\"width: 506px\" class=\"wp-caption aligncenter\"><img aria-describedby=\"caption-attachment-257\" decoding=\"async\" loading=\"lazy\" class=\"wp-image-257 size-full\" title=\"La pir\u00e1mide\" src=\"http:\/\/www.amigosdelantiguoegipto.com\/wp-content\/uploads\/varios\/colegios\/2004\/02\/ivan_egipto.jpg\" alt=\"La pir\u00e1mide\" width=\"496\" height=\"700\" border=\"0\" hspace=\"6\" \/><p id=\"caption-attachment-257\" class=\"wp-caption-text\">La pir\u00e1mide<\/p><\/div>\n<\/div>\n<p class=\"centrar\">Juan Navas Aguilera 10 a\u00f1os (Granada &#8211; Espa\u00f1a)<\/p>\n<div class=\"mosimage\" style=\"float: center;\" align=\"center\">\n<div id=\"attachment_258\" style=\"width: 710px\" class=\"wp-caption aligncenter\"><img aria-describedby=\"caption-attachment-258\" decoding=\"async\" loading=\"lazy\" class=\"wp-image-258 size-full\" title=\"El hombre y sus pir\u00e1mides flotantes\" src=\"http:\/\/www.amigosdelantiguoegipto.com\/wp-content\/uploads\/varios\/colegios\/2004\/02\/juan_egipto.jpg\" alt=\"El hombre y sus pir\u00e1mides flotantes\" width=\"700\" height=\"492\" border=\"0\" hspace=\"6\" \/><p id=\"caption-attachment-258\" class=\"wp-caption-text\">El hombre y sus pir\u00e1mides flotantes<\/p><\/div>\n<\/div>\n<p class=\"centrar\">Francisco Javier Montero Valero 11 a\u00f1os (Granada &#8211; Espa\u00f1a)<\/p>\n<div class=\"mosimage\" style=\"float: center;\" align=\"center\">\n<div id=\"attachment_259\" style=\"width: 476px\" class=\"wp-caption aligncenter\"><img aria-describedby=\"caption-attachment-259\" decoding=\"async\" loading=\"lazy\" class=\"wp-image-259 size-full\" title=\"Anj\" src=\"http:\/\/www.amigosdelantiguoegipto.com\/wp-content\/uploads\/varios\/colegios\/2004\/02\/francisco_egipto_02.jpg\" alt=\"Anj\" width=\"466\" height=\"699\" border=\"0\" hspace=\"6\" \/><p id=\"caption-attachment-259\" class=\"wp-caption-text\">Anj<\/p><\/div>\n<\/div>\n<div class=\"mosimage\" style=\"float: center;\" align=\"center\">\n<div id=\"attachment_260\" style=\"width: 710px\" class=\"wp-caption aligncenter\"><img aria-describedby=\"caption-attachment-260\" decoding=\"async\" loading=\"lazy\" class=\"wp-image-260 size-full\" title=\"La Pir\u00e1mide\" src=\"http:\/\/www.amigosdelantiguoegipto.com\/wp-content\/uploads\/varios\/colegios\/2004\/02\/francisco_egipto.jpg\" alt=\"La Pir\u00e1mide\" width=\"700\" height=\"498\" border=\"0\" hspace=\"6\" \/><p id=\"caption-attachment-260\" class=\"wp-caption-text\">La Pir\u00e1mide<\/p><\/div>\n<\/div>\n<p class=\"centrar\">Tatiana Torralba Prieto 10 a\u00f1os (Granada &#8211; Espa\u00f1a)<\/p>\n<div class=\"mosimage\" style=\"float: center;\" align=\"center\">\n<div id=\"attachment_261\" style=\"width: 710px\" class=\"wp-caption aligncenter\"><img aria-describedby=\"caption-attachment-261\" decoding=\"async\" loading=\"lazy\" class=\"wp-image-261 size-full\" title=\"Ojo de Horus\" src=\"http:\/\/www.amigosdelantiguoegipto.com\/wp-content\/uploads\/varios\/colegios\/2004\/02\/tatiana_egipto_02.jpg\" alt=\"Ojo de Horus\" width=\"700\" height=\"503\" border=\"0\" hspace=\"6\" \/><p id=\"caption-attachment-261\" class=\"wp-caption-text\">Ojo de Horus<\/p><\/div>\n<\/div>\n<div class=\"mosimage\" style=\"float: center;\" align=\"center\">\n<div id=\"attachment_262\" style=\"width: 710px\" class=\"wp-caption aligncenter\"><img aria-describedby=\"caption-attachment-262\" decoding=\"async\" loading=\"lazy\" class=\"wp-image-262 size-full\" title=\"Los egipcios y sus pir\u00e1mides\" src=\"http:\/\/www.amigosdelantiguoegipto.com\/wp-content\/uploads\/varios\/colegios\/2004\/02\/tatiana_egipto.jpg\" alt=\"Los egipcios y sus pir\u00e1mides\" width=\"700\" height=\"517\" border=\"0\" hspace=\"6\" \/><p id=\"caption-attachment-262\" class=\"wp-caption-text\">Los egipcios y sus pir\u00e1mides<\/p><\/div>\n<\/div>\n<p class=\"centrar\">Cintia Mu\u00f1oz Aguilera 9 a\u00f1os (Granada &#8211; Espa\u00f1a)<\/p>\n<div class=\"mosimage\" style=\"float: center;\" align=\"center\">\n<div id=\"attachment_263\" style=\"width: 710px\" class=\"wp-caption aligncenter\"><img aria-describedby=\"caption-attachment-263\" decoding=\"async\" loading=\"lazy\" class=\"wp-image-263 size-full\" title=\"Las pir\u00e1mides de Egipto\" src=\"http:\/\/www.amigosdelantiguoegipto.com\/wp-content\/uploads\/varios\/colegios\/2004\/02\/cintia_egipto.jpg\" alt=\"Las pir\u00e1mides de Egipto\" width=\"700\" height=\"480\" border=\"0\" hspace=\"6\" \/><p id=\"caption-attachment-263\" class=\"wp-caption-text\">Las pir\u00e1mides de Egipto<\/p><\/div>\n<\/div>\n<p class=\"centrar\">Estefan\u00eda Ortiz Carmona 10 a\u00f1os (Granada &#8211; Espa\u00f1a)<\/p>\n<div class=\"mosimage\" style=\"float: center;\" align=\"center\">\n<div id=\"attachment_264\" style=\"width: 710px\" class=\"wp-caption aligncenter\"><img aria-describedby=\"caption-attachment-264\" decoding=\"async\" loading=\"lazy\" class=\"wp-image-264 size-full\" title=\"Las pir\u00e1mides de Egipto\" src=\"http:\/\/www.amigosdelantiguoegipto.com\/wp-content\/uploads\/varios\/colegios\/2004\/02\/estefania_egipto.jpg\" alt=\"Las pir\u00e1mides de Egipto\" width=\"700\" height=\"497\" border=\"0\" hspace=\"6\" \/><p id=\"caption-attachment-264\" class=\"wp-caption-text\">Las pir\u00e1mides de Egipto<\/p><\/div>\n<\/div>\n<p class=\"centrar\">Mar\u00eda Piedad Amador Mu\u00f1oz 10 a\u00f1os (Granada &#8211; Espa\u00f1a)<\/p>\n<div class=\"mosimage\" style=\"float: center;\" align=\"center\">\n<div id=\"attachment_265\" style=\"width: 710px\" class=\"wp-caption aligncenter\"><img aria-describedby=\"caption-attachment-265\" decoding=\"async\" loading=\"lazy\" class=\"wp-image-265 size-full\" title=\"Las pir\u00e1mides de Egipto\" src=\"http:\/\/www.amigosdelantiguoegipto.com\/wp-content\/uploads\/varios\/colegios\/2004\/02\/maria_egipto.jpg\" alt=\"Las pir\u00e1mides de Egipto\" width=\"700\" height=\"503\" border=\"0\" hspace=\"6\" \/><p id=\"caption-attachment-265\" class=\"wp-caption-text\">Las pir\u00e1mides de Egipto<\/p><\/div>\n<\/div>\n<p class=\"centrar\">Melania Mart\u00edn Nieto 9 a\u00f1os (Granada &#8211; Espa\u00f1a)<\/p>\n<div class=\"mosimage\" style=\"float: center;\" align=\"center\">\n<div id=\"attachment_266\" style=\"width: 710px\" class=\"wp-caption aligncenter\"><img aria-describedby=\"caption-attachment-266\" decoding=\"async\" loading=\"lazy\" class=\"wp-image-266 size-full\" title=\"Las pir\u00e1mides de Egipto\" src=\"http:\/\/www.amigosdelantiguoegipto.com\/wp-content\/uploads\/varios\/colegios\/2004\/02\/melania_egipto.jpg\" alt=\"Las pir\u00e1mides de Egipto\" width=\"700\" height=\"499\" border=\"0\" hspace=\"6\" \/><p id=\"caption-attachment-266\" class=\"wp-caption-text\">Las pir\u00e1mides de Egipto<\/p><\/div>\n<\/div>\n<p class=\"centrar\">Teresa Ortiz Moreno 10 a\u00f1os (Granada &#8211; Espa\u00f1a)<\/p>\n<div class=\"mosimage\" style=\"float: center;\" align=\"center\">\n<div style=\"width: 710px\" class=\"wp-caption aligncenter\"><img decoding=\"async\" loading=\"lazy\" class=\"mosimage_caption\" style=\"text-align: center;\" title=\"Las pir\u00e1mides de Egipto\" src=\"http:\/\/www.amigosdelantiguoegipto.com\/wp-content\/uploads\/varios\/colegios\/2004\/02\/teresa_egipto.jpg\" alt=\"Las pir\u00e1mides de Egipto\" width=\"700\" height=\"508\" align=\"middle\" border=\"0\" hspace=\"6\" \/><p class=\"wp-caption-text\">Las pir\u00e1mides de Egipto<\/p><\/div>\n<\/div>\n<p class=\"centrar\">Estefan\u00eda Soldado Herrera (Granada &#8211; Espa\u00f1a)<\/p>\n<div class=\"mosimage\" style=\"float: center;\" align=\"center\">\n<div id=\"attachment_264\" style=\"width: 710px\" class=\"wp-caption aligncenter\"><img aria-describedby=\"caption-attachment-264\" decoding=\"async\" loading=\"lazy\" class=\"wp-image-264 size-full\" title=\"Las pir\u00e1mides de Egipto\" src=\"http:\/\/www.amigosdelantiguoegipto.com\/wp-content\/uploads\/varios\/colegios\/2004\/02\/estefania_egipto.jpg\" alt=\"Las pir\u00e1mides de Egipto\" width=\"700\" height=\"497\" border=\"0\" hspace=\"6\" \/><p id=\"caption-attachment-264\" class=\"wp-caption-text\">Las pir\u00e1mides de Egipto<\/p><\/div>\n<\/div>\n<p class=\"centrar\">Antonio Blanca Mu\u00f1oz 10 a\u00f1os (Granada &#8211; Espa\u00f1a)<\/p>\n<div class=\"mosimage\" style=\"float: center;\" align=\"center\">\n<div id=\"attachment_268\" style=\"width: 710px\" class=\"wp-caption aligncenter\"><img aria-describedby=\"caption-attachment-268\" decoding=\"async\" loading=\"lazy\" class=\"wp-image-268 size-full\" title=\"Barco egipcio\" src=\"http:\/\/www.amigosdelantiguoegipto.com\/wp-content\/uploads\/varios\/colegios\/2004\/02\/antonio_egipto_2.jpg\" alt=\"Barco egipcio\" width=\"700\" height=\"441\" border=\"0\" hspace=\"6\" \/><p id=\"caption-attachment-268\" class=\"wp-caption-text\">Barco egipcio<\/p><\/div>\n<\/div>\n<div class=\"mosimage\" style=\"float: center;\" align=\"center\">\n<div id=\"attachment_269\" style=\"width: 710px\" class=\"wp-caption aligncenter\"><img aria-describedby=\"caption-attachment-269\" decoding=\"async\" loading=\"lazy\" class=\"wp-image-269 size-full\" title=\"Las pir\u00e1mides\" src=\"http:\/\/www.amigosdelantiguoegipto.com\/wp-content\/uploads\/varios\/colegios\/2004\/02\/antonio_egipto.jpg\" alt=\"Las pir\u00e1mides\" width=\"700\" height=\"498\" border=\"0\" hspace=\"6\" \/><p id=\"caption-attachment-269\" class=\"wp-caption-text\">Las pir\u00e1mides<\/p><\/div>\n<\/div>\n<p class=\"centrar\">Vicky Mu\u00f1oz Mazuecos 10 a\u00f1os (Granada &#8211; Espa\u00f1a)<\/p>\n<div class=\"mosimage\" style=\"float: center;\" align=\"center\">\n<div id=\"attachment_270\" style=\"width: 710px\" class=\"wp-caption aligncenter\"><img aria-describedby=\"caption-attachment-270\" decoding=\"async\" loading=\"lazy\" class=\"wp-image-270 size-full\" title=\"Herramientas egipcias\" src=\"http:\/\/www.amigosdelantiguoegipto.com\/wp-content\/uploads\/varios\/colegios\/2004\/02\/vicky_egipto_03.jpg\" alt=\"Herramientas egipcias\" width=\"700\" height=\"441\" border=\"0\" hspace=\"6\" \/><p id=\"caption-attachment-270\" class=\"wp-caption-text\">Herramientas egipcias<\/p><\/div>\n<\/div>\n<div class=\"mosimage\" style=\"float: center;\" align=\"center\">\n<div id=\"attachment_271\" style=\"width: 710px\" class=\"wp-caption aligncenter\"><img aria-describedby=\"caption-attachment-271\" decoding=\"async\" loading=\"lazy\" class=\"wp-image-271 size-full\" title=\"Ojo de Horus\" src=\"http:\/\/www.amigosdelantiguoegipto.com\/wp-content\/uploads\/varios\/colegios\/2004\/02\/vicky_egipto_02.jpg\" alt=\"Ojo de Horus\" width=\"700\" height=\"566\" border=\"0\" hspace=\"6\" \/><p id=\"caption-attachment-271\" class=\"wp-caption-text\">Ojo de Horus<\/p><\/div>\n<\/div>\n<div class=\"mosimage\" style=\"float: center;\" align=\"center\">\n<div id=\"attachment_272\" style=\"width: 710px\" class=\"wp-caption aligncenter\"><img aria-describedby=\"caption-attachment-272\" decoding=\"async\" loading=\"lazy\" class=\"wp-image-272 size-full\" title=\"Las pir\u00e1mides egipcias\" src=\"http:\/\/www.amigosdelantiguoegipto.com\/wp-content\/uploads\/varios\/colegios\/2004\/02\/vicky_egipto.jpg\" alt=\"Las pir\u00e1mides egipcias\" width=\"700\" height=\"498\" border=\"0\" hspace=\"6\" \/><p id=\"caption-attachment-272\" class=\"wp-caption-text\">Las pir\u00e1mides egipcias<\/p><\/div>\n<\/div>\n","protected":false},"excerpt":{"rendered":"<p>Trabajos en Colegios e Instituciones Francisco Garc\u00eda Jim\u00e9nez- Febrero de 2004 Colegio P\u00fablico Parapanda (Ob\u00e9ilar &#8211; Granada) &#8211; Sitio web de C.P.R. Parapanda Dibujos sobre el Antiguo Egipto realizados por los alumnos durante el curso escolar 2003-2004. Jennifer Castro Ortega 12 a\u00f1os (Granada &#8211; Espa\u00f1a) Jennifer Castro Ortega 11 a\u00f1os (Granada &#8211; Espa\u00f1a) Iv\u00e1n Navarrete Jim\u00e9nez 13 a\u00f1os (Granada &#8211;&#8230;<\/p>\n<p class=\"continue-reading-button\"> <a class=\"continue-reading-link\" href=\"http:\/\/amigosdelantiguoegipto.com\/?page_id=273\">Seguir leyendo<i class=\"crycon-right-dir\"><\/i><\/a><\/p>\n","protected":false},"author":1,"featured_media":0,"parent":0,"menu_order":14,"comment_status":"closed","ping_status":"closed","template":"","meta":{"ngg_post_thumbnail":0},"_links":{"self":[{"href":"http:\/\/amigosdelantiguoegipto.com\/index.php?rest_route=\/wp\/v2\/pages\/273"}],"collection":[{"href":"http:\/\/amigosdelantiguoegipto.com\/index.php?rest_route=\/wp\/v2\/pages"}],"about":[{"href":"http:\/\/amigosdelantiguoegipto.com\/index.php?rest_route=\/wp\/v2\/types\/page"}],"author":[{"embeddable":true,"href":"http:\/\/amigosdelantiguoegipto.com\/index.php?rest_route=\/wp\/v2\/users\/1"}],"replies":[{"embeddable":true,"href":"http:\/\/amigosdelantiguoegipto.com\/index.php?rest_route=%2Fwp%2Fv2%2Fcomments&post=273"}],"version-history":[{"count":0,"href":"http:\/\/amigosdelantiguoegipto.com\/index.php?rest_route=\/wp\/v2\/pages\/273\/revisions"}],"wp:attachment":[{"href":"http:\/\/amigosdelantiguoegipto.com\/index.php?rest_route=%2Fwp%2Fv2%2Fmedia&parent=273"}],"curies":[{"name":"wp","href":"https:\/\/api.w.org\/{rel}","templated":true}]}}