{"id":252,"date":"2004-03-05T01:00:00","date_gmt":"2004-03-05T01:00:00","guid":{"rendered":"http:\/\/www.amigosdelantiguoegipto.com\/collegi-public-rafol-blanc\/"},"modified":"2014-06-29T08:51:37","modified_gmt":"2014-06-29T08:51:37","slug":"collegi-public-rafol-blanc","status":"publish","type":"page","link":"http:\/\/amigosdelantiguoegipto.com\/?page_id=252","title":{"rendered":"Col.legi P\u00fablic R\u00e0fol Blanc"},"content":{"rendered":"<p><a href=\"http:\/\/amigosdelantiguoegipto.com\/?p=8580%20\">Trabajos en Colegios e Instituciones<\/a><\/p>\n<h3 style=\"text-align: right;\">Georgina Ripoll &#8211; Marzo de 2004<\/h3>\n<h3>Col.legi P\u00fablic R\u00e0fol Blanc. L&#8217;Alqueria d&#8217;Asnar (Alicante)<\/h3>\n<p><strong>Febrero de 2004:<\/strong> Trabajos realizados en el \u00e1rea de Pl\u00e1stica por un grupo reducido de alumnos\/as de 6\u00ba de Primaria.<\/p>\n<p class=\"img\"><img decoding=\"async\" loading=\"lazy\" class=\" size-full wp-image-247 aligncenter\" title=\"Col.legi P\u00fablic R\u00e0fol Blanc\" src=\"http:\/\/www.amigosdelantiguoegipto.com\/wp-content\/uploads\/varios\/colegios\/rafol\/33.jpg\" alt=\"Col.legi P\u00fablic R\u00e0fol Blanc\" width=\"300\" height=\"400\" align=\"middle\" border=\"0\" hspace=\"6\" \/><\/p>\n<p style=\"text-align: justify;\">Empezamos el proyecto de trabajo a partir de la lectura del libro de Enric Lluch, \u201c<em>El Fara\u00f3 Totun-\u00e0s<\/em>\u201d, que cuenta de una forma muy divertida c\u00f3mo un Fara\u00f3n hab\u00eda mandado construir una pir\u00e1mide de cristal y caramelo. El contenido del libro nos llev\u00f3 a querer investigar c\u00f3mo fue esa cultura en la realidad, pasar de la ficci\u00f3n del libro a la realidad hist\u00f3rica, por lo que empezamos a trabajar.<\/p>\n<p class=\"img\"><img decoding=\"async\" loading=\"lazy\" class=\" size-full wp-image-248 aligncenter\" title=\"Col.legi P\u00fablic R\u00e0fol Blanc\" src=\"http:\/\/www.amigosdelantiguoegipto.com\/wp-content\/uploads\/varios\/colegios\/rafol\/31.jpg\" alt=\"Col.legi P\u00fablic R\u00e0fol Blanc\" width=\"400\" height=\"300\" align=\"middle\" border=\"0\" hspace=\"6\" \/><\/p>\n<p class=\"img\"><img decoding=\"async\" loading=\"lazy\" class=\" size-full wp-image-249 aligncenter\" title=\"Col.legi P\u00fablic R\u00e0fol Blanc\" src=\"http:\/\/www.amigosdelantiguoegipto.com\/wp-content\/uploads\/varios\/colegios\/rafol\/32.jpg\" alt=\"Col.legi P\u00fablic R\u00e0fol Blanc\" width=\"400\" height=\"300\" align=\"middle\" border=\"0\" hspace=\"6\" \/><\/p>\n<p style=\"text-align: justify;\">Los recursos de que dispusimos fueron: videos, libros, Internet en vuestra Secci\u00f3n para Ni\u00f1os, asesoramiento del CEFIRE de Alcoy, material aportado por elaulario \u201cL\u2019Albacar\u201d del Centro Rural Agrupado al que pertenecemos y mucha inquietud por aprender.<\/p>\n<p style=\"text-align: justify;\">Os presentamos los trabajos de Pl\u00e1stica que hemos ido haciendo:<\/p>\n<div class=\"mosimage\" style=\"float: center;\" align=\"center\">\n<div id=\"attachment_151\" style=\"width: 410px\" class=\"wp-caption aligncenter\"><img aria-describedby=\"caption-attachment-151\" decoding=\"async\" loading=\"lazy\" class=\"wp-image-151 size-full\" title=\"Candela, Sonia, Aitor, Paula y Neus con las pir\u00e1mides. Al fondo los papiros\" src=\"http:\/\/www.amigosdelantiguoegipto.com\/wp-content\/uploads\/varios\/colegios\/rafol\/18.jpg\" alt=\"Candela, Sonia, Aitor, Paula y Neus con las pir\u00e1mides. Al fondo los papiros\" width=\"400\" height=\"300\" border=\"0\" hspace=\"6\" \/><p id=\"caption-attachment-151\" class=\"wp-caption-text\">Candela, Sonia, Aitor, Paula y Neus con las pir\u00e1mides. Al fondo los papiros<\/p><\/div>\n<\/div>\n<div class=\"mosimage\" style=\"float: center;\" align=\"center\">\n<div id=\"attachment_152\" style=\"width: 410px\" class=\"wp-caption alignnone\"><img aria-describedby=\"caption-attachment-152\" decoding=\"async\" loading=\"lazy\" class=\"wp-image-152 size-full\" title=\"M\u00e1scaras funerarias hechas con barro y pintadas\" src=\"http:\/\/www.amigosdelantiguoegipto.com\/wp-content\/uploads\/varios\/colegios\/rafol\/19.jpg\" alt=\"M\u00e1scaras funerarias hechas con barro y pintadas\" width=\"400\" height=\"300\" border=\"0\" hspace=\"6\" \/><p id=\"caption-attachment-152\" class=\"wp-caption-text\">M\u00e1scaras funerarias hechas con barro y pintadas<\/p><\/div>\n<\/div>\n<div class=\"mosimage\" style=\"float: center;\" align=\"center\">\n<div id=\"attachment_250\" style=\"width: 410px\" class=\"wp-caption aligncenter\"><img aria-describedby=\"caption-attachment-250\" decoding=\"async\" loading=\"lazy\" class=\"wp-image-250 size-full\" title=\"Sarc\u00f3fagos de papel que se pueden abrir\" src=\"http:\/\/www.amigosdelantiguoegipto.com\/wp-content\/uploads\/varios\/colegios\/rafol\/20.jpg\" alt=\"Sarc\u00f3fagos de papel que se pueden abrir\" width=\"400\" height=\"300\" border=\"0\" hspace=\"6\" \/><p id=\"caption-attachment-250\" class=\"wp-caption-text\">Sarc\u00f3fagos de papel que se pueden abrir<\/p><\/div>\n<\/div>\n<div class=\"mosimage\" style=\"float: center;\" align=\"center\">\n<div id=\"attachment_251\" style=\"width: 410px\" class=\"wp-caption aligncenter\"><img aria-describedby=\"caption-attachment-251\" decoding=\"async\" loading=\"lazy\" class=\"wp-image-251 size-full\" title=\"Papiros modernos hechos con papel, gasas coloreadas con Nescaf\u00e9, decorados con pintura de pincel\" src=\"http:\/\/www.amigosdelantiguoegipto.com\/wp-content\/uploads\/varios\/colegios\/rafol\/21.jpg\" alt=\"Papiros modernos hechos con papel, gasas coloreadas con Nescaf\u00e9, decorados con pintura de pincel\" width=\"400\" height=\"300\" border=\"0\" hspace=\"6\" \/><p id=\"caption-attachment-251\" class=\"wp-caption-text\">Papiros modernos hechos con papel, gasas coloreadas con Nescaf\u00e9, decorados con pintura de pincel<\/p><\/div>\n<\/div>\n<h3 style=\"text-align: justify;\">Nuestra valoraci\u00f3n de la experiencia ha sido la siguiente:<\/h3>\n<p style=\"text-align: justify;\"><strong>Comentamos el Proyecto de Egipto y damos nuestra opini\u00f3n <\/strong><\/p>\n<p style=\"text-align: justify;\"><strong>SONIA:<\/strong><br \/>\nEste trabajo me gusta mucho porque hab\u00edan faraones. Hac\u00edan las pir\u00e1mides muy grandes y quedaban muy bonitas, hac\u00edan estatuas doradas, tumbas, papiros, esfinges todas con dibujos. Todo esto lo he aprendido durante todo el tema. Y me ha gustado mucho, todas las cosas que hac\u00edan a mano. Tambi\u00e9n he aprendido que los escribas sab\u00edan escribir con jerogl\u00edficos y que a los faraones los enterraban en las pir\u00e1mides momificados con tela y junto a sus riquezas.<\/p>\n<p style=\"text-align: justify;\"><strong>CANDELA:<\/strong><br \/>\nA mi me ha gustado porque he aprendido como se hac\u00eda el papiro que utilizaban los egipcios. Tambi\u00e9n he aprendido que muy poca gente sab\u00eda leer y escribir. Tambi\u00e9n se que los faraones se mor\u00edan, los momificaban y los enterraban en pir\u00e1mides con todas sus riquezas y que los egipcios ten\u00edan dioses para todo.<\/p>\n<p style=\"text-align: justify;\"><strong>PAULA:<\/strong><br \/>\nEste trabajo de Egipto me ha gustado porque hemos aprendido muchas cosas; me gustar\u00eda seguir m\u00e1s. Hemos leido, hemos investigado, hemos visto pel\u00edculas. He aprendido a buscar, a hacer papiro, a hacer m\u00e1scaras de barro, a hacer una pir\u00e1mide de cart\u00f3n. He aprendido que dentro hab\u00eda oro y riquezas. Hemos conocido otra cultura. Tambi\u00e9n hemos aprendido que los restos de los faraones y hombres y mujeres importantes los enterraban en pir\u00e1mides y pon\u00edan los \u00f3rganos dentro de los vasos canopos. Tambi\u00e9n Napole\u00f3n y otros se llevaban cosas de Egipto, y que cre\u00edan que hab\u00eda otra vida despu\u00e9s de la muerte.<\/p>\n<p style=\"text-align: justify;\"><strong>H\u00c9CTOR:<\/strong><br \/>\nMe ha gustado porque la historia que he visto en pel\u00edculas ha sido emocionante, y tambi\u00e9n por las figuras como: las pir\u00e1mides, las pinturas, los monumentos y el sarc\u00f3fago. Me gustar\u00eda ir a Egipto para ver todo lo que hay ahora en las pir\u00e1mides y entrar dentro a ver las tumbas y tambi\u00e9n me gustar\u00eda ir al museo y ver las m\u00e1scara del fara\u00f3n y el sarc\u00f3fago y las figuras que hay en las paredes.<\/p>\n<p style=\"text-align: justify;\"><strong>NEUS:<\/strong><br \/>\nEn el proyecto de Egipto hemos visto muchas cosas; lo que m\u00e1s me ha gustado han sido las diapositivas de M\u00aa Jos\u00e9, sobre todo las del Nilo, las de las pir\u00e1mides y las del Valle de los Reyes.<br \/>\nHe aprendido que los egipcios no pensaban como nosotros, que momificaban a los faraones. Tambi\u00e9n que constru\u00edan grandes pir\u00e1mides para enterrar a los faraones.<br \/>\nLo que no se es c\u00f3mo aguantaban las gruas que constru\u00edan, y que los templos son impresionantes. Los jerogl\u00edficos son muy significativos y est\u00e1n muy bien dibujados.<br \/>\nHe aprendido tambi\u00e9n nombres de faraones pero la mayor\u00eda ya los sab\u00eda: Tutankham\u00f3n, Akhenat\u00f3n&#8230;<br \/>\nHe aprendido como se momifica un fara\u00f3n, lo que se hac\u00eda en el ata\u00fad.<br \/>\nEl proyecto me ha gustado much\u00edsimo.<\/p>\n<p style=\"text-align: justify;\"><strong>AITOR:<\/strong><br \/>\nEste proyecto me ha gustado mucho porque he aprendido muchas cosas: c\u00f3mo hac\u00edan el papiro, c\u00f3mo se llaman las tres pir\u00e1mides m\u00e1s importantes de Egipto; que el r\u00edo es el Nilo; que los escribas eran de las pocas personas que sab\u00edan escribir y leer, que dec\u00edan que hab\u00eda otra vida despu\u00e9s de la muerte, que a los faraones los enterraban en pir\u00e1mides&#8230;<br \/>\nEn esta experiencia no s\u00f3lo he trabajado, tambi\u00e9n hemos hecho trabajos manuales de Egipto como: pir\u00e1mides, m\u00e1scaras funerarias&#8230;<br \/>\nA mi una cosa de las que m\u00e1s me ha gustado es la m\u00e1scara funeraria de Tutankham\u00f3n y lo que m\u00e1s me ha sorprendido son los vasos canopos.<br \/>\nHemos visto como son los billetes de Egipto. Este tema me ha gustado mucho y por eso me hace mucha ilusi\u00f3n ser un egipt\u00f3logo.<br \/>\nOs recomiendo esta experiencia.<\/p>\n<p style=\"text-align: justify;\">Georgina Ripoll (Responsable del aulario)<br \/>\n<a href=\"mailto:rafolblanc@terra.es\">rafolblanc@terra.es<\/a><br \/>\nCRA &#8220;L&#8217;Encantada&#8221;Aulario &#8220;R\u00e0fol Blanc&#8221;<br \/>\nAvda. Pa\u00eds Valenci\u00e0, 20<br \/>\n03829 L&#8217;Alqueria d&#8217;Asnar (Alicante)<\/p>\n","protected":false},"excerpt":{"rendered":"<p>Trabajos en Colegios e Instituciones Georgina Ripoll &#8211; Marzo de 2004 Col.legi P\u00fablic R\u00e0fol Blanc. L&#8217;Alqueria d&#8217;Asnar (Alicante) Febrero de 2004: Trabajos realizados en el \u00e1rea de Pl\u00e1stica por un grupo reducido de alumnos\/as de 6\u00ba de Primaria. Empezamos el proyecto de trabajo a partir de la lectura del libro de Enric Lluch, \u201cEl Fara\u00f3 Totun-\u00e0s\u201d, que cuenta de una&#8230;<\/p>\n<p class=\"continue-reading-button\"> <a class=\"continue-reading-link\" href=\"http:\/\/amigosdelantiguoegipto.com\/?page_id=252\">Seguir leyendo<i class=\"crycon-right-dir\"><\/i><\/a><\/p>\n","protected":false},"author":1,"featured_media":0,"parent":0,"menu_order":13,"comment_status":"closed","ping_status":"closed","template":"","meta":{"ngg_post_thumbnail":0},"_links":{"self":[{"href":"http:\/\/amigosdelantiguoegipto.com\/index.php?rest_route=\/wp\/v2\/pages\/252"}],"collection":[{"href":"http:\/\/amigosdelantiguoegipto.com\/index.php?rest_route=\/wp\/v2\/pages"}],"about":[{"href":"http:\/\/amigosdelantiguoegipto.com\/index.php?rest_route=\/wp\/v2\/types\/page"}],"author":[{"embeddable":true,"href":"http:\/\/amigosdelantiguoegipto.com\/index.php?rest_route=\/wp\/v2\/users\/1"}],"replies":[{"embeddable":true,"href":"http:\/\/amigosdelantiguoegipto.com\/index.php?rest_route=%2Fwp%2Fv2%2Fcomments&post=252"}],"version-history":[{"count":0,"href":"http:\/\/amigosdelantiguoegipto.com\/index.php?rest_route=\/wp\/v2\/pages\/252\/revisions"}],"wp:attachment":[{"href":"http:\/\/amigosdelantiguoegipto.com\/index.php?rest_route=%2Fwp%2Fv2%2Fmedia&parent=252"}],"curies":[{"name":"wp","href":"https:\/\/api.w.org\/{rel}","templated":true}]}}