{"id":25,"date":"2002-10-22T01:00:00","date_gmt":"2002-10-22T01:00:00","guid":{"rendered":"http:\/\/amigosdelantiguoegipto.com\/ptah\/"},"modified":"2014-06-29T20:27:52","modified_gmt":"2014-06-29T20:27:52","slug":"ptah","status":"publish","type":"page","link":"http:\/\/amigosdelantiguoegipto.com\/?page_id=25","title":{"rendered":"Ptah"},"content":{"rendered":"<p style=\"text-align: justify;\"><a href=\"http:\/\/amigosdelantiguoegipto.com\/?p=8760\">La religi\u00f3n y los dioses de Egipto<\/a><\/p>\n<p style=\"text-align: right;\">Cristina Carracedo &#8211; Octubre de 2002<\/p>\n<p style=\"text-align: justify;\">Nos encontramos ante uno de los dioses m\u00e1s importantes del pante\u00f3n egipcio, aunque no sea de los m\u00e1s famosos.<\/p>\n<p style=\"text-align: justify;\"><img decoding=\"async\" loading=\"lazy\" class=\" size-full wp-image-20\" title=\"Ptah\" src=\" http:\/\/amigosdelantiguoegipto.com\/wp-content\/uploads\/varios\/religion\/2002\/10\/ptah_jero01.gif\" alt=\"Ptah\" width=\"61\" height=\"44\" align=\"middle\" border=\"0\" hspace=\"6\" \/>\u00a0 <img decoding=\"async\" loading=\"lazy\" class=\" size-full wp-image-21\" title=\"Ptah\" src=\" http:\/\/amigosdelantiguoegipto.com\/wp-content\/uploads\/varios\/religion\/2002\/10\/ptah_jero02.gif\" alt=\"Ptah\" width=\"25\" height=\"44\" align=\"middle\" border=\"0\" hspace=\"6\" \/><\/p>\n<p style=\"text-align: justify;\">Su nombre podr\u00eda significar <strong>\u201cEl Creador\u201d<\/strong>, soberano de todos los dioses al haber creado el mundo a trav\u00e9s de la palabra. Pero se le conocen otros t\u00edtulos como \u201cSe\u00f1or de la Magia\u201d, \u201cSe\u00f1or de la Oscuridad\u201d y \u201cSe\u00f1or de la Verdad\u201d. Tambi\u00e9n se le conoce como \u201cel del hermoso rostro\u201d. Y \u201cSe\u00f1or de las Serpientes y de los Peces\u201d.<\/p>\n<p style=\"text-align: justify;\">Es originario de Menfis, capital del Reino Antiguo, y donde a partir del Reino Nuevo form\u00f3 tr\u00edada con su esposa <a title=\"Sejmet\" href=\"http:\/\/amigosdelantiguoegipto.com\/?page_id=8772\">Sejmet<\/a> y su hijo Nefertum.<\/p>\n<p class=\"img\"><img decoding=\"async\" loading=\"lazy\" class=\" size-full wp-image-22 aligncenter\" title=\"Ptah\" src=\" http:\/\/amigosdelantiguoegipto.com\/wp-content\/uploads\/varios\/religion\/2002\/10\/ptah.gif\" alt=\"Ptah\" width=\"224\" height=\"428\" align=\"middle\" border=\"0\" hspace=\"6\" \/><\/p>\n<p style=\"text-align: justify;\">Se le representa como un peque\u00f1o hombre momificado, envuelto en un sudario, del que asoman sus manos. Sujeta un cetro combinando el pilar <em>dyed<\/em> (simbolizando vegetaci\u00f3n y fertilidad), el cetro <em>uas<\/em> (estabilidad) y el s\u00edmbolo de la vida <em>anj<\/em>. Tambi\u00e9n lleva un collar <em>menat<\/em>, y un casquete sobre la cabeza. Aparece subido a un pedestal que simboliza a <em>Maat<\/em> para equiparar su estatura con los dem\u00e1s dioses.<\/p>\n<p style=\"text-align: justify;\">Adem\u00e1s, es el \u00fanico dios que ostenta una barba recta, ya que lo normal es que la barba sea curva en su extremo.<\/p>\n<p class=\"img\"><img decoding=\"async\" loading=\"lazy\" class=\" size-full wp-image-22 aligncenter\" title=\"Ptah\" src=\" http:\/\/amigosdelantiguoegipto.com\/wp-content\/uploads\/varios\/religion\/2002\/10\/ptah.jpg\" alt=\"Ptah\" width=\"224\" height=\"428\" align=\"middle\" border=\"0\" hspace=\"6\" \/><\/p>\n<p style=\"text-align: justify;\">Como dios funerario est\u00e1 relacionado con Ptah-Sokar-Osiris, de aspecto momiforme con cabeza humana o de halc\u00f3n y con la corona blanca flanqueada por dos altas plumas. Tambi\u00e9n se le relaciona con otras deidades como Nun, Hapy, Shu y Gueb.<\/p>\n<p style=\"text-align: justify;\">Y principalmente se le asocia a Ra y a Am\u00f3n sin llegar a fusionarse a ellos como es el caso de otros dioses.<\/p>\n<p style=\"text-align: justify;\">Se le relaciona con Tatenen como manifestaci\u00f3n de Ptah en el momento de la creaci\u00f3n. Ptah cre\u00f3 a los dioses locales, edific\u00f3 ciudades y puso a cada dios en el lugar donde deb\u00eda ser adorado. Y todo esto lo hizo a trav\u00e9s de su coraz\u00f3n (sede del pensamiento), su lengua (el verbo creador) y la <em>Maat<\/em> (concepto del orden y la justicia).<\/p>\n<p class=\"img\"><img decoding=\"async\" loading=\"lazy\" class=\" size-full wp-image-23 aligncenter\" title=\"Ptah\" src=\" http:\/\/amigosdelantiguoegipto.com\/wp-content\/uploads\/varios\/religion\/2002\/10\/ptah1.jpg\" alt=\"Ptah\" width=\"120\" height=\"408\" align=\"middle\" border=\"0\" hspace=\"6\" \/><\/p>\n<p style=\"text-align: justify;\">Una de sus funciones m\u00e1s importantes es la de patrono de los artesanos, sobre todos de orfebres y escultores, considerado inventor de las t\u00e9cnicas y las pr\u00e1cticas manuales. As\u00ed fue adorado en el conocido pueblo de los artesanos de Deir el-Medina.<\/p>\n<p style=\"text-align: justify;\">Los trabajos de joyer\u00eda sol\u00edan ser realizados por enanos, quienes se encontraban bajo la tutela del dios Ptah y de sus hijos, los Patecos.<\/p>\n<p class=\"img\"><img decoding=\"async\" loading=\"lazy\" class=\" size-full wp-image-24 aligncenter\" title=\"Ptah\" src=\" http:\/\/amigosdelantiguoegipto.com\/wp-content\/uploads\/varios\/religion\/2002\/10\/ptah2.jpg\" alt=\"Ptah\" width=\"294\" height=\"401\" align=\"middle\" border=\"0\" hspace=\"6\" \/><\/p>\n<p style=\"text-align: justify;\">Grandes personajes incluyeron en su nombre a este dios, como ejemplos: el conocido Ptah-hotep, sabio egipcio del Reino Antiguo; o el fara\u00f3n Mineptah, perteneciente al Reino Nuevo.<\/p>\n<p style=\"text-align: justify;\">Su principal centro de culto se encontraba en Menfis.\u00a0 En Karnak ten\u00eda un templo dentro del recinto de Am\u00f3n. Tambi\u00e9n fue venerado en Tebas, Abidos y en Nubia.<\/p>\n","protected":false},"excerpt":{"rendered":"<p>La religi\u00f3n y los dioses de Egipto Cristina Carracedo &#8211; Octubre de 2002 Nos encontramos ante uno de los dioses m\u00e1s importantes del pante\u00f3n egipcio, aunque no sea de los m\u00e1s famosos. \u00a0 Su nombre podr\u00eda significar \u201cEl Creador\u201d, soberano de todos los dioses al haber creado el mundo a trav\u00e9s de la palabra. Pero se le conocen otros t\u00edtulos&#8230;<\/p>\n<p class=\"continue-reading-button\"> <a class=\"continue-reading-link\" href=\"http:\/\/amigosdelantiguoegipto.com\/?page_id=25\">Seguir leyendo<i class=\"crycon-right-dir\"><\/i><\/a><\/p>\n","protected":false},"author":1,"featured_media":0,"parent":0,"menu_order":5,"comment_status":"closed","ping_status":"closed","template":"","meta":{"ngg_post_thumbnail":0},"_links":{"self":[{"href":"http:\/\/amigosdelantiguoegipto.com\/index.php?rest_route=\/wp\/v2\/pages\/25"}],"collection":[{"href":"http:\/\/amigosdelantiguoegipto.com\/index.php?rest_route=\/wp\/v2\/pages"}],"about":[{"href":"http:\/\/amigosdelantiguoegipto.com\/index.php?rest_route=\/wp\/v2\/types\/page"}],"author":[{"embeddable":true,"href":"http:\/\/amigosdelantiguoegipto.com\/index.php?rest_route=\/wp\/v2\/users\/1"}],"replies":[{"embeddable":true,"href":"http:\/\/amigosdelantiguoegipto.com\/index.php?rest_route=%2Fwp%2Fv2%2Fcomments&post=25"}],"version-history":[{"count":0,"href":"http:\/\/amigosdelantiguoegipto.com\/index.php?rest_route=\/wp\/v2\/pages\/25\/revisions"}],"wp:attachment":[{"href":"http:\/\/amigosdelantiguoegipto.com\/index.php?rest_route=%2Fwp%2Fv2%2Fmedia&parent=25"}],"curies":[{"name":"wp","href":"https:\/\/api.w.org\/{rel}","templated":true}]}}