{"id":243,"date":"2005-04-23T01:00:00","date_gmt":"2005-04-23T01:00:00","guid":{"rendered":"http:\/\/www.amigosdelantiguoegipto.com\/instituto-de-educacion-secundaria-luces-2004-2005\/"},"modified":"2014-06-29T08:37:21","modified_gmt":"2014-06-29T08:37:21","slug":"instituto-de-educacion-secundaria-luces-2004-2005","status":"publish","type":"page","link":"http:\/\/amigosdelantiguoegipto.com\/?page_id=243","title":{"rendered":"Instituto de Educaci\u00f3n Secundaria Luces (2004-2005)"},"content":{"rendered":"<p><a href=\"http:\/\/amigosdelantiguoegipto.com\/?p=8580%20\">Trabajos en Colegios e Instituciones<\/a><\/p>\n<p style=\"text-align: right;\">Guillermo Prieto Su\u00e1rez &#8211; <span class=\"createdate\">Abril de 2005<\/span><\/p>\n<h3 style=\"text-align: justify;\">Instituto de Educaci\u00f3n Secundaria Luces (Colunga &#8211; Asturias) -Curso 2004-2005-<\/h3>\n<p style=\"text-align: justify;\">&#8211; <a href=\"http:\/\/web.educastur.princast.es\/ies\/luces\/\" target=\"_blank\">Sitio web de I.E.S. Luces<\/a><\/p>\n<p style=\"text-align: justify;\">Trabajos sobre el Antiguo Egipto realizados por los alumnos de 1\u00ba de E.S.O. en la asignatura Sociedad, Cultura y Religi\u00f3n.<\/p>\n<p class=\"centrar\" style=\"text-align: justify;\">Manuel Lueje (Asturias &#8211; Espa\u00f1a)<\/p>\n<div class=\"mosimage\" style=\"text-align: justify;\" align=\"center\">\n<div id=\"attachment_239\" style=\"width: 710px\" class=\"wp-caption aligncenter\"><img aria-describedby=\"caption-attachment-239\" decoding=\"async\" loading=\"lazy\" class=\"wp-image-239 size-full\" title=\"Arma\" src=\"http:\/\/www.amigosdelantiguoegipto.com\/wp-content\/uploads\/varios\/colegios\/2005\/04\/manuel_egipto.jpg\" alt=\"Arma\" width=\"700\" height=\"439\" border=\"0\" hspace=\"6\" \/><p id=\"caption-attachment-239\" class=\"wp-caption-text\">Arma<\/p><\/div>\n<\/div>\n<p class=\"centrar\" style=\"text-align: justify;\">Bel\u00e9n Garc\u00eda Barbas (Asturias &#8211; Espa\u00f1a)<\/p>\n<div class=\"mosimage\" style=\"text-align: justify;\" align=\"center\">\n<div id=\"attachment_240\" style=\"width: 519px\" class=\"wp-caption aligncenter\"><img aria-describedby=\"caption-attachment-240\" decoding=\"async\" loading=\"lazy\" class=\"wp-image-240 size-full\" title=\"Pir\u00e1mides y sarc\u00f3fago\" src=\"http:\/\/www.amigosdelantiguoegipto.com\/wp-content\/uploads\/varios\/colegios\/2005\/04\/belen_egipto_02.jpg\" alt=\"Pir\u00e1mides y sarc\u00f3fago\" width=\"509\" height=\"700\" border=\"0\" hspace=\"6\" \/><p id=\"caption-attachment-240\" class=\"wp-caption-text\">Pir\u00e1mides y sarc\u00f3fago<\/p><\/div>\n<\/div>\n<div class=\"mosimage\" style=\"text-align: justify;\" align=\"center\">\n<div id=\"attachment_241\" style=\"width: 494px\" class=\"wp-caption aligncenter\"><img aria-describedby=\"caption-attachment-241\" decoding=\"async\" loading=\"lazy\" class=\"wp-image-241 size-full\" title=\"Dios Ra\" src=\"http:\/\/www.amigosdelantiguoegipto.com\/wp-content\/uploads\/varios\/colegios\/2005\/04\/belen_egipto.jpg\" alt=\"Dios Ra\" width=\"484\" height=\"701\" border=\"0\" hspace=\"6\" \/><p id=\"caption-attachment-241\" class=\"wp-caption-text\">Dios Ra<\/p><\/div>\n<\/div>\n<p class=\"centrar\" style=\"text-align: justify;\">Claudia Castro (Asturias &#8211; Espa\u00f1a)<\/p>\n<div class=\"mosimage\" style=\"float: center;\" align=\"center\">\n<div id=\"attachment_242\" style=\"width: 519px\" class=\"wp-caption aligncenter\"><img aria-describedby=\"caption-attachment-242\" decoding=\"async\" loading=\"lazy\" class=\"wp-image-242 size-full\" title=\"Isis\" src=\"http:\/\/www.amigosdelantiguoegipto.com\/wp-content\/uploads\/varios\/colegios\/2005\/04\/claudia_egipto.jpg\" alt=\"Isis\" width=\"509\" height=\"700\" border=\"0\" hspace=\"6\" \/><p id=\"caption-attachment-242\" class=\"wp-caption-text\">Isis<\/p><\/div>\n<\/div>\n","protected":false},"excerpt":{"rendered":"<p>Trabajos en Colegios e Instituciones Guillermo Prieto Su\u00e1rez &#8211; Abril de 2005 Instituto de Educaci\u00f3n Secundaria Luces (Colunga &#8211; Asturias) -Curso 2004-2005- &#8211; Sitio web de I.E.S. Luces Trabajos sobre el Antiguo Egipto realizados por los alumnos de 1\u00ba de E.S.O. en la asignatura Sociedad, Cultura y Religi\u00f3n. Manuel Lueje (Asturias &#8211; Espa\u00f1a) Bel\u00e9n Garc\u00eda Barbas (Asturias &#8211; Espa\u00f1a) Claudia&#8230;<\/p>\n<p class=\"continue-reading-button\"> <a class=\"continue-reading-link\" href=\"http:\/\/amigosdelantiguoegipto.com\/?page_id=243\">Seguir leyendo<i class=\"crycon-right-dir\"><\/i><\/a><\/p>\n","protected":false},"author":1,"featured_media":0,"parent":0,"menu_order":11,"comment_status":"closed","ping_status":"closed","template":"","meta":{"ngg_post_thumbnail":0},"_links":{"self":[{"href":"http:\/\/amigosdelantiguoegipto.com\/index.php?rest_route=\/wp\/v2\/pages\/243"}],"collection":[{"href":"http:\/\/amigosdelantiguoegipto.com\/index.php?rest_route=\/wp\/v2\/pages"}],"about":[{"href":"http:\/\/amigosdelantiguoegipto.com\/index.php?rest_route=\/wp\/v2\/types\/page"}],"author":[{"embeddable":true,"href":"http:\/\/amigosdelantiguoegipto.com\/index.php?rest_route=\/wp\/v2\/users\/1"}],"replies":[{"embeddable":true,"href":"http:\/\/amigosdelantiguoegipto.com\/index.php?rest_route=%2Fwp%2Fv2%2Fcomments&post=243"}],"version-history":[{"count":0,"href":"http:\/\/amigosdelantiguoegipto.com\/index.php?rest_route=\/wp\/v2\/pages\/243\/revisions"}],"wp:attachment":[{"href":"http:\/\/amigosdelantiguoegipto.com\/index.php?rest_route=%2Fwp%2Fv2%2Fmedia&parent=243"}],"curies":[{"name":"wp","href":"https:\/\/api.w.org\/{rel}","templated":true}]}}