{"id":238,"date":"2005-05-18T01:00:00","date_gmt":"2005-05-18T01:00:00","guid":{"rendered":"http:\/\/www.amigosdelantiguoegipto.com\/colegio-publico-joaquin-costa\/"},"modified":"2014-06-29T08:33:36","modified_gmt":"2014-06-29T08:33:36","slug":"colegio-publico-joaquin-costa","status":"publish","type":"page","link":"http:\/\/amigosdelantiguoegipto.com\/?page_id=238","title":{"rendered":"Colegio P\u00fablico Joaquin Costa"},"content":{"rendered":"<p style=\"text-align: justify;\"><a href=\"http:\/\/amigosdelantiguoegipto.com\/?p=8580%20\">Trabajos en Colegios e Instituciones<\/a><\/p>\n<p style=\"text-align: right;\"><span class=\"createby\">Cristina Carracedo<\/span>&#8211; Mayo de 2005<\/p>\n<p style=\"text-align: justify;\">Durante dos cursos consecutivos he tenido el placer de seguir muy de cerca diversas actividades sobre el antiguo Egipto, realizadas por los alumnos del <strong>COLEGIO P\u00daBLICO JOAQU\u00cdN COSTA de Madrid<\/strong>, guiados de la mano de su profesor D. Miguel \u00c1ngel Mart\u00ednez.<\/p>\n<h3 style=\"text-align: justify;\">Curso 2002\/2003<\/h3>\n<p style=\"text-align: justify;\">El 17 de febrero de 2003 pude asistir a la inauguraci\u00f3n de una de las actividades, \u201c<strong>80 a\u00f1os despu\u00e9s de Carter\u201d<\/strong>, del descubrimiento de la tumba de Tutankhamon, que como bien nos explic\u00f3 su profesor, realizaron una recreaci\u00f3n de la &#8220;tumba&#8221; en el colegio con sentido, car\u00e1cter y motivo pedag\u00f3gico mediante el trabajo realizado por los chicos y chicas de 5\u00ba Curso de Primaria durante el primer trimestre.<\/p>\n<p style=\"text-align: justify;\">Esta exposici\u00f3n estuvo abierta de 16 a 17 horas durante toda una semana y tuvo much\u00edsimo \u00e9xito. L\u00e1stima no poder mostrarla, misteriosamente las fotos y el video no salieron correctamente\u2026 \u00bfser\u00eda por la \u201cmaldici\u00f3n del fara\u00f3n\u201d?<\/p>\n<p style=\"text-align: justify;\">Continuaron durante el segundo trimestre realizando una visita al templo de Debod de Madrid.<\/p>\n<h3 style=\"text-align: justify;\">Curso 2003\/2004<\/h3>\n<p style=\"text-align: justify;\">Finalmente, el 8 de marzo de 2004, tuve el honor de asistir invitada a la inauguraci\u00f3n de la exposici\u00f3n <strong>&#8220;EL PA\u00cdS DEL NILO&#8221;<\/strong>,\u00a0con trabajos realizados por los alumnos de 6\u00ba de Primaria. En la exposici\u00f3n pude ver todo tipo de trabajos: maquetas, pinturas y arcillas. Una buena muestra de todo su esfuerzo y aprendizaje durante estos dos cursos, tanto en cultura general del antiguo Egipto como sobre el templo de Debod, que pudimos disfrutar en la Sala de Exposiciones del centro.<\/p>\n<p class=\"img\"><img decoding=\"async\" loading=\"lazy\" class=\" size-full wp-image-219 aligncenter\" title=\"El pa\u00eds del Nilo\" src=\"http:\/\/www.amigosdelantiguoegipto.com\/wp-content\/uploads\/varios\/colegios\/2005\/05\/CPJC01.jpg\" alt=\"El pa\u00eds del Nilo\" width=\"400\" height=\"274\" align=\"middle\" border=\"0\" hspace=\"6\" \/><\/p>\n<p class=\"img\"><img decoding=\"async\" loading=\"lazy\" class=\" size-full wp-image-220 aligncenter\" title=\"El pa\u00eds del Nilo\" src=\"http:\/\/www.amigosdelantiguoegipto.com\/wp-content\/uploads\/varios\/colegios\/2005\/05\/CPJC02.jpg\" alt=\"El pa\u00eds del Nilo\" width=\"400\" height=\"277\" align=\"middle\" border=\"0\" hspace=\"6\" \/><\/p>\n<p class=\"img\"><img decoding=\"async\" loading=\"lazy\" class=\" size-full wp-image-221 aligncenter\" title=\"El pa\u00eds del Nilo\" src=\"http:\/\/www.amigosdelantiguoegipto.com\/wp-content\/uploads\/varios\/colegios\/2005\/05\/CPJC03.jpg\" alt=\"El pa\u00eds del Nilo\" width=\"400\" height=\"279\" align=\"middle\" border=\"0\" hspace=\"6\" \/><\/p>\n<p class=\"img\"><img decoding=\"async\" loading=\"lazy\" class=\" size-full wp-image-222 aligncenter\" title=\"El pa\u00eds del Nilo\" src=\"http:\/\/www.amigosdelantiguoegipto.com\/wp-content\/uploads\/varios\/colegios\/2005\/05\/CPJC04.jpg\" alt=\"El pa\u00eds del Nilo\" width=\"400\" height=\"279\" align=\"middle\" border=\"0\" hspace=\"6\" \/><\/p>\n<p class=\"img\"><img decoding=\"async\" loading=\"lazy\" class=\" size-full wp-image-223 aligncenter\" title=\"El pa\u00eds del Nilo\" src=\"http:\/\/www.amigosdelantiguoegipto.com\/wp-content\/uploads\/varios\/colegios\/2005\/05\/CPJC05.jpg\" alt=\"El pa\u00eds del Nilo\" width=\"280\" height=\"400\" align=\"middle\" border=\"0\" hspace=\"6\" \/><\/p>\n<p class=\"img\"><img decoding=\"async\" loading=\"lazy\" class=\" size-full wp-image-224 aligncenter\" title=\"Image\" src=\"http:\/\/www.amigosdelantiguoegipto.com\/wp-content\/uploads\/varios\/colegios\/2005\/05\/CPJC06.jpg\" alt=\"Image\" width=\"400\" height=\"277\" border=\"0\" hspace=\"6\" \/><\/p>\n<p class=\"img\"><img decoding=\"async\" loading=\"lazy\" class=\" size-full wp-image-225 aligncenter\" title=\"El pa\u00eds del Nilo\" src=\"http:\/\/www.amigosdelantiguoegipto.com\/wp-content\/uploads\/varios\/colegios\/2005\/05\/CPJC07.jpg\" alt=\"El pa\u00eds del Nilo\" width=\"400\" height=\"275\" align=\"middle\" border=\"0\" hspace=\"6\" \/><\/p>\n<p class=\"img\"><img decoding=\"async\" loading=\"lazy\" class=\" size-full wp-image-226 aligncenter\" title=\"El pa\u00eds del Nilo\" src=\"http:\/\/www.amigosdelantiguoegipto.com\/wp-content\/uploads\/varios\/colegios\/2005\/05\/CPJC08.jpg\" alt=\"El pa\u00eds del Nilo\" width=\"400\" height=\"279\" align=\"middle\" border=\"0\" hspace=\"6\" \/><\/p>\n<p class=\"img\" style=\"text-align: center;\"><img decoding=\"async\" loading=\"lazy\" class=\" size-full wp-image-227\" title=\"El pa\u00eds del Nilo\" src=\"http:\/\/www.amigosdelantiguoegipto.com\/wp-content\/uploads\/varios\/colegios\/2005\/05\/CPJC09.jpg\" alt=\"El pa\u00eds del Nilo\" width=\"400\" height=\"275\" align=\"middle\" border=\"0\" hspace=\"6\" \/><\/p>\n<p class=\"img\" style=\"text-align: center;\"><img decoding=\"async\" loading=\"lazy\" class=\" size-full wp-image-228\" title=\"El pa\u00eds del Nilo\" src=\"http:\/\/www.amigosdelantiguoegipto.com\/wp-content\/uploads\/varios\/colegios\/2005\/05\/CPJC10.jpg\" alt=\"El pa\u00eds del Nilo\" width=\"279\" height=\"399\" align=\"middle\" border=\"0\" hspace=\"6\" \/><\/p>\n<p class=\"img\" style=\"text-align: center;\"><img decoding=\"async\" loading=\"lazy\" class=\" size-full wp-image-229\" title=\"El pa\u00eds del Nilo\" src=\"http:\/\/www.amigosdelantiguoegipto.com\/wp-content\/uploads\/varios\/colegios\/2005\/05\/CPJC11.jpg\" alt=\"El pa\u00eds del Nilo\" width=\"277\" height=\"400\" align=\"middle\" border=\"0\" hspace=\"6\" \/><\/p>\n<p class=\"img\" style=\"text-align: center;\"><img decoding=\"async\" loading=\"lazy\" class=\" size-full wp-image-230\" title=\"El pa\u00eds del Nilo\" src=\"http:\/\/www.amigosdelantiguoegipto.com\/wp-content\/uploads\/varios\/colegios\/2005\/05\/CPJC12.jpg\" alt=\"El pa\u00eds del Nilo\" width=\"400\" height=\"276\" align=\"middle\" border=\"0\" hspace=\"6\" \/><\/p>\n<p class=\"img\" style=\"text-align: center;\"><img decoding=\"async\" loading=\"lazy\" class=\" size-full wp-image-231\" title=\"El pa\u00eds del Nilo\" src=\"http:\/\/www.amigosdelantiguoegipto.com\/wp-content\/uploads\/varios\/colegios\/2005\/05\/CPJC13.jpg\" alt=\"El pa\u00eds del Nilo\" width=\"400\" height=\"276\" align=\"middle\" border=\"0\" hspace=\"6\" \/><\/p>\n<p class=\"img\" style=\"text-align: center;\"><img decoding=\"async\" loading=\"lazy\" class=\" size-full wp-image-232\" title=\"El pa\u00eds del Nilo\" src=\"http:\/\/www.amigosdelantiguoegipto.com\/wp-content\/uploads\/varios\/colegios\/2005\/05\/CPJC14.jpg\" alt=\"El pa\u00eds del Nilo\" width=\"400\" height=\"274\" align=\"middle\" border=\"0\" hspace=\"6\" \/><\/p>\n<p class=\"img\" style=\"text-align: center;\"><img decoding=\"async\" loading=\"lazy\" class=\" size-full wp-image-233\" title=\"El pa\u00eds del Nilo\" src=\"http:\/\/www.amigosdelantiguoegipto.com\/wp-content\/uploads\/varios\/colegios\/2005\/05\/CPJC15.jpg\" alt=\"El pa\u00eds del Nilo\" width=\"400\" height=\"281\" align=\"middle\" border=\"0\" hspace=\"6\" \/><\/p>\n<p class=\"img\" style=\"text-align: center;\"><img decoding=\"async\" loading=\"lazy\" class=\" size-full wp-image-234\" title=\"El pa\u00eds del Nilo\" src=\"http:\/\/www.amigosdelantiguoegipto.com\/wp-content\/uploads\/varios\/colegios\/2005\/05\/CPJC16.jpg\" alt=\"El pa\u00eds del Nilo\" width=\"400\" height=\"279\" align=\"middle\" border=\"0\" hspace=\"6\" \/><\/p>\n<p class=\"img\" style=\"text-align: center;\"><img decoding=\"async\" loading=\"lazy\" class=\" size-full wp-image-235\" title=\"El pa\u00eds del Nilo\" src=\"http:\/\/www.amigosdelantiguoegipto.com\/wp-content\/uploads\/varios\/colegios\/2005\/05\/CPJC17.jpg\" alt=\"El pa\u00eds del Nilo\" width=\"400\" height=\"279\" align=\"middle\" border=\"0\" hspace=\"6\" \/><\/p>\n<p class=\"img\" style=\"text-align: center;\"><img decoding=\"async\" loading=\"lazy\" class=\" size-full wp-image-236\" title=\"El pa\u00eds del Nilo\" src=\"http:\/\/www.amigosdelantiguoegipto.com\/wp-content\/uploads\/varios\/colegios\/2005\/05\/CPJC18.jpg\" alt=\"El pa\u00eds del Nilo\" width=\"400\" height=\"281\" align=\"middle\" border=\"0\" hspace=\"6\" \/><\/p>\n<p class=\"img\"><img decoding=\"async\" loading=\"lazy\" class=\" size-full wp-image-237 aligncenter\" title=\"El pa\u00eds del Nilo\" src=\"http:\/\/www.amigosdelantiguoegipto.com\/wp-content\/uploads\/varios\/colegios\/2005\/05\/CPJC19.jpg\" alt=\"El pa\u00eds del Nilo\" width=\"400\" height=\"284\" align=\"middle\" border=\"0\" hspace=\"6\" \/><\/p>\n<p style=\"text-align: justify;\">Adem\u00e1s fue una aut\u00e9ntica gozada disfrutar del desfile procesional de los alumnos representando lo que pudo ser Egipto hace miles de a\u00f1os. Todos los alumnos ataviados con atuendos egipcios, cada uno correspondiente a su estatus social.<\/p>\n<p style=\"text-align: justify;\">Quiero agradecer al Colegio Joaqu\u00edn Costa, a su profesor D. Miguel \u00c1ngel Mart\u00ednez y a todos los alumnos de 6\u00ba de Primaria, el hacerme part\u00edcipe de su \u00e9xito\u2026 \u00a1ENHORABUENA A TODOS!<\/p>\n<p style=\"text-align: justify;\">D. MIGUEL \u00c1NGEL MART\u00cdNEZ ARTOLA<br \/>\nprofesor del C.P. Joaqu\u00edn Costa de Madrid. C\/ Paseo de Pontones, 8<br \/>\nC.E.I.P. JOAQU\u00cdN COSTA\u00a0 (Madrid)<br \/>\n<a href=\"mailto:joaqui2@centros2.pntic.mec.es\">joaqui2@centros2.pntic.mec.es<br \/>\n<\/a><a href=\"http:\/\/centros2.pntic.mec.es\/cp.joaquin.costa2\/\" target=\"_blank\">http:\/\/centros2.pntic.mec.es\/cp.joaquin.costa2\/<\/a><\/p>\n","protected":false},"excerpt":{"rendered":"<p>Trabajos en Colegios e Instituciones Cristina Carracedo&#8211; Mayo de 2005 Durante dos cursos consecutivos he tenido el placer de seguir muy de cerca diversas actividades sobre el antiguo Egipto, realizadas por los alumnos del COLEGIO P\u00daBLICO JOAQU\u00cdN COSTA de Madrid, guiados de la mano de su profesor D. Miguel \u00c1ngel Mart\u00ednez. Curso 2002\/2003 El 17 de febrero de 2003 pude&#8230;<\/p>\n<p class=\"continue-reading-button\"> <a class=\"continue-reading-link\" href=\"http:\/\/amigosdelantiguoegipto.com\/?page_id=238\">Seguir leyendo<i class=\"crycon-right-dir\"><\/i><\/a><\/p>\n","protected":false},"author":1,"featured_media":0,"parent":0,"menu_order":10,"comment_status":"closed","ping_status":"closed","template":"","meta":{"ngg_post_thumbnail":0},"_links":{"self":[{"href":"http:\/\/amigosdelantiguoegipto.com\/index.php?rest_route=\/wp\/v2\/pages\/238"}],"collection":[{"href":"http:\/\/amigosdelantiguoegipto.com\/index.php?rest_route=\/wp\/v2\/pages"}],"about":[{"href":"http:\/\/amigosdelantiguoegipto.com\/index.php?rest_route=\/wp\/v2\/types\/page"}],"author":[{"embeddable":true,"href":"http:\/\/amigosdelantiguoegipto.com\/index.php?rest_route=\/wp\/v2\/users\/1"}],"replies":[{"embeddable":true,"href":"http:\/\/amigosdelantiguoegipto.com\/index.php?rest_route=%2Fwp%2Fv2%2Fcomments&post=238"}],"version-history":[{"count":0,"href":"http:\/\/amigosdelantiguoegipto.com\/index.php?rest_route=\/wp\/v2\/pages\/238\/revisions"}],"wp:attachment":[{"href":"http:\/\/amigosdelantiguoegipto.com\/index.php?rest_route=%2Fwp%2Fv2%2Fmedia&parent=238"}],"curies":[{"name":"wp","href":"https:\/\/api.w.org\/{rel}","templated":true}]}}