{"id":22117,"date":"2023-03-12T11:11:07","date_gmt":"2023-03-12T11:11:07","guid":{"rendered":"http:\/\/amigosdelantiguoegipto.com\/?page_id=22117"},"modified":"2023-03-12T11:12:02","modified_gmt":"2023-03-12T11:12:02","slug":"tipos-de-letra-2","status":"publish","type":"page","link":"http:\/\/amigosdelantiguoegipto.com\/?page_id=22117","title":{"rendered":"Tipos de letra"},"content":{"rendered":"<p align=\"justify\">Para una correcta visualizaci\u00f3n de algunos de los art\u00edculos necesitas tener instaladas las fuentes de Transliteraci\u00f3n y GlyphBasic. Si no las tienes instaladas puedes bajartelas desde esta p\u00e1gina.<\/p>\n<p align=\"justify\">1.- Baja las fuentes de Transliteraci\u00f3n y GlyphBasic (formato zip)<\/p>\n<ul>\n<li>\n<ul>\n<li>\n<p align=\"justify\">Bajar fuentes de <a href=\"http:\/\/amigosdelantiguoegipto.com\/wp-content\/uploads\/2023\/03\/transliteracion.zip\">Transliteracion<\/a>. (14 KB)<\/p>\n<\/li>\n<li>\n<p align=\"justify\">Bajar fuentes <a href=\"http:\/\/amigosdelantiguoegipto.com\/wp-content\/uploads\/2023\/03\/glyphbasic.zip\">Glyphbasic<\/a>(374 KB)<\/p>\n<\/li>\n<\/ul>\n<\/li>\n<\/ul>\n<p align=\"justify\">2.- Descomprime el fichero en un directorio cualquiera<\/p>\n<p align=\"justify\">3.- Instala las fuentes desde Windows siguiendo el procedimiento normal.<\/p>\n<p align=\"justify\">4.- Puedes comprobar si tienes las fuentes instaladas si ves correctamente el siguiente texto de la parte izquierda de la tabla como la imagen de la derecha.<\/p>\n","protected":false},"excerpt":{"rendered":"<p>Para una correcta visualizaci\u00f3n de algunos de los art\u00edculos necesitas tener instaladas las fuentes de Transliteraci\u00f3n y GlyphBasic. Si no las tienes instaladas puedes bajartelas desde esta p\u00e1gina. 1.- Baja las fuentes de Transliteraci\u00f3n y GlyphBasic (formato zip) Bajar fuentes de Transliteracion. (14 KB) Bajar fuentes Glyphbasic(374 KB) 2.- Descomprime el fichero en un directorio cualquiera 3.- Instala las fuentes&#8230;<\/p>\n<p class=\"continue-reading-button\"> <a class=\"continue-reading-link\" href=\"http:\/\/amigosdelantiguoegipto.com\/?page_id=22117\">Seguir leyendo<i class=\"crycon-right-dir\"><\/i><\/a><\/p>\n","protected":false},"author":1,"featured_media":0,"parent":0,"menu_order":0,"comment_status":"closed","ping_status":"closed","template":"","meta":{"ngg_post_thumbnail":0},"_links":{"self":[{"href":"http:\/\/amigosdelantiguoegipto.com\/index.php?rest_route=\/wp\/v2\/pages\/22117"}],"collection":[{"href":"http:\/\/amigosdelantiguoegipto.com\/index.php?rest_route=\/wp\/v2\/pages"}],"about":[{"href":"http:\/\/amigosdelantiguoegipto.com\/index.php?rest_route=\/wp\/v2\/types\/page"}],"author":[{"embeddable":true,"href":"http:\/\/amigosdelantiguoegipto.com\/index.php?rest_route=\/wp\/v2\/users\/1"}],"replies":[{"embeddable":true,"href":"http:\/\/amigosdelantiguoegipto.com\/index.php?rest_route=%2Fwp%2Fv2%2Fcomments&post=22117"}],"version-history":[{"count":3,"href":"http:\/\/amigosdelantiguoegipto.com\/index.php?rest_route=\/wp\/v2\/pages\/22117\/revisions"}],"predecessor-version":[{"id":22125,"href":"http:\/\/amigosdelantiguoegipto.com\/index.php?rest_route=\/wp\/v2\/pages\/22117\/revisions\/22125"}],"wp:attachment":[{"href":"http:\/\/amigosdelantiguoegipto.com\/index.php?rest_route=%2Fwp%2Fv2%2Fmedia&parent=22117"}],"curies":[{"name":"wp","href":"https:\/\/api.w.org\/{rel}","templated":true}]}}