{"id":21922,"date":"2021-02-10T21:06:27","date_gmt":"2021-02-10T21:06:27","guid":{"rendered":"http:\/\/amigosdelantiguoegipto.com\/?page_id=21922"},"modified":"2021-02-19T20:04:54","modified_gmt":"2021-02-19T20:04:54","slug":"nefertari-y-su-tumba-qv66-en-el-valle-de-las-reinas-5","status":"publish","type":"page","link":"http:\/\/amigosdelantiguoegipto.com\/?page_id=21922","title":{"rendered":"Nefertari y su tumba en el Valle de las Reinas. Antesala, muros oeste y norte"},"content":{"rendered":"<p style=\"text-align: center;\"><a href=\"http:\/\/amigosdelantiguoegipto.com\/?p=21946\">\u00cdndice. Nefertari y su tumba en al Valle de las Reinas<\/a><\/p>\n<p><strong>5. Antesala. Muros oeste y norte<br \/>\n<\/strong><\/p>\n<div id=\"attachment_21923\" style=\"width: 641px\" class=\"wp-caption aligncenter\"><a href=\"http:\/\/amigosdelantiguoegipto.com\/wp-content\/uploads\/2021\/02\/05-01-detalle-de-muro-oeste-y-norte.jpg\"><img aria-describedby=\"caption-attachment-21923\" decoding=\"async\" loading=\"lazy\" class=\"wp-image-21923\" src=\"http:\/\/amigosdelantiguoegipto.com\/wp-content\/uploads\/2021\/02\/05-01-detalle-de-muro-oeste-y-norte.jpg\" alt=\"Imagen 1. Muro oeste (2) y muro norte (3)\" width=\"631\" height=\"473\" srcset=\"http:\/\/amigosdelantiguoegipto.com\/wp-content\/uploads\/2021\/02\/05-01-detalle-de-muro-oeste-y-norte.jpg 1613w, http:\/\/amigosdelantiguoegipto.com\/wp-content\/uploads\/2021\/02\/05-01-detalle-de-muro-oeste-y-norte-300x225.jpg 300w, http:\/\/amigosdelantiguoegipto.com\/wp-content\/uploads\/2021\/02\/05-01-detalle-de-muro-oeste-y-norte-1024x768.jpg 1024w, http:\/\/amigosdelantiguoegipto.com\/wp-content\/uploads\/2021\/02\/05-01-detalle-de-muro-oeste-y-norte-768x576.jpg 768w, http:\/\/amigosdelantiguoegipto.com\/wp-content\/uploads\/2021\/02\/05-01-detalle-de-muro-oeste-y-norte-1536x1152.jpg 1536w, http:\/\/amigosdelantiguoegipto.com\/wp-content\/uploads\/2021\/02\/05-01-detalle-de-muro-oeste-y-norte-150x113.jpg 150w, http:\/\/amigosdelantiguoegipto.com\/wp-content\/uploads\/2021\/02\/05-01-detalle-de-muro-oeste-y-norte-120x90.jpg 120w\" sizes=\"(max-width: 631px) 100vw, 631px\" \/><\/a><p id=\"caption-attachment-21923\" class=\"wp-caption-text\">Imagen 1. Muro oeste (2) y muro norte (3)<\/p><\/div>\n<p>Estas dos im\u00e1genes que trataremos hoy se encuentran en el muro oeste de la primera c\u00e1mara (en la imagen 1 marcado con un 2), a continuaci\u00f3n de la imagen con la representaci\u00f3n del dios Aker analizada en el post anterior, y en el muro norte, parte izquierda (imagen 1 marcado con un 3).<\/p>\n<div id=\"attachment_21924\" style=\"width: 962px\" class=\"wp-caption aligncenter\"><a href=\"http:\/\/amigosdelantiguoegipto.com\/wp-content\/uploads\/2021\/02\/05-02.jpg\"><img aria-describedby=\"caption-attachment-21924\" decoding=\"async\" loading=\"lazy\" class=\"wp-image-21924\" src=\"http:\/\/amigosdelantiguoegipto.com\/wp-content\/uploads\/2021\/02\/05-02.jpg\" alt=\"Imagen 2. Muro oeste\" width=\"952\" height=\"239\" srcset=\"http:\/\/amigosdelantiguoegipto.com\/wp-content\/uploads\/2021\/02\/05-02.jpg 1591w, http:\/\/amigosdelantiguoegipto.com\/wp-content\/uploads\/2021\/02\/05-02-300x75.jpg 300w, http:\/\/amigosdelantiguoegipto.com\/wp-content\/uploads\/2021\/02\/05-02-1024x257.jpg 1024w, http:\/\/amigosdelantiguoegipto.com\/wp-content\/uploads\/2021\/02\/05-02-768x193.jpg 768w, http:\/\/amigosdelantiguoegipto.com\/wp-content\/uploads\/2021\/02\/05-02-1536x385.jpg 1536w, http:\/\/amigosdelantiguoegipto.com\/wp-content\/uploads\/2021\/02\/05-02-150x38.jpg 150w\" sizes=\"(max-width: 952px) 100vw, 952px\" \/><\/a><p id=\"caption-attachment-21924\" class=\"wp-caption-text\">Imagen 2. Muro oeste<\/p><\/div>\n<p>El \u00e1rea superior del muro oeste est\u00e1 formada por una imagen conjunta, en relaci\u00f3n con el renacimiento y la eternidad, tambi\u00e9n presente en el cap\u00edtulo 17 (Imagen 2). Comienza con la figura de un p\u00e1jaro Bennu, el ave sagrada de Heli\u00f3polis, asociado al renacimiento e identificado con el Ba de Ra. Se trata de un ave mitol\u00f3gica, parecida a una garza, con dos largas plumas a modo de cresta. &nbsp;Siempre est\u00e1 vinculado con el mundo del difunto, como ser que se crea a s\u00ed mismo tras cada muerte. Los griegos lo identificaron con el ave F\u00e9nix. En el propio cap\u00edtulo 17, en la parte inferior de la imagen est\u00e1 escrito:<\/p>\n<p>\u201c<em>Yo soy este ave f\u00e9nix que est\u00e1 en Heli\u00f3polis, el que examina lo que existe<\/em>\u201d<\/p>\n<p>La parte principal de este muro est\u00e1 representada en el centro de la vi\u00f1eta, donde vemos a la momia dentro de un cofre, con un traje de lino blanco con vendas rojas, un pectoral y una m\u00e1scara funeraria con barba. Yace sobre un f\u00e9retro con cuerpo de le\u00f3n.&nbsp; A cada uno de los lados aparecen las diosas Isis (a los pies) y Neftis (a la cabeza), como halcones. Se trata de una representaci\u00f3n cl\u00e1sica de ambas diosas protegiendo al difunto y sus \u00f3rganos, de la misma forma que lo hicieron con Osiris, la primera momia. Una especie de dosel de cuentas aparece como fondo de la imagen.<\/p>\n<div id=\"attachment_21931\" style=\"width: 960px\" class=\"wp-caption aligncenter\"><a href=\"http:\/\/amigosdelantiguoegipto.com\/wp-content\/uploads\/2021\/02\/05-05-Papiro-de-Ani.jpg\"><img aria-describedby=\"caption-attachment-21931\" decoding=\"async\" loading=\"lazy\" class=\"wp-image-21931\" src=\"http:\/\/amigosdelantiguoegipto.com\/wp-content\/uploads\/2021\/02\/05-05-Papiro-de-Ani.jpg\" alt=\"Imagen 5. Papiro de Ani. Similitud con la vi\u00f1eta de la imagen 2\" width=\"950\" height=\"327\" srcset=\"http:\/\/amigosdelantiguoegipto.com\/wp-content\/uploads\/2021\/02\/05-05-Papiro-de-Ani.jpg 1361w, http:\/\/amigosdelantiguoegipto.com\/wp-content\/uploads\/2021\/02\/05-05-Papiro-de-Ani-300x103.jpg 300w, http:\/\/amigosdelantiguoegipto.com\/wp-content\/uploads\/2021\/02\/05-05-Papiro-de-Ani-1024x353.jpg 1024w, http:\/\/amigosdelantiguoegipto.com\/wp-content\/uploads\/2021\/02\/05-05-Papiro-de-Ani-768x265.jpg 768w, http:\/\/amigosdelantiguoegipto.com\/wp-content\/uploads\/2021\/02\/05-05-Papiro-de-Ani-150x52.jpg 150w\" sizes=\"(max-width: 950px) 100vw, 950px\" \/><\/a><p id=\"caption-attachment-21931\" class=\"wp-caption-text\">Imagen 5. Papiro de Ani. Similitud con la vi\u00f1eta de la imagen 2<\/p><\/div>\n<p>A continuaci\u00f3n, encontramos una imagen de un genio del Nilo (\u00bfHeh?), con pechos colgantes, piel oscura y un abultado abdomen, vinculado a la fecundidad. En este caso no, pero en otras vi\u00f1etas, como en el Papiro de Ani (imagen 5) aparece con el cuerpo de color azul con ondas de agua, en representaci\u00f3n de la aguas primigenias, origen de todo. En su mano derecha porta una rama de palmera, s\u00edmbolo de los \u201cMillones de a\u00f1os\u201d, de la eternidad <em>Neheh<\/em>, eternidad c\u00edclica, y con la izquierda toca un \u00f3valo, que representa el s\u00edmbolo <em>shen<\/em> (relacionado con lo eterno, lo c\u00edclico, ver post 4) dentro del que hay un ojo <em>udyat<\/em> u ojo de Horus. Horus perdi\u00f3 el ojo en una de sus batallas contra Seth y el <em>udyat<\/em> es posiblemente el amuleto m\u00e1s potente contra la protecci\u00f3n del mal.<\/p>\n<p>El resto de la pared se encuentra en muy mal estado, pero se pueden reconstruir las vi\u00f1etas. Primero aparece una figura que en los textos funerarios es llamado El Gran Verde, posiblemente en referencia a la fecundidad, y que sostiene en sus manos los s\u00edmbolos de los lagos de natr\u00f3n (sustancia utilizada en el proceso de momificaci\u00f3n) y <em>maat<\/em> (esta palabra es de dudoso significado en este pasaje del Libro de los Muertos, podr\u00eda tratarse de un t\u00e9rmino relacionado con la palabra <em>mmaA<\/em> que significa mirra), en las que el Osiris es purificado en su nacimiento. &nbsp;En relaci\u00f3n con estos dos lagos o estanques el texto en jerogl\u00edficos de debajo de las vi\u00f1etas dice:<\/p>\n<p><em>\u201c\u00bfQu\u00e9 significa esto?<\/em><\/p>\n<ul>\n<li><em>(Significa que ha sido purificado) el d\u00eda de su nacimiento. En las dos muy importantes y grandes lagunas que est\u00e1n en [Heracle\u00f3polis], (el d\u00eda) de las ofrendas del pueblo llano a este gran dios que est\u00e1 all\u00ed. <\/em><\/li>\n<\/ul>\n<p><em>\u00bfQu\u00e9 lagunas son estas?<\/em><\/p>\n<ul>\n<li><em>Mill\u00f3n es el nombre de una. Oc\u00e9ano es el nombre de la otra. Esta laguna es de natr\u00f3n y la isla es de maat<\/em>\u201d<\/li>\n<\/ul>\n<div id=\"attachment_21932\" style=\"width: 960px\" class=\"wp-caption aligncenter\"><a href=\"http:\/\/amigosdelantiguoegipto.com\/wp-content\/uploads\/2021\/02\/05-03-reconstruccion-muro-oeste-scaled.jpg\"><img aria-describedby=\"caption-attachment-21932\" decoding=\"async\" loading=\"lazy\" class=\"wp-image-21932\" src=\"http:\/\/amigosdelantiguoegipto.com\/wp-content\/uploads\/2021\/02\/05-03-reconstruccion-muro-oeste-scaled.jpg\" alt=\"Imagen 3. Reconstrucci\u00f3n del muro oeste\" width=\"950\" height=\"302\" srcset=\"http:\/\/amigosdelantiguoegipto.com\/wp-content\/uploads\/2021\/02\/05-03-reconstruccion-muro-oeste-scaled.jpg 2560w, http:\/\/amigosdelantiguoegipto.com\/wp-content\/uploads\/2021\/02\/05-03-reconstruccion-muro-oeste-300x95.jpg 300w, http:\/\/amigosdelantiguoegipto.com\/wp-content\/uploads\/2021\/02\/05-03-reconstruccion-muro-oeste-1024x326.jpg 1024w, http:\/\/amigosdelantiguoegipto.com\/wp-content\/uploads\/2021\/02\/05-03-reconstruccion-muro-oeste-768x244.jpg 768w, http:\/\/amigosdelantiguoegipto.com\/wp-content\/uploads\/2021\/02\/05-03-reconstruccion-muro-oeste-1536x489.jpg 1536w, http:\/\/amigosdelantiguoegipto.com\/wp-content\/uploads\/2021\/02\/05-03-reconstruccion-muro-oeste-2048x652.jpg 2048w, http:\/\/amigosdelantiguoegipto.com\/wp-content\/uploads\/2021\/02\/05-03-reconstruccion-muro-oeste-150x48.jpg 150w\" sizes=\"(max-width: 950px) 100vw, 950px\" \/><\/a><p id=\"caption-attachment-21932\" class=\"wp-caption-text\">Imagen 3. Reconstrucci\u00f3n del muro oeste<\/p><\/div>\n<p>A continuaci\u00f3n, una capilla de techo plano, representaci\u00f3n de la necr\u00f3polis, Rosetau, una imagen de un dios sentado, que quiz\u00e1s custodia la capilla anterior y por tanto la entrada a la necr\u00f3polis y, nuevamente, un ojo de Horus. En la imagen 3 se puede apreciar la restituci\u00f3n de esta zona de la pared. Esta restituci\u00f3n est\u00e1 basada en la documentaci\u00f3n de la Misi\u00f3n italiana en el momento del descubrimiento de la tumba (1904), en las im\u00e1genes tomadas tras el descubrimiento (imagen 4) y en otras representaciones de este cap\u00edtulo, como por ejemplo en el Papiro de Ani, actualmente en el Museo Brit\u00e1nico de Londres, catalogado con el n\u00famero 10470 (imagen 5).<\/p>\n<div id=\"attachment_21933\" style=\"width: 960px\" class=\"wp-caption aligncenter\"><a href=\"http:\/\/amigosdelantiguoegipto.com\/wp-content\/uploads\/2021\/02\/05-04-fotografia-original-de-la-tumba.jpg\"><img aria-describedby=\"caption-attachment-21933\" decoding=\"async\" loading=\"lazy\" class=\"wp-image-21933\" src=\"http:\/\/amigosdelantiguoegipto.com\/wp-content\/uploads\/2021\/02\/05-04-fotografia-original-de-la-tumba.jpg\" alt=\"Imagen 4. Fotograf\u00eda de la tumba en el descubrimiento\" width=\"950\" height=\"332\" srcset=\"http:\/\/amigosdelantiguoegipto.com\/wp-content\/uploads\/2021\/02\/05-04-fotografia-original-de-la-tumba.jpg 1490w, http:\/\/amigosdelantiguoegipto.com\/wp-content\/uploads\/2021\/02\/05-04-fotografia-original-de-la-tumba-300x105.jpg 300w, http:\/\/amigosdelantiguoegipto.com\/wp-content\/uploads\/2021\/02\/05-04-fotografia-original-de-la-tumba-1024x357.jpg 1024w, http:\/\/amigosdelantiguoegipto.com\/wp-content\/uploads\/2021\/02\/05-04-fotografia-original-de-la-tumba-768x268.jpg 768w, http:\/\/amigosdelantiguoegipto.com\/wp-content\/uploads\/2021\/02\/05-04-fotografia-original-de-la-tumba-150x52.jpg 150w\" sizes=\"(max-width: 950px) 100vw, 950px\" \/><\/a><p id=\"caption-attachment-21933\" class=\"wp-caption-text\">Imagen 4. Fotograf\u00eda de la tumba en el descubrimiento<\/p><\/div>\n<p>En la parte inferior aparecen unos nichos en los que aparece de nuevo el texto \u201c<em>La Gran Esposa real, Nefertari Meritenmut<\/em>\u201d y destaca uno con inscripciones referentes a la entrega de enlucido a los artesanos de los equipos derecho e izquierdo que trabajaron en la tumba. Sobre estos nichos vemos una repisa que podr\u00eda haber estado dedicada a guardar equipamiento funerario para el culto de la reina.<\/p>\n<div id=\"attachment_21934\" style=\"width: 960px\" class=\"wp-caption aligncenter\"><a href=\"http:\/\/amigosdelantiguoegipto.com\/wp-content\/uploads\/2021\/02\/05-07-foto-original.jpg\"><img aria-describedby=\"caption-attachment-21934\" decoding=\"async\" loading=\"lazy\" class=\"wp-image-21934\" src=\"http:\/\/amigosdelantiguoegipto.com\/wp-content\/uploads\/2021\/02\/05-07-foto-original.jpg\" alt=\"Imagen 7. Fotograf\u00eda del muro norte en el descubrimiento. La imagen de la vaca celeste y la capilla est\u00e1n actualmente desaparecidas\" width=\"950\" height=\"661\" srcset=\"http:\/\/amigosdelantiguoegipto.com\/wp-content\/uploads\/2021\/02\/05-07-foto-original.jpg 1300w, http:\/\/amigosdelantiguoegipto.com\/wp-content\/uploads\/2021\/02\/05-07-foto-original-300x209.jpg 300w, http:\/\/amigosdelantiguoegipto.com\/wp-content\/uploads\/2021\/02\/05-07-foto-original-1024x712.jpg 1024w, http:\/\/amigosdelantiguoegipto.com\/wp-content\/uploads\/2021\/02\/05-07-foto-original-768x534.jpg 768w, http:\/\/amigosdelantiguoegipto.com\/wp-content\/uploads\/2021\/02\/05-07-foto-original-150x104.jpg 150w\" sizes=\"(max-width: 950px) 100vw, 950px\" \/><\/a><p id=\"caption-attachment-21934\" class=\"wp-caption-text\">Imagen 7. Fotograf\u00eda del muro norte en el descubrimiento. La imagen de la vaca celeste y la capilla est\u00e1n actualmente desaparecidas<\/p><\/div>\n<p>En el muro norte (imagen 1, con el n\u00famero 3), en la parte superior, nos detenemos para observar una serie de vi\u00f1etas (imagen 6), no relacionadas directamente con los textos del registro inferior. En la parte izquierda, actualmente muy da\u00f1ada, aparec\u00edan: una vaca celeste tumbada, con un disco solar entre los cuernos y un collar <em>menat<\/em> (identificado con la diosa Hathor y que en el entorno funerario se empleaba con fines de regeneraci\u00f3n y renovaci\u00f3n del difunto). Se trata de Meheturt, muy relacionada con las aguas primigenias y las aguas celestes, que en el Libro de los Muertos se identificaba con Hathor (se puede ver en la imagen 7, tomada cuando se descubri\u00f3 la tumba). En el cap. 17 se dice de ella: \u201cHe visto a Ra, que naci\u00f3 de los muslos de Meheturt \u00bfqui\u00e9n es? Son las aguas celestes\u201d &nbsp;&nbsp;<\/p>\n<p>A continuaci\u00f3n (v\u00e9ase imagen 7, tomada cuando se descubri\u00f3 la tumba), y actualmente desaparecida, una capilla que contiene una representaci\u00f3n cl\u00e1sica de Anubis, como chacal, recostado, como jefe del ritual de embalsamamiento y conductor del pesaje del alma. En la representaci\u00f3n aparece el <em>nejej<\/em> o mayal, s\u00edmbolo relacionado con el poder y, en el ambiente funerario, vinculado a Osiris. A los pies y a la cabeza de la capilla, los cuatro hijos de Horus (de los que hablaremos a continuaci\u00f3n, en la siguiente vi\u00f1eta). En la actualidad solo pueden apreciarse restos de las primeras figuras y solo se distinguen los dos hijos de Horus situados a la derecha de la capilla de Anubis, con cabeza de halc\u00f3n y cabeza humana. &nbsp;<\/p>\n<div id=\"attachment_21935\" style=\"width: 960px\" class=\"wp-caption aligncenter\"><a href=\"http:\/\/amigosdelantiguoegipto.com\/wp-content\/uploads\/2021\/02\/05-06-muro-norte-superior-scaled.jpg\"><img aria-describedby=\"caption-attachment-21935\" decoding=\"async\" loading=\"lazy\" class=\"wp-image-21935\" src=\"http:\/\/amigosdelantiguoegipto.com\/wp-content\/uploads\/2021\/02\/05-06-muro-norte-superior-scaled.jpg\" alt=\"Imagen 6. Muro norte. Horus y los 4 hijos de Horus\" width=\"950\" height=\"206\" srcset=\"http:\/\/amigosdelantiguoegipto.com\/wp-content\/uploads\/2021\/02\/05-06-muro-norte-superior-scaled.jpg 2560w, http:\/\/amigosdelantiguoegipto.com\/wp-content\/uploads\/2021\/02\/05-06-muro-norte-superior-300x65.jpg 300w, http:\/\/amigosdelantiguoegipto.com\/wp-content\/uploads\/2021\/02\/05-06-muro-norte-superior-1024x222.jpg 1024w, http:\/\/amigosdelantiguoegipto.com\/wp-content\/uploads\/2021\/02\/05-06-muro-norte-superior-768x166.jpg 768w, http:\/\/amigosdelantiguoegipto.com\/wp-content\/uploads\/2021\/02\/05-06-muro-norte-superior-1536x333.jpg 1536w, http:\/\/amigosdelantiguoegipto.com\/wp-content\/uploads\/2021\/02\/05-06-muro-norte-superior-2048x444.jpg 2048w, http:\/\/amigosdelantiguoegipto.com\/wp-content\/uploads\/2021\/02\/05-06-muro-norte-superior-150x32.jpg 150w\" sizes=\"(max-width: 950px) 100vw, 950px\" \/><\/a><p id=\"caption-attachment-21935\" class=\"wp-caption-text\">Imagen 6. Muro norte. Horus y los 4 hijos de Horus<\/p><\/div>\n<p>En la siguiente vi\u00f1eta (Imagen 6), tenemos dos figuras momiformes sentadas, una con cabeza de halc\u00f3n y otra humana, que representan a Horus y Nefertari en sus tronos, aunque algunos autores identifican estas figuras con Ra y Shu. Los textos no nos permiten aclarar la identificaci\u00f3n.<\/p>\n<p>En la parte central del muro contin\u00faa el cap\u00edtulo 17 del Libro de los Muertos y en la parte inferior una f\u00f3rmula pronunciada por Osiris (escrita horizontalmente) y los t\u00edtulos y cartuchos de la reina en vertical junto a los nichos (imagen 8)<\/p>\n<div id=\"attachment_21937\" style=\"width: 936px\" class=\"wp-caption aligncenter\"><a href=\"http:\/\/amigosdelantiguoegipto.com\/wp-content\/uploads\/2021\/02\/05-08-dintel-acceso-descendente.jpg\"><img aria-describedby=\"caption-attachment-21937\" decoding=\"async\" loading=\"lazy\" class=\"wp-image-21937 size-full\" src=\"http:\/\/amigosdelantiguoegipto.com\/wp-content\/uploads\/2021\/02\/05-08-dintel-acceso-descendente.jpg\" alt=\"Imagen 8. Dintel y acceso al corredor descendente\" width=\"926\" height=\"1170\" srcset=\"http:\/\/amigosdelantiguoegipto.com\/wp-content\/uploads\/2021\/02\/05-08-dintel-acceso-descendente.jpg 926w, http:\/\/amigosdelantiguoegipto.com\/wp-content\/uploads\/2021\/02\/05-08-dintel-acceso-descendente-237x300.jpg 237w, http:\/\/amigosdelantiguoegipto.com\/wp-content\/uploads\/2021\/02\/05-08-dintel-acceso-descendente-810x1024.jpg 810w, http:\/\/amigosdelantiguoegipto.com\/wp-content\/uploads\/2021\/02\/05-08-dintel-acceso-descendente-768x970.jpg 768w, http:\/\/amigosdelantiguoegipto.com\/wp-content\/uploads\/2021\/02\/05-08-dintel-acceso-descendente-119x150.jpg 119w\" sizes=\"(max-width: 926px) 100vw, 926px\" \/><\/a><p id=\"caption-attachment-21937\" class=\"wp-caption-text\">Imagen 8. Dintel y acceso al corredor descendente<\/p><\/div>\n<p>A continuaci\u00f3n, ya sobre el dintel de la puerta que da acceso al corredor descendente que conduce a la c\u00e1mara del sarc\u00f3fago, se observa un grupo formado por una figura con cabeza de halc\u00f3n (posiblemente Horus) y nuevamente los 4 hijos de Horus o almas de Horus, identificado en este sentido con Horus el Viejo o Haroeris (para la diferenciaci\u00f3n entre Horus el Viejo y Horus el Joven, v\u00e9ase bibliograf\u00eda, al final de este post). Este grupo est\u00e1 sentado y mira hacia la derecha, hacia el este de la tumba. La ubicaci\u00f3n de estas figuras, en el dintel de la puerta que da acceso al corredor descendente (imagen 8), no es casualidad. Eran ellos los encargados de proteger las v\u00edsceras de la difunta, guardadas en los vasos canopos depositados en la c\u00e1mara del sarc\u00f3fago, normalmente con tapas con la cabeza de cada uno de los hijos (a pesar de que los 4 hijos de Horus se remontan al Reino antiguo y ya aparecen en los Textos de las Pir\u00e1mides, la representaci\u00f3n en los vasos canopos con las cabezas de cada uno de lo animales que representaban es algo que se inici\u00f3 en la XVIII dinast\u00eda). Cada uno de ellos ten\u00eda un \u00f3rgano que proteger, una diosa protectora, representaba uno de los cuatro puntos cardinales y estaba asociado a uno de los elementos de todo ser.<\/p>\n<p>De izquierda a derecha tenemos: Duamutef con cabeza de c\u00e1nido (protector del est\u00f3mago, Neit es su diosa protectora, representa el este y su elemento es el Ba), Qebehsenuf con cabeza de halc\u00f3n (protector de los intestinos, su diosa protectora es Selket, asociado al oeste y su elemento es el Sa), Hapy con cabeza de babuino (protege los pulmones, su diosa protectora es Neftis, est\u00e1 asociado al norte y su elemento es el <em>Ib<\/em> o coraz\u00f3n) e Imsety con cabeza humana (protector del h\u00edgado, su diosa es Isis, representa el sur y su elemento es el Ka). En la imagen, el escriba cometi\u00f3 un error y aparecen cambiados los nombres de Duamutef y Qebehsenuf.<\/p>\n<p>Verticalmente en el dintel aparecen, a izquierda y derecha, los t\u00edtulos y cartucho de Nefertari (imagen 8). Pone:<\/p>\n<p>\u201cLa princesa Real, Grande de favores (y nuevo) Osiris \u2013 [Gran] Esposa Real, [Se\u00f1ora] del Doble Pa\u00eds, Nefertari Meritenmut justificado\u201d<\/p>\n<p>Curiosamente el t\u00edtulo \u201cSe\u00f1ora del Doble Pa\u00eds\u201d solo aparece en la parte izquierda<\/p>\n<p>&nbsp;<\/p>\n<table width=\"1058\">\n<tbody>\n<tr>\n<td style=\"text-align: left;\" width=\"189\"><a href=\"http:\/\/amigosdelantiguoegipto.com\/?page_id=21817\">4. <\/a><a href=\"http:\/\/amigosdelantiguoegipto.com\/?page_id=21909\">Antesala, muros sur y oeste<\/a><\/td>\n<td width=\"189\">\n<p style=\"text-align: center;\"><a href=\"http:\/\/amigosdelantiguoegipto.com\/?p=21946\">\u00cdndice<\/a><\/p>\n<\/td>\n<td width=\"189\">\n<p style=\"text-align: right;\"><a href=\"http:\/\/amigosdelantiguoegipto.com\/?page_id=21628\">6. Antesala, parte este<\/a><\/p>\n<\/td>\n<\/tr>\n<\/tbody>\n<\/table>\n<p>&nbsp;<\/p>\n<p>S\u00edguenos en Facebook <a href=\"https:\/\/www.facebook.com\/amigos.egipto\" target=\"_blank\" rel=\"noopener\">https:\/\/www.facebook.com\/amigos.egipto<\/a> para estar al d\u00eda en noticias, evento y art\u00edculos relacionados con el antiguo Egipto.<\/p>\n<p><strong>Notas<\/strong><\/p>\n<ul>\n<li>La traducci\u00f3n de los textos est\u00e1 basada en: \u201cTextos de la tumba de la reina Nefertari\u201d. Marta Puvill Do\u00f1ate, Cuadernos de Egiptolog\u00eda Mizar n\u00ba 4.<\/li>\n<li>Para el significado de los s\u00edmbolos y signos puede consultarse: \u201cEgipto, signos y s\u00edmbolos de lo sagrado\u201d. Elisa Castel Ronda. Alderab\u00e1n Ediciones, Madrid, 1999.<\/li>\n<li>Para los dioses que aparecen en el texto puede consultarse \u201cEl pante\u00f3n egipcio\u201d en <a href=\"https:\/\/www.egiptologia.org\/?p=429\" target=\"_blank\" rel=\"noopener\">https:\/\/www.egiptologia.org\/?p=429<\/a>, &nbsp; y<\/li>\n<\/ul>\n<p>\u201cGran diccionario de mitolog\u00eda egipcia\u201d. Elisa castel Ronda. Aldarerab\u00e1n Ediciones, Madrid, 2002. Existe tambi\u00e9n una versi\u00f3n reducida en<\/p>\n<p>&nbsp;<a href=\"https:\/\/amigosdelantiguoegipto.com\/?page_id=12384\" target=\"_blank\" rel=\"noopener\">https:\/\/amigosdelantiguoegipto.com\/?page_id=12384<\/a><\/p>\n<ul>\n<li>Para los conceptos de eternidad lineal (<em>dyet<\/em>) y eternidad c\u00edclica (<em>neheh<\/em>) v\u00e9ase \u201cEl libro de la vaca celeste\u201d en <a href=\"https:\/\/egiptologia.org\/?p=493\" target=\"_blank\" rel=\"noopener\">https:\/\/egiptologia.org\/?p=493<\/a><\/li>\n<\/ul>\n<p><strong>Descripci\u00f3n y origen de las im\u00e1genes<\/strong><\/p>\n<p><strong>Imagen 1<\/strong>, secci\u00f3n de la tumba &#8211; Weeks, Kent R. <em>The Treasures of Luxor and the Valley of the Kings<\/em>. White Star, 2005.<\/p>\n<p><strong>Imagen 2<\/strong>, en muro sur, imagen 6 en muro norte e imagen 8 en muro norte, dintel que da acceso al corredor descendente que conduce a la c\u00e1mara del sarc\u00f3fago &#8211; McDonald, John K. 1996. <em>House of Eternity: The Tomb of Nefertari<\/em>. Conservation and Cultural Heritage. Los Angeles, CA: Getty Conservation Institute and J. Paul Getty Museum.<\/p>\n<p><strong>Im\u00e1genes 3, 4 y 7<\/strong>, reconstrucci\u00f3n de la pared y fotograf\u00edas del estado de parte de los muros oeste y norte en el descubrimiento (1904) \u2013 De Leblanc, Christian y Silioti, Alberto. <em>Nefertari e la valle delle Regine<\/em>. Giunti Gruppo Editoriale, Firenza, 1993<\/p>\n<p><strong>Imagen 5<\/strong>, en Papiro de Ani \u2013 <em>The book of the Dead. Famous Egyptian Papyri<\/em> con comentarios de Evelyn Rossiter. Producciones Liber S.A. y Editions Minerva S.A. Frobourg, Geneve, 1979\/1984.<\/p>\n","protected":false},"excerpt":{"rendered":"<p>\u00cdndice. Nefertari y su tumba en al Valle de las Reinas 5. Antesala. Muros oeste y norte Estas dos im\u00e1genes que trataremos hoy se encuentran en el muro oeste de la primera c\u00e1mara (en la imagen 1 marcado con un 2), a continuaci\u00f3n de la imagen con la representaci\u00f3n del dios Aker analizada en el post anterior, y en el&#8230;<\/p>\n<p class=\"continue-reading-button\"> <a class=\"continue-reading-link\" href=\"http:\/\/amigosdelantiguoegipto.com\/?page_id=21922\">Seguir leyendo<i class=\"crycon-right-dir\"><\/i><\/a><\/p>\n","protected":false},"author":1,"featured_media":0,"parent":0,"menu_order":0,"comment_status":"closed","ping_status":"closed","template":"","meta":{"ngg_post_thumbnail":0},"_links":{"self":[{"href":"http:\/\/amigosdelantiguoegipto.com\/index.php?rest_route=\/wp\/v2\/pages\/21922"}],"collection":[{"href":"http:\/\/amigosdelantiguoegipto.com\/index.php?rest_route=\/wp\/v2\/pages"}],"about":[{"href":"http:\/\/amigosdelantiguoegipto.com\/index.php?rest_route=\/wp\/v2\/types\/page"}],"author":[{"embeddable":true,"href":"http:\/\/amigosdelantiguoegipto.com\/index.php?rest_route=\/wp\/v2\/users\/1"}],"replies":[{"embeddable":true,"href":"http:\/\/amigosdelantiguoegipto.com\/index.php?rest_route=%2Fwp%2Fv2%2Fcomments&post=21922"}],"version-history":[{"count":11,"href":"http:\/\/amigosdelantiguoegipto.com\/index.php?rest_route=\/wp\/v2\/pages\/21922\/revisions"}],"predecessor-version":[{"id":22053,"href":"http:\/\/amigosdelantiguoegipto.com\/index.php?rest_route=\/wp\/v2\/pages\/21922\/revisions\/22053"}],"wp:attachment":[{"href":"http:\/\/amigosdelantiguoegipto.com\/index.php?rest_route=%2Fwp%2Fv2%2Fmedia&parent=21922"}],"curies":[{"name":"wp","href":"https:\/\/api.w.org\/{rel}","templated":true}]}}