{"id":21909,"date":"2021-02-10T20:50:58","date_gmt":"2021-02-10T20:50:58","guid":{"rendered":"http:\/\/amigosdelantiguoegipto.com\/?page_id=21909"},"modified":"2021-02-14T19:42:04","modified_gmt":"2021-02-14T19:42:04","slug":"nefertari-y-su-tumba-qv66-en-el-valle-de-las-reinas-4","status":"publish","type":"page","link":"http:\/\/amigosdelantiguoegipto.com\/?page_id=21909","title":{"rendered":"Nefertari y su tumba en el Valle de las Reinas. Antesala, muros sur y oeste"},"content":{"rendered":"<p style=\"text-align: center;\"><a href=\"http:\/\/amigosdelantiguoegipto.com\/?p=21946\">\u00cdndice. Nefertari y su tumba en al Valle de las Reinas<\/a><\/p>\n<p><strong>4. Antesala, muros sur y oeste<br \/>\n<\/strong><\/p>\n<p>Inicio de las transfiguraciones, cap\u00edtulo 17 del Libro de los Muertos<\/p>\n<div id=\"attachment_21911\" style=\"width: 661px\" class=\"wp-caption aligncenter\"><a href=\"http:\/\/amigosdelantiguoegipto.com\/wp-content\/uploads\/2021\/02\/04-01-detalle-de-muro-sur-y-oeste.jpg\"><img aria-describedby=\"caption-attachment-21911\" decoding=\"async\" loading=\"lazy\" class=\"wp-image-21911\" src=\"http:\/\/amigosdelantiguoegipto.com\/wp-content\/uploads\/2021\/02\/04-01-detalle-de-muro-sur-y-oeste.jpg\" alt=\"Imagen 1, muros sur y oeste\" width=\"651\" height=\"489\" srcset=\"http:\/\/amigosdelantiguoegipto.com\/wp-content\/uploads\/2021\/02\/04-01-detalle-de-muro-sur-y-oeste.jpg 1613w, http:\/\/amigosdelantiguoegipto.com\/wp-content\/uploads\/2021\/02\/04-01-detalle-de-muro-sur-y-oeste-300x225.jpg 300w, http:\/\/amigosdelantiguoegipto.com\/wp-content\/uploads\/2021\/02\/04-01-detalle-de-muro-sur-y-oeste-1024x768.jpg 1024w, http:\/\/amigosdelantiguoegipto.com\/wp-content\/uploads\/2021\/02\/04-01-detalle-de-muro-sur-y-oeste-768x576.jpg 768w, http:\/\/amigosdelantiguoegipto.com\/wp-content\/uploads\/2021\/02\/04-01-detalle-de-muro-sur-y-oeste-1536x1152.jpg 1536w, http:\/\/amigosdelantiguoegipto.com\/wp-content\/uploads\/2021\/02\/04-01-detalle-de-muro-sur-y-oeste-150x113.jpg 150w, http:\/\/amigosdelantiguoegipto.com\/wp-content\/uploads\/2021\/02\/04-01-detalle-de-muro-sur-y-oeste-120x90.jpg 120w\" sizes=\"(max-width: 651px) 100vw, 651px\" \/><\/a><p id=\"caption-attachment-21911\" class=\"wp-caption-text\">Imagen 1, muros sur y oeste<\/p><\/div>\n<p>Tras descender los 18 escalones del corredor que abre la tumba se accede a la primera sala, una habitaci\u00f3n de unos 5&#215;5,2 metros, en la que encontramos las primeras representaciones del viaje de la reina, el inicio de su traves\u00eda por la Duat.<\/p>\n<div id=\"attachment_21912\" style=\"width: 904px\" class=\"wp-caption aligncenter\"><a href=\"http:\/\/amigosdelantiguoegipto.com\/wp-content\/uploads\/2021\/02\/04-02-imagen-A1.jpg\"><img aria-describedby=\"caption-attachment-21912\" decoding=\"async\" loading=\"lazy\" class=\"wp-image-21912\" src=\"http:\/\/amigosdelantiguoegipto.com\/wp-content\/uploads\/2021\/02\/04-02-imagen-A1.jpg\" alt=\"Imagen 2, muro sur\" width=\"894\" height=\"410\" srcset=\"http:\/\/amigosdelantiguoegipto.com\/wp-content\/uploads\/2021\/02\/04-02-imagen-A1.jpg 2063w, http:\/\/amigosdelantiguoegipto.com\/wp-content\/uploads\/2021\/02\/04-02-imagen-A1-300x138.jpg 300w, http:\/\/amigosdelantiguoegipto.com\/wp-content\/uploads\/2021\/02\/04-02-imagen-A1-1024x470.jpg 1024w, http:\/\/amigosdelantiguoegipto.com\/wp-content\/uploads\/2021\/02\/04-02-imagen-A1-768x352.jpg 768w, http:\/\/amigosdelantiguoegipto.com\/wp-content\/uploads\/2021\/02\/04-02-imagen-A1-1536x704.jpg 1536w, http:\/\/amigosdelantiguoegipto.com\/wp-content\/uploads\/2021\/02\/04-02-imagen-A1-2048x939.jpg 2048w, http:\/\/amigosdelantiguoegipto.com\/wp-content\/uploads\/2021\/02\/04-02-imagen-A1-150x69.jpg 150w\" sizes=\"(max-width: 894px) 100vw, 894px\" \/><\/a><p id=\"caption-attachment-21912\" class=\"wp-caption-text\">Imagen 2, muro sur<\/p><\/div>\n<p>Toda la zona izquierda (imagen 1, n\u00fameros 1-muro sur- y 2-muro oeste) est\u00e1 relacionada con el cap\u00edtulo 17 del Libro de los Muertos, uno de los m\u00e1s largos y antiguos, escrito en la zona inferior de los tres muros. Representa el inicio de la segunda parte del ritual funerario, el comienzo del Libro propiamente, tras los 16 primeros cap\u00edtulos correspondientes a la descripci\u00f3n del cortejo f\u00fanebre. Es uno de los textos religiosos m\u00e1s populares, asociado a la regeneraci\u00f3n del difunto y la salida del sol. El nuevo ser se identifica adem\u00e1s con el demiurgo. Comienza con las palabras (representadas en el registro inferior en 19 columnas, escritas de derecha a izquierda pero que deben leerse en sentido contrario, de izquierda a derecha):<\/p>\n<p><em>\u201cPrincipio de las alabanzas e invocaciones para salir de la [necr\u00f3polis] gloriosa y entrar en (ella, as\u00ed como) en el hermoso occidente, salir a (la luz) del d\u00eda para tomar todas las formas que se desee, jugar al senet estando sentado en el baldaquino y salir como un alma viviente. Palabras pronunciadas por el (nuevo) Osiris \u2013 La Gran Esposa Real, Se\u00f1ora de las Dos Tierras, Nefertari Meritenmut, justificada, despu\u00e9s de haber llegado a puerto. (Tambi\u00e9n) es provechoso para el que lo hace en este mundo\u201d<\/em><\/p>\n<p>Y esas son las transformaciones que pueden verse en las dos primeras vi\u00f1etas de la parte superior del muro sur (imagen 2), donde aparece la reina en sus transformaciones: sentada dentro de un quiosco jugando al <em>senet<\/em> y como p\u00e1jaro <em>ba<\/em> sobre una capilla.<\/p>\n<div id=\"attachment_21913\" style=\"width: 660px\" class=\"wp-caption aligncenter\"><a href=\"http:\/\/amigosdelantiguoegipto.com\/wp-content\/uploads\/2021\/02\/04-03-Senet.jpg\"><img aria-describedby=\"caption-attachment-21913\" decoding=\"async\" loading=\"lazy\" class=\"wp-image-21913\" src=\"http:\/\/amigosdelantiguoegipto.com\/wp-content\/uploads\/2021\/02\/04-03-Senet.jpg\" alt=\"Imagen 3, Nefertari jugando al senet, muro sur\" width=\"650\" height=\"768\" srcset=\"http:\/\/amigosdelantiguoegipto.com\/wp-content\/uploads\/2021\/02\/04-03-Senet.jpg 800w, http:\/\/amigosdelantiguoegipto.com\/wp-content\/uploads\/2021\/02\/04-03-Senet-254x300.jpg 254w, http:\/\/amigosdelantiguoegipto.com\/wp-content\/uploads\/2021\/02\/04-03-Senet-768x907.jpg 768w, http:\/\/amigosdelantiguoegipto.com\/wp-content\/uploads\/2021\/02\/04-03-Senet-127x150.jpg 127w\" sizes=\"(max-width: 650px) 100vw, 650px\" \/><\/a><p id=\"caption-attachment-21913\" class=\"wp-caption-text\">Imagen 3, Nefertari jugando al senet, muro sur<\/p><\/div>\n<p>En la primera vi\u00f1eta (imagen 3) aparece Nefertari dentro de un quiosco realizado de ca\u00f1as, sentada sobre una silla, con un vestido blanco, largo, semitransparente, plisado y atado en la cintura con una larga cinta roja. Esta ser\u00e1 una representaci\u00f3n muy habitual en el hipogeo. En esta y la siguiente imagen lleva sandalias blancas, mientras que en el resto de relieves de la tumba aparece descalza. Lleva unos pendientes realizados con brotes de loto y un ancho collar. En la cabeza lleva una peluca tripartita negra y sobre ella el tocado <em>nejbet<\/em>, asociado a la diosa buitre Nejbet y a la Gran Esposa Real, que representa a un buitre con las alas extendidas sobre la cabeza y que porta un anillo <em>shen<\/em> (que simboliza la eternidad, la regeneraci\u00f3n) en las garras. Con la mano derecha sujeta un cetro <em>sejem<\/em> (asociado al poder y especialmente al poder real) y con la izquierda juega al <em>senet<\/em>.<\/p>\n<p>En esta primera vi\u00f1eta ya apreciamos las t\u00e9cnicas comentadas anteriormente: la mezcla de colores, las transparencias, que le confieren a Nefertari un car\u00e1cter sensual, el volumen, las sombras o el brillo de la imagen, que rompen con la norma tradicional de representaci\u00f3n plana. Merece particular atenci\u00f3n el color de la piel, rosado y con mejillas enrojecidas. Es probable que en el dise\u00f1o del hipogeo ya se concibiese un intento por remarcar el car\u00e1cter especial de la reina, respecto al resto de mujeres y, por tanto, alejarse del clasicismo que empleaba un color amarillo p\u00e1lido para la tez. Los dise\u00f1adores y artesanos de la tumba consiguieron plenamente reflejar, en \u00e9sta y el resto de im\u00e1genes de Nefertari, el extraordinario papel que tuvo la reina, y por supuesto su belleza y distinci\u00f3n.<\/p>\n<p>El texto, dentro del quiosco dice:<\/p>\n<p><em>El (nuevo) Osiris -La Gran Esposa Real de Ra, Se\u00f1ora de las Dos Tierras, Nefertai MeritenMut, justificada\u201d ante Osiris, el gran dios\u201d. <\/em><\/p>\n<p>Podr\u00eda pensarse que la primera de estas im\u00e1genes es l\u00fadica, pero se trata de una representaci\u00f3n t\u00edpica de car\u00e1cter religioso relacionada con el juicio de las almas y el paso hacia su nueva existencia. El difunto aparece jugando sin contrincante y la victoria en el juego representa la superaci\u00f3n del juicio. La reina es ahora un ser justificado, tras haber superado la psicostasia, y podr\u00e1, por tanto, presentarse ante Osiris.<\/p>\n<div id=\"attachment_21914\" style=\"width: 660px\" class=\"wp-caption aligncenter\"><a href=\"http:\/\/amigosdelantiguoegipto.com\/wp-content\/uploads\/2021\/02\/04-04-Ba.jpg\"><img aria-describedby=\"caption-attachment-21914\" decoding=\"async\" loading=\"lazy\" class=\"wp-image-21914\" src=\"http:\/\/amigosdelantiguoegipto.com\/wp-content\/uploads\/2021\/02\/04-04-Ba.jpg\" alt=\"Imagen 4, el ba de la reina\" width=\"650\" height=\"706\" srcset=\"http:\/\/amigosdelantiguoegipto.com\/wp-content\/uploads\/2021\/02\/04-04-Ba.jpg 697w, http:\/\/amigosdelantiguoegipto.com\/wp-content\/uploads\/2021\/02\/04-04-Ba-276x300.jpg 276w, http:\/\/amigosdelantiguoegipto.com\/wp-content\/uploads\/2021\/02\/04-04-Ba-138x150.jpg 138w\" sizes=\"(max-width: 650px) 100vw, 650px\" \/><\/a><p id=\"caption-attachment-21914\" class=\"wp-caption-text\">Imagen 4, el ba de la reina<\/p><\/div>\n<p>La segunda vi\u00f1eta (imagen 4) nos muestra al Ba de la reina, un p\u00e1jaro con cabeza y brazos humanos, en este caso representando la cabeza de Nefertari, sobre una capilla que tiene una puerta y que representa la tumba. A pesar de que se traduce a veces por alma, el Ba representa la parte animada del difunto, con la facultad de poder desplazarse libremente para encontrase con el Ka, era un nexo de uni\u00f3n entre el mundo de los dioses y la tierra. Es el Ba el que proporciona al difunto la movilidad para visitar los lugares que desee en el m\u00e1s all\u00e1. Para Hornung el Ba es un concepto totalmente espiritual que requiere de necesidades humanas, como la alimentaci\u00f3n. Siempre est\u00e1 asociado al mundo de los difuntos. La representaci\u00f3n como ave debi\u00f3 basarse en las observaciones de las aves migratorias. Del mismo modo que \u00e9stas, puntualmente, comienzan sus migraciones hacia lugares remotos y regresan, tambi\u00e9n puntualmente, el ba se desplazaba, con libertad, durante el d\u00eda y regresaba por la noche a la tumba.<\/p>\n<p>El texto sobre esta vi\u00f1eta dice: \u201c<em>El (nuevo) Osiris -La gran Esposa Real, Se\u00f1ora de las Dos Tierras, Nefertari Meritenmut- justificado<\/em>\u201d<\/p>\n<table>\n<tbody>\n<tr>\n<td width=\"283\">\n<p><div id=\"attachment_21915\" style=\"width: 368px\" class=\"wp-caption aligncenter\"><a href=\"http:\/\/amigosdelantiguoegipto.com\/wp-content\/uploads\/2021\/02\/04-05-Adoracion.jpg\"><img aria-describedby=\"caption-attachment-21915\" decoding=\"async\" loading=\"lazy\" class=\"wp-image-21915\" src=\"http:\/\/amigosdelantiguoegipto.com\/wp-content\/uploads\/2021\/02\/04-05-Adoracion.jpg\" alt=\"Imagen 5, Nefertari ante Aker, muro sur\" width=\"358\" height=\"468\" srcset=\"http:\/\/amigosdelantiguoegipto.com\/wp-content\/uploads\/2021\/02\/04-05-Adoracion.jpg 720w, http:\/\/amigosdelantiguoegipto.com\/wp-content\/uploads\/2021\/02\/04-05-Adoracion-230x300.jpg 230w, http:\/\/amigosdelantiguoegipto.com\/wp-content\/uploads\/2021\/02\/04-05-Adoracion-115x150.jpg 115w\" sizes=\"(max-width: 358px) 100vw, 358px\" \/><\/a><p id=\"caption-attachment-21915\" class=\"wp-caption-text\">Imagen 5, Nefertari ante Aker, muro sur<\/p><\/div><\/td>\n<td width=\"283\">\n<p><div id=\"attachment_21916\" style=\"width: 376px\" class=\"wp-caption aligncenter\"><a href=\"http:\/\/amigosdelantiguoegipto.com\/wp-content\/uploads\/2021\/02\/04-06-Aker-Nefertari-Tomb.jpg\"><img aria-describedby=\"caption-attachment-21916\" decoding=\"async\" loading=\"lazy\" class=\"wp-image-21916\" src=\"http:\/\/amigosdelantiguoegipto.com\/wp-content\/uploads\/2021\/02\/04-06-Aker-Nefertari-Tomb.jpg\" alt=\"Imagen 6, Aker, muro oeste\" width=\"366\" height=\"468\" srcset=\"http:\/\/amigosdelantiguoegipto.com\/wp-content\/uploads\/2021\/02\/04-06-Aker-Nefertari-Tomb.jpg 528w, http:\/\/amigosdelantiguoegipto.com\/wp-content\/uploads\/2021\/02\/04-06-Aker-Nefertari-Tomb-234x300.jpg 234w, http:\/\/amigosdelantiguoegipto.com\/wp-content\/uploads\/2021\/02\/04-06-Aker-Nefertari-Tomb-117x150.jpg 117w\" sizes=\"(max-width: 366px) 100vw, 366px\" \/><\/a><p id=\"caption-attachment-21916\" class=\"wp-caption-text\">Imagen 6, Aker, muro oesto<strong> <br \/><\/strong><\/p><\/div><\/td>\n<\/tr>\n<\/tbody>\n<\/table>\n<p>Por \u00faltimo, en la tercera vi\u00f1eta (im\u00e1genes 5 y 6) vemos a Nefertari arrodillada en actitud de adoraci\u00f3n ante el dios de la tierra Aker (imagen 6, al principio del muro oeste), representado como dos leones que se dan la espalda, con el cielo sobre sus cabezas y con el sol del horizonte , formando el s\u00edmbolo ajet, entre ellos. Aker era \u201cel guardi\u00e1n de los secretos que est\u00e1n en la Duat\u201d y es el dios encargado de abrir el paso del difunto y del sol. Los dos leones, llamados &nbsp;Sef y Duau, &nbsp;representan la entrada y la salida del M\u00e1s All\u00e1, adem\u00e1s del ayer y del ma\u00f1ana.&nbsp; En la XX Dinast\u00eda aparece uno de los textos funerarios conocido como &#8220;Libro de Aker&#8221; o \u201cLibro de la Tierra\u201d, donde se describe el recorrido del sol a trav\u00e9s de su cuerpo. Esta es la \u00faltima gran composici\u00f3n que tiene que ver con el M\u00e1s All\u00e1 en el Reino Nuevo, donde el disco solar es levantado desde las profundidades de la tierra por numerosos brazos, y donde los enemigos de Egipto son castigados y destruidos.<\/p>\n<p>El texto que aparece entre la reina y la figura de Aker dice: \u201c<em>El (nuevo) Osiris -La gran Esposa Real, Se\u00f1ora de las Dos Tierras, Nefertari Meritenmut- justificado ante Osiris, el gran dios Se\u00f1or del Occidente<\/em>\u201d.<\/p>\n<p>&nbsp;<\/p>\n<table width=\"1058\">\n<tbody>\n<tr>\n<td style=\"text-align: left;\" width=\"189\"><a href=\"http:\/\/amigosdelantiguoegipto.com\/?page_id=21817\">3. M\u00e9todo de trabajo y descripci\u00f3n iconogr\u00e1fica<\/a><\/td>\n<td style=\"text-align: center;\" width=\"189\"><a href=\"http:\/\/amigosdelantiguoegipto.com\/?p=21946\">\u00cdndice<\/a><\/td>\n<td style=\"text-align: right;\" width=\"189\"><a href=\"http:\/\/amigosdelantiguoegipto.com\/?page_id=21922\">5. Antesala, muros oeste y norte<\/a><\/td>\n<\/tr>\n<\/tbody>\n<\/table>\n<p>&nbsp;<\/p>\n<p>S\u00edguenos en Facebook <a href=\"https:\/\/www.facebook.com\/amigos.egipto\">https:\/\/www.facebook.com\/amigos.egipto<\/a> para estar al d\u00eda en noticias, evento y art\u00edculos relacionados con el antiguo Egipto.<\/p>\n<p><strong>Notas<\/strong><\/p>\n<ul>\n<li>La traducci\u00f3n de los textos est\u00e1 basada en: \u201cTextos de la tumba de la reina Nefertari\u201d. Marta Puvill Do\u00f1ate, Cuadernos de Egiptolog\u00eda Mizar n\u00ba 4.<\/li>\n<li>Para el significado de los s\u00edmbolos y signos puede consultarse: \u201cEgipto, signos y s\u00edmbolos de lo sagrado\u201d. Elisa Castel Ronda. Alderab\u00e1n Ediciones, Madrid, 1999.<\/li>\n<li>Para los dioses que aparecen en el texto puede consultarse \u201cEl pante\u00f3n egipcio\u201d en <a href=\"https:\/\/www.egiptologia.org\/?p=429\">https:\/\/www.egiptologia.org\/?p=429<\/a>, &nbsp; y<\/li>\n<\/ul>\n<p>\u201cGran diccionario de mitolog\u00eda egipcia\u201d. Elisa castel Ronda. Aldarerab\u00e1n Ediciones, Madrid, 2002. Existe tambi\u00e9n una versi\u00f3n reducida en<\/p>\n<p>&nbsp;<a href=\"https:\/\/amigosdelantiguoegipto.com\/?page_id=12384\">https:\/\/amigosdelantiguoegipto.com\/?page_id=12384<\/a><\/p>\n<ul>\n<li>Para los conceptos de eternidad lineal (<em>dyet<\/em>) y eternidad c\u00edclica (<em>neheh<\/em>) v\u00e9ase \u201cEl libro de la vaca celeste\u201d en <a href=\"https:\/\/egiptologia.org\/?p=493\">https:\/\/egiptologia.org\/?p=493<\/a><\/li>\n<\/ul>\n<p>&nbsp;<\/p>\n<p><strong>Descripci\u00f3n y origen de las im\u00e1genes<\/strong><\/p>\n<p><strong>Imagen 1<\/strong>, secci\u00f3n de la tumba &#8211; Weeks, Kent R. <em>The Treasures of Luxor and the Valley of the Kings<\/em>. White Star, 2005.<\/p>\n<p><strong>Im\u00e1genes 2 a 5<\/strong> Nefertari jugando al senet, el ba y la reina adorando a Aker, en muro sur &nbsp;&#8211; McDonald, John K. 1996. <em>House of Eternity: The Tomb of Nefertari<\/em>. Conservation and Cultural Heritage. Los Angeles, CA: Getty Conservation Institute and J. Paul Getty Museum.<\/p>\n<p><strong>Imagen 6<\/strong>, Aker en principio del muro oeste \u2013 Google im\u00e1genes<\/p>\n","protected":false},"excerpt":{"rendered":"<p>\u00cdndice. Nefertari y su tumba en al Valle de las Reinas 4. Antesala, muros sur y oeste Inicio de las transfiguraciones, cap\u00edtulo 17 del Libro de los Muertos Tras descender los 18 escalones del corredor que abre la tumba se accede a la primera sala, una habitaci\u00f3n de unos 5&#215;5,2 metros, en la que encontramos las primeras representaciones del viaje&#8230;<\/p>\n<p class=\"continue-reading-button\"> <a class=\"continue-reading-link\" href=\"http:\/\/amigosdelantiguoegipto.com\/?page_id=21909\">Seguir leyendo<i class=\"crycon-right-dir\"><\/i><\/a><\/p>\n","protected":false},"author":1,"featured_media":0,"parent":0,"menu_order":0,"comment_status":"closed","ping_status":"closed","template":"","meta":{"ngg_post_thumbnail":0},"_links":{"self":[{"href":"http:\/\/amigosdelantiguoegipto.com\/index.php?rest_route=\/wp\/v2\/pages\/21909"}],"collection":[{"href":"http:\/\/amigosdelantiguoegipto.com\/index.php?rest_route=\/wp\/v2\/pages"}],"about":[{"href":"http:\/\/amigosdelantiguoegipto.com\/index.php?rest_route=\/wp\/v2\/types\/page"}],"author":[{"embeddable":true,"href":"http:\/\/amigosdelantiguoegipto.com\/index.php?rest_route=\/wp\/v2\/users\/1"}],"replies":[{"embeddable":true,"href":"http:\/\/amigosdelantiguoegipto.com\/index.php?rest_route=%2Fwp%2Fv2%2Fcomments&post=21909"}],"version-history":[{"count":11,"href":"http:\/\/amigosdelantiguoegipto.com\/index.php?rest_route=\/wp\/v2\/pages\/21909\/revisions"}],"predecessor-version":[{"id":22000,"href":"http:\/\/amigosdelantiguoegipto.com\/index.php?rest_route=\/wp\/v2\/pages\/21909\/revisions\/22000"}],"wp:attachment":[{"href":"http:\/\/amigosdelantiguoegipto.com\/index.php?rest_route=%2Fwp%2Fv2%2Fmedia&parent=21909"}],"curies":[{"name":"wp","href":"https:\/\/api.w.org\/{rel}","templated":true}]}}