{"id":21628,"date":"2021-02-01T07:57:43","date_gmt":"2021-02-01T07:57:43","guid":{"rendered":"http:\/\/amigosdelantiguoegipto.com\/?page_id=21628"},"modified":"2021-02-14T19:42:38","modified_gmt":"2021-02-14T19:42:38","slug":"nefertari-y-su-tumba-qv66-en-el-valle-de-las-reinas-6","status":"publish","type":"page","link":"http:\/\/amigosdelantiguoegipto.com\/?page_id=21628","title":{"rendered":"Nefertari y su tumba en el Valle de las Reinas. Parte este de la antec\u00e1mara"},"content":{"rendered":"\r\n<p style=\"text-align: center;\"><a href=\"http:\/\/amigosdelantiguoegipto.com\/?p=21946\">\u00cdndice. Nefertari y su tumba en al Valle de las Reinas<\/a><\/p>\r\n<p><strong>6. Parte este de la antec\u00e1mara<\/strong><\/p>\r\n\r\n\r\n\r\n<figure class=\"wp-block-gallery columns-1 is-cropped wp-block-gallery-1 is-layout-flex\">\r\n<ul class=\"blocks-gallery-grid\">\r\n<li class=\"blocks-gallery-item\">\r\n<figure>\r\n<div id=\"attachment_21630\" style=\"width: 642px\" class=\"wp-caption aligncenter\"><a href=\"http:\/\/amigosdelantiguoegipto.com\/wp-content\/uploads\/2021\/01\/06-01-detalle-muro-sur-este-y-norte.jpg\"><img aria-describedby=\"caption-attachment-21630\" decoding=\"async\" loading=\"lazy\" class=\"wp-image-21630\" src=\"http:\/\/amigosdelantiguoegipto.com\/wp-content\/uploads\/2021\/01\/06-01-detalle-muro-sur-este-y-norte.jpg\" alt=\"Imagen 1- Muro sur y este\" data-id=\"21630\" data-full-url=\"http:\/\/amigosdelantiguoegipto.com\/wp-content\/uploads\/2021\/01\/06-01-detalle-muro-sur-este-y-norte.jpg\" data-link=\"http:\/\/amigosdelantiguoegipto.com\/?attachment_id=21630\" width=\"632\" height=\"518\" srcset=\"http:\/\/amigosdelantiguoegipto.com\/wp-content\/uploads\/2021\/01\/06-01-detalle-muro-sur-este-y-norte.jpg 786w, http:\/\/amigosdelantiguoegipto.com\/wp-content\/uploads\/2021\/01\/06-01-detalle-muro-sur-este-y-norte-300x246.jpg 300w, http:\/\/amigosdelantiguoegipto.com\/wp-content\/uploads\/2021\/01\/06-01-detalle-muro-sur-este-y-norte-768x629.jpg 768w, http:\/\/amigosdelantiguoegipto.com\/wp-content\/uploads\/2021\/01\/06-01-detalle-muro-sur-este-y-norte-150x123.jpg 150w\" sizes=\"(max-width: 632px) 100vw, 632px\" \/><\/a><p id=\"caption-attachment-21630\" class=\"wp-caption-text\">Imagen 1- Muro sur y este<\/p><\/div>\r\n<\/figure>\r\n<\/li>\r\n<\/ul>\r\n<\/figure>\r\n\r\n\r\n\r\n\r\n\r\n<p>Hoy trataremos cuatro im\u00e1genes, que se encuentran en la parte este de la c\u00e1mara A, la primera sala de la tumba. En la imagen 1 aparecen con los n\u00fameros 4,5, 6 y 7 y corresponden a las im\u00e1genes 2,3, 4 y 5 respectivamente. <span class=\"d2edcug0 hpfvmrgz qv66sw1b c1et5uql rrkovp55 a8c37x1j keod5gw0 nxhoafnm aigsh9s9 d3f4x2em fe6kdd0r mau55g9w c8b282yb iv3no6db jq4qci2q a3bd9o3v knj5qynh oo9gr5id hzawbc8m\" dir=\"auto\">En las im\u00e1genes 7 y 8 puede verse una reconstrucci\u00f3n de los muros.<\/span><\/p>\r\n<div id=\"attachment_21657\" style=\"width: 454px\" class=\"wp-caption aligncenter\"><a href=\"http:\/\/amigosdelantiguoegipto.com\/wp-content\/uploads\/2021\/01\/06-02-muro-sur-derecha-Leblanc-2.jpg\"><img aria-describedby=\"caption-attachment-21657\" decoding=\"async\" loading=\"lazy\" class=\"wp-image-21657 size-full\" src=\"http:\/\/amigosdelantiguoegipto.com\/wp-content\/uploads\/2021\/01\/06-02-muro-sur-derecha-Leblanc-2.jpg\" alt=\"Imagen 2. Nefertari ante Osiris, muro sur\" width=\"444\" height=\"686\" srcset=\"http:\/\/amigosdelantiguoegipto.com\/wp-content\/uploads\/2021\/01\/06-02-muro-sur-derecha-Leblanc-2.jpg 444w, http:\/\/amigosdelantiguoegipto.com\/wp-content\/uploads\/2021\/01\/06-02-muro-sur-derecha-Leblanc-2-194x300.jpg 194w, http:\/\/amigosdelantiguoegipto.com\/wp-content\/uploads\/2021\/01\/06-02-muro-sur-derecha-Leblanc-2-97x150.jpg 97w\" sizes=\"(max-width: 444px) 100vw, 444px\" \/><\/a><p id=\"caption-attachment-21657\" class=\"wp-caption-text\">Imagen 2. Nefertari ante Osiris, muro sur<\/p><\/div>\r\n<p>En el muro sur, parcialmente deteriorado, observamos la imagen 2, en la que encontramos las primeras escenas de presentaci\u00f3n de la reina ante los dioses. Nefertari ha superado ya el juicio de las almas y puede presentarse como la Gran Esposa Real, Se\u00f1ora de las Dos Tierras, Nefertari, amada de Mut, justificada, ante el Gran Dios Osiris. Aparece con las manos levantadas, en actitud de adoraci\u00f3n, con el vestido de lino blanco y con una cinta roja, ya visto anteriormente y, sobre el tocado de buitre, la corona <em>shuty<\/em>, de largas plumas y con el disco solar en el centro. Uno de los t\u00edtulos de la reina era \u201cHermosa con las Dos Plumas\u201d en relaci\u00f3n con esta corona, caracter\u00edstica del dios Am\u00f3n de Tebas. Desde el Reino Nuevo esta corona era empleada por mujeres de la realeza y divinas adoratrices, adem\u00e1s de por ciertas divinidades. Simbolizaba la uni\u00f3n entre las dos tierras, las diosas Uadyet y Nejbet, y al incluirle el disco solar se vincul\u00f3 con los dos horizontes. A pesar de que la vi\u00f1eta est\u00e1 bastante da\u00f1ada en la parte inferior merece especial atenci\u00f3n.<\/p>\r\n\r\n\r\n\r\n\r\n\r\n\r\n\r\n<p>En los textos junto a la reina, en dos columnas de izquierda a derecha, se lee: \u201cEl (nuevo) Osiris -la Gran Esposa Real, Se\u00f1ora del Doble Pa\u00eds, Nefertari Meritenmut. Justificado ante el gran dios\u201d<\/p>\r\n\r\n\r\n\r\n<p>Se trata de una imagen cl\u00e1sica que, con algunas variaciones, est\u00e1 presente en multitud de papiros. Nefertari se ha asegurado ya la primera etapa de su traves\u00eda por el M\u00e1s All\u00e1, el juicio de las almas, y se presenta, en actitud de deferencia, ante Osiris, quien la recibe Esta sentado en su trono, momificado, con un vestido blanco, con una larga cinta alrededor de la cintura, similar al de Nefertari. Porta la corona <em>atef<\/em>, corona caracter\u00edstica de Osiris y&nbsp; Herishef, una forma m\u00e1s elaborada de la corona blanca del Alto Egipto, a la que se le a\u00f1adieron dos plumas -caracter\u00edsticas del tocado de Am\u00f3n, dios por excelencia de Tebas durante el Reino Nuevo- un disco solar y unos cuernos horizontales. Aparece citada, en los textos de los sarc\u00f3fagos, como un atributo que facilita el renacimiento del difunto y le proporciona bienestar. En el cuello lleva un collar y en sus manos, cruzadas sobre el pecho, los s\u00edmbolos de poder, asociados al rey, el cetro <em>heka<\/em> (mano izquierda) y el <em>nejej<\/em> (en la mano derecha). La piel del dios es verde, el color de la renovaci\u00f3n y lleva la barba caracter\u00edstica del fara\u00f3n y de los dioses.<\/p>\r\n\r\n\r\n\r\n<p>Delante de Osiris aparecen los 4 hijos de Horus de pie, momificados, sobre un estandarte. Tras \u00e9l los signos <em>sa<\/em>, <em>anj<\/em>, <em>dyed<\/em> y <em>uas<\/em>, que veremos en muchas de las im\u00e1genes que decoran las paredes. Con ellos se pide le sea concedida protecci\u00f3n, vida, estabilidad y poder. Adem\u00e1s de la importancia de la frase, su presencia o ausencia, en las im\u00e1genes de la tumba, puede estar m\u00e1s relacionado con motivos est\u00e9ticos que puramente religiosos. Los textos y las im\u00e1genes son el centro de atenci\u00f3n de las representaciones, y el hueco, cuando lo hay, fue aprovechado para incluir esa misma frase o alguna variante.<\/p>\r\n\r\n\r\n\r\n<p>Dentro del quiosco, en seis columnas de derecha a izquierda, el texto dice: \u201cOsiris, que est\u00e1 al frente del occidente, Onofris, Se\u00f1or del Pa\u00eds Sagrado, el gran dios que gobierna la En\u00e9ada, el Se\u00f1or del Akeret, que mora en Abidos\u201d \u00a1Protecci\u00f3n, vida, estabilidad y fortuna!\u201d<\/p>\r\n<figure class=\"wp-block-gallery aligncenter columns-1 is-cropped\">\r\n<ul class=\"blocks-gallery-grid\">\r\n<li class=\"blocks-gallery-item\">\r\n<figure>\r\n<div id=\"attachment_21681\" style=\"width: 278px\" class=\"wp-caption aligncenter\"><a href=\"http:\/\/amigosdelantiguoegipto.com\/wp-content\/uploads\/2021\/01\/06-03-muro-este-House-6.jpg\"><img aria-describedby=\"caption-attachment-21681\" decoding=\"async\" loading=\"lazy\" class=\"wp-image-21681\" src=\"http:\/\/amigosdelantiguoegipto.com\/wp-content\/uploads\/2021\/01\/06-03-muro-este-House-6.jpg\" alt=\"Imagen 3. Muro este. Anubis en el quiosco de Osiris\" width=\"268\" height=\"696\" srcset=\"http:\/\/amigosdelantiguoegipto.com\/wp-content\/uploads\/2021\/01\/06-03-muro-este-House-6.jpg 307w, http:\/\/amigosdelantiguoegipto.com\/wp-content\/uploads\/2021\/01\/06-03-muro-este-House-6-116x300.jpg 116w, http:\/\/amigosdelantiguoegipto.com\/wp-content\/uploads\/2021\/01\/06-03-muro-este-House-6-58x150.jpg 58w\" sizes=\"(max-width: 268px) 100vw, 268px\" \/><\/a><p id=\"caption-attachment-21681\" class=\"wp-caption-text\">Imagen 3. Muro este. Anubis en el quiosco de Osiris<\/p><\/div>\r\n<\/figure>\r\n<\/li>\r\n<\/ul>\r\n<\/figure>\r\n\r\n\r\n\r\n\r\n\r\n<p>Detr\u00e1s de la imagen de Osiris, y dentro de la misma capilla, flanqueando la entrada a la siguiente habitaci\u00f3n, encontramos a Anubis (imagen 3), el dios de la momificaci\u00f3n, de pie, con un cetro <em>uas<\/em>, que proporciona bienestar y dominio del mundo funerario, en la mano derecha y un <em>anj<\/em>, s\u00edmbolo de la vida, en la izquierda. Sobre la cintura lleva un <em>tyet<\/em> o nudo de Isis, que representa la contrapartida femenina del&nbsp; pilar <em>dyed<\/em> y asegura la vida eterna y la protecci\u00f3n de la diosa. Lleva, adem\u00e1s una larga cola de toro, animal vinculado directamente con el poder. Los textos en esta vi\u00f1eta, escritos en cinco columnas de derecha a izquierda hacen referencia a los t\u00edtulos de Anubis: \u201cAnubis que est\u00e1 al frente de la capilla divina, Imy-ut el Se\u00f1or de Rosetau que est\u00e1 sobre su monta\u00f1a, el Se\u00f1or del Pa\u00eds Sagrado\u201d<\/p>\r\n\r\n\r\n\r\n<p>El quiosco en el que se encuentran ambos dioses est\u00e1 muy elaborado y en la parte superior destaca un grupo de serpientes que llevan el disco solar sobre la cabeza; protegen el f\u00e9retro en el que se encuentra el dios.<\/p>\r\n\r\n\r\n\r\n\r\n\r\n\r\n\r\n<div id=\"attachment_21848\" style=\"width: 421px\" class=\"wp-caption aligncenter\"><a href=\"http:\/\/amigosdelantiguoegipto.com\/wp-content\/uploads\/2021\/02\/06-04-Osiris.jpg\"><img aria-describedby=\"caption-attachment-21848\" decoding=\"async\" loading=\"lazy\" class=\"wp-image-21848 \" src=\"http:\/\/amigosdelantiguoegipto.com\/wp-content\/uploads\/2021\/02\/06-04-Osiris.jpg\" alt=\"Imagen 4. Osiris en una capilla, muro este\" width=\"411\" height=\"954\" srcset=\"http:\/\/amigosdelantiguoegipto.com\/wp-content\/uploads\/2021\/02\/06-04-Osiris.jpg 913w, http:\/\/amigosdelantiguoegipto.com\/wp-content\/uploads\/2021\/02\/06-04-Osiris-129x300.jpg 129w, http:\/\/amigosdelantiguoegipto.com\/wp-content\/uploads\/2021\/02\/06-04-Osiris-441x1024.jpg 441w, http:\/\/amigosdelantiguoegipto.com\/wp-content\/uploads\/2021\/02\/06-04-Osiris-768x1783.jpg 768w, http:\/\/amigosdelantiguoegipto.com\/wp-content\/uploads\/2021\/02\/06-04-Osiris-661x1536.jpg 661w, http:\/\/amigosdelantiguoegipto.com\/wp-content\/uploads\/2021\/02\/06-04-Osiris-882x2048.jpg 882w, http:\/\/amigosdelantiguoegipto.com\/wp-content\/uploads\/2021\/02\/06-04-Osiris-65x150.jpg 65w\" sizes=\"(max-width: 411px) 100vw, 411px\" \/><\/a><p id=\"caption-attachment-21848\" class=\"wp-caption-text\">Imagen 4. Osiris en una capilla, muro este<\/p><\/div>\r\n<p>En la parte izquierda del acceso al vest\u00edbulo (B) (imagen 1 con el n\u00famero 6), nos encontramos una nueva imagen de Osiris (imagen 4), mirando hacia la entrada al vest\u00edbulo y por tanto hacia Nefertari, en una representaci\u00f3n cl\u00e1sica, de pie dentro de una capilla con el techo curvo, sostenida por postes de vivos colores, con su corona caracter\u00edstica y nuevamente el <em>heka<\/em> y el <em>nejej<\/em> en sus manos, cruzadas siempre sobre el pecho en el que cuelga un collar. Nuevamente aparece con la piel verde, s\u00edmbolo de regeneraci\u00f3n. &nbsp;A ambos lados dos <em>imiut<\/em>, consistentes en pieles de leopardo enroscadas sobre una ca\u00f1a con incrustaciones que tienen en la base una especie de maceta. El <em>imiut<\/em> aparece ya en el Reino Antiguo y estaba originalmente relacionado con el dios Nemty (un dios identificado con Horus) y despu\u00e9s con Anubis (a veces aparece como el \u201cfetiche de Anubis\u201d). Posteriormente pas\u00f3 a estar conectado con Osiris, en su rol de momificado, ya que su denominaci\u00f3n se corresponde con \u201cEl que est\u00e1 en las vendas\u201d. Jugaba un importante papel durante los rituales del proceso de momificaci\u00f3n. Por otra parte, la piel de leopardo estaba directamente relacionada con el proceso de embalsamamiento y los sacerdotes encargados de llevar a cabo los oficios de los funerales portaban una piel de leopardo o de guepardo, seg\u00fan sus funciones. &nbsp;<\/p>\r\n\r\n\r\n\r\n<p>Los textos de estas vi\u00f1etas presentan a la reina, con sus t\u00edtulos, justificada ante el dios, que le concede la eternidad del sol. En la parte superior, sobre la cabeza de Osiris, en seis columnas, el nombre y ep\u00edtetos del dios<\/p>\r\n\r\n\r\n\r\n<p>\u201c<em>Osiris, que est\u00e1 al frente del Occidente, Onofris, rey de la vida, el gran dios que gobierna a la En\u00e9ada, el Se\u00f1or de la Eternidad, que rige la Perpetuidad y que mora en el pa\u00eds de Dyeseret\u201d<\/em><\/p>\r\n\r\n\r\n\r\n<p>A la izquierda de las extremidades, una f\u00f3rmula, escrita en una columna: \u201c\u00a1Que protecci\u00f3n, vida, estabilidad y fortuna, todos, lo acompa\u00f1en!<\/p>\r\n\r\n\r\n\r\n<p>Y a las derecha otra f\u00f3rmula, pronunciada por Osiris: \u201c<em>Te doy la eternidad del sol como el padre sol\u201d<\/em><\/p>\r\n\r\n\r\n\r\n<figure class=\"wp-block-gallery columns-1 is-cropped wp-block-gallery-5 is-layout-flex\">\r\n<ul class=\"blocks-gallery-grid\">\r\n<li class=\"blocks-gallery-item\">\r\n<figure>\r\n<div id=\"attachment_21635\" style=\"width: 797px\" class=\"wp-caption aligncenter\"><a href=\"http:\/\/amigosdelantiguoegipto.com\/wp-content\/uploads\/2021\/01\/06-05-House-1024x275.jpg\"><img aria-describedby=\"caption-attachment-21635\" decoding=\"async\" loading=\"lazy\" class=\"wp-image-21635\" src=\"http:\/\/amigosdelantiguoegipto.com\/wp-content\/uploads\/2021\/01\/06-05-House-1024x275.jpg\" alt=\"Imagen 5. Dintel en acceso al vest\u00edbulo\" data-id=\"21635\" data-full-url=\"http:\/\/amigosdelantiguoegipto.com\/wp-content\/uploads\/2021\/01\/06-05-House-scaled.jpg\" data-link=\"http:\/\/amigosdelantiguoegipto.com\/?attachment_id=21635\" width=\"787\" height=\"211\"><\/a><p id=\"caption-attachment-21635\" class=\"wp-caption-text\">Imagen 5. Dintel en acceso al vest\u00edbulo<\/p><\/div>\r\n<\/figure>\r\n<\/li>\r\n<\/ul>\r\n<\/figure>\r\n\r\n\r\n\r\n\r\n\r\n<p>Por \u00faltimo, en el dintel de la puerta de acceso al vest\u00edbulo (B) (en la imagen 1 con el n\u00famero 7) observamos once serpientes que salvaguardan a la difunta, y nueve plumas azules, s\u00edmbolos de Maat, concepto vinculado directamente con el orden c\u00f3smico y la justicia (imagen 5). En el centro, un dios, cuyo nombre no aparece en los textos, toca con las manos dos ojos <em>Udyat<\/em>, uno de los s\u00edmbolos y amuletos contra el mal m\u00e1s frecuente. Se encuentran encerrados en dos \u00f3valos shen, que representan la eternidad, la regeneraci\u00f3n. Exist\u00edan dos conceptos diferentes relacionados con la eternidad: el primero representa la eternidad lineal (dyet) y el segundo la eternidad c\u00edclica (neheh), la constante renovaci\u00f3n, que es la noci\u00f3n expresada por el shen, sin principio ni fin.<\/p>\r\n\r\n\r\n\r\n<figure class=\"wp-block-gallery columns-1 is-cropped wp-block-gallery-7 is-layout-flex\">\r\n<ul class=\"blocks-gallery-grid\">\r\n<li class=\"blocks-gallery-item\">\r\n<figure>\r\n<div id=\"attachment_21636\" style=\"width: 775px\" class=\"wp-caption aligncenter\"><a href=\"http:\/\/amigosdelantiguoegipto.com\/wp-content\/uploads\/2021\/01\/06-06-Acceso-al-vestibulo-Leblanc-1024x657.jpg\"><img aria-describedby=\"caption-attachment-21636\" decoding=\"async\" loading=\"lazy\" class=\"wp-image-21636\" src=\"http:\/\/amigosdelantiguoegipto.com\/wp-content\/uploads\/2021\/01\/06-06-Acceso-al-vestibulo-Leblanc-1024x657.jpg\" alt=\"Imagen 6. Acceso al vest\u00edbulo. Parte este de la antec\u00e1mara\" data-id=\"21636\" data-full-url=\"http:\/\/amigosdelantiguoegipto.com\/wp-content\/uploads\/2021\/01\/06-06-Acceso-al-vestibulo-Leblanc.jpg\" data-link=\"http:\/\/amigosdelantiguoegipto.com\/?attachment_id=21636\" width=\"765\" height=\"491\"><\/a><p id=\"caption-attachment-21636\" class=\"wp-caption-text\">Imagen 6. Acceso al vest\u00edbulo. Parte este de la antec\u00e1mara<\/p><\/div>\r\n<\/figure>\r\n<\/li>\r\n<\/ul>\r\n<\/figure>\r\n\r\n\r\n\r\n\r\n\r\n<p>&nbsp;<\/p>\r\n<div id=\"attachment_21789\" style=\"width: 607px\" class=\"wp-caption aligncenter\"><a href=\"http:\/\/amigosdelantiguoegipto.com\/wp-content\/uploads\/2021\/02\/06-07-muro-sur-y-este-reconstruccion.jpg\"><img aria-describedby=\"caption-attachment-21789\" decoding=\"async\" loading=\"lazy\" class=\"wp-image-21789\" src=\"http:\/\/amigosdelantiguoegipto.com\/wp-content\/uploads\/2021\/02\/06-07-muro-sur-y-este-reconstruccion.jpg\" alt=\"Imagen 7. Reconstrucci\u00f3n del muro sur y este\" width=\"597\" height=\"687\" srcset=\"http:\/\/amigosdelantiguoegipto.com\/wp-content\/uploads\/2021\/02\/06-07-muro-sur-y-este-reconstruccion.jpg 766w, http:\/\/amigosdelantiguoegipto.com\/wp-content\/uploads\/2021\/02\/06-07-muro-sur-y-este-reconstruccion-261x300.jpg 261w, http:\/\/amigosdelantiguoegipto.com\/wp-content\/uploads\/2021\/02\/06-07-muro-sur-y-este-reconstruccion-130x150.jpg 130w\" sizes=\"(max-width: 597px) 100vw, 597px\" \/><\/a><p id=\"caption-attachment-21789\" class=\"wp-caption-text\">Imagen 7. Reconstrucci\u00f3n del muro sur y este<\/p><\/div>\r\n<div id=\"attachment_21790\" style=\"width: 804px\" class=\"wp-caption aligncenter\"><a href=\"http:\/\/amigosdelantiguoegipto.com\/wp-content\/uploads\/2021\/02\/06-08-Acceso-al-vestibulo-reconstruccion.jpg\"><img aria-describedby=\"caption-attachment-21790\" decoding=\"async\" loading=\"lazy\" class=\"wp-image-21790\" src=\"http:\/\/amigosdelantiguoegipto.com\/wp-content\/uploads\/2021\/02\/06-08-Acceso-al-vestibulo-reconstruccion.jpg\" alt=\"Imagen 8. Reconstrucci\u00f3n del muro este, dintel y vest\u00edbulo \" width=\"794\" height=\"393\" srcset=\"http:\/\/amigosdelantiguoegipto.com\/wp-content\/uploads\/2021\/02\/06-08-Acceso-al-vestibulo-reconstruccion.jpg 1780w, http:\/\/amigosdelantiguoegipto.com\/wp-content\/uploads\/2021\/02\/06-08-Acceso-al-vestibulo-reconstruccion-300x148.jpg 300w, http:\/\/amigosdelantiguoegipto.com\/wp-content\/uploads\/2021\/02\/06-08-Acceso-al-vestibulo-reconstruccion-1024x507.jpg 1024w, http:\/\/amigosdelantiguoegipto.com\/wp-content\/uploads\/2021\/02\/06-08-Acceso-al-vestibulo-reconstruccion-768x380.jpg 768w, http:\/\/amigosdelantiguoegipto.com\/wp-content\/uploads\/2021\/02\/06-08-Acceso-al-vestibulo-reconstruccion-1536x760.jpg 1536w, http:\/\/amigosdelantiguoegipto.com\/wp-content\/uploads\/2021\/02\/06-08-Acceso-al-vestibulo-reconstruccion-150x74.jpg 150w\" sizes=\"(max-width: 794px) 100vw, 794px\" \/><\/a><p id=\"caption-attachment-21790\" class=\"wp-caption-text\">Imagen 8. Reconstrucci\u00f3n del muro este, dintel y vest\u00edbulo<\/p><\/div>\r\n<p>&nbsp;<\/p>\r\n<table width=\"1058\">\r\n<tbody>\r\n<tr>\r\n<td width=\"189\">\r\n<p><a href=\"http:\/\/amigosdelantiguoegipto.com\/?page_id=21922\">5. Antesala, muros oeste y norte<\/a><\/p>\r\n<\/td>\r\n<td width=\"189\">\r\n<p style=\"text-align: center;\"><a href=\"http:\/\/amigosdelantiguoegipto.com\/?p=21946\">\u00cdndice<\/a><\/p>\r\n<\/td>\r\n<td width=\"189\">\r\n<p style=\"text-align: right;\"><a href=\"http:\/\/amigosdelantiguoegipto.com\/?page_id=21737\">7. Vest\u00edbulo<\/a><\/p>\r\n<\/td>\r\n<\/tr>\r\n<\/tbody>\r\n<\/table>\r\n<p>&nbsp;<\/p>\r\n<p>S\u00edguenos en Facebook <a href=\"https:\/\/www.facebook.com\/amigos.egipto\" target=\"_blank\" rel=\"noreferrer noopener\">https:\/\/www.facebook.com\/amigos.egipto<\/a> para estar al d\u00eda de noticias, eventos y art\u00edculos relacionados con el antiguo Egipto.<\/p>\r\n\r\n\r\n\r\n<p><strong>Notas<\/strong>:<\/p>\r\n\r\n\r\n\r\n<ul>\r\n<li>La traducci\u00f3n de los textos est\u00e1 extra\u00edda de: \u201cTextos de la tumba de la reina Nefertari\u201d. Marta Puvill Do\u00f1ate, Cuadernos de Egiptolog\u00eda Mizar n\u00ba 4.<\/li>\r\n<li>Para el significado de los s\u00edmbolos y signos puede consultarse: \u201cEgipto, signos y s\u00edmbolos de lo sagrado\u201d. Elisa Castel Ronda. Alderab\u00e1n Ediciones, Madrid, 1999.<\/li>\r\n<li>Para los dioses que aparecen en el texto puede consultarse \u201cEl pante\u00f3n egipcio\u201d en <a href=\"https:\/\/www.egiptologia.org\/?p=429\" target=\"_blank\" rel=\"noreferrer noopener\">https:\/\/www.egiptologia.org\/?p=429<\/a> &nbsp;&nbsp;&nbsp; y<\/li>\r\n<\/ul>\r\n\r\n\r\n\r\n<p>\u201cGran diccionario de mitolog\u00eda egipcia\u201d. Elisa castel Ronda. Aldarerab\u00e1n Ediciones, Madrid, 2002<\/p>\r\n\r\n\r\n\r\n<ul>\r\n<li>Para los conceptos de eternidad lineal (dyet) y eternidad c\u00edclica (neheh) v\u00e9ase \u201cEl libro de la vaca celeste\u201d en <a href=\"https:\/\/egiptologia.org\/?p=493\" target=\"_blank\" rel=\"noreferrer noopener\">https:\/\/egiptologia.org\/?p=493<\/a><\/li>\r\n<\/ul>\r\n\r\n\r\n\r\n<p><strong>Descripci\u00f3n y origen de las im\u00e1genes<\/strong>.<\/p>\r\n\r\n\r\n\r\n<p><strong>Imagen 1<\/strong>, secci\u00f3n de la tumba <a>&#8211; Weeks, Kent R. <em>The Treasures of Luxor and the Valley of the Kings<\/em>. White Star, 2005.<\/a><\/p>\r\n\r\n\r\n\r\n<p><strong>Im\u00e1genes 2, 3 y 5<\/strong> en muros sur y este &#8211; McDonald, John K. 1996. <em>House of Eternity: The Tomb of Nefertari<\/em>. Conservation and Cultural Heritage. Los Angeles, CA: Getty Conservation Institute and J. Paul Getty Museum.<\/p>\r\n<p><strong>Imagen 4<\/strong>, Osiris en una capilla en muro este &#8211; <a href=\"https:\/\/www.flickr.com\/photos\/manna4u\/with\/34032281656\/\" target=\"_blank\" rel=\"noopener\">https:\/\/www.flickr.com\/photos\/manna4u\/with\/34032281656\/<\/a><\/p>\r\n\r\n\r\n\r\n<p><strong>Imagen 6<\/strong>, acceso al vest\u00edbulo &#8211; De Leblanc, Christian y Silioti, Alberto. <em>Nefertari e la valle delle Regine<\/em>. Giunti Gruppo Editoriale, Firenza, 1993<\/p>\r\n<p><strong>Im\u00e1genes 7 y 8<\/strong>, reconstrucci\u00f3n de los muros sur y este en&nbsp; <a href=\"https:\/\/www.turbosquid.com\/es\/3d-models\/3d-tomb-nefertari-1575631\" target=\"_blank\" rel=\"noopener\">https:\/\/www.turbosquid.com\/es\/3d-models\/3d-tomb-nefertari-1575631<\/a><\/p>\r\n","protected":false},"excerpt":{"rendered":"<p>\u00cdndice. Nefertari y su tumba en al Valle de las Reinas 6. Parte este de la antec\u00e1mara Hoy trataremos cuatro im\u00e1genes, que se encuentran en la parte este de la c\u00e1mara A, la primera sala de la tumba. En la imagen 1 aparecen con los n\u00fameros 4,5, 6 y 7 y corresponden a las im\u00e1genes 2,3, 4 y 5 respectivamente&#8230;.<\/p>\n<p class=\"continue-reading-button\"> <a class=\"continue-reading-link\" href=\"http:\/\/amigosdelantiguoegipto.com\/?page_id=21628\">Seguir leyendo<i class=\"crycon-right-dir\"><\/i><\/a><\/p>\n","protected":false},"author":1,"featured_media":0,"parent":0,"menu_order":0,"comment_status":"closed","ping_status":"closed","template":"","meta":{"ngg_post_thumbnail":0},"_links":{"self":[{"href":"http:\/\/amigosdelantiguoegipto.com\/index.php?rest_route=\/wp\/v2\/pages\/21628"}],"collection":[{"href":"http:\/\/amigosdelantiguoegipto.com\/index.php?rest_route=\/wp\/v2\/pages"}],"about":[{"href":"http:\/\/amigosdelantiguoegipto.com\/index.php?rest_route=\/wp\/v2\/types\/page"}],"author":[{"embeddable":true,"href":"http:\/\/amigosdelantiguoegipto.com\/index.php?rest_route=\/wp\/v2\/users\/1"}],"replies":[{"embeddable":true,"href":"http:\/\/amigosdelantiguoegipto.com\/index.php?rest_route=%2Fwp%2Fv2%2Fcomments&post=21628"}],"version-history":[{"count":53,"href":"http:\/\/amigosdelantiguoegipto.com\/index.php?rest_route=\/wp\/v2\/pages\/21628\/revisions"}],"predecessor-version":[{"id":22002,"href":"http:\/\/amigosdelantiguoegipto.com\/index.php?rest_route=\/wp\/v2\/pages\/21628\/revisions\/22002"}],"wp:attachment":[{"href":"http:\/\/amigosdelantiguoegipto.com\/index.php?rest_route=%2Fwp%2Fv2%2Fmedia&parent=21628"}],"curies":[{"name":"wp","href":"https:\/\/api.w.org\/{rel}","templated":true}]}}