{"id":2000,"date":"2014-06-12T10:28:02","date_gmt":"2014-06-12T10:28:02","guid":{"rendered":"http:\/\/amigosdelantiguoegipto.com\/?page_id=2000"},"modified":"2014-06-12T10:28:02","modified_gmt":"2014-06-12T10:28:02","slug":"la-aldea-de-los-artesanos","status":"publish","type":"page","link":"http:\/\/amigosdelantiguoegipto.com\/?page_id=2000","title":{"rendered":"La aldea de los artesanos"},"content":{"rendered":"<p><center><\/p>\n<div style=\"width: 452px\" class=\"wp-caption aligncenter\"><img decoding=\"async\" loading=\"lazy\" title=\"La aldea de los artesanos\" src=\"http:\/\/amigosdelantiguoegipto.com\/wp-content\/uploads\/2014\/06\/La-aldea-de-los-artesanos-plano.gif\" alt=\"La aldea de los artesanos\" width=\"442\" height=\"706\" align=\"absmiddle\" hspace=\"65\" vspace=\"5\" \/><p class=\"wp-caption-text\">La aldea de los artesanos<\/p><\/div>\n<p><\/center><\/p>\n<p align=\"justify\">Las casas, estrictamente ordenadas, est\u00e1n comunicadas por cinco calles orientadas Norte-Sur. La aldea est\u00e1 completamente cerrada de modo que su \u00fanico acceso es una \u00fanica puerta vigilada. Justo a la derecha de la entrada hay una casa m\u00e1s grande que las otras perteneciente probablemente al responsable de la comunidad. La casa tipo consiste en cuatro habitaciones: una antesala seguida de una sala de recepci\u00f3n, una cocina y un dormitorio. En algunas ocasiones, una escalera da acceso a una terraza.<\/p>\n<p align=\"justify\">La urbanizaci\u00f3n de la aldea es muy similar a su homologa tebana de Deir el-Medina, de donde muy podiblemente tom\u00f3 el modelo ya que sus pobladores proced\u00edan de all\u00ed.<\/p>\n<p style=\"text-align: right;\"><span class=\"createby\">Miguel Angel D\u00edaz <\/span> <span class=\"createdate\"><br \/>\nNoviembre de 2000 <\/span><\/p>\n","protected":false},"excerpt":{"rendered":"<p>Las casas, estrictamente ordenadas, est\u00e1n comunicadas por cinco calles orientadas Norte-Sur. La aldea est\u00e1 completamente cerrada de modo que su \u00fanico acceso es una \u00fanica puerta vigilada. Justo a la derecha de la entrada hay una casa m\u00e1s grande que las otras perteneciente probablemente al responsable de la comunidad. La casa tipo consiste en cuatro habitaciones: una antesala seguida de&#8230;<\/p>\n<p class=\"continue-reading-button\"> <a class=\"continue-reading-link\" href=\"http:\/\/amigosdelantiguoegipto.com\/?page_id=2000\">Seguir leyendo<i class=\"crycon-right-dir\"><\/i><\/a><\/p>\n","protected":false},"author":1,"featured_media":0,"parent":0,"menu_order":0,"comment_status":"closed","ping_status":"closed","template":"","meta":{"ngg_post_thumbnail":0},"_links":{"self":[{"href":"http:\/\/amigosdelantiguoegipto.com\/index.php?rest_route=\/wp\/v2\/pages\/2000"}],"collection":[{"href":"http:\/\/amigosdelantiguoegipto.com\/index.php?rest_route=\/wp\/v2\/pages"}],"about":[{"href":"http:\/\/amigosdelantiguoegipto.com\/index.php?rest_route=\/wp\/v2\/types\/page"}],"author":[{"embeddable":true,"href":"http:\/\/amigosdelantiguoegipto.com\/index.php?rest_route=\/wp\/v2\/users\/1"}],"replies":[{"embeddable":true,"href":"http:\/\/amigosdelantiguoegipto.com\/index.php?rest_route=%2Fwp%2Fv2%2Fcomments&post=2000"}],"version-history":[{"count":0,"href":"http:\/\/amigosdelantiguoegipto.com\/index.php?rest_route=\/wp\/v2\/pages\/2000\/revisions"}],"wp:attachment":[{"href":"http:\/\/amigosdelantiguoegipto.com\/index.php?rest_route=%2Fwp%2Fv2%2Fmedia&parent=2000"}],"curies":[{"name":"wp","href":"https:\/\/api.w.org\/{rel}","templated":true}]}}