{"id":1968,"date":"2014-06-12T09:48:44","date_gmt":"2014-06-12T09:48:44","guid":{"rendered":"http:\/\/amigosdelantiguoegipto.com\/?page_id=1968"},"modified":"2014-06-12T09:50:05","modified_gmt":"2014-06-12T09:50:05","slug":"los-barrios-norte-y-sur","status":"publish","type":"page","link":"http:\/\/amigosdelantiguoegipto.com\/?page_id=1968","title":{"rendered":"Los barrios Norte y Sur"},"content":{"rendered":"<p>Casi toda la poblaci\u00f3n fija de Ajetat\u00f3n viv\u00eda en dos zonas residenciales: los barrios norte y sur.<\/p>\n<h3>Urbanismo<\/h3>\n<p style=\"text-align: justify;\" align=\"justify\">En Ajetat\u00f3n, como en las expansiones de poblaci\u00f3n del Imperio Nuevo, la planificaci\u00f3n urbana en las zonas residenciales era inexistentes. En lugar de un grandioso dise\u00f1o unitario, nos encontramos unas pocas calles amplias, aunque distan bastante de ser rectas, que van m\u00e1s o menos paralelas al Nilo y comunican los barrios con el centro administrativo, mientras que unas callejuelas las cruzan en \u00e1ngulo recto (m\u00e1s o menos, como el Egipto actual). En lugar de una metr\u00f3polis homog\u00e9nea, el urbanismo recuerda una serie de poblaciones unidas por una via de comunicaci\u00f3n.<\/p>\n<p align=\"justify\">Las aproximadamente 50.000 (c\u00e1lculo estad\u00edstico) personas que resid\u00edan en la ciudad, se mezclaban sin ning\u00fan problema de clases sociales, formando un conglomerado de manzanas de casas con muros de separaci\u00f3n comunes, y \u00e9stas form\u00e1ndo un d\u00e9dalo dentro de estos barrios. As\u00ed se mezclaban casas de ricos y de pobres en la misma manzana, mezcl\u00e1ndose mansiones de 300-400 m2 (5%) con casas grandes de 100-300 m2 (9%) y casas m\u00e1s peque\u00f1as de hasta 100 m2 (86%, siendo el 15% del total de unos 50 m2).<\/p>\n<p align=\"justify\">Tampoco se agrupaban de forma sectorial o por profesiones, y ni tan siquiera los funcionarios y dirigentes viv\u00edan generalmente cerca de los palacios, centros administrativos o grandes avenuidas. La \u00fanica excepci\u00f3n es el grupo de mansiones que se encuentra cerca del Palacio de la Ribera Norte, donde seguramente resid\u00edan miembros muy allegados a la familia real.<\/p>\n<div style=\"width: 510px\" class=\"wp-caption aligncenter\"><img decoding=\"async\" loading=\"lazy\" title=\"Representaci\u00f3n de una  manzana de Amarna. En este caso, se ha levantado en isom\u00e9trica una zona de casas de nobles.\" src=\"http:\/\/amigosdelantiguoegipto.com\/wp-content\/uploads\/2014\/06\/losbarriosnorteysur.gif\" alt=\"Representaci\u00f3n de una  manzana de Amarna. En este caso, se ha levantado en isom\u00e9trica una zona de casas de nobles.\" width=\"500\" height=\"469\" align=\"absmiddle\" border=\"1\" hspace=\"35\" vspace=\"5\" \/><p class=\"wp-caption-text\">Representaci\u00f3n de una manzana de Amarna. En este caso, se ha levantado en isom\u00e9trica una zona de casas de nobles.<\/p><\/div>\n<p align=\"justify\">Exceptuando el tama\u00f1o, las casas de Amarna son muy uniformes. Aunque no hay dos iguales, todas mantienen la misma estructura (salvo alguna excepci\u00f3n) con pocas diferencias en la distribuci\u00f3n. Las casas suelen ser de una sola planta con la dependencia principal tipo sala de estar cuadrada siyuada en el centro. A un extremo se hallaba una tarima baja de ladrillo donde se sentar\u00eda el due\u00f1o y su esposa para recibir a los invitados. A veces hab\u00eda una pila de piedra enlucida pegada a otra pared. Con una o m\u00e1s columnas de madera se habr\u00eda subido suficientemente el techo para poder abrir unas ventanas arriba del todo de las paredes, consistiendo en las casas m\u00e1s grande en unas rejas de piedra.<\/p>\n<p align=\"justify\">Alrededor de esa pieza central, se distribu\u00edan otras: un recibidor exterior, despensas y los cuartos m\u00e1s privados y dom\u00e9sticos. El propietario ten\u00eda el dormitorio mayor, el cual hab\u00eda una cama de madera situada en un hueco alto al fondo. En el mejor de los casos, al lado estaba el cuarto de ba\u00f1o y el retrete. Se puede suponer que la evacuaci\u00f3n de las aguas residuales era por el cl\u00e1sico sistema de &#8220;\u00a1agua va!&#8221; o similar, ya que la ciudad carec\u00eda de alcantarillado y no parecen haberse usado los pozos as\u00e9pticos. Lo mismo podemos decir de las basuras. \u00c9stas se amontonaban a escasos metros de las casas, pareciendo no importarles esa cercan\u00eda. De todas formas la dura acci\u00f3n del sol de Ajetat\u00f3n, junto con la escasez de lluvia y la profundidad de los pozos, hac\u00eda que la ciudad de mantubiese salubre. Estos basureros han proporcionado gran informaci\u00f3n arqueol\u00f3gica, ya que las casas se encontraron absolutamente vacias en su gran mayor\u00eda. Esto indica claramente que la ciudad se fue abandonando de forma progresiva, y que los habitantes tubieron tiempo de empaquetar sus enseres.<\/p>\n<p align=\"justify\">Las paredes externas e internas estaban enyesadas y enjalbegadas, pero no consta que se decorasen de una forma especial, excepto la m\u00e1s lujosas que ten\u00edan pinturas geom\u00e9tricas en puntos muy concretos.<\/p>\n<p align=\"justify\">Como en todo Egipto, el terrado se convert\u00eda en la habitaci\u00f3n m\u00e1s usada al caer la noche adem\u00e1s de como otra zona de almacenaje.<\/p>\n<p align=\"justify\">Las casas de tipo medio y alto estaban rodeadas por un un muro de separaci\u00f3n que se abr\u00eda a un jard\u00edn arbolado que sol\u00eda incluir un pozo y un peque\u00f1o estanque rodeando un altar votivo. Incluso las mayores mansiones ten\u00edan una peque\u00f1a capilla adosada a un peque\u00f1o p\u00edlono de ladrillo de entrada. Dependiendo adem\u00e1s del tama\u00f1o de la casa, se a\u00f1ad\u00edan como recintos externos los graneros, establos, cocinas y cobertizos.<\/p>\n<h3 align=\"justify\">El suministro de agua<\/h3>\n<p align=\"justify\">Adem\u00e1s de saciar la sed de la poblaci\u00f3n, el suministro de agua deb\u00eda de mantener los estanques y ajardinamientos que poblaban la ciudad. Para eso los hombres de Ajenat\u00f3n idearon un sistema nuevo en Egipto que permitir\u00eda conseguir el ingente suministro de agua necesario para mantener esas estructuras.<\/p>\n<p align=\"justify\">En el resto de Egipto, hab\u00edan unos pozos &#8220;municipales&#8221; para el suministro, adem\u00e1s de los escasos canales de riego y las orillas del Nilo que obligaba a los habitantes a desplazamientos m\u00e1s o menos largos. En Ajenat\u00f3n se incentiv\u00f3 la idea del &#8220;propio suministro&#8221; y as\u00ed, adem\u00e1s de los pozos p\u00fablicos, la mayor\u00eda de casas y lugares p\u00fablicos como templos y palacios dispon\u00edan de un pozo propio.<\/p>\n<p align=\"justify\">La profundidad necesaria de los pozos (unos 7 m. de media) y la estructura arenosa del subsuelo, aconsejaban hacer un pozo estrecho y un recubrimiento de material resistente como piedras o ladrillos cocidos para evitar el desmonte del terreno. Adem\u00e1s, se deb\u00eda de montar un sistema de subida y distribuci\u00f3n del agua que encarecer\u00eda el pozo.<\/p>\n<p align=\"justify\">El coste de esta obra pod\u00eda ser excesivo para la mayor\u00eda de particulares, por lo que se opt\u00f3 por hacer pozos abiertos, osea, una abertura de unos 9 m2 provista de rampas hasta descender a los 7 m. donde se encontraba el agua. \u00c9sta se sub\u00eda a la superficie mediante reci`pientes cer\u00e1micos, pero dado que el pozo estaba en el mismo jard\u00edn de casa, la distancia a recorrer era muy escasa.<\/p>\n<p align=\"justify\">Este sistema ten\u00eda como problema que el terreno se iba derrumbando por s\u00ed solo y cegando el pozo, cosa que hizo que al final del periodo Amarna, la mayor\u00eda tubiese graves problemas estructurales.<\/p>\n<h3 align=\"justify\">Perfil social de la ciudad<\/h3>\n<p align=\"justify\">Con los datos anteriores sobre las superficies de las casas y n\u00famero de habitantes, se puede hacer una primera aproximaci\u00f3n a &#8220;grosso modo&#8221; del reparto social de la ciudad. Ajustando m\u00e1s los n\u00fameros y asignando el tama\u00f1o de la casa a estatus social, podemos obtener las siguientes cifras por Estratos Sociales que evidentemente pueden estar entremezclados:<\/p>\n<table border=\"1\" width=\"100%\" align=\"center\">\n<tbody>\n<tr>\n<td style=\"text-align: center;\" align=\"center\" width=\"20%\"><b>ESTRATO I<\/b><\/td>\n<td width=\"80%\">Muy altos cargos administrativos y sacerdotales. Comerciantes de gran fortuna.<\/td>\n<\/tr>\n<tr>\n<td align=\"center\" width=\"20%\" height=\"41\"><b>ESTRATO II<\/b><\/td>\n<td width=\"80%\" height=\"41\">Profesionales muy cualificados de la administraci\u00f3n, artes o construcci\u00f3n. Altos cargos militares.Comerciantes.<\/td>\n<\/tr>\n<tr>\n<td align=\"center\" width=\"20%\"><b>ESTRATO III<\/b><\/td>\n<td width=\"80%\">Escribas y militares de grado medio. Personal con responsabilidades en el sacerdocio. Comerciantes.<\/td>\n<\/tr>\n<tr>\n<td align=\"center\" width=\"20%\"><b>ESTRATO IV<\/b><\/td>\n<td width=\"80%\">Funcionariado general administrativo. Artesanos especialistas como pintores, escultores, etc. Comerciantes. Soldados condecorados.<\/td>\n<\/tr>\n<tr>\n<td align=\"center\" width=\"20%\"><b>ESTRATO V<\/b><\/td>\n<td width=\"80%\">Trabajadores de obra y artesan\u00eda dom\u00e9stica o auxiliar. Funcionario base (panadero, almacenes, etc). Soldado.<\/td>\n<\/tr>\n<tr>\n<td align=\"center\" width=\"20%\" height=\"44\"><b>ESTRATO VI<\/b><\/td>\n<td width=\"80%\" height=\"44\">Agricultores, ganaderos, pescadores, etc.<\/td>\n<\/tr>\n<\/tbody>\n<\/table>\n<table border=\"1\" width=\"87%\" align=\"center\">\n<tbody>\n<tr>\n<td align=\"center\" width=\"27%\"><\/td>\n<td align=\"center\" width=\"43%\"><b>Tama\u00f1o de la Casa<\/b><\/td>\n<td align=\"center\" width=\"30%\"><b>Ejemplo<\/b><\/td>\n<\/tr>\n<tr>\n<td align=\"center\" width=\"27%\"><b>ESTRATO I<\/b><\/td>\n<td align=\"center\" width=\"43%\">De 351 a 400 o m\u00e1s m2<\/td>\n<td width=\"30%\">Najt<\/td>\n<\/tr>\n<tr>\n<td align=\"center\" width=\"27%\"><b>ESTRATO II<\/b><\/td>\n<td align=\"center\" width=\"43%\">De 301 a 350 m2<\/td>\n<td width=\"30%\">Tutmose, Ramose<\/td>\n<\/tr>\n<tr>\n<td align=\"center\" width=\"27%\"><b>ESTRATO III<\/b><\/td>\n<td align=\"center\" width=\"43%\">De 201 a 300 m2<\/td>\n<td width=\"30%\"><\/td>\n<\/tr>\n<tr>\n<td align=\"center\" width=\"27%\"><b>ESTRATO IV<\/b><\/td>\n<td align=\"center\" width=\"43%\">De 101 a 200 m2<\/td>\n<td width=\"30%\"><\/td>\n<\/tr>\n<tr>\n<td align=\"center\" width=\"27%\"><b>ESTRATO V<\/b><\/td>\n<td align=\"center\" width=\"43%\">De 61 a 100 m2<\/td>\n<td width=\"30%\">Poblado trabajadores<\/td>\n<\/tr>\n<tr>\n<td align=\"center\" width=\"27%\"><b>ESTRATO VI<\/b><\/td>\n<td align=\"center\" width=\"43%\">De 60 m2 o menos.<\/td>\n<td width=\"30%\">M\u00e1ximo n\u00ba de casas<\/td>\n<\/tr>\n<\/tbody>\n<\/table>\n<p align=\"justify\">Recordando que estas proporciones son aproximadas, los resultados podr\u00edan ser:<\/p>\n<table border=\"1\" width=\"61%\" align=\"center\">\n<tbody>\n<tr>\n<td align=\"center\" width=\"34%\"><\/td>\n<td align=\"center\" width=\"41%\"><b>Habitantes<\/b><\/td>\n<td align=\"center\" width=\"25%\"><b>%<\/b><\/td>\n<\/tr>\n<tr align=\"center\">\n<td width=\"34%\"><b>ESTRATO I<\/b><\/td>\n<td width=\"41%\">500<\/td>\n<td width=\"25%\">1<\/td>\n<\/tr>\n<tr align=\"center\">\n<td width=\"34%\"><b>ESTRATO II<\/b><\/td>\n<td width=\"41%\">1.000<\/td>\n<td width=\"25%\">2<\/td>\n<\/tr>\n<tr align=\"center\">\n<td width=\"34%\"><b>ESTRATO III<\/b><\/td>\n<td width=\"41%\">3.000<\/td>\n<td width=\"25%\">6<\/td>\n<\/tr>\n<tr align=\"center\">\n<td width=\"34%\"><b>ESTRATO IV<\/b><\/td>\n<td width=\"41%\">11.500<\/td>\n<td width=\"25%\">23<\/td>\n<\/tr>\n<tr align=\"center\">\n<td width=\"34%\"><b>ESTRATO V<\/b><\/td>\n<td width=\"41%\">12.000<\/td>\n<td width=\"25%\">24<\/td>\n<\/tr>\n<tr align=\"center\">\n<td width=\"34%\"><b>ESTRATO VI<\/b><\/td>\n<td width=\"41%\">22.000<\/td>\n<td width=\"25%\">44<\/td>\n<\/tr>\n<\/tbody>\n<\/table>\n<p style=\"text-align: right;\">Miguel \u00c1ngel D\u00edaz<br \/>\nNoviembre de 2000<\/p>\n","protected":false},"excerpt":{"rendered":"<p>Casi toda la poblaci\u00f3n fija de Ajetat\u00f3n viv\u00eda en dos zonas residenciales: los barrios norte y sur. Urbanismo En Ajetat\u00f3n, como en las expansiones de poblaci\u00f3n del Imperio Nuevo, la planificaci\u00f3n urbana en las zonas residenciales era inexistentes. En lugar de un grandioso dise\u00f1o unitario, nos encontramos unas pocas calles amplias, aunque distan bastante de ser rectas, que van m\u00e1s&#8230;<\/p>\n<p class=\"continue-reading-button\"> <a class=\"continue-reading-link\" href=\"http:\/\/amigosdelantiguoegipto.com\/?page_id=1968\">Seguir leyendo<i class=\"crycon-right-dir\"><\/i><\/a><\/p>\n","protected":false},"author":1,"featured_media":0,"parent":0,"menu_order":0,"comment_status":"closed","ping_status":"closed","template":"","meta":{"ngg_post_thumbnail":0},"_links":{"self":[{"href":"http:\/\/amigosdelantiguoegipto.com\/index.php?rest_route=\/wp\/v2\/pages\/1968"}],"collection":[{"href":"http:\/\/amigosdelantiguoegipto.com\/index.php?rest_route=\/wp\/v2\/pages"}],"about":[{"href":"http:\/\/amigosdelantiguoegipto.com\/index.php?rest_route=\/wp\/v2\/types\/page"}],"author":[{"embeddable":true,"href":"http:\/\/amigosdelantiguoegipto.com\/index.php?rest_route=\/wp\/v2\/users\/1"}],"replies":[{"embeddable":true,"href":"http:\/\/amigosdelantiguoegipto.com\/index.php?rest_route=%2Fwp%2Fv2%2Fcomments&post=1968"}],"version-history":[{"count":0,"href":"http:\/\/amigosdelantiguoegipto.com\/index.php?rest_route=\/wp\/v2\/pages\/1968\/revisions"}],"wp:attachment":[{"href":"http:\/\/amigosdelantiguoegipto.com\/index.php?rest_route=%2Fwp%2Fv2%2Fmedia&parent=1968"}],"curies":[{"name":"wp","href":"https:\/\/api.w.org\/{rel}","templated":true}]}}