{"id":1955,"date":"2014-06-12T09:23:23","date_gmt":"2014-06-12T09:23:23","guid":{"rendered":"http:\/\/amigosdelantiguoegipto.com\/?page_id=1955"},"modified":"2014-06-12T09:23:53","modified_gmt":"2014-06-12T09:23:53","slug":"el-maru-aton","status":"publish","type":"page","link":"http:\/\/amigosdelantiguoegipto.com\/?page_id=1955","title":{"rendered":"El Maru-At\u00f3n"},"content":{"rendered":"<p style=\"text-align: justify;\" align=\"justify\">Entre las aldeas de El Hawata y El Amiya, se identificaron en 1907 unos restos en principio asignados a un palacio. Tras su examen, lo revel\u00f3 como un Maru (templo panor\u00e1mico), con sus estanques, sus muelles, jardines, dep\u00f3sitos, despachos y sus templos solares con toldos para celebrar las miles fiestas Sed que regalaba At\u00f3n a la familia Solar.<\/p>\n<p style=\"text-align: justify;\" align=\"justify\">B. J. Kemp describe el Maru At\u00f3n como dos recintos grandes y amurallados cuyos elementos arquitect\u00f3nicos principales eran unos estanques poco profundos. Ten\u00edan a su alrededor unos jardines muy bien cuidados, dentro de los cuales hab\u00edan pabellones y6 un grupo de santuarios , incluidas un grupo de plataformas &#8220;toldo&#8221; situadas en una isla rodeada de un foso poco profundo.<\/p>\n<p style=\"text-align: justify;\" align=\"justify\">El complejo entero parece ejemplificar el esp\u00edritu del culto solar, al cual proporciona un paisaje id\u00edlico de jardines llenos de verdor y de agua, presidido desde lo alto por el Sol.<\/p>\n<p style=\"text-align: justify;\" align=\"justify\">A pesar de que la mayor parte del material de piedra hab\u00eda sido saqueado en la antig\u00fcedad y la destrucci\u00f3n de los muros de ladrillo por los modernos buscadores de restos para vender, el conjunto era lo que se ha descrito. Fueron recuperados fragmentos suficientes de varias piedras y cer\u00e1mica, no obstante, para revelar que aunque algunas decoraciones eran modestas si se las compara, por ejemplo, con los sobredorados y cristales traceados del Gran Palacio, el material de los otros templetes era de una gran calidad: alabastro, arenisca y granitos con incrustaciones de piedra de colores y cer\u00e1mica. Ya, antes de su identificaci\u00f3n, en 1896 partes de un pavimento decorado fue extraido por la Organizaci\u00f3n de Antig\u00fcedades de Egipto estando su mayor parte en el Museo de El Cairo.<\/p>\n<p style=\"text-align: justify;\" align=\"justify\">Entre los restos arqueol\u00f3gicos hallados, se destac un grupo de vasijas de vino almacenadas en uno de los edificios.<\/p>\n<div style=\"width: 260px\" class=\"wp-caption alignleft\"><img decoding=\"async\" loading=\"lazy\" title=\"Retrato de Kiya, modificado para Meritat\u00f3n. Procedente de Herm\u00f3polis, aunque posiblemente en su origen estaba en el Maru At\u00f3n. Museo de Copenhage\" src=\"http:\/\/amigosdelantiguoegipto.com\/wp-content\/uploads\/2014\/06\/maru-aton-kiya\" alt=\"Retrato de Kiya, modificado para Meritat\u00f3n. Procedente de Herm\u00f3polis, aunque posiblemente en su origen estaba en el Maru At\u00f3n. Museo de Copenhage\" width=\"250\" height=\"184\" align=\"left\" border=\"1\" hspace=\"10\" vspace=\"5\" \/><p class=\"wp-caption-text\">Retrato de Kiya, modificado para Meritat\u00f3n. Procedente de Herm\u00f3polis, aunque posiblemente en su origen estaba en el Maru At\u00f3n. Museo de Copenhage<\/p><\/div>\n<p style=\"text-align: justify;\" align=\"justify\">Estos templos Maru se contienen en referencias de los textos de la \u00e9poca, habiendo construido uno de ellos Amenhotep III en su residencia tebana.<\/p>\n<div style=\"width: 260px\" class=\"wp-caption alignright\"><img decoding=\"async\" loading=\"lazy\" title=\"Mismo caso  que la figura anterior. En esta pieza se aprecia mejor el nombre de Meritat\u00f3n. Museo de El Cairo.\" src=\"http:\/\/amigosdelantiguoegipto.com\/wp-content\/uploads\/2014\/06\/maru-aton-01.jpg\" alt=\"Mismo caso  que la figura anterior. En esta pieza se aprecia mejor el nombre de Meritat\u00f3n. Museo de El Cairo.\" width=\"250\" height=\"195\" align=\"right\" border=\"1\" hspace=\"10\" vspace=\"5\" \/><p class=\"wp-caption-text\">Mismo caso que la figura anterior. En esta pieza se aprecia mejor el nombre de Meritat\u00f3n. Museo de El Cairo.<\/p><\/div>\n<p style=\"text-align: justify;\" align=\"justify\">Fueron los templos Maru de Amarna que los excavadores sacaron a la luz los que provocaron la inquietud. Relataron que, a diferencia de los dem\u00e1s lugares, en muchos casos el nombre de Nefertiti hab\u00eda sido cuidadosamente eliminado de la sinscripciones, y que el de su hija mayor Meritat\u00f3n, hab\u00eda sido escrito encima; los atributos distintivos de Nefertiti hab\u00edan sido borrados con cemento, sus rasgos remodelados y su cabeza alargada hasta parecer el cr\u00e1neo cl\u00e1sico de la princesa real. Las alteraciones fueron en la mayor parte de los casos aplicadas al cuerpo entero como, por ejemplo, en un grupo de edificios que parec\u00edan haber sido llamados los &#8220;toldos&#8221;.<\/p>\n<p style=\"text-align: justify;\" align=\"justify\">Sin embargo, las recientes investigaciones de Perepelkin muestran que el nombre que fue substituido no era el de Nefertiti, sino el de la favorita Kiya, lo que puede demostrar que el Maru At\u00f3n fue un regalo de Ajenat\u00f3n a su segunda esposa, ya con \u00e9l desde los primeros a\u00f1os de existencia de Ajetat\u00f3n. M\u00e1s trarde, al hacer reina a Meritat\u00f3n, pudo &#8220;heredar&#8221; el palacio en detrimento de la favorita.<\/p>\n<h3 style=\"text-align: justify;\" align=\"justify\">El \u00faltimo templo del sur: Kom el-Nana<\/h3>\n<p style=\"text-align: justify;\" align=\"justify\">Las \u00faltimas excavaciones en Amrna, han llevado al descubrimiento de otro complejo religioso al Sur de Amarna, en un lugar conocido como Kom el-Nana. A diferencia del mencionado Maru At\u00f3n, el elemento arquitect\u00f3nico central era un templo de piedra, si bien \u00e9ste se hallaba rodeadoen parte de un jard\u00edn con arbolillos. Sin embargo, la construcci\u00f3n definitiva principal que hasta ahora se ha hallado en \u00e9l es una serie de edificios, destinados a servicios, en el interior del amplio recinto amurallado. Inclu\u00eda una gran panader\u00eda y, probablemente, talleres donde se fabricaban otros art\u00edculos, lo cual tal vez la convirtiese en una instituci\u00f3n autosuficiente. A\u00fan se desconoce el nombre ni el propietario del edificio, pero seg\u00fan apreciaciones del autor, la autosuficiencia del templo podr\u00eda indicar un uso de aprendizaje religioso para el sacerdocio u oficiantes femeninas al estilo tebano de las &#8220;Esposas del Dios&#8221;.<\/p>\n<p style=\"text-align: right;\" align=\"justify\">Miguel \u00c1ngel D\u00edaz<br \/>\nNoviembre de 2000<\/p>\n","protected":false},"excerpt":{"rendered":"<p>Entre las aldeas de El Hawata y El Amiya, se identificaron en 1907 unos restos en principio asignados a un palacio. Tras su examen, lo revel\u00f3 como un Maru (templo panor\u00e1mico), con sus estanques, sus muelles, jardines, dep\u00f3sitos, despachos y sus templos solares con toldos para celebrar las miles fiestas Sed que regalaba At\u00f3n a la familia Solar. B. J&#8230;.<\/p>\n<p class=\"continue-reading-button\"> <a class=\"continue-reading-link\" href=\"http:\/\/amigosdelantiguoegipto.com\/?page_id=1955\">Seguir leyendo<i class=\"crycon-right-dir\"><\/i><\/a><\/p>\n","protected":false},"author":1,"featured_media":0,"parent":0,"menu_order":0,"comment_status":"closed","ping_status":"closed","template":"","meta":{"ngg_post_thumbnail":0},"_links":{"self":[{"href":"http:\/\/amigosdelantiguoegipto.com\/index.php?rest_route=\/wp\/v2\/pages\/1955"}],"collection":[{"href":"http:\/\/amigosdelantiguoegipto.com\/index.php?rest_route=\/wp\/v2\/pages"}],"about":[{"href":"http:\/\/amigosdelantiguoegipto.com\/index.php?rest_route=\/wp\/v2\/types\/page"}],"author":[{"embeddable":true,"href":"http:\/\/amigosdelantiguoegipto.com\/index.php?rest_route=\/wp\/v2\/users\/1"}],"replies":[{"embeddable":true,"href":"http:\/\/amigosdelantiguoegipto.com\/index.php?rest_route=%2Fwp%2Fv2%2Fcomments&post=1955"}],"version-history":[{"count":0,"href":"http:\/\/amigosdelantiguoegipto.com\/index.php?rest_route=\/wp\/v2\/pages\/1955\/revisions"}],"wp:attachment":[{"href":"http:\/\/amigosdelantiguoegipto.com\/index.php?rest_route=%2Fwp%2Fv2%2Fmedia&parent=1955"}],"curies":[{"name":"wp","href":"https:\/\/api.w.org\/{rel}","templated":true}]}}