{"id":1942,"date":"2014-06-12T08:54:10","date_gmt":"2014-06-12T08:54:10","guid":{"rendered":"http:\/\/amigosdelantiguoegipto.com\/?page_id=1942"},"modified":"2014-06-24T01:29:15","modified_gmt":"2014-06-24T01:29:15","slug":"tumba-de-aya-ta25","status":"publish","type":"page","link":"http:\/\/amigosdelantiguoegipto.com\/?page_id=1942","title":{"rendered":"Tumba de Ay (TA25)"},"content":{"rendered":"<p style=\"text-align: right;\" align=\"justify\">Miguel \u00c1ngel D\u00edaz &#8211; Noviembre de 2000<\/p>\n<div style=\"width: 472px\" class=\"wp-caption aligncenter\"><img decoding=\"async\" loading=\"lazy\" title=\"Planta de la Tumna de Aya.\" src=\"http:\/\/amigosdelantiguoegipto.com\/wp-content\/uploads\/2014\/06\/ta25-plano.gif\" alt=\"Planta de la Tumna de Aya.\" width=\"462\" height=\"438\" align=\"absmiddle\" border=\"1\" hspace=\"52\" vspace=\"5\" \/><p class=\"wp-caption-text\">Planta de la Tumba de Ay.<\/p><\/div>\n<p style=\"text-align: justify;\">La tumba de Ay, con los t\u00edtulos de Maestro de la Casa, Padre del Dios (padre de Nefertiti), Porta-abanicos a la derecha del rey y Supervisor de los Carros de Su Majestad, entre otros, es la tumba particular con un planteamiento m\u00e1s suntuoso. Desgraciadamente, y como es com\u00fan en las necr\u00f3polis de Amarna, no se lleg\u00f3 a completar.<\/p>\n<p style=\"text-align: justify;\"><strong>Entrada<\/strong>: Como es com\u00fan en la necr\u00f3polis Sur, las jambas est\u00e1n decoradas con oraciones y el dintel de la puerta muestra una imagen de la familia real, muy deteriorada.<\/p>\n<p style=\"text-align: justify;\"><strong>Pasillo de Entrada<\/strong>: En la pared de la izquierda, un panel superior deswcribe a Ajenat\u00f3n y a Nefertiti ofrendando a At\u00f3n delante de una mesa de ofrendas. En el registro inferior de este panel aparecen las tres primeas hijas de Ajenat\u00f3n y en el superior, aparece la hermana de Nefertiti (hija de Ay) Mutnedjmet acompa\u00f1ada de dos enanos nombrados ir\u00f3nicamente cada uno de ellos &#8220;el visir&#8221;. Curiosamente, en la TA14 y en la TA6 tambi\u00e9n aparece la hija de Ay con esos dos enanos, estando ambas bastante separadas. Seg\u00fan el autor, esto es una prueba a favor la simultaniedad de la construcci\u00f3n de las tumbas de esta necr\u00f3polis. Sin embargo la importancia de esos dos enanos se me escapa. Bajo ese panel hay una larga oraci\u00f3n y unas hermosas figuras modeladas de Ay y su Esposa Tiy.<\/p>\n<p style=\"text-align: justify;\">La pared derecha est\u00e1 ocupada por el texto del famoso Gran Himno de At\u00f3n, ahora da\u00f1ado. Este es el m\u00e1s largo y el m\u00e1s explicativo de los himnos de At\u00f3n, pero muchas versiones recortadas de \u00e9l aparecen en otras tumbas.<\/p>\n<p style=\"text-align: justify;\"><strong>Antec\u00e1mara<\/strong>: Tres filas transversales de ocho columnas Papiriformes Cerradas, muy pr\u00f3ximas unas a otras (excepto la zona del pasillo de entrada) har\u00edan de esta antec\u00e1mara una aut\u00e9ntica Sala Hip\u00f3stila si se hubieses acabado la obra. Desgraciadamente, el extremo Sur y SE est\u00e1 s\u00f3lo iniciado.<\/p>\n<p style=\"text-align: justify;\">En las cuatro columnas acabadas (frente a la entrada) se representa a Ay y a su esposa adorando cartuchos. El techo mantiene alg\u00fan resto de tiras inscritas con oraciones.<\/p>\n<div id=\"attachment_7894\" style=\"width: 510px\" class=\"wp-caption aligncenter\"><img aria-describedby=\"caption-attachment-7894\" decoding=\"async\" loading=\"lazy\" class=\"wp-image-7894\" title=\"Ajenat\u00f3n y Nefertiti recompensando a Ay.\" src=\"http:\/\/amigosdelantiguoegipto.com\/wp-content\/uploads\/2014\/06\/Tumba_Ay_02_P1380033.jpg\" alt=\"Ajenat\u00f3n y Nefertiti recompensando a Ay.\" width=\"500\" height=\"375\" srcset=\"http:\/\/amigosdelantiguoegipto.com\/wp-content\/uploads\/2014\/06\/Tumba_Ay_02_P1380033.jpg 800w, http:\/\/amigosdelantiguoegipto.com\/wp-content\/uploads\/2014\/06\/Tumba_Ay_02_P1380033-300x225.jpg 300w, http:\/\/amigosdelantiguoegipto.com\/wp-content\/uploads\/2014\/06\/Tumba_Ay_02_P1380033-150x112.jpg 150w\" sizes=\"(max-width: 500px) 100vw, 500px\" \/><p id=\"caption-attachment-7894\" class=\"wp-caption-text\">Ajenat\u00f3n y Nefertiti recompensando a Ay y su esposa Tiy.<\/p><\/div>\n<p style=\"text-align: justify;\">La \u00fanica escena completa de la tumba est\u00e1 en la pared Oeste, al lado de la entrada y muestra una escena en la Ventana de las Apariciones. La calidad del tallado y lo poco mutilada que est\u00e1 la escena, la hace una de las m\u00e1s importantes de la necr\u00f3polis. La familia real en la Ventana incluye a tres hijas; Meritat\u00f3n a la izquierda, dando un collar a Ay, Meketat\u00f3n y Anjesenpaat\u00f3n entre la pareja real. Toda la familia parece estar desnuda y los rayos de At\u00f3n iluminan el cuerpo del rey.<\/p>\n<div id=\"attachment_7892\" style=\"width: 460px\" class=\"wp-caption aligncenter\"><img aria-describedby=\"caption-attachment-7892\" decoding=\"async\" loading=\"lazy\" class=\"wp-image-7892\" title=\"Imagen de Ay y Tiy recogiendo los presentes. Museo de El Cairo.\" src=\"http:\/\/amigosdelantiguoegipto.com\/wp-content\/uploads\/2014\/06\/TumbadeAy_01.jpg\" alt=\"Imagen de Ay y Tiy recogiendo los presentes. Museo de El Cairo.\" width=\"450\" height=\"247\" srcset=\"http:\/\/amigosdelantiguoegipto.com\/wp-content\/uploads\/2014\/06\/TumbadeAy_01.jpg 584w, http:\/\/amigosdelantiguoegipto.com\/wp-content\/uploads\/2014\/06\/TumbadeAy_01-300x164.jpg 300w, http:\/\/amigosdelantiguoegipto.com\/wp-content\/uploads\/2014\/06\/TumbadeAy_01-150x82.jpg 150w\" sizes=\"(max-width: 450px) 100vw, 450px\" \/><p id=\"caption-attachment-7892\" class=\"wp-caption-text\">Imagen de Ay y Tiy recogiendo los presentes. Museo de El Cairo.<\/p><\/div>\n<p style=\"text-align: justify;\">M\u00e1s all\u00e1 de la Ventana de las Apariciones, y alargado sobre la puerta de entrada, hay una representaci\u00f3n de la Residencia Real muy detallada. All\u00ed se aprecia la figura de Mutnedjmet, abajo a la izquierda. Tambi\u00e9n se aprecia la habitaci\u00f3n del rey con su cama, , unos sirvientes dom\u00e9sticos, la casa del har\u00e9n que muestra a las mujeres pein\u00e1ndose, comiendo y tocando instrumentos musicales. Mas a la izquierda esta escena se repite, pero a la inversa.<\/p>\n<p style=\"text-align: justify;\">A la derecha de la Ventana, se representa el patio de la Residencia Real. Ay y su esposa est\u00e1n all\u00ed reciviendo sus regalos, los cuales no s\u00f3lo incluyen collares, sino que incluyen adem\u00e1s diversos objetos de oro. La mayor\u00eda de la parte que falta de esta escena se encuentra en el Museo de El Cairo.<\/p>\n<p style=\"text-align: justify;\">Cinco registros de figuras llenan el patio ante ellos; dos carros reales arriba, seguidos de escribas seguido por una representaci\u00f3n foranea debajo, dos filas de oficiales y soldados y abajo del todo, ante Ay y Tiy, un grupo de danzarines c\u00f3micos.<\/p>\n<p style=\"text-align: justify;\">A la derecha la escena contin\u00faa con una vista del exterior del patio, donde esperan carros y sirvientes de la casa de Ay en procesi\u00f3n. Justo en la entrada del patio, iluminada por los rayos de At\u00f3n, se encuentra Ay dibujado s\u00f3lo con tinta portando los collares y brazaletes, pintados en rojo s\u00f3lido.<\/p>\n<p style=\"text-align: justify;\"><strong>Nicho<\/strong>: Entrada a un nicho, que deb\u00eda de alojar una estatua de Ay. No se complet\u00f3.<\/p>\n<p style=\"text-align: justify;\"><strong>C\u00e1mara Mortuoria<\/strong>: Puerta similar a la de entrada a la antec\u00e1mara, que nunca se termin\u00f3. La decoraci\u00f3n de las jambas y el dintel est\u00e1 totalmente destruida. Esta entrada pudo dar a la C\u00e1mara mortuoria o a una sala m\u00e1s interna. La C\u00e1mara mortuoria, pudo tambi\u00e9n haberse alojado al final de las escaleras que bajan en el extremo NE, y que tras veintinueve escalones se detiene en una obra inconclusa. El uso de este tipo de c\u00e1maras inferiores pudo ser de sala de enterramiento o de Capillas.<\/p>\n","protected":false},"excerpt":{"rendered":"<p>Miguel \u00c1ngel D\u00edaz &#8211; Noviembre de 2000 La tumba de Ay, con los t\u00edtulos de Maestro de la Casa, Padre del Dios (padre de Nefertiti), Porta-abanicos a la derecha del rey y Supervisor de los Carros de Su Majestad, entre otros, es la tumba particular con un planteamiento m\u00e1s suntuoso. Desgraciadamente, y como es com\u00fan en las necr\u00f3polis de Amarna,&#8230;<\/p>\n<p class=\"continue-reading-button\"> <a class=\"continue-reading-link\" href=\"http:\/\/amigosdelantiguoegipto.com\/?page_id=1942\">Seguir leyendo<i class=\"crycon-right-dir\"><\/i><\/a><\/p>\n","protected":false},"author":1,"featured_media":0,"parent":0,"menu_order":0,"comment_status":"closed","ping_status":"closed","template":"","meta":{"ngg_post_thumbnail":0},"_links":{"self":[{"href":"http:\/\/amigosdelantiguoegipto.com\/index.php?rest_route=\/wp\/v2\/pages\/1942"}],"collection":[{"href":"http:\/\/amigosdelantiguoegipto.com\/index.php?rest_route=\/wp\/v2\/pages"}],"about":[{"href":"http:\/\/amigosdelantiguoegipto.com\/index.php?rest_route=\/wp\/v2\/types\/page"}],"author":[{"embeddable":true,"href":"http:\/\/amigosdelantiguoegipto.com\/index.php?rest_route=\/wp\/v2\/users\/1"}],"replies":[{"embeddable":true,"href":"http:\/\/amigosdelantiguoegipto.com\/index.php?rest_route=%2Fwp%2Fv2%2Fcomments&post=1942"}],"version-history":[{"count":0,"href":"http:\/\/amigosdelantiguoegipto.com\/index.php?rest_route=\/wp\/v2\/pages\/1942\/revisions"}],"wp:attachment":[{"href":"http:\/\/amigosdelantiguoegipto.com\/index.php?rest_route=%2Fwp%2Fv2%2Fmedia&parent=1942"}],"curies":[{"name":"wp","href":"https:\/\/api.w.org\/{rel}","templated":true}]}}