{"id":1937,"date":"2014-06-12T08:46:07","date_gmt":"2014-06-12T08:46:07","guid":{"rendered":"http:\/\/amigosdelantiguoegipto.com\/?page_id=1937"},"modified":"2014-06-24T01:00:58","modified_gmt":"2014-06-24T01:00:58","slug":"tumba-de-any-ta23","status":"publish","type":"page","link":"http:\/\/amigosdelantiguoegipto.com\/?page_id=1937","title":{"rendered":"Tumba de Any (TA23)"},"content":{"rendered":"<p style=\"text-align: right;\" align=\"justify\">Miguel \u00c1ngel D\u00edaz &#8211; Noviembre de 2000<\/p>\n<div style=\"width: 191px\" class=\"wp-caption alignleft\"><img decoding=\"async\" loading=\"lazy\" title=\"Planta de la Tumba de Any\" src=\"http:\/\/amigosdelantiguoegipto.com\/wp-content\/uploads\/2014\/06\/ta9-plano.gif\" alt=\"Planta de la Tumba de Any\" width=\"181\" height=\"504\" align=\"left\" border=\"1\" hspace=\"10\" vspace=\"5\" \/><p class=\"wp-caption-text\">Planta de la Tumba de Any.<\/p><\/div>\n<p align=\"justify\">La tumba de Any, con los t\u00edtulos de Escriba Real, Escriba de las mesas de ofrendas de At\u00f3n y Administrador del Estado de Aajeperure (Amenhotep II) es un simple corredor, parecido a las tumbas TA3 y TA5 en la necr\u00f3polis Norte.<\/p>\n<p style=\"text-align: justify;\">En esta tumba se intent\u00f3 algo inusual; un porche sobre ambos lados de la puerta de entrada. Esta obra no se finaliz\u00f3 pero ayud\u00f3 a proteger una serie de nichos en los muros laterales conteniendo tabletas dedicadas a Any por sus allegados. Se encontraron varias de ellas, cuando se descubri\u00f3 la tumba en 1891, permaneciendo ahora guardadas en el Museo de El Cairo. La tumba en s\u00ed estaba muy decorada, dando la impresi\u00f3n que fu\u00e9 acabada. Seg\u00fan mi opini\u00f3n, la extrema vejez de Any, mostrada por su t\u00edtulo en relaci\u00f3n a Amenhotep II, pudo hacer que se decidiese por un dise\u00f1o sencillo de r\u00e1pida construcci\u00f3n.<\/p>\n<p style=\"text-align: justify;\"><strong>Porche<\/strong>: A ambos lados de la puerta, tres tiras de jerog\u00edficos llevan los cartuchos de At\u00f3n, Ajenat\u00f3n y Nefertiti, con Any ofreci\u00e9ndoles una oraci\u00f3n. El dintel, como es cl\u00e1sico en la necr\u00f3polis Sur, describe a la familia real ofrendando a At\u00f3n.<\/p>\n<p style=\"text-align: justify;\"><strong>Pasillo<\/strong>: La decoraci\u00f3n se ha realizado exclusivamente con pintura roja sobre fondo amarillo. Estas pinturas est\u00e1n centradas en la figura de Any ofreciendo oraciones.<\/p>\n<p style=\"text-align: justify;\"><strong>C\u00e1mara<\/strong>: Las superficies de las paredes de la C\u00e1mara Mortuoria fueron preparadas para su decoraci\u00f3n, pero \u00e9sta no se lleg\u00f3 a hacer a excepci\u00f3n de la decoraci\u00f3n en forma de cornisa. Una depresi\u00f3n al SO de la c\u00e1mara marca la posici\u00f3n que ocup\u00f3 el sarc\u00f3fago.<\/p>\n<p style=\"text-align: justify;\"><strong>Capilla<\/strong>: Tras un altar al que se accede por unas escaleras, aparece la estatua de Any excavada en la roca madre de la tumba. Las paredes laterales de la capilla est\u00e1n decorados con pinturas; la pared de la izquierda representa a Any sentado ante una mesa de ofrendas, atendido por un sirviente llamado Mery-Re y la pared de la derecha muestra una escena similar, pero Any esta abrazado por su esposa, cuyo nombre no se ha conservado.<\/p>\n","protected":false},"excerpt":{"rendered":"<p>Miguel \u00c1ngel D\u00edaz &#8211; Noviembre de 2000 La tumba de Any, con los t\u00edtulos de Escriba Real, Escriba de las mesas de ofrendas de At\u00f3n y Administrador del Estado de Aajeperure (Amenhotep II) es un simple corredor, parecido a las tumbas TA3 y TA5 en la necr\u00f3polis Norte. En esta tumba se intent\u00f3 algo inusual; un porche sobre ambos lados&#8230;<\/p>\n<p class=\"continue-reading-button\"> <a class=\"continue-reading-link\" href=\"http:\/\/amigosdelantiguoegipto.com\/?page_id=1937\">Seguir leyendo<i class=\"crycon-right-dir\"><\/i><\/a><\/p>\n","protected":false},"author":1,"featured_media":0,"parent":0,"menu_order":0,"comment_status":"closed","ping_status":"closed","template":"","meta":{"ngg_post_thumbnail":0},"_links":{"self":[{"href":"http:\/\/amigosdelantiguoegipto.com\/index.php?rest_route=\/wp\/v2\/pages\/1937"}],"collection":[{"href":"http:\/\/amigosdelantiguoegipto.com\/index.php?rest_route=\/wp\/v2\/pages"}],"about":[{"href":"http:\/\/amigosdelantiguoegipto.com\/index.php?rest_route=\/wp\/v2\/types\/page"}],"author":[{"embeddable":true,"href":"http:\/\/amigosdelantiguoegipto.com\/index.php?rest_route=\/wp\/v2\/users\/1"}],"replies":[{"embeddable":true,"href":"http:\/\/amigosdelantiguoegipto.com\/index.php?rest_route=%2Fwp%2Fv2%2Fcomments&post=1937"}],"version-history":[{"count":0,"href":"http:\/\/amigosdelantiguoegipto.com\/index.php?rest_route=\/wp\/v2\/pages\/1937\/revisions"}],"wp:attachment":[{"href":"http:\/\/amigosdelantiguoegipto.com\/index.php?rest_route=%2Fwp%2Fv2%2Fmedia&parent=1937"}],"curies":[{"name":"wp","href":"https:\/\/api.w.org\/{rel}","templated":true}]}}