{"id":1879,"date":"2014-06-12T06:20:21","date_gmt":"2014-06-12T06:20:21","guid":{"rendered":"http:\/\/amigosdelantiguoegipto.com\/?page_id=1879"},"modified":"2014-06-23T20:01:42","modified_gmt":"2014-06-23T20:01:42","slug":"tumba-de-amosis-ta3","status":"publish","type":"page","link":"http:\/\/amigosdelantiguoegipto.com\/?page_id=1879","title":{"rendered":"Tumba de Amosis (TA3)"},"content":{"rendered":"<p style=\"text-align: right;\">Miguel \u00c1ngel D\u00edaz &#8211; Noviembre de 2000<\/p>\n<div style=\"width: 285px\" class=\"wp-caption alignleft\"><img decoding=\"async\" loading=\"lazy\" src=\"http:\/\/amigosdelantiguoegipto.com\/wp-content\/uploads\/2014\/06\/ta3-plano.gif\" alt=\"Planta de la Tumba de Ahmosis.\" width=\"275\" height=\"440\" align=\"left\" border=\"1\" hspace=\"10\" vspace=\"5\" \/><p class=\"wp-caption-text\">Planta de la Tumba de Ahmosis.<\/p><\/div>\n<p align=\"justify\">La Tumba del Secretario privado del Rey y Portaabanicos a la derecha del Rey, Amosis es al igual que la de Pentu (TA5), es de las menos pretenciosas de las Necr\u00f3polis de Amarna. Sin embargo, la falta de columnas queda compensado con el fino trabajo de tallado de la tumba.<\/p>\n<p align=\"justify\"><strong>Decoraci\u00f3n de la Entrada<\/strong>: La puerta de entrada fue originalmente trabajada con textos votivos y la imagen de Amosis adorando unos cartuchos, pero hoy en dia es dificilmente visible.<\/p>\n<p align=\"justify\"><strong>Pasillo de Entrada<\/strong>: En ambas paredes, se ve a Amosis en actitud de adoraci\u00f3n acompa\u00f1ado de los s\u00edmbolos de sus cargos, perteneciendo los textos a una versi\u00f3n abreviada del Himno de At\u00f3n. A\u00fan se aprecian porciones pintadas en el techo de este pasillo.<\/p>\n<p align=\"justify\"><strong>Antec\u00e1mara<\/strong>: Dada la poca calidad de la roca donde fue excavada la tumba, las paredes fueron recubiertas de yeso para su decoraci\u00f3n. As\u00ed, el esquema de la decoraci\u00f3n fue dibujado en rojo, y despu\u00e9s esculpido.<\/p>\n<p align=\"justify\">En la pared de la derecha, s\u00f3lo perduran restos de pintura con las im\u00e1genes del rey la reina y tres princesas adorando a At\u00f3n. En la pared de la izquierda, la decoraci\u00f3n se aprecia gracias a las l\u00edneas maestras rojas del dibujo, y parcialmente esculpidas en la roca. y en el yeso. En el registro superior se representa una visita real al Gran Templo de At\u00f3n representado esquem\u00e1ticamente en el extremo de la izquierda.<\/p>\n<p align=\"justify\">Remarcar en esta vista del Gran Templo de At\u00f3n, la representaci\u00f3n de estatuas de los reyes adosadas a algunas de las columnas y al altar principal situado en medio del recinto que contiene a otros altares menores y capillas laterales con puertas. Justo enfrente del templo hay dos filas de musicos sentados. Tras el templo est\u00e1 la sala de sacrificios de animales y a su derecha, una plataforma soportando la sagrada piedra Ben-Ben.<\/p>\n<p align=\"justify\">M\u00e1s all\u00e1, se aprecian cuaatro filas de soldados en dos grupos, precediendo al carro real. Un trompeta se mantiene al frente entre los dos grupos. Un oficial con bast\u00f3n corre al final de cada fila, cada una de las cuales contiene soldados Egipcios al frente, seguidos de mercenarios Sirios, Libios y Nubios, llevando algunos de estos soldados unos estandartes.<\/p>\n<p align=\"justify\">El registro inferior apenas muestra una zona al final de su extremo izquierdo, representando la Residencia Real en la Ciudad Central de Ajetat\u00f3n. A la derecha hay trazos que permiten adivinar una representaci\u00f3n a gran escala de Ajenat\u00f3n y Nefertiti (acompa\u00f1ada de dos hijas) sentados y comiendo carne.<\/p>\n<p align=\"justify\"><strong>C\u00e1mara mortuoria<\/strong>: Esta c\u00e1mara est\u00e1 situada transversalmente al eje de la tumba y no est\u00e1 decorada. Contiene dos depresiones de cripta (una conclusa y otra inconclusa) en los extremos de la c\u00e1mara.<\/p>\n<p align=\"justify\"><strong>Capilla<\/strong>: Una capilla sin decorar remata la tumba. Una estatua sedente de Amosis fue excavada en la pared del fondo, pero hoy en dia est\u00e1 muy mutilada. Remarcar la existencia a la entrada de la capilla de un par de agujeros amodo de bisagras, lo que muestra que esta capilla pudo estar cerrada por dos puertas de madera.<\/p>\n<p align=\"justify\">Hasta cincuenta y nueve graffitis en griego del periodo Ptolemaico se pueden encontrar en esta tumba.<\/p>\n","protected":false},"excerpt":{"rendered":"<p>Miguel \u00c1ngel D\u00edaz &#8211; Noviembre de 2000 La Tumba del Secretario privado del Rey y Portaabanicos a la derecha del Rey, Amosis es al igual que la de Pentu (TA5), es de las menos pretenciosas de las Necr\u00f3polis de Amarna. Sin embargo, la falta de columnas queda compensado con el fino trabajo de tallado de la tumba. Decoraci\u00f3n de la&#8230;<\/p>\n<p class=\"continue-reading-button\"> <a class=\"continue-reading-link\" href=\"http:\/\/amigosdelantiguoegipto.com\/?page_id=1879\">Seguir leyendo<i class=\"crycon-right-dir\"><\/i><\/a><\/p>\n","protected":false},"author":1,"featured_media":0,"parent":0,"menu_order":0,"comment_status":"closed","ping_status":"closed","template":"","meta":{"ngg_post_thumbnail":0},"_links":{"self":[{"href":"http:\/\/amigosdelantiguoegipto.com\/index.php?rest_route=\/wp\/v2\/pages\/1879"}],"collection":[{"href":"http:\/\/amigosdelantiguoegipto.com\/index.php?rest_route=\/wp\/v2\/pages"}],"about":[{"href":"http:\/\/amigosdelantiguoegipto.com\/index.php?rest_route=\/wp\/v2\/types\/page"}],"author":[{"embeddable":true,"href":"http:\/\/amigosdelantiguoegipto.com\/index.php?rest_route=\/wp\/v2\/users\/1"}],"replies":[{"embeddable":true,"href":"http:\/\/amigosdelantiguoegipto.com\/index.php?rest_route=%2Fwp%2Fv2%2Fcomments&post=1879"}],"version-history":[{"count":0,"href":"http:\/\/amigosdelantiguoegipto.com\/index.php?rest_route=\/wp\/v2\/pages\/1879\/revisions"}],"wp:attachment":[{"href":"http:\/\/amigosdelantiguoegipto.com\/index.php?rest_route=%2Fwp%2Fv2%2Fmedia&parent=1879"}],"curies":[{"name":"wp","href":"https:\/\/api.w.org\/{rel}","templated":true}]}}