{"id":180,"date":"2007-12-06T18:23:16","date_gmt":"2007-12-06T18:23:16","guid":{"rendered":"http:\/\/www.amigosdelantiguoegipto.com\/ceip-profesor-tierno-galvan-2007-2008\/"},"modified":"2014-06-29T07:07:28","modified_gmt":"2014-06-29T07:07:28","slug":"ceip-profesor-tierno-galvan-2007-2008","status":"publish","type":"page","link":"http:\/\/amigosdelantiguoegipto.com\/?page_id=180","title":{"rendered":"CEIP Profesor Tierno Galv\u00e1n (2007-2008)"},"content":{"rendered":"<p><a href=\"http:\/\/amigosdelantiguoegipto.com\/?p=8580%20\">Trabajos en Colegios e Instituciones<\/a><\/p>\n<p style=\"text-align: right;\"><span class=\"createby\">Francisco Garc\u00eda Jim\u00e9nez<\/span>&#8211; Diciembre de 2007<\/p>\n<h2 style=\"text-align: center;\">CEIP Profesor Tierno Galv\u00e1n (Granada)<\/h2>\n<p>&#8211; <a href=\"http:\/\/www.juntadeandalucia.es\/averroes\/~18003703\/\" target=\"_blank\">Sitio web CEIP Profesor Tierno Galv\u00e1n<\/a><\/p>\n<p>Dibujos sobre el Antiguo Egipto realizados por los alumnos de 4\u00ba de Primaria durante el curso escolar 2007-2008.<\/p>\n<p class=\"centrar\">Alejandro Contreras Garc\u00eda 9 a\u00f1os (Granada &#8211; Espa\u00f1a)<\/p>\n<div class=\"mosimage\" style=\"float: center;\" align=\"center\">\n<div id=\"attachment_173\" style=\"width: 710px\" class=\"wp-caption aligncenter\"><img aria-describedby=\"caption-attachment-173\" decoding=\"async\" loading=\"lazy\" class=\"wp-image-173 size-full\" title=\"Pir\u00e1mides del desierto\" src=\"http:\/\/amigosdelantiguoegipto.com\/wp-content\/uploads\/varios\/colegios\/2007\/12\/alejandro-contreras-garcia.jpg\" alt=\"Pir\u00e1mides del desierto\" width=\"700\" height=\"506\" border=\"0\" hspace=\"6\" \/><p id=\"caption-attachment-173\" class=\"wp-caption-text\">Pir\u00e1mides del desierto<\/p><\/div>\n<\/div>\n<p class=\"centrar\">Andrea S\u00e1nchez Molina 9 a\u00f1os (Granada &#8211; Espa\u00f1a)<\/p>\n<div class=\"mosimage\" style=\"float: center;\" align=\"center\">\n<div id=\"attachment_174\" style=\"width: 710px\" class=\"wp-caption aligncenter\"><img aria-describedby=\"caption-attachment-174\" decoding=\"async\" loading=\"lazy\" class=\"wp-image-174 size-full\" title=\"Las Pir\u00e1mides antiguas\" src=\"http:\/\/amigosdelantiguoegipto.com\/wp-content\/uploads\/varios\/colegios\/2007\/12\/andrea-sanchez-molina.jpg\" alt=\"Las Pir\u00e1mides antiguas\" width=\"700\" height=\"483\" border=\"0\" hspace=\"6\" \/><p id=\"caption-attachment-174\" class=\"wp-caption-text\">Las Pir\u00e1mides antiguas<\/p><\/div>\n<\/div>\n<p class=\"centrar\">Jes\u00fas Castillo Garc\u00eda 9 a\u00f1os (Granada &#8211; Espa\u00f1a)<\/p>\n<div class=\"mosimage\" style=\"float: center;\" align=\"center\">\n<div id=\"attachment_175\" style=\"width: 710px\" class=\"wp-caption aligncenter\"><img aria-describedby=\"caption-attachment-175\" decoding=\"async\" loading=\"lazy\" class=\"wp-image-175 size-full\" title=\"Las pir\u00e1mides m\u00e1gicas\" src=\"http:\/\/amigosdelantiguoegipto.com\/wp-content\/uploads\/varios\/colegios\/2007\/12\/jesus-castillo-garcia.jpg\" alt=\"Las pir\u00e1mides m\u00e1gicas\" width=\"700\" height=\"478\" border=\"0\" hspace=\"6\" \/><p id=\"caption-attachment-175\" class=\"wp-caption-text\">Las pir\u00e1mides m\u00e1gicas<\/p><\/div>\n<\/div>\n<p class=\"centrar\">Manuel Puentedeume Ram\u00f3n 9 a\u00f1os (Granada &#8211; Espa\u00f1a)<\/p>\n<div class=\"mosimage\" style=\"float: center;\" align=\"center\">\n<div id=\"attachment_176\" style=\"width: 710px\" class=\"wp-caption aligncenter\"><img aria-describedby=\"caption-attachment-176\" decoding=\"async\" loading=\"lazy\" class=\"wp-image-176 size-full\" title=\"Egipto legendario\" src=\"http:\/\/amigosdelantiguoegipto.com\/wp-content\/uploads\/varios\/colegios\/2007\/12\/manuel-puentedeume-ramon.jpg\" alt=\"Egipto legendario\" width=\"700\" height=\"507\" border=\"0\" hspace=\"6\" \/><p id=\"caption-attachment-176\" class=\"wp-caption-text\">Egipto legendario<\/p><\/div>\n<\/div>\n<p class=\"centrar\">Natalia Garc\u00eda Villar 9 a\u00f1os (Granada &#8211; Espa\u00f1a)<\/p>\n<div class=\"mosimage\" style=\"float: center;\" align=\"center\">\n<div id=\"attachment_177\" style=\"width: 710px\" class=\"wp-caption aligncenter\"><img aria-describedby=\"caption-attachment-177\" decoding=\"async\" loading=\"lazy\" class=\"wp-image-177 size-full\" title=\"El paseo del fara\u00f3n\" src=\"http:\/\/amigosdelantiguoegipto.com\/wp-content\/uploads\/varios\/colegios\/2007\/12\/natalia-garcia-villar.jpg\" alt=\"El paseo del fara\u00f3n\" width=\"700\" height=\"572\" border=\"0\" hspace=\"6\" \/><p id=\"caption-attachment-177\" class=\"wp-caption-text\">El paseo del fara\u00f3n<\/p><\/div>\n<\/div>\n<p class=\"centrar\">Susana Sanabria Carrascal 9 a\u00f1os (Granada &#8211; Espa\u00f1a)<\/p>\n<div class=\"mosimage\" style=\"float: center;\" align=\"center\">\n<div id=\"attachment_178\" style=\"width: 710px\" class=\"wp-caption aligncenter\"><img aria-describedby=\"caption-attachment-178\" decoding=\"async\" loading=\"lazy\" class=\"wp-image-178 size-full\" title=\"Gizeh\" src=\"http:\/\/amigosdelantiguoegipto.com\/wp-content\/uploads\/varios\/colegios\/2007\/12\/susana-sanabria-carrascal.jpg\" alt=\"Gizeh\" width=\"700\" height=\"497\" border=\"0\" hspace=\"6\" \/><p id=\"caption-attachment-178\" class=\"wp-caption-text\">Gizeh<\/p><\/div>\n<\/div>\n<p class=\"centrar\">Rodrigo Marfil Gal\u00e1n 9 a\u00f1os (Granada &#8211; Espa\u00f1a)<\/p>\n<div class=\"mosimage\" style=\"float: center;\" align=\"center\">\n<div id=\"attachment_179\" style=\"width: 710px\" class=\"wp-caption aligncenter\"><img aria-describedby=\"caption-attachment-179\" decoding=\"async\" loading=\"lazy\" class=\"wp-image-179 size-full\" title=\"La Pir\u00e1mide Divina\" src=\"http:\/\/amigosdelantiguoegipto.com\/wp-content\/uploads\/varios\/colegios\/2007\/12\/rodrigo-marfin-galan.jpg\" alt=\"La Pir\u00e1mide Divina\" width=\"700\" height=\"495\" border=\"0\" hspace=\"6\" \/><p id=\"caption-attachment-179\" class=\"wp-caption-text\">La Pir\u00e1mide Divina<\/p><\/div>\n<\/div>\n","protected":false},"excerpt":{"rendered":"<p>Trabajos en Colegios e Instituciones Francisco Garc\u00eda Jim\u00e9nez&#8211; Diciembre de 2007 CEIP Profesor Tierno Galv\u00e1n (Granada) &#8211; Sitio web CEIP Profesor Tierno Galv\u00e1n Dibujos sobre el Antiguo Egipto realizados por los alumnos de 4\u00ba de Primaria durante el curso escolar 2007-2008. Alejandro Contreras Garc\u00eda 9 a\u00f1os (Granada &#8211; Espa\u00f1a) Andrea S\u00e1nchez Molina 9 a\u00f1os (Granada &#8211; Espa\u00f1a) Jes\u00fas Castillo Garc\u00eda&#8230;<\/p>\n<p class=\"continue-reading-button\"> <a class=\"continue-reading-link\" href=\"http:\/\/amigosdelantiguoegipto.com\/?page_id=180\">Seguir leyendo<i class=\"crycon-right-dir\"><\/i><\/a><\/p>\n","protected":false},"author":1,"featured_media":0,"parent":0,"menu_order":7,"comment_status":"closed","ping_status":"closed","template":"","meta":{"ngg_post_thumbnail":0},"_links":{"self":[{"href":"http:\/\/amigosdelantiguoegipto.com\/index.php?rest_route=\/wp\/v2\/pages\/180"}],"collection":[{"href":"http:\/\/amigosdelantiguoegipto.com\/index.php?rest_route=\/wp\/v2\/pages"}],"about":[{"href":"http:\/\/amigosdelantiguoegipto.com\/index.php?rest_route=\/wp\/v2\/types\/page"}],"author":[{"embeddable":true,"href":"http:\/\/amigosdelantiguoegipto.com\/index.php?rest_route=\/wp\/v2\/users\/1"}],"replies":[{"embeddable":true,"href":"http:\/\/amigosdelantiguoegipto.com\/index.php?rest_route=%2Fwp%2Fv2%2Fcomments&post=180"}],"version-history":[{"count":0,"href":"http:\/\/amigosdelantiguoegipto.com\/index.php?rest_route=\/wp\/v2\/pages\/180\/revisions"}],"wp:attachment":[{"href":"http:\/\/amigosdelantiguoegipto.com\/index.php?rest_route=%2Fwp%2Fv2%2Fmedia&parent=180"}],"curies":[{"name":"wp","href":"https:\/\/api.w.org\/{rel}","templated":true}]}}