{"id":18,"date":"2009-06-21T18:10:42","date_gmt":"2009-06-21T18:10:42","guid":{"rendered":"http:\/\/www.amigosdelantiguoegipto.com\/alberto-duran-casal\/"},"modified":"2014-06-28T10:41:34","modified_gmt":"2014-06-28T10:41:34","slug":"alberto-duran-casal","status":"publish","type":"page","link":"http:\/\/amigosdelantiguoegipto.com\/?page_id=18","title":{"rendered":"Dibujos de Alberto Dur\u00e1n Casal"},"content":{"rendered":"<p class=\"centrar\"><a href=\"http:\/\/amigosdelantiguoegipto.com\/?p=8325\">Tus dibujos de 0 a 7 a\u00f1os <\/a><\/p>\n<p class=\"centrar\" style=\"text-align: right;\">Alberto Dur\u00e1n Casal 7 a\u00f1os (Vigo) &#8211;\u00a0<span class=\"createdate\">Junio de 2009 <\/span><\/p>\n<div style=\"width: 710px\" class=\"wp-caption aligncenter\"><img decoding=\"async\" loading=\"lazy\" class=\"caption\" title=\"Tutankamon\" src=\"http:\/\/www.amigosdelantiguoegipto.com\/wp-content\/uploads\/varios\/2009\/06\/alberto_duran_casal.jpg\" alt=\"Tutankamon\" width=\"700\" height=\"984\" \/><p class=\"wp-caption-text\">Tutankamon<\/p><\/div>\n","protected":false},"excerpt":{"rendered":"<p>Tus dibujos de 0 a 7 a\u00f1os Alberto Dur\u00e1n Casal 7 a\u00f1os (Vigo) &#8211;\u00a0Junio de 2009<\/p>\n<p class=\"continue-reading-button\"> <a class=\"continue-reading-link\" href=\"http:\/\/amigosdelantiguoegipto.com\/?page_id=18\">Seguir leyendo<i class=\"crycon-right-dir\"><\/i><\/a><\/p>\n","protected":false},"author":1,"featured_media":0,"parent":0,"menu_order":8,"comment_status":"closed","ping_status":"closed","template":"","meta":{"ngg_post_thumbnail":0},"_links":{"self":[{"href":"http:\/\/amigosdelantiguoegipto.com\/index.php?rest_route=\/wp\/v2\/pages\/18"}],"collection":[{"href":"http:\/\/amigosdelantiguoegipto.com\/index.php?rest_route=\/wp\/v2\/pages"}],"about":[{"href":"http:\/\/amigosdelantiguoegipto.com\/index.php?rest_route=\/wp\/v2\/types\/page"}],"author":[{"embeddable":true,"href":"http:\/\/amigosdelantiguoegipto.com\/index.php?rest_route=\/wp\/v2\/users\/1"}],"replies":[{"embeddable":true,"href":"http:\/\/amigosdelantiguoegipto.com\/index.php?rest_route=%2Fwp%2Fv2%2Fcomments&post=18"}],"version-history":[{"count":0,"href":"http:\/\/amigosdelantiguoegipto.com\/index.php?rest_route=\/wp\/v2\/pages\/18\/revisions"}],"wp:attachment":[{"href":"http:\/\/amigosdelantiguoegipto.com\/index.php?rest_route=%2Fwp%2Fv2%2Fmedia&parent=18"}],"curies":[{"name":"wp","href":"https:\/\/api.w.org\/{rel}","templated":true}]}}