{"id":16671,"date":"2014-07-26T14:37:55","date_gmt":"2014-07-26T14:37:55","guid":{"rendered":"http:\/\/amigosdelantiguoegipto.com\/?page_id=16671"},"modified":"2020-11-20T08:13:01","modified_gmt":"2020-11-20T08:13:01","slug":"efemerides-egiptologicas-alexander-henry-rhind","status":"publish","type":"page","link":"http:\/\/amigosdelantiguoegipto.com\/?page_id=16671","title":{"rendered":"Grandes egipt\u00f3logos \u2013 Alexander Henry Rhind"},"content":{"rendered":"<p style=\"text-align: justify;\">El 26 de julio de 1833 naci\u00f3 en la localidad escocesa de Wick, Alexander Henry Rhind, egipt\u00f3logo, adem\u00e1s de abogado, historiador y arque\u00f3logo. Formado en la Universidad de Edimburgo y muy aficionado a las antig\u00fcedades, comenz\u00f3 sus trabajos de campo en Escocia y luego en Egipto, pa\u00eds al que viaj\u00f3 en 1855, despu\u00e9s de abandonar Escocia por motivos de salud. Ya en Egipto realiz\u00f3 varias excavaciones en la zona de Tebas durante los dos primeros a\u00f1os de su estancia. Sin ser un egipt\u00f3logo especialmente destacado, si fueron importantes sus t\u00e9cnicas cient\u00edficas y la metodolog\u00eda adaptada a las excavaciones arqueol\u00f3gicas que desarroll\u00f3 a lo largo de su corta trayectoria arqueol\u00f3gica.<\/p>\n<div id=\"attachment_17404\" style=\"width: 265px\" class=\"wp-caption alignright\"><img aria-describedby=\"caption-attachment-17404\" decoding=\"async\" loading=\"lazy\" class=\"wp-image-17404 \" title=\"Alexander Rhind\" src=\"http:\/\/amigosdelantiguoegipto.com\/wp-content\/uploads\/2014\/07\/rhind01.jpg\" alt=\"Alexander Rhind\" width=\"255\" height=\"340\" srcset=\"http:\/\/amigosdelantiguoegipto.com\/wp-content\/uploads\/2014\/07\/rhind01.jpg 576w, http:\/\/amigosdelantiguoegipto.com\/wp-content\/uploads\/2014\/07\/rhind01-225x300.jpg 225w, http:\/\/amigosdelantiguoegipto.com\/wp-content\/uploads\/2014\/07\/rhind01-112x150.jpg 112w\" sizes=\"(max-width: 255px) 100vw, 255px\" \/><p id=\"caption-attachment-17404\" class=\"wp-caption-text\">Alexander Rhind<\/p><\/div>\n<p style=\"text-align: justify;\">Alexander Rhind es sobre todo conocido por adquirir en 1858 el papiro de Ahmes, conocido como Papiro Rhind, la mejor fuente de conocimiento de las matem\u00e1ticas egipcias. Posteriormente tambi\u00e9n adquiri\u00f3 el Rollo matem\u00e1tico de cuero \u201cEMLR\u201d (Egyptian Mathematical Leather Roll). Es posible que ambos objetos, en el Museo Brit\u00e1nico desde el siglo XIX, procedan de excavaciones ilegales realizadas en el Ramesseum por contrabandistas egipcios.<\/p>\n<p style=\"text-align: justify;\">El 3 de julio de 1863, sin llegar a cumplir los 30 a\u00f1os, Alexander Henry Rhind falleci\u00f3 en la ciudad italiana de La Majolica, legandosu biblioteca, compuesta por unos 1.600 vol\u00famenes, y una cantidad en efectivo a la Sociedad de Anticuarios de Escocia. Adem\u00e1s dej\u00f3 legados para la creaci\u00f3n de becas en la Universidad de Edimburgo y para establecer en Sibster una Fundaci\u00f3n dedicada a la difusi\u00f3n de la arqueolog\u00eda por medio de conferencias, que se conocen popularmente como \u201cRhind lectures\u201d.<\/p>\n<p style=\"text-align: justify;\">Su obra m\u00e1s importante es \u201cThebes: its tombs and their tenants, ancient and present. A record of excavations in the necropolis\u201d publicada en 1862. El libro se centra en los trabajos que desarroll\u00f3 en el emplazamiento de Tebas durante los a\u00f1os 1855 a 1857 y en especial en la tumba intacta de un funcionario de la XVIII dinast\u00eda. En el libro tambi\u00e9n habla del reutilizamiento de las tumbas por los campesinos de la zona y un floreciente mercado de antig\u00fcedades. Por desgracia pasados 150 a\u00f1os de la publicaci\u00f3n, en algunas zonas de la antigua Tebas todav\u00eda se constru\u00edan casas encima de antiguas tumbas y los lugare\u00f1os acced\u00edan a ellas en busca de \u201crecuerdos\u201d arqueol\u00f3gicos. Era m\u00e1s f\u00e1cil coger un objeto y venderlo a un turista que hacer una r\u00e9plica.<\/p>\n<p style=\"text-align: justify;\">Puede encontrarse una versi\u00f3n digital de esta obra, para lectura online o descarga, en<\/p>\n<p style=\"text-align: justify;\"><a href=\"https:\/\/archive.org\/details\/thebesitstombsth00rhiniala\" target=\"_blank\" rel=\"noopener noreferrer\">https:\/\/archive.org\/details\/thebesitstombsth00rhiniala<\/a><\/p>\n<p style=\"text-align: justify;\">Se puede encontrar un cap\u00edtulo dedicado al papiro Rhind, con im\u00e1genes y resoluci\u00f3n de los problemas, dentro de un trabajo sobre matem\u00e1ticas egipcias en<\/p>\n<p style=\"text-align: justify;\">Resoluci\u00f3n de problemas: <a href=\"http:\/\/www.egiptologia.org\/ciencia\/matematicas\/papiro_rhind.htm\" target=\"_blank\" rel=\"noopener noreferrer\">http:\/\/www.egiptologia.org\/ciencia\/matematicas\/papiro_rhind.htm<\/a><\/p>\n<p style=\"text-align: justify;\">Im\u00e1genes: <a href=\"http:\/\/www.egiptologia.org\/ciencia\/matematicas\/imag_rhind\/default.htm\" target=\"_blank\" rel=\"noopener noreferrer\">http:\/\/www.egiptologia.org\/ciencia\/matematicas\/imag_rhind\/default.htm<\/a><\/p>\n<div id=\"attachment_17406\" style=\"width: 803px\" class=\"wp-caption aligncenter\"><a href=\"http:\/\/amigosdelantiguoegipto.com\/wp-content\/uploads\/2014\/07\/problemas-56-a-60-Pendientes-alturas-y-bases-de-pir\u00e1mide.jpg\" target=\"_blank\" rel=\"noopener noreferrer\"><img aria-describedby=\"caption-attachment-17406\" decoding=\"async\" loading=\"lazy\" class=\"wp-image-17406 size-full\" title=\"Problemas 56 a 60 relativos a pendientes, alturas y bases de pir\u00e1mides.\" src=\"http:\/\/amigosdelantiguoegipto.com\/wp-content\/uploads\/2014\/07\/problemas-56-a-60-Pendientes-alturas-y-bases-de-pir\u00e1mide.jpg\" alt=\"Problemas 56 a 60 relativos a pendientes, alturas y bases de pir\u00e1mides.\" width=\"793\" height=\"757\" srcset=\"http:\/\/amigosdelantiguoegipto.com\/wp-content\/uploads\/2014\/07\/problemas-56-a-60-Pendientes-alturas-y-bases-de-pir\u00e1mide.jpg 793w, http:\/\/amigosdelantiguoegipto.com\/wp-content\/uploads\/2014\/07\/problemas-56-a-60-Pendientes-alturas-y-bases-de-pir\u00e1mide-300x286.jpg 300w, http:\/\/amigosdelantiguoegipto.com\/wp-content\/uploads\/2014\/07\/problemas-56-a-60-Pendientes-alturas-y-bases-de-pir\u00e1mide-150x143.jpg 150w\" sizes=\"(max-width: 793px) 100vw, 793px\" \/><\/a><p id=\"caption-attachment-17406\" class=\"wp-caption-text\">Problemas 56 a 60 relativos a pendientes, alturas y bases de pir\u00e1mides.<\/p><\/div>\n<div id=\"attachment_17405\" style=\"width: 685px\" class=\"wp-caption aligncenter\"><a href=\"http:\/\/amigosdelantiguoegipto.com\/wp-content\/uploads\/2014\/07\/papiro-rhind-tabla-de-fracciones-dobles.jpg\" target=\"_blank\" rel=\"noopener noreferrer\"><img aria-describedby=\"caption-attachment-17405\" decoding=\"async\" loading=\"lazy\" class=\"wp-image-17405 size-full\" title=\"Tabla de fracciones dobles.\" src=\"http:\/\/amigosdelantiguoegipto.com\/wp-content\/uploads\/2014\/07\/papiro-rhind-tabla-de-fracciones-dobles.jpg\" alt=\"Tabla de fracciones dobles.\" width=\"675\" height=\"805\" srcset=\"http:\/\/amigosdelantiguoegipto.com\/wp-content\/uploads\/2014\/07\/papiro-rhind-tabla-de-fracciones-dobles.jpg 675w, http:\/\/amigosdelantiguoegipto.com\/wp-content\/uploads\/2014\/07\/papiro-rhind-tabla-de-fracciones-dobles-251x300.jpg 251w, http:\/\/amigosdelantiguoegipto.com\/wp-content\/uploads\/2014\/07\/papiro-rhind-tabla-de-fracciones-dobles-125x150.jpg 125w\" sizes=\"(max-width: 675px) 100vw, 675px\" \/><\/a><p id=\"caption-attachment-17405\" class=\"wp-caption-text\">Tabla de fracciones dobles.<\/p><\/div>\n<p>&nbsp;<\/p>\n","protected":false},"excerpt":{"rendered":"<p>El 26 de julio de 1833 naci\u00f3 en la localidad escocesa de Wick, Alexander Henry Rhind, egipt\u00f3logo, adem\u00e1s de abogado, historiador y arque\u00f3logo. Formado en la Universidad de Edimburgo y muy aficionado a las antig\u00fcedades, comenz\u00f3 sus trabajos de campo en Escocia y luego en Egipto, pa\u00eds al que viaj\u00f3 en 1855, despu\u00e9s de abandonar Escocia por motivos de salud&#8230;.<\/p>\n<p class=\"continue-reading-button\"> <a class=\"continue-reading-link\" href=\"http:\/\/amigosdelantiguoegipto.com\/?page_id=16671\">Seguir leyendo<i class=\"crycon-right-dir\"><\/i><\/a><\/p>\n","protected":false},"author":1,"featured_media":0,"parent":0,"menu_order":0,"comment_status":"closed","ping_status":"closed","template":"","meta":{"ngg_post_thumbnail":0},"_links":{"self":[{"href":"http:\/\/amigosdelantiguoegipto.com\/index.php?rest_route=\/wp\/v2\/pages\/16671"}],"collection":[{"href":"http:\/\/amigosdelantiguoegipto.com\/index.php?rest_route=\/wp\/v2\/pages"}],"about":[{"href":"http:\/\/amigosdelantiguoegipto.com\/index.php?rest_route=\/wp\/v2\/types\/page"}],"author":[{"embeddable":true,"href":"http:\/\/amigosdelantiguoegipto.com\/index.php?rest_route=\/wp\/v2\/users\/1"}],"replies":[{"embeddable":true,"href":"http:\/\/amigosdelantiguoegipto.com\/index.php?rest_route=%2Fwp%2Fv2%2Fcomments&post=16671"}],"version-history":[{"count":1,"href":"http:\/\/amigosdelantiguoegipto.com\/index.php?rest_route=\/wp\/v2\/pages\/16671\/revisions"}],"predecessor-version":[{"id":21595,"href":"http:\/\/amigosdelantiguoegipto.com\/index.php?rest_route=\/wp\/v2\/pages\/16671\/revisions\/21595"}],"wp:attachment":[{"href":"http:\/\/amigosdelantiguoegipto.com\/index.php?rest_route=%2Fwp%2Fv2%2Fmedia&parent=16671"}],"curies":[{"name":"wp","href":"https:\/\/api.w.org\/{rel}","templated":true}]}}