{"id":15,"date":"2005-04-06T01:00:00","date_gmt":"2005-04-06T01:00:00","guid":{"rendered":"http:\/\/www.amigosdelantiguoegipto.com\/virgina-garcia\/"},"modified":"2014-07-02T19:31:48","modified_gmt":"2014-07-02T19:31:48","slug":"virgina-garcia","status":"publish","type":"page","link":"http:\/\/amigosdelantiguoegipto.com\/?page_id=15","title":{"rendered":"Dibujos de Virgina Garc\u00eda"},"content":{"rendered":"<p class=\"centrar\"><a href=\"http:\/\/amigosdelantiguoegipto.com\/?p=8324%20\">Tus dibujos de 8 a 12 a\u00f1os<\/a><\/p>\n<p class=\"centrar\" style=\"text-align: right;\">Virgina Garc\u00eda 10 a\u00f1os (Madrid &#8211; Espa\u00f1a) &#8211; <span class=\"createdate\">Abril de 2005<\/span><\/p>\n<div class=\"mosimage\" align=\"center\">\n<div id=\"attachment_11\" style=\"width: 710px\" class=\"wp-caption aligncenter\"><img aria-describedby=\"caption-attachment-11\" decoding=\"async\" loading=\"lazy\" class=\"wp-image-11 size-full\" title=\"La gran pir\u00e1mide\" src=\"http:\/\/www.amigosdelantiguoegipto.com\/wp-content\/uploads\/varios\/dibujos8-12\/2005\/04\/virginia_egipto_04.jpg\" alt=\"La gran pir\u00e1mide\" width=\"700\" height=\"506\" border=\"0\" hspace=\"6\" \/><p id=\"caption-attachment-11\" class=\"wp-caption-text\">La gran pir\u00e1mide<\/p><\/div>\n<\/div>\n<div class=\"mosimage\" align=\"center\">\n<div id=\"attachment_12\" style=\"width: 710px\" class=\"wp-caption aligncenter\"><img aria-describedby=\"caption-attachment-12\" decoding=\"async\" loading=\"lazy\" class=\"wp-image-12 size-full\" title=\"Agricultura y pesca\" src=\"http:\/\/www.amigosdelantiguoegipto.com\/wp-content\/uploads\/varios\/dibujos8-12\/2005\/04\/virginia_egipto_03.jpg\" alt=\"Agricultura y pesca\" width=\"700\" height=\"509\" border=\"0\" hspace=\"6\" \/><p id=\"caption-attachment-12\" class=\"wp-caption-text\">Agricultura y pesca<\/p><\/div>\n<\/div>\n<p class=\"centrar\" style=\"text-align: right;\">Virgina Garc\u00eda 9 a\u00f1os (Madrid &#8211; Espa\u00f1a)<\/p>\n<div class=\"mosimage\" align=\"center\">\n<div id=\"attachment_13\" style=\"width: 710px\" class=\"wp-caption aligncenter\"><img aria-describedby=\"caption-attachment-13\" decoding=\"async\" loading=\"lazy\" class=\"wp-image-13 size-full\" title=\"Anubis vence al escorpi\u00f3n\" src=\"http:\/\/www.amigosdelantiguoegipto.com\/wp-content\/uploads\/varios\/dibujos8-12\/2005\/04\/virginia_egipto_02.jpg\" alt=\"Anubis vence al escorpi\u00f3n\" width=\"700\" height=\"493\" border=\"0\" hspace=\"6\" \/><p id=\"caption-attachment-13\" class=\"wp-caption-text\">Anubis vence al escorpi\u00f3n<\/p><\/div>\n<\/div>\n<div class=\"mosimage\" align=\"center\">\n<div id=\"attachment_14\" style=\"width: 710px\" class=\"wp-caption aligncenter\"><img aria-describedby=\"caption-attachment-14\" decoding=\"async\" loading=\"lazy\" class=\"wp-image-14 size-full\" title=\"El vigilante de las pir\u00e1mides\" src=\"http:\/\/www.amigosdelantiguoegipto.com\/wp-content\/uploads\/varios\/dibujos8-12\/2005\/04\/virginia.jpg\" alt=\"El vigilante de las pir\u00e1mides\" width=\"700\" height=\"512\" border=\"0\" hspace=\"6\" \/><p id=\"caption-attachment-14\" class=\"wp-caption-text\">El vigilante de las pir\u00e1mides<\/p><\/div>\n<\/div>\n","protected":false},"excerpt":{"rendered":"<p>Tus dibujos de 8 a 12 a\u00f1os Virgina Garc\u00eda 10 a\u00f1os (Madrid &#8211; Espa\u00f1a) &#8211; Abril de 2005 Virgina Garc\u00eda 9 a\u00f1os (Madrid &#8211; Espa\u00f1a)<\/p>\n<p class=\"continue-reading-button\"> <a class=\"continue-reading-link\" href=\"http:\/\/amigosdelantiguoegipto.com\/?page_id=15\">Seguir leyendo<i class=\"crycon-right-dir\"><\/i><\/a><\/p>\n","protected":false},"author":1,"featured_media":0,"parent":0,"menu_order":5,"comment_status":"closed","ping_status":"closed","template":"","meta":{"ngg_post_thumbnail":0},"_links":{"self":[{"href":"http:\/\/amigosdelantiguoegipto.com\/index.php?rest_route=\/wp\/v2\/pages\/15"}],"collection":[{"href":"http:\/\/amigosdelantiguoegipto.com\/index.php?rest_route=\/wp\/v2\/pages"}],"about":[{"href":"http:\/\/amigosdelantiguoegipto.com\/index.php?rest_route=\/wp\/v2\/types\/page"}],"author":[{"embeddable":true,"href":"http:\/\/amigosdelantiguoegipto.com\/index.php?rest_route=\/wp\/v2\/users\/1"}],"replies":[{"embeddable":true,"href":"http:\/\/amigosdelantiguoegipto.com\/index.php?rest_route=%2Fwp%2Fv2%2Fcomments&post=15"}],"version-history":[{"count":0,"href":"http:\/\/amigosdelantiguoegipto.com\/index.php?rest_route=\/wp\/v2\/pages\/15\/revisions"}],"wp:attachment":[{"href":"http:\/\/amigosdelantiguoegipto.com\/index.php?rest_route=%2Fwp%2Fv2%2Fmedia&parent=15"}],"curies":[{"name":"wp","href":"https:\/\/api.w.org\/{rel}","templated":true}]}}