{"id":12617,"date":"2009-01-31T19:14:36","date_gmt":"2009-01-31T19:14:36","guid":{"rendered":"http:\/\/amigosdelantiguoegipto.com\/richard-wilkinson\/"},"modified":"2014-07-04T07:02:35","modified_gmt":"2014-07-04T07:02:35","slug":"richard-wilkinson","status":"publish","type":"page","link":"http:\/\/amigosdelantiguoegipto.com\/?page_id=12617","title":{"rendered":"Richard H. Wilkinson"},"content":{"rendered":"<p style=\"text-align: justify;\"><a href=\"http:\/\/amigosdelantiguoegipto.com\/?p=12624\">Entrevistas a egipt\u00f3logos<\/a><\/p>\n<p style=\"text-align: right;\">Nacho Ares &#8211; Enero <span class=\"createdate\">de 2009<\/span><\/p>\n<p style=\"text-align: justify;\"><strong>El Dr. Wilkinson (Universidad de Arizona, Estados Unidos) es muy conocido para todos aquellos aficionados a la arqueolog\u00eda por sus libros.<\/strong><br \/>\nAlgunos de los t\u00edtulos se han convertido en verdaderos cl\u00e1sicos de la egiptolog\u00eda como Todos los templos de Egipto, Todos los dioses de Egipto, C\u00f3mo leer el arte egipcio, o Todo el Valle de los Reyes, escrito junto a Nicholas Reeves.<br \/>\nEntrevista realizada en Luxor el 5 de enero de 2009<\/p>\n<div id=\"attachment_32\" style=\"width: 410px\" class=\"wp-caption aligncenter\"><img aria-describedby=\"caption-attachment-32\" decoding=\"async\" loading=\"lazy\" class=\"wp-image-32 size-full\" src=\"http:\/\/amigosdelantiguoegipto.com\/wp-content\/uploads\/varios\/entrevistas\/2009\/01\/richard-wilkinson-01.jpg\" alt=\"Richard H. Wilkinson\" width=\"400\" height=\"444\" \/><p id=\"caption-attachment-32\" class=\"wp-caption-text\">Richard H. Wilkinson<\/p><\/div>\n<p style=\"text-align: justify;\">El Dr. Richard Wilkinson, de la Universidad de Arizona, aprovecha el par\u00f3n invernal de la universidad, apenas tres semanas, para realizar una campa\u00f1a breve de excavaci\u00f3n en esta orilla oeste de Luxor. All\u00ed trabaja junto con algunos de sus alumnos en el templo funerario de Tausert (ca. 1200 a. C.), la reina regente, esposa del fara\u00f3n Siptah, de la XIX dinast\u00eda.<\/p>\n<p style=\"text-align: justify;\">\u201cPetrie explor\u00f3 el templo de Tausert en 1896 \u2014nos cuenta el Dr. Wilkinson al pie de la excavaci\u00f3n\u2014, pero cuando vinimos nos dimos cuenta de que en realidad no hab\u00eda excavado nada en absoluto. Seguramente se limit\u00f3 a hacer algunos pocos sondeos, pero realmente no excav\u00f3 nada. Es muy posible que estuviera trabajando en otro templo, quiz\u00e1 el Rameseum que se encuentra a pocos metros, y que mandara a algunos hombres a excavar este templo de la reina Tausert. En muchas partes del yacimiento, especialmente bajo la zona verde, lo \u00fanico que se encuentra es arena. No hay nada. Solamente en muy pocos lugares est\u00e1 mezclado con escombros. Creemos que lo que encontraron los hombres de Petrie fue esto, zonas del yacimiento completamente vac\u00edas que, l\u00f3gicamente no le llamaron la atenci\u00f3n y por eso no continu\u00f3. En algunas de las esquinas del templo descubri\u00f3 pozos de fundaci\u00f3n. Nosotros hemos dado con lo pozos que \u00e9l dej\u00f3 sin descubrir.<\/p>\n<p style=\"text-align: justify;\">En otras partes del templo hemos encontrado objetos, como amuletos dispersos por todas partes. En definitiva, piezas sin mucha importancia arqueol\u00f3gica. Y es quiz\u00e1s \u00e9sta la clave que hizo pensar a Petrie que el templo nunca fue acabado.\u201d Pero el equipo americano del Dr. Richard Wilkinson ha encontrado bloques de piedra de fundaci\u00f3n con los nombres de varios faraones, lo que nos hace pensar que efectivamente el templo fue acabado y sus sillares reutilizados en la construcci\u00f3n de otros templos anexos a la zona.<\/p>\n<p style=\"text-align: justify;\">\u201cUno de los bloques \u2014a\u00f1ade el profesor de la Universidad de Arizona\u2014 se\u00f1ala que Tausert comenz\u00f3 la construcci\u00f3n de su templo funerario en el octavo a\u00f1o de su reinado. Hasta ahora se hab\u00eda pensado que el reinado de Tausert no fue m\u00e1s all\u00e1 de los seis a\u00f1os y este nuevo hallazgo prolonga su duraci\u00f3n, al menos, a dos a\u00f1os m\u00e1s.<\/p>\n<p style=\"text-align: justify;\">La estructura del templo tambi\u00e9n es ahora m\u00e1s clara para los arque\u00f3logos. Algunas de las habitaciones encontradas parecen denotar la presencia de bellas decoraciones sobre las paredes, lo que hace pensar que el templo, una vez acabado, debi\u00f3 de ser un monumento realmente hermoso\u201d.<\/p>\n<p style=\"text-align: justify;\">Se desconoce cu\u00e1l era la extensi\u00f3n real del templo. Quiz\u00e1 ante nuestros ojos tengamos solamente un peque\u00f1o porcentaje de lo que realmente era. Se ha podido saber que hab\u00eda edificios de barro anejos y que el sancta sanct\u00f3rum, la zona m\u00e1s sagrada del templo, est\u00e1 todav\u00eda sin descubrir, m\u00e1s all\u00e1 de la carretera que cruza frente al edificio y que lleva hasta Deir el Bahari y el Valle de los Reyes. \u201cExiste un proyecto para retirar esa carretera y alojarla en la zona de cultivos, m\u00e1s al oeste \u2014nos informa el Dr. Wilkinson\u2014. De esta manera, muchas misiones podr\u00e1n continuar sus excavaciones bajo la moderna carretera. Nosotros confiamos en que de aqu\u00ed a pocos a\u00f1os podamos alcanzar el sancta sanct\u00f3rum ubicado en la zona oriental. En este emplazamiento, en lo poco que hemos podido excavar, han aparecido algunas tumbas del Tercer Per\u00edodo Intermedio. Aunque ya fueron saqueadas en la Antig\u00fcedad, se han podido encontrar restos humanos, fragmentos de ata\u00fades, ajuar funerario, etc.\u201d<\/p>\n<p style=\"text-align: justify;\">Aparentemente el templo de Tausert es un lugar poco atractivo, pero en palabras del profesor de la Universidad de Arizona, \u201cse trata de un espacio arqueol\u00f3gico muy rico\u201d. Todos los a\u00f1os sacan a la luz una publicaci\u00f3n con el resultado de las excavaciones y ya preparan una publicaci\u00f3n final en la que junto a las conclusiones definitivas, se podr\u00e1 ver una reconstrucci\u00f3n del templo, tal y como debi\u00f3 de ser con todo su esplendor en la Antig\u00fcedad.<\/p>\n","protected":false},"excerpt":{"rendered":"<p>Entrevistas a egipt\u00f3logos Nacho Ares &#8211; Enero de 2009 El Dr. Wilkinson (Universidad de Arizona, Estados Unidos) es muy conocido para todos aquellos aficionados a la arqueolog\u00eda por sus libros. Algunos de los t\u00edtulos se han convertido en verdaderos cl\u00e1sicos de la egiptolog\u00eda como Todos los templos de Egipto, Todos los dioses de Egipto, C\u00f3mo leer el arte egipcio, o&#8230;<\/p>\n<p class=\"continue-reading-button\"> <a class=\"continue-reading-link\" href=\"http:\/\/amigosdelantiguoegipto.com\/?page_id=12617\">Seguir leyendo<i class=\"crycon-right-dir\"><\/i><\/a><\/p>\n","protected":false},"author":1,"featured_media":0,"parent":0,"menu_order":8,"comment_status":"closed","ping_status":"closed","template":"","meta":{"ngg_post_thumbnail":0},"_links":{"self":[{"href":"http:\/\/amigosdelantiguoegipto.com\/index.php?rest_route=\/wp\/v2\/pages\/12617"}],"collection":[{"href":"http:\/\/amigosdelantiguoegipto.com\/index.php?rest_route=\/wp\/v2\/pages"}],"about":[{"href":"http:\/\/amigosdelantiguoegipto.com\/index.php?rest_route=\/wp\/v2\/types\/page"}],"author":[{"embeddable":true,"href":"http:\/\/amigosdelantiguoegipto.com\/index.php?rest_route=\/wp\/v2\/users\/1"}],"replies":[{"embeddable":true,"href":"http:\/\/amigosdelantiguoegipto.com\/index.php?rest_route=%2Fwp%2Fv2%2Fcomments&post=12617"}],"version-history":[{"count":0,"href":"http:\/\/amigosdelantiguoegipto.com\/index.php?rest_route=\/wp\/v2\/pages\/12617\/revisions"}],"wp:attachment":[{"href":"http:\/\/amigosdelantiguoegipto.com\/index.php?rest_route=%2Fwp%2Fv2%2Fmedia&parent=12617"}],"curies":[{"name":"wp","href":"https:\/\/api.w.org\/{rel}","templated":true}]}}