{"id":12616,"date":"2009-01-31T19:24:08","date_gmt":"2009-01-31T19:24:08","guid":{"rendered":"http:\/\/amigosdelantiguoegipto.com\/zahi-hawass\/"},"modified":"2014-07-04T07:00:02","modified_gmt":"2014-07-04T07:00:02","slug":"zahi-hawass","status":"publish","type":"page","link":"http:\/\/amigosdelantiguoegipto.com\/?page_id=12616","title":{"rendered":"Zahi Hawass"},"content":{"rendered":"<p style=\"text-align: justify;\"><a href=\"http:\/\/amigosdelantiguoegipto.com\/?p=12624\">Entrevistas a egipt\u00f3logos<\/a><\/p>\n<p style=\"text-align: right;\">Nacho Ares &#8211; <span class=\"createdate\">Diciembre de 2008<\/span><\/p>\n<p style=\"text-align: justify;\"><strong>Secretario General del Consejo Superior para las Antig\u00fcedades de Egipto.<\/strong><br \/>\nEntrevista realizada en su oficina de Zamalek el 30 de diciembre de 2008<\/p>\n<div id=\"attachment_29\" style=\"width: 410px\" class=\"wp-caption aligncenter\"><img aria-describedby=\"caption-attachment-29\" decoding=\"async\" loading=\"lazy\" class=\"wp-image-29 size-full\" src=\"http:\/\/amigosdelantiguoegipto.com\/wp-content\/uploads\/varios\/entrevistas\/2009\/01\/zahi-hawass-01.jpg\" alt=\"Zahi Hawass\" width=\"400\" height=\"266\" \/><p id=\"caption-attachment-29\" class=\"wp-caption-text\">Zahi Hawass<\/p><\/div>\n<p>Hombre medi\u00e1tico, siempre presente en televisiones y radios hablando de lo que m\u00e1s le apasiona, el antiguo Egipto, el Dr. Zahi Hawass es el actual Secretario General del Consejo Superior para las Antig\u00fcedades de Egipto (SCA). Bajo su responsabilidad se encuentran todos los trabajos arqueol\u00f3gicos realizados en el Valle del Nilo.<\/p>\n<p>Su relaci\u00f3n con Espa\u00f1a es muy estrecha no solamente por su amistad con Su Majestad la reina do\u00f1a Sof\u00eda, sino por la satisfacci\u00f3n que siente por los trabajos realizados por las misiones espa\u00f1olas en Egipto. \u201cMi opini\u00f3n sobre las excavaciones espa\u00f1olas en Egipto no puede ser mejor. Es una tarea magn\u00edfica. Vamos a celebrar ahora los 120 a\u00f1os desde el comienzo de los primeros arque\u00f3logos espa\u00f1oles en nuestro pa\u00eds. Ser\u00e1 un placer para nosotros poder alojar en el Museo de El Cairo una gran exposici\u00f3n dedicada a los trabajos de los espa\u00f1oles en estos a\u00f1os que tendr\u00e1 como colof\u00f3n una gran fiesta en el jard\u00edn del propio Museo. Con ello celebraremos la estrecha amistad y cooperaci\u00f3n que siempre nos ha caracterizado. No olvidemos que Espa\u00f1a fue uno de los pilares m\u00e1s importantes en el salvamento de los monumentos de Nubia. Fruto de esa cooperaci\u00f3n es la presencia del templo de Debod en Madrid\u201d.<\/p>\n<p>No queremos dejar pasar la oportunidad par preguntarle cu\u00e1l es el futuro de las excavaciones en Egipto. En la cabeza de todos est\u00e1 la preocupaci\u00f3n internacional suscitada por la conservaci\u00f3n de sus monumentos. \u201cNuestra m\u00e1xima preocupaci\u00f3n en la actualidad es la realizaci\u00f3n de estudios preliminares, conservaci\u00f3n y el registro de los yacimientos, m\u00e1s que la propia excavaci\u00f3n de nuevos lugares. Hace pocos a\u00f1os lanzamos una ley por la que solamente se podr\u00eda realizar trabajos de excavaci\u00f3n en lugares nuevos en el Delta. Por el contrario, en el Alto Egipto, solamente se podr\u00e1n hacer conservaciones\u201d.<\/p>\n<p class=\"img\"><img decoding=\"async\" loading=\"lazy\" class=\" size-full wp-image-30 aligncenter\" src=\"http:\/\/amigosdelantiguoegipto.com\/wp-content\/uploads\/varios\/entrevistas\/2009\/01\/zahi-hawass-02.jpg\" alt=\"Zahi Hawass\" width=\"400\" height=\"266\" \/><\/p>\n<p>Todos conocimos desde hace casi dos d\u00e9cadas a este incansable egipt\u00f3logo por su trabajo en la meseta de las pir\u00e1mides de Gizeh. Su tarea en el SCA no parece que eche de menos las pir\u00e1mides. \u201cEn la actualidad lidero varias expediciones nuevas. Algunas de ellas est\u00e1n en la meseta de Gizeh, por lo que sigo en contacto con la planicie. Hay otras misiones como la del Valle de los Reyes que me permiten nuevos horizontes profesionales. Por ejemplo, esperamos que en poco tiempo podamos anunciar el nuevo hallazgo de tumbas en esta necr\u00f3polis de Luxor. En el Valle de los Reyes queda mucho por descubrir. Todas las reinas de la XVII dinast\u00eda fueron enterradas all\u00ed. Adem\u00e1s, la tumba de Rams\u00e9s VIII, la de Tutmosis II y la de Amenofis I todav\u00eda no han sido encontradas. Vamos a hacerlo, as\u00ed lo espero, todav\u00eda no, pero muy pronto abriremos algunas tumbas\u201d.<\/p>\n<p>Otro de los proyectos interesantes que lidera el Dr. Zahi Hawass es el de las Momias Reales de Egipto. \u201cAnunciaremos pronto, dentro de dos meses, la identificaci\u00f3n de la familia de Tutankham\u00f3n. As\u00ed conoceremos a su padre, su madre, la reina, la momia de Nefertiti\u2026 todo dentro de dos meses como resultado de los an\u00e1lisis de ADN que hemos realizado\u201d.<\/p>\n","protected":false},"excerpt":{"rendered":"<p>Entrevistas a egipt\u00f3logos Nacho Ares &#8211; Diciembre de 2008 Secretario General del Consejo Superior para las Antig\u00fcedades de Egipto. Entrevista realizada en su oficina de Zamalek el 30 de diciembre de 2008 Hombre medi\u00e1tico, siempre presente en televisiones y radios hablando de lo que m\u00e1s le apasiona, el antiguo Egipto, el Dr. Zahi Hawass es el actual Secretario General del&#8230;<\/p>\n<p class=\"continue-reading-button\"> <a class=\"continue-reading-link\" href=\"http:\/\/amigosdelantiguoegipto.com\/?page_id=12616\">Seguir leyendo<i class=\"crycon-right-dir\"><\/i><\/a><\/p>\n","protected":false},"author":1,"featured_media":0,"parent":0,"menu_order":7,"comment_status":"closed","ping_status":"closed","template":"","meta":{"ngg_post_thumbnail":0},"_links":{"self":[{"href":"http:\/\/amigosdelantiguoegipto.com\/index.php?rest_route=\/wp\/v2\/pages\/12616"}],"collection":[{"href":"http:\/\/amigosdelantiguoegipto.com\/index.php?rest_route=\/wp\/v2\/pages"}],"about":[{"href":"http:\/\/amigosdelantiguoegipto.com\/index.php?rest_route=\/wp\/v2\/types\/page"}],"author":[{"embeddable":true,"href":"http:\/\/amigosdelantiguoegipto.com\/index.php?rest_route=\/wp\/v2\/users\/1"}],"replies":[{"embeddable":true,"href":"http:\/\/amigosdelantiguoegipto.com\/index.php?rest_route=%2Fwp%2Fv2%2Fcomments&post=12616"}],"version-history":[{"count":0,"href":"http:\/\/amigosdelantiguoegipto.com\/index.php?rest_route=\/wp\/v2\/pages\/12616\/revisions"}],"wp:attachment":[{"href":"http:\/\/amigosdelantiguoegipto.com\/index.php?rest_route=%2Fwp%2Fv2%2Fmedia&parent=12616"}],"curies":[{"name":"wp","href":"https:\/\/api.w.org\/{rel}","templated":true}]}}