{"id":12615,"date":"2009-08-29T18:42:51","date_gmt":"2009-08-29T18:42:51","guid":{"rendered":"http:\/\/amigosdelantiguoegipto.com\/geordie-herbert-viii-conde-de-carnarvon\/"},"modified":"2014-07-04T07:00:43","modified_gmt":"2014-07-04T07:00:43","slug":"geordie-herbert-viii-conde-de-carnarvon","status":"publish","type":"page","link":"http:\/\/amigosdelantiguoegipto.com\/?page_id=12615","title":{"rendered":"Geordie Herbert (VIII Conde de Carnarvon)"},"content":{"rendered":"<p style=\"text-align: justify;\"><a href=\"http:\/\/amigosdelantiguoegipto.com\/?p=12624\">Entrevistas a egipt\u00f3logos<\/a><\/p>\n<p class=\"img\" style=\"text-align: right;\">Nacho Ares &#8211; <span class=\"createdate\">Agosto de 2009<\/span><\/p>\n<div id=\"attachment_26\" style=\"width: 410px\" class=\"wp-caption aligncenter\"><img aria-describedby=\"caption-attachment-26\" decoding=\"async\" loading=\"lazy\" class=\"wp-image-26 size-full\" title=\"Geordie Herbert (VIII Conde de Carnarvon)\" src=\"http:\/\/amigosdelantiguoegipto.com\/wp-content\/uploads\/varios\/entrevistas\/2009\/08\/carnarvon01.jpg\" alt=\"Geordie Herbert (VIII Conde de Carnarvon)\" width=\"400\" height=\"266\" \/><p id=\"caption-attachment-26\" class=\"wp-caption-text\">Geordie Herbert (VIII Conde de Carnarvon)<\/p><\/div>\n<p style=\"text-align: justify;\">George Edward Stanhope Molyneux Herbert, quinto conde de Carnarvon, ha pasado a la historia como el descubridor de la tumba de Tutankham\u00f3n y el protagonista principal de su maldici\u00f3n. Desde su muerte, la familia consider\u00f3 la egiptolog\u00eda como un tema tab\u00fa. Su biznieto, el octavo conde de Carnarvon, ha dado la vuelta a la historia y, sin miedo, se enfrenta por primera vez al oculto poder de los faraones.<\/p>\n<p style=\"text-align: justify;\">El rostro sosegado de Geordie Herbert, VIII conde de Carnarvon, con los ojos azules que han caracterizado a todos los miembros de su familia y la sonrisa sempiterna, transmiten la misma quietud y sosiego que los retratos de su bisabuelo, el V conde de Carnarvon, descubridor en 1922 de la tumba de Tutankham\u00f3n. De alguna forma, Geordie, tambi\u00e9n ha heredado algunas de las inquietudes que marcaron a su antecesor, como el sentirse atra\u00eddo por el fascinante mundo del antiguo Egipto.<\/p>\n<p style=\"text-align: justify;\">Despu\u00e9s de dejar el negocio del software, ayudado por su esposa, Fiona Carnarvon, al heredar el t\u00edtulo en 2001 decidi\u00f3 reconducir su vida a la rehabilitaci\u00f3n de su enorme condado de 2.400 hect\u00e1reas y el fastuoso castillo de Highclere, al sur de Inglaterra (Newbury, Hampshire), levantado en 1793, para actos p\u00fablicos, conciertos, cert\u00e1menes, etc. Y como no pod\u00eda ser de otra manera, ello implicaba volver a que la figura de Tutankham\u00f3n recuperara el estrecho v\u00ednculo que siempre hab\u00eda mantenido con los Carnarvon.<\/p>\n<p style=\"text-align: justify;\">Los tiempos han cambiado y los arist\u00f3cratas, a pesar de su cercan\u00eda a la familia real brit\u00e1nica (\u00e9l es el hijo de quien fuera durante tres d\u00e9cadas el manager de las carreras de caballos de la actual reina de Inglaterra), son personas muy cercanas y afables. Eso s\u00ed, lo quieran o no, su vida diaria est\u00e1 salpicada en cada momento por el descubrimiento en el Valle de los Reyes. No hay pasillo en la mansi\u00f3n que no tenga un retrato o una fotograf\u00eda que recuerde aquellos momentos tan apasionantes de la d\u00e9cada de 1920.<\/p>\n<p style=\"text-align: justify;\"><strong>Donde todo empez\u00f3<br \/>\n<\/strong>Acompa\u00f1ado de su esposa, y en la misma biblioteca en donde su bisabuelo y Howard Carter debat\u00edan sobre las actuaciones que deb\u00edan de seguir en la pr\u00f3xima campa\u00f1a de excavaci\u00f3n, el conde nos desmenuza algunos de los detalles de lo que durante d\u00e9cadas ha marcado con el negro sello de la muerte la historia de su familia.<\/p>\n<p style=\"text-align: justify;\">\u201cMi abuelo, el VI conde de Carnarvon e hijo del descubridor de Tutankham\u00f3n, era un hombre muy supersticioso. Cre\u00eda en la mala suerte que hab\u00eda generado en la familia el descubrimiento de la tumba y lo relacionaba con la repentina muerte de su padre en El Cairo&#8221;.<\/p>\n<p style=\"text-align: justify;\">En efecto, Lord Carnarvon falleci\u00f3 el 5 de abril de 1923. En aquella madrugada el arist\u00f3crata ingl\u00e9s mor\u00eda en su habitaci\u00f3n del hotel Intercontinental de El Cairo, comenzando as\u00ed la historia de la maldici\u00f3n de Tutankham\u00f3n. En el mismo instante en que el conde expiraba su \u00faltimo aliento de vida, su perra Susie mor\u00eda tambi\u00e9n de forma inexplicable en Highclere, a miles de kil\u00f3metros de su due\u00f1o. \u201cExtra\u00f1a telepat\u00eda a trav\u00e9s de la atm\u00f3sfera \u2013intenta explicar el VIII conde de Carnarvon\u2013. Los perros pueden sentir todo lo que padecen sus due\u00f1os, si est\u00e1n preocupados, enfermos, etc. Pero realmente, mi bisabuelo muri\u00f3 por septicemia como resultado del envenenamiento de la sangre. Se produjo una herida afeit\u00e1ndose en el lugar en donde un mosquito le hab\u00eda picado. La herida se le infect\u00f3 y muri\u00f3. A esto hay que a\u00f1adir todo el estr\u00e9s que le produjo el propio descubrimiento de la tumba. Fueron semanas muy duras negociando con la prensa, dando la exclusiva al Times, lo que le gener\u00f3 incre\u00edbles problemas con el resto de medios, y los pol\u00edticos locales, el negociar el r\u00e9gimen de visitas a las autoridades, qu\u00e9 hacer con los miles de objetos aparecidos en la antec\u00e1mara, etc. A todo esto hay que a\u00f1adir que no se cuid\u00f3 bien la infecci\u00f3n y como consecuencia de ello falleci\u00f3. Sorprendentemente -a\u00f1ade Lord Carnarvon, esperando el acuerdo de su esposa-, la parte m\u00e1s d\u00e9bil de la m\u00e1scara de Tutankham\u00f3n, es la misma regi\u00f3n del rostro en donde \u00e9l sufri\u00f3 la picadura que se le infect\u00f3&#8221;. Todas las teor\u00edas est\u00e1n abiertas.<\/p>\n<p style=\"text-align: justify;\">Fiona Carnarvon es una mujer m\u00e1s sensible a las posibilidades paranormales que rodearon a la muerte del bisabuelo de su esposo. A pesar de que los cortes de luz son frecuentes a\u00fan hoy en El Cairo, no ve explicaci\u00f3n a que cuando falleci\u00f3 Lord Carnarvon en 1923, en pocos minutos se fuera toda luz de la ciudad. \u201cAl contrario de otras ocasiones \u2013nos comenta lady Carnarvon\u2013, los ingenieros encargados del sistema el\u00e9ctrico de El Cairo no pudieron dar con una respuesta al problema t\u00e9cnico. Sencillamente se hab\u00eda ido la luz. No es que saltaran las palancas y \u00e9stas necesitaran que las volvieran a subir. Sencillamente no hab\u00eda electricidad y nadie supo el porqu\u00e9.&#8221;<\/p>\n<p style=\"text-align: justify;\"><strong>El comienzo de la leyenda<br \/>\n<\/strong>El actual conde de Carnarvon tiene raz\u00f3n. Es perfectamente consciente de las circunstancias que rodearon a la muerte de su bisabuelo y a las diferentes causas que se han querido ver en los misteriosos sucesos.<br \/>\nEn efecto, la relaci\u00f3n del V conde de Carnarvon con los malos augurios no se da solamente con la tumba de Tutankham\u00f3n. La historia del primer descubrimiento de Carter y Carnarvon en Tebas en 1907 no tiene desperdicio. En aquella primera campa\u00f1a el \u00fanico objeto descubierto fue un peque\u00f1o y hermoso ata\u00fad de madera negra con ojos amarillos, destinado a albergar la momia de un gato. Tras su descubrimiento, fue llevado a la casa de los excavadores y, por error, colocado en el dormitorio de Arthur Weigall, a la saz\u00f3n, director de los monumentos de Luxor. Cuando el arque\u00f3logo, amante de las historias de maldiciones, lleg\u00f3 por la noche a la casa se encontr\u00f3 con el ata\u00fad del felino en el suelo, en medio de la habitaci\u00f3n. No tuvo oportunidad de verlo y se golpe\u00f3 con \u00e9l, hiri\u00e9ndose en la espinilla. En ese mismo instante el mayordomo de la casa fue picado por un escorpi\u00f3n mientras ve\u00eda c\u00f3mo un gato gris lo persegu\u00eda. Al abrir los ojos despu\u00e9s de dar muchas vueltas en la cama, Weigall vio c\u00f3mo la caja del gato se hab\u00eda girado y le miraba atentamente&#8230;<br \/>\nPero la historia no acaba ah\u00ed. En medio de la noche el arque\u00f3logo escuch\u00f3 un fuerte golpe. Repentinamente vio c\u00f3mo un gato gris (el mismo que persigui\u00f3 a su mayordomo) saltaba sobre su cama para desaparecer por la ventana que hab\u00eda junto a ella. Al encender la luz vio que el ata\u00fad del gato se hab\u00eda abierto en dos partes, dando la sensaci\u00f3n de que el gato hab\u00eda salido de su interior.<\/p>\n<div id=\"attachment_27\" style=\"width: 410px\" class=\"wp-caption aligncenter\"><img aria-describedby=\"caption-attachment-27\" decoding=\"async\" loading=\"lazy\" class=\"caption size-full wp-image-27\" title=\"\u00a9 Peter Phillips\" src=\"http:\/\/amigosdelantiguoegipto.com\/wp-content\/uploads\/varios\/entrevistas\/2009\/08\/carnarvon02.jpg\" alt=\"Geordie Herbert (VIII Conde de Carnarvon)\" width=\"400\" height=\"369\" \/><p id=\"caption-attachment-27\" class=\"wp-caption-text\">\u00a9 Peter Phillips<\/p><\/div>\n<p style=\"text-align: justify;\">La nueva exposici\u00f3n \u201cCosas Maravillosas&#8221; que se puede ver en los s\u00f3tanos del castillo de Highclere (ver recuadro) cuenta con varias piezas de las recuperadas en sus primeros a\u00f1os por Lord Carnarvon, algunas de ellas cedidas por el Museo Brit\u00e1nico de Londres. Sin embargo, \u201cel Museo de El Cairo no nos ha cedido el ata\u00fad de momia de gato que encontr\u00f3 mi bisabuelo en Sheikh Abd el Gurna \u2013a\u00f1ade Lord Carnarvon lament\u00e1ndose por no poder exhibir, sin temor alguno, un objeto tan hermoso.<\/p>\n<p style=\"text-align: justify;\"><strong>Objetos ocultos para evitar la maldici\u00f3n<br \/>\n<\/strong>A pesar de ser un tema tab\u00fa durante generaciones en la familia, los nuevos condes han querido dar un lavado de imagen a la historia e involucrarse en nuevos proyectos egiptol\u00f3gicos. Geordie fue el primer Carnarvon en visitar la tumba de Tutankham\u00f3n y entrar en la C\u00e1mara Funeraria. Tras ese primer paso se expusieron al p\u00fablico las pocas piezas egipcias que conservaba la familia y que fueron descubiertas de manera sorprendente en 1988. \u201cAqu\u00ed, en el castillo de Highclere, no hay nada perteneciente a la tumba de Tutankham\u00f3n. Lo que se descubri\u00f3 en dobles fondos en algunas habitaciones de la mansi\u00f3n en 1988 era una parte muy peque\u00f1a de la inmensa colecci\u00f3n de antig\u00fcedades egipcias que mi bisabuelo hab\u00eda reunido antes de descubrir la tumba del Fara\u00f3n Ni\u00f1o. La colecci\u00f3n original seguramente contaba con m\u00e1s de 14.000 objetos.<\/p>\n<p style=\"text-align: justify;\">Hab\u00eda desde ata\u00fades hasta piezas diminutas. El 95 por ciento de esa colecci\u00f3n fue vendido en 1925 por mi bisabuela despu\u00e9s de la muerte de su esposo, al Metropolitan de Nueva York. Los americanos dieron una cantidad importante de dinero. El propio Howard Carter, encargado de hacer aquel inventario, se\u00f1al\u00f3 que en Highclere permanecer\u00eda una peque\u00f1a colecci\u00f3n de objetos sin importancia, que son los que se descubrieron hace ahora dos d\u00e9cadas. Al ser un tema tab\u00fa y existir un miedo real a la maldici\u00f3n, mi abuelo decidi\u00f3 esconder la colecci\u00f3n egipcia en varias habitaciones, entre muebles o en el s\u00f3tano del castillo para olvidarse de ella y mantener apartado, de alguna manera, el poder de la conjura&#8221;.<\/p>\n<p style=\"text-align: justify;\"><strong>El \u00faltimo recodo de la maldici\u00f3n<br \/>\n<\/strong>Montado en su jeep, Lord Carnarvon nos acerca a visitar la tumba de su bisabuelo. Situada en una loma cercana al castillo de Highclere, a 300 metros de altura sobre el nivel del mar, cuesta creer que alguien eligiera aquel lugar tan apartado de todo para descansar. Pero Geordie tiene una explicaci\u00f3n. \u201cSiempre que subo hasta aqu\u00ed \u2013nos comenta frente a la reja que da acceso a la l\u00e1pida\u2013 entiendo perfectamente por qu\u00e9 mi bisabuelo se quiso enterrar en un sitio tan aparentemente lejano en su propiedad. Desde aqu\u00ed se puede sentir toda la belleza del lugar, teniendo una panor\u00e1mica muy hermosa del paisaje, sus casas, las granjas, las arboledas, el propio castillo&#8230; De alguna forma se hizo enterrar en un lugar alejado aunque en contacto con sus cosas cotidianas, al igual que Tutankham\u00f3n. \u00c9l lo hizo en un lugar tambi\u00e9n muy apartado y agreste, en el Valle de los Reyes, lejos de su palacio, su ciudad, sus jardines&#8230; En cierto sentido es recuperar un poco la tranquilidad despu\u00e9s de tantos a\u00f1os de trabajo en Tebas y de lograr una meta tan incre\u00edble como encontrar la tumba de Tutankham\u00f3n&#8221;.<\/p>\n<p style=\"text-align: justify;\">El actual Lord Carnarvon es un hombre tranquilo. Paseando con \u00e9l por la colecci\u00f3n egipcia de su bisabuelo disfruta de la belleza de las piezas como seguramente lo debi\u00f3 de hacer su antecesor, con el a\u00f1adido de que no tiene ning\u00fan miedo a la maldici\u00f3n de Tutankham\u00f3n. Con una sonrisa nos muestra la cuchilla de afeitar que acab\u00f3 con la vida de su bisabuelo dando pie a la maldici\u00f3n. Y es que si crees en ella, dif\u00edcilmente alguien te podr\u00e1 convencer de lo contrario.<\/p>\n<p style=\"text-align: justify;\"><strong>\u00bfVe usted algo&#8230;?<br \/>\n<\/strong>La pregunta lanzada por un exaltado Lord Carnarvon a su ac\u00f3lito, el arque\u00f3logo Howard Carter es un cl\u00e1sico en la historia de la arqueolog\u00eda. Pero, \u00bfqu\u00e9 es lo que sinti\u00f3 el arist\u00f3crata cuando sus ojos se posaron por primera vez sobre los tesoros del Fara\u00f3n Ni\u00f1o? \u201cAquel momento debi\u00f3 de ser grandioso \u2013nos comenta su biznieto\u2013. Una mezcla de sorpresa y de shock despu\u00e9s de dar con los pelda\u00f1os que llevaban al pasillo y encontrar la puerta de la antec\u00e1mara repleta de destellos de oro por todas partes. Para luego, de forma tr\u00e1gica, morir al a\u00f1o siguiente cuando su carrera hab\u00eda llegado a su pico m\u00e1s alto. \u00c9l nunca lleg\u00f3 a ver la m\u00e1scara de oro de Tutankham\u00f3n&#8221;, a\u00f1ade con resignaci\u00f3n.<\/p>\n<p style=\"text-align: justify;\"><strong>&#8230;S\u00ed, &#8220;Cosas maravillosas&#8221;<br \/>\n<\/strong>La nueva colecci\u00f3n permanente de Highclere ha sido montada exclusivamente por Lady Fiona Carnarvon. En las vitrinas de la exposici\u00f3n podemos ver no solamente las piezas egipcias de la colecci\u00f3n particular que perteneci\u00f3 al bisabuelo de su marido, sino algunos de sus objetos personales. La famosa cuchilla de afeitar con la que se destap\u00f3 la maldici\u00f3n, su botiqu\u00edn de primeros auxilios que siempre llevaba consigo, la c\u00e1mara de fotografiar que emple\u00f3 para sacar algunas de las instant\u00e1neas m\u00e1s conocidas del momento del descubrimiento, e incluso las valios\u00edsimas acuarelas que Howard Carter le regalara en 1909, hechas por \u00e9l mismo a partir de relieves egipcios.<\/p>\n<p style=\"text-align: justify;\">Adem\u00e1s, las nuevas salas de la exposici\u00f3n cuentan con una r\u00e9plica de la tumba de Tutankham\u00f3n para que el visitante pueda sentir lo mismo que sintieron los dos ingleses cuando echaron un vistazo a la antec\u00e1mara el 26 de noviembre de 1922, comenzando as\u00ed una de las historias m\u00e1s ins\u00f3litas del mundo de la arqueolog\u00eda.<\/p>\n<p style=\"text-align: justify;\"><strong>Los fantasmas del castillo<br \/>\n<\/strong>El castillo de Highclere adem\u00e1s de ser portador de una de las maldiciones m\u00e1s afamadas del mundo, cuenta con sus propios fantasmas, al igual que cualquier cas\u00f3n ingl\u00e9s que se precie. Y parece que el actual heredero del t\u00edtulo familiar parece estar orgulloso de ello, aunque no da mucho cr\u00e9dito a esas historias. \u201cHay una historia muy triste de un hombre que deambulaba justo en donde ahora estamos \u2013nos comenta caminando por los s\u00f3tanos del castillo\u2013. Se trataba de un infeliz, un sacerdote que falleci\u00f3 por una explosi\u00f3n y que tiene su origen en la \u00e9poca victoriana, aunque nadie lo ha vuelto a ver desde hace tiempo. Pero quiz\u00e1s el m\u00e1s conocido es la dama de blanco que se suele pasear por la planta principal del castillo&#8221;.<\/p>\n<p style=\"text-align: justify;\">Las arquer\u00edas neog\u00f3ticas del sal\u00f3n principal de la casa pueden hacer saltar la imaginaci\u00f3n de cualquiera. \u201cSon solamente dos \u2013reconoce con una sonrisa Lord Carnarvon\u2013. No son muchos si los comparamos con otros palacios o castillos ingleses cuya tradici\u00f3n empieza a mediados del siglo XVII con nuestra Guerra Civil.&#8221;<\/p>\n","protected":false},"excerpt":{"rendered":"<p>Entrevistas a egipt\u00f3logos Nacho Ares &#8211; Agosto de 2009 George Edward Stanhope Molyneux Herbert, quinto conde de Carnarvon, ha pasado a la historia como el descubridor de la tumba de Tutankham\u00f3n y el protagonista principal de su maldici\u00f3n. Desde su muerte, la familia consider\u00f3 la egiptolog\u00eda como un tema tab\u00fa. Su biznieto, el octavo conde de Carnarvon, ha dado la&#8230;<\/p>\n<p class=\"continue-reading-button\"> <a class=\"continue-reading-link\" href=\"http:\/\/amigosdelantiguoegipto.com\/?page_id=12615\">Seguir leyendo<i class=\"crycon-right-dir\"><\/i><\/a><\/p>\n","protected":false},"author":1,"featured_media":0,"parent":0,"menu_order":6,"comment_status":"closed","ping_status":"closed","template":"","meta":{"ngg_post_thumbnail":0},"_links":{"self":[{"href":"http:\/\/amigosdelantiguoegipto.com\/index.php?rest_route=\/wp\/v2\/pages\/12615"}],"collection":[{"href":"http:\/\/amigosdelantiguoegipto.com\/index.php?rest_route=\/wp\/v2\/pages"}],"about":[{"href":"http:\/\/amigosdelantiguoegipto.com\/index.php?rest_route=\/wp\/v2\/types\/page"}],"author":[{"embeddable":true,"href":"http:\/\/amigosdelantiguoegipto.com\/index.php?rest_route=\/wp\/v2\/users\/1"}],"replies":[{"embeddable":true,"href":"http:\/\/amigosdelantiguoegipto.com\/index.php?rest_route=%2Fwp%2Fv2%2Fcomments&post=12615"}],"version-history":[{"count":0,"href":"http:\/\/amigosdelantiguoegipto.com\/index.php?rest_route=\/wp\/v2\/pages\/12615\/revisions"}],"wp:attachment":[{"href":"http:\/\/amigosdelantiguoegipto.com\/index.php?rest_route=%2Fwp%2Fv2%2Fmedia&parent=12615"}],"curies":[{"name":"wp","href":"https:\/\/api.w.org\/{rel}","templated":true}]}}